{"id":52,"date":"2016-11-16T15:47:12","date_gmt":"2016-11-16T14:47:12","guid":{"rendered":"https:\/\/mumm-mg.de\/flummi\/?page_id=52"},"modified":"2018-03-22T10:42:31","modified_gmt":"2018-03-22T09:42:31","slug":"familienzentrum-veranstaltungen","status":"publish","type":"page","link":"https:\/\/mumm-mg.de\/flummi\/familienzentrum-veranstaltungen\/","title":{"rendered":"Familienzentrum &#8211; Veranstaltungen 2017"},"content":{"rendered":"<p>[et_pb_section bb_built=&#8220;1&#8243; transparent_background=&#8220;off&#8220; allow_player_pause=&#8220;off&#8220; inner_shadow=&#8220;off&#8220; parallax=&#8220;off&#8220; parallax_method=&#8220;on&#8220; padding_mobile=&#8220;off&#8220; make_fullwidth=&#8220;off&#8220; use_custom_width=&#8220;off&#8220; width_unit=&#8220;off&#8220; make_equal=&#8220;off&#8220; use_custom_gutter=&#8220;off&#8220; fullwidth=&#8220;on&#8220; specialty=&#8220;off&#8220; disabled=&#8220;off&#8220; module_id=&#8220;header-bild-mumm&#8220; custom_padding_tablet=&#8220;50px|0|50px|0&#8243; custom_padding_last_edited=&#8220;on|desktop&#8220; next_background_color=&#8220;rgba(255,255,255,0)&#8220; _builder_version=&#8220;3.0.101&#8243; global_module=&#8220;95&#8243;][et_pb_fullwidth_slider admin_label=&#8220;Header-Bild Mummi&#8220; global_parent=&#8220;95&#8243; show_arrows=&#8220;on&#8220; show_pagination=&#8220;on&#8220; show_image_video_mobile=&#8220;off&#8220; custom_button=&#8220;off&#8220; button_icon_placement=&#8220;right&#8220; disabled=&#8220;off&#8220; custom_padding=&#8220;|||&#8220; show_content_on_mobile=&#8220;on&#8220; show_cta_on_mobile=&#8220;on&#8220; box_shadow_blur=&#8220;10px&#8220; box_shadow_color=&#8220;rgba(0,0,0,0.1)&#8220; _builder_version=&#8220;3.0.101&#8243;][et_pb_slide button_link=&#8220;#&#8220; background_image=&#8220;https:\/\/mumm-mg.de\/flummi\/wp-content\/uploads\/sites\/3\/2016\/11\/gummistiefel-1920&#215;800.jpg&#8220; background_position=&#8220;center&#8220; background_size=&#8220;cover&#8220; background_color=&#8220;#ffffff&#8220; use_bg_overlay=&#8220;off&#8220; use_text_overlay=&#8220;off&#8220; alignment=&#8220;center&#8220; background_layout=&#8220;dark&#8220; allow_player_pause=&#8220;off&#8220; text_border_radius=&#8220;3&#8243; header_font=&#8220;||||&#8220; body_font=&#8220;||||&#8220; custom_button=&#8220;off&#8220; button_font=&#8220;||||&#8220; button_use_icon=&#8220;on&#8220; button_on_hover=&#8220;on&#8220; disabled=&#8220;off&#8220; header_font_select=&#8220;default&#8220; body_font_select=&#8220;default&#8220; button_font_select=&#8220;default&#8220; _builder_version=&#8220;3.0.101&#8243; use_background_color_gradient=&#8220;off&#8220; background_color_gradient_start=&#8220;#2b87da&#8220; background_color_gradient_end=&#8220;#29c4a9&#8243; background_color_gradient_type=&#8220;linear&#8220; background_color_gradient_direction=&#8220;180deg&#8220; background_color_gradient_direction_radial=&#8220;center&#8220; background_color_gradient_start_position=&#8220;0%&#8220; background_color_gradient_end_position=&#8220;100%&#8220; background_color_gradient_overlays_image=&#8220;off&#8220; parallax=&#8220;off&#8220; parallax_method=&#8220;on&#8220; background_repeat=&#8220;no-repeat&#8220; background_blend=&#8220;normal&#8220; background_video_pause_outside_viewport=&#8220;on&#8220; child_filter_hue_rotate=&#8220;0deg&#8220; child_filter_saturate=&#8220;100%&#8220; child_filter_brightness=&#8220;100%&#8220; child_filter_contrast=&#8220;100%&#8220; child_filter_invert=&#8220;0%&#8220; child_filter_sepia=&#8220;0%&#8220; child_filter_opacity=&#8220;100%&#8220; child_filter_blur=&#8220;0px&#8220; child_mix_blend_mode=&#8220;normal&#8220; text_shadow_style=&#8220;none&#8220; header_text_shadow_style=&#8220;none&#8220; body_text_shadow_style=&#8220;none&#8220; button_bg_use_color_gradient=&#8220;off&#8220; button_bg_color_gradient_overlays_image=&#8220;off&#8220; button_text_shadow_style=&#8220;none&#8220; box_shadow_style_button=&#8220;none&#8220; text_shadow_horizontal_length=&#8220;0em&#8220; text_shadow_vertical_length=&#8220;0em&#8220; text_shadow_blur_strength=&#8220;0em&#8220; header_text_shadow_horizontal_length=&#8220;0em&#8220; header_text_shadow_vertical_length=&#8220;0em&#8220; header_text_shadow_blur_strength=&#8220;0em&#8220; body_text_shadow_horizontal_length=&#8220;0em&#8220; body_text_shadow_vertical_length=&#8220;0em&#8220; body_text_shadow_blur_strength=&#8220;0em&#8220; button_text_shadow_horizontal_length=&#8220;0em&#8220; button_text_shadow_vertical_length=&#8220;0em&#8220; button_text_shadow_blur_strength=&#8220;0em&#8220; \/][\/et_pb_fullwidth_slider][\/et_pb_section][et_pb_section bb_built=&#8220;1&#8243; admin_label=&#8220;section&#8220; transparent_background=&#8220;on&#8220; allow_player_pause=&#8220;off&#8220; inner_shadow=&#8220;off&#8220; parallax=&#8220;off&#8220; parallax_method=&#8220;off&#8220; make_fullwidth=&#8220;off&#8220; use_custom_width=&#8220;off&#8220; width_unit=&#8220;on&#8220; make_equal=&#8220;off&#8220; use_custom_gutter=&#8220;off&#8220; background_color=&#8220;rgba(255,255,255,0)&#8220; prev_background_color=&#8220;#ffffff&#8220;][et_pb_row admin_label=&#8220;row&#8220; make_fullwidth=&#8220;off&#8220; use_custom_width=&#8220;off&#8220; width_unit=&#8220;off&#8220; use_custom_gutter=&#8220;off&#8220; padding_mobile=&#8220;off&#8220; allow_player_pause=&#8220;off&#8220; parallax=&#8220;off&#8220; parallax_method=&#8220;on&#8220; make_equal=&#8220;off&#8220; column_padding_mobile=&#8220;on&#8220; parallax_1=&#8220;off&#8220; parallax_method_1=&#8220;on&#8220; parallax_2=&#8220;off&#8220; parallax_method_2=&#8220;on&#8220; parallax_3=&#8220;off&#8220; parallax_method_3=&#8220;on&#8220; parallax_4=&#8220;off&#8220; parallax_method_4=&#8220;on&#8220; disabled=&#8220;off&#8220; background_position=&#8220;top_left&#8220; background_repeat=&#8220;repeat&#8220; background_size=&#8220;initial&#8220;][et_pb_column type=&#8220;4_4&#8243;][et_pb_text admin_label=&#8220;Veranstaltung 2017 Familienzentrum&#8220; background_layout=&#8220;light&#8220; use_border_color=&#8220;off&#8220; background_position=&#8220;top_left&#8220; background_repeat=&#8220;repeat&#8220; background_size=&#8220;initial&#8220; _builder_version=&#8220;3.0.93&#8243;]<\/p>\n<h1><span class=\"h1-text\">Veranstaltungen 2017 im Familienzentrum<\/span><\/h1>\n<p>[\/et_pb_text][\/et_pb_column][\/et_pb_row][et_pb_row admin_label=&#8220;row&#8220; background_position=&#8220;top_left&#8220; background_repeat=&#8220;repeat&#8220; background_size=&#8220;initial&#8220; _builder_version=&#8220;3.0.93&#8243;][et_pb_column type=&#8220;2_3&#8243;][et_pb_toggle admin_label=&#8220;Umschalter Nikolauswanderung&#8220; _builder_version=&#8220;3.0.101&#8243; title=&#8220;09. Dezember Nikolauswanderung&#8220; open=&#8220;off&#8220; background_color=&#8220;#fce4b0&#8243; title_level=&#8220;h4&#8243; border_color_all=&#8220;#f8bc3a&#8220; icon_color=&#8220;#f8bc3a&#8220; disabled=&#8220;off&#8220; disabled_on=&#8220;off|off|off&#8220; title_text_color=&#8220;#333333&#8243;]<\/p>\n<table style=\"width: 585px\">\n<tbody>\n<tr>\n<td style=\"width: 338px\"><img loading=\"lazy\" decoding=\"async\" class=\"alignleft size-medium wp-image-645\" src=\"https:\/\/mumm-mg.de\/flummi\/wp-content\/uploads\/sites\/3\/2018\/02\/Nikolauswanderung_Landschaft-300x151.jpg\" alt=\"\" width=\"300\" height=\"151\" \/><\/td>\n<td style=\"width: 251px\">Die Nikolauswanderung beginnt um 09:30 Uhr am Flummi und die Wanderer machen sich bei winterlichem Wetter Richtung Bungtbach auf.<\/td>\n<\/tr>\n<tr>\n<td style=\"width: 338px\"><img loading=\"lazy\" decoding=\"async\" class=\"alignleft size-medium wp-image-646\" src=\"https:\/\/mumm-mg.de\/flummi\/wp-content\/uploads\/sites\/3\/2018\/02\/Nikolauswanderung_Wald-300x168.jpg\" alt=\"\" width=\"300\" height=\"168\" \/><\/td>\n<td style=\"width: 251px\">Die kleinen und gro\u00dfen Wanderer finden nicht nur N\u00fcsse und Mandarinen, sondern auch die vom Nikolaus versteckte Schokolade.<\/td>\n<\/tr>\n<tr>\n<td style=\"width: 338px\"><img loading=\"lazy\" decoding=\"async\" class=\"alignleft size-medium wp-image-647\" src=\"https:\/\/mumm-mg.de\/flummi\/wp-content\/uploads\/sites\/3\/2018\/02\/Nikolauswanderung_Felix-300x168.jpg\" alt=\"\" width=\"300\" height=\"168\" \/><\/td>\n<td style=\"width: 251px\">Gro\u00df und Klein haben Spa\u00df \ud83d\ude42<\/td>\n<\/tr>\n<\/tbody>\n<\/table>\n<p>[\/et_pb_toggle][et_pb_gallery admin_label=&#8220;Galerie Nikolauswanderung&#8220; _builder_version=&#8220;3.0.101&#8243; posts_number=&#8220;3&#8243; show_title_and_caption=&#8220;on&#8220; show_pagination=&#8220;on&#8220; gallery_ids=&#8220;645,646,647&#8243; fullwidth=&#8220;off&#8220; orientation=&#8220;landscape&#8220; zoom_icon_color=&#8220;#f6a800&#8243; hover_overlay_color=&#8220;rgba(255,255,255,0.9)&#8220; background_layout=&#8220;light&#8220; pagination_font_size_tablet=&#8220;51&#8243; pagination_line_height_tablet=&#8220;2&#8243; gallery_orderby=&#8220;rand&#8220; disabled=&#8220;on&#8220; disabled_on=&#8220;on|on|on&#8220; \/][et_pb_blurb admin_label=&#8220;Elterncaf\u00e9 Thema: Was passiert Weihnachten?&#8220; _builder_version=&#8220;3.0.93&#8243; title=&#8220;Offenes Elterncaf\u00e9 &#8211; Thema: Was passiert Weihnachten?&#8220; url_new_window=&#8220;off&#8220; use_icon=&#8220;off&#8220; use_circle=&#8220;off&#8220; use_circle_border=&#8220;off&#8220; icon_placement=&#8220;top&#8220; use_icon_font_size=&#8220;off&#8220; background_layout=&#8220;light&#8220;]<\/p>\n<p style=\"text-align: center\">Wann? Freitag, 17. November ab 15:30 Uhr bis 17 Uhr<\/p>\n<p style=\"text-align: center\">Wo? Familienzentrum<\/p>\n<p>[\/et_pb_blurb][et_pb_toggle admin_label=&#8220;Umschalter St. Martin&#8220; _builder_version=&#8220;3.0.101&#8243; title=&#8220;St. Martin&#8220; open=&#8220;off&#8220; background_color=&#8220;#fce4b0&#8243; title_level=&#8220;h4&#8243; border_color_all=&#8220;#f8bc3a&#8220; icon_color=&#8220;#f8bc3a&#8220; title_text_color=&#8220;#333333&#8243;]<\/p>\n<table style=\"width: 588px;height: 542px\">\n<tbody>\n<tr style=\"height: 314px\">\n<td style=\"width: 263px;height: 314px\"><img loading=\"lazy\" decoding=\"async\" class=\"alignleft size-medium wp-image-535\" src=\"https:\/\/mumm-mg.de\/flummi\/wp-content\/uploads\/sites\/3\/2018\/02\/IMG-20171117-WA0057-225x300.jpg\" alt=\"\" width=\"225\" height=\"300\" \/><\/td>\n<td style=\"width: 329px;height: 314px\">Am 10. November startet der Umzug um 17:15 Uhr im Flummi und zieht Richtung Kindertagesst\u00e4tte Zwergenburg.<\/td>\n<\/tr>\n<tr style=\"height: 265px\">\n<td style=\"width: 263px;height: 265px\">\u00a0Der Abend wird auf dem Abenteuerspielplatz bei einem hei\u00dfen Getr\u00e4nk und einer Auff\u00fchrung gem\u00fctlich ausklingen.<\/td>\n<td style=\"width: 329px;height: 265px\"><img loading=\"lazy\" decoding=\"async\" class=\"size-medium wp-image-537 alignright\" src=\"https:\/\/mumm-mg.de\/flummi\/wp-content\/uploads\/sites\/3\/2018\/02\/IMG-20171117-WA0016-300x225.jpg\" alt=\"\" width=\"300\" height=\"225\" \/><\/td>\n<\/tr>\n<\/tbody>\n<\/table>\n<p>[\/et_pb_toggle][et_pb_blurb admin_label=&#8220;Tageselterncaf\u00e9 13. Oktober 2017&#8243; _builder_version=&#8220;3.0.101&#8243; title=&#8220;Tageselterncaf\u00e9&#8220; url_new_window=&#8220;off&#8220; use_icon=&#8220;off&#8220; use_circle=&#8220;off&#8220; use_circle_border=&#8220;off&#8220; icon_placement=&#8220;top&#8220; use_icon_font_size=&#8220;off&#8220; background_layout=&#8220;light&#8220;]<\/p>\n<p style=\"text-align: center\">Wann? Freitag, 13. Oktober ab 15:30 Uhr<\/p>\n<p style=\"text-align: center\">Wo? Familienzentrum<\/p>\n<p>[\/et_pb_blurb][et_pb_blurb admin_label=&#8220;23. September 2017 Fahrradtour zum Beecker Bach&#8220; _builder_version=&#8220;3.0.93&#8243; title=&#8220;23. September Fahrradtour zum Beecker Bach&#8220; url_new_window=&#8220;off&#8220; use_icon=&#8220;off&#8220; use_circle=&#8220;off&#8220; use_circle_border=&#8220;off&#8220; icon_placement=&#8220;top&#8220; use_icon_font_size=&#8220;off&#8220; background_layout=&#8220;light&#8220; background_color=&#8220;#fce4b0&#8243; header_text_align=&#8220;left&#8220;]<\/p>\n<p><a href=\"https:\/\/mumm-mg.de\/flummi\/wp-content\/uploads\/sites\/3\/2018\/02\/Aushang-Fahrradtour-23.09.2017.pdf\" target=\"_blank\" rel=\"noopener\">Info Fahrradtour 23.09.2017<\/a><\/p>\n<p>[\/et_pb_blurb][et_pb_toggle admin_label=&#8220;Umschalter Apfelfest&#8220; _builder_version=&#8220;3.0.101&#8243; title=&#8220;23. September Apfelfest am Haus Horst&#8220; open=&#8220;off&#8220; background_color=&#8220;#fce4b0&#8243; title_level=&#8220;h4&#8243; icon_color=&#8220;#f8bc3a&#8220; border_color_all=&#8220;#f8bc3a&#8220; title_text_color=&#8220;#333333&#8243;]<\/p>\n<p><img loading=\"lazy\" decoding=\"async\" class=\"size-medium wp-image-554 alignleft\" src=\"https:\/\/mumm-mg.de\/flummi\/wp-content\/uploads\/sites\/3\/2018\/02\/Apfelfest-e1517945010700-168x300.jpg\" alt=\"\" width=\"168\" height=\"300\" \/><\/p>\n<p style=\"text-align: center\">Ab 11 Uhr bis 17 Uhr gibt es alles rund um das Thema<\/p>\n<p style=\"padding-left: 30px;text-align: center\"><span style=\"font-size: 18pt;color: #ff0000\">\u00c4PFEL<\/span><\/p>\n<p style=\"text-align: center\">Alle sind herzlich eingeladen!<\/p>\n<p>[\/et_pb_toggle][et_pb_blurb admin_label=&#8220;Elterncaf\u00e9 Thema: Alles mit Kind?&#8220; _builder_version=&#8220;3.0.93&#8243; title=&#8220;Offenes Elterncaf\u00e9 &#8211; Thema: Alles mit Kind?&#8220; url_new_window=&#8220;off&#8220; use_icon=&#8220;off&#8220; use_circle=&#8220;off&#8220; use_circle_border=&#8220;off&#8220; icon_placement=&#8220;top&#8220; use_icon_font_size=&#8220;off&#8220; background_layout=&#8220;light&#8220;]<\/p>\n<p style=\"text-align: center\">Wann? Freitag, 22. September ab 15:30 Uhr bis 17 Uhr<\/p>\n<p style=\"text-align: center\">Wo? Familienzentrum<\/p>\n<p>[\/et_pb_blurb][et_pb_blurb admin_label=&#8220;Blumenfest 2017&#8243; _builder_version=&#8220;3.0.101&#8243; title=&#8220;Blumenfest&#8220; url_new_window=&#8220;off&#8220; use_icon=&#8220;off&#8220; use_circle=&#8220;off&#8220; use_circle_border=&#8220;off&#8220; icon_placement=&#8220;top&#8220; use_icon_font_size=&#8220;off&#8220; background_layout=&#8220;light&#8220;]<\/p>\n<p style=\"text-align: center\">Bastelei und Kinderschminken<\/p>\n<p style=\"text-align: center\">Wann? Sonntag, 10. September ab 13:00 Uhr bis 15:00 Uhr<\/p>\n<p style=\"text-align: center\">Wo? Rathaus in Rheydt<\/p>\n<p>[\/et_pb_blurb][et_pb_blurb admin_label=&#8220;Blumenwiese Adam Romboy Haus&#8220; _builder_version=&#8220;3.0.101&#8243; title=&#8220;Wird es eine bunte Blumenwiese?&#8220; url_new_window=&#8220;off&#8220; use_icon=&#8220;off&#8220; use_circle=&#8220;off&#8220; use_circle_border=&#8220;off&#8220; icon_placement=&#8220;top&#8220; use_icon_font_size=&#8220;off&#8220; background_layout=&#8220;light&#8220;]<\/p>\n<p style=\"text-align: center\">Kinder und Senioren streuen Samen aus<\/p>\n<p style=\"text-align: center\">Wann? Dienstag, 05. September ab 10 Uhr<\/p>\n<p style=\"text-align: center\">Wo? Adam Romboy Haus<\/p>\n<p>[\/et_pb_blurb][et_pb_blurb admin_label=&#8220;Tageselterncaf\u00e9 21. Juli 2017&#8243; _builder_version=&#8220;3.0.101&#8243; title=&#8220;Tageselterncaf\u00e9&#8220; url_new_window=&#8220;off&#8220; use_icon=&#8220;off&#8220; use_circle=&#8220;off&#8220; use_circle_border=&#8220;off&#8220; icon_placement=&#8220;top&#8220; use_icon_font_size=&#8220;off&#8220; background_layout=&#8220;light&#8220;]<\/p>\n<p style=\"text-align: center\">Wann? Freitag, 21. Juli ab 15:30 Uhr<\/p>\n<p style=\"text-align: center\">Wo? Familienzentrum<\/p>\n<p>[\/et_pb_blurb][et_pb_blurb admin_label=&#8220;Sommerfest Juli 2017&#8243; _builder_version=&#8220;3.0.93&#8243; title=&#8220;Sommerfest :-)&#8220; url_new_window=&#8220;off&#8220; use_icon=&#8220;off&#8220; use_circle=&#8220;off&#8220; use_circle_border=&#8220;off&#8220; icon_placement=&#8220;top&#8220; use_icon_font_size=&#8220;off&#8220; background_layout=&#8220;light&#8220;]<\/p>\n<p>Unser diesj\u00e4hriges Sommerfest findet am Samstag, den 08. Juli unter dem Motto &#8222;Beachparty&#8220; von 13 Uhr bis 15 Uhr statt.<\/p>\n<p>Ganz dem Motto wird es kulinarische K\u00f6stlichkeiten und Aktionen geben!<\/p>\n<p>[\/et_pb_blurb][et_pb_blurb admin_label=&#8220;Elterncaf\u00e9 Thema: Welche Sprache spreche ich mit meinem Kind?&#8220; _builder_version=&#8220;3.0.93&#8243; title=&#8220;Offenes Elterncaf\u00e9 &#8211; Thema: Welche Sprache spreche ich mit meinem Kind?&#8220; url_new_window=&#8220;off&#8220; use_icon=&#8220;off&#8220; use_circle=&#8220;off&#8220; use_circle_border=&#8220;off&#8220; icon_placement=&#8220;top&#8220; use_icon_font_size=&#8220;off&#8220; background_layout=&#8220;light&#8220;]<\/p>\n<p style=\"text-align: center\">Wann? Donnerstag, 29. Juni ab 15:30 Uhr bis 17 Uhr<\/p>\n<p style=\"text-align: center\">Wo? Familienzentrum<\/p>\n<p>[\/et_pb_blurb][et_pb_blurb admin_label=&#8220;Fu\u00dfballturnier Juni 2017&#8243; _builder_version=&#8220;3.0.93&#8243; title=&#8220;Fu\u00dfballturnier Juni&#8220; url_new_window=&#8220;off&#8220; use_icon=&#8220;off&#8220; use_circle=&#8220;off&#8220; use_circle_border=&#8220;off&#8220; icon_placement=&#8220;top&#8220; use_icon_font_size=&#8220;off&#8220; background_layout=&#8220;light&#8220;]<\/p>\n<p><a href=\"https:\/\/mumm-mg.de\/flummi\/wp-content\/uploads\/sites\/3\/2016\/11\/Fussballturnier_Flyer_2017_06_23.pdf\" target=\"_blank\" rel=\"noopener\">Flyer Fussballturnier 23.06.2017<\/a><\/p>\n<p>[\/et_pb_blurb][et_pb_blurb admin_label=&#8220;Elterncaf\u00e9 Thema Bewegung&#8220; _builder_version=&#8220;3.0.93&#8243; title=&#8220;Offenes Elterncaf\u00e9 &#8211; Thema: Bewegung&#8220; url_new_window=&#8220;off&#8220; use_icon=&#8220;off&#8220; use_circle=&#8220;off&#8220; use_circle_border=&#8220;off&#8220; icon_placement=&#8220;top&#8220; use_icon_font_size=&#8220;off&#8220; background_layout=&#8220;light&#8220;]<\/p>\n<p style=\"text-align: center\">Wann? Freitag, 19. Mai ab 15:30 Uhr bis 17 Uhr<\/p>\n<p style=\"text-align: center\">Wo? Familienzentrum<\/p>\n<p>[\/et_pb_blurb][et_pb_toggle admin_label=&#8220;Umschalter Tapferes Schneiderlein Mai 2017&#8243; _builder_version=&#8220;3.0.101&#8243; title=&#8220;Tapferes Schneiderlein&#8220; open=&#8220;off&#8220; background_color=&#8220;#fce4b0&#8243; title_level=&#8220;h4&#8243; icon_color=&#8220;#f8bc3a&#8220; border_color_all=&#8220;#f8bc3a&#8220; title_text_color=&#8220;#333333&#8243;]<\/p>\n<p style=\"text-align: center\">Wann? Dienstag, 16. Mai ab 16 Uhr bis 17:30 Uhr<\/p>\n<p style=\"text-align: center\">Diese Veranstaltung richtet sich an alleinerziehende Eltern und wird von Frau Albrecht (St\u00e4dtische Beratungsstelle Hofstra\u00dfe) begleitet.<\/p>\n<p style=\"text-align: center\">Anmeldungen nimmt der Flummi entweder pers\u00f6nlich oder unter der Nummer<\/p>\n<p style=\"text-align: center\">02161-21426 gerne an.<\/p>\n<p>[\/et_pb_toggle][et_pb_blurb admin_label=&#8220;Interkulturelles Fest Mai 2017&#8243; _builder_version=&#8220;3.0.93&#8243; title=&#8220;Interkulturelles Kinderfest&#8220; url_new_window=&#8220;off&#8220; use_icon=&#8220;off&#8220; use_circle=&#8220;off&#8220; use_circle_border=&#8220;off&#8220; icon_placement=&#8220;top&#8220; use_icon_font_size=&#8220;off&#8220; background_layout=&#8220;light&#8220;]<\/p>\n<p style=\"text-align: center\">Wann? Samstag, 13. Mai ab 14 Uhr bis 17 Uhr<\/p>\n<p style=\"text-align: center\">Wo? Heppendorfstrasse in Rheydt<\/p>\n<p>[\/et_pb_blurb][et_pb_blurb admin_label=&#8220;Erste Fahrradtour 2017&#8243; _builder_version=&#8220;3.0.93&#8243; title=&#8220;Erste Fahrradtour in 2017&#8243; url_new_window=&#8220;off&#8220; use_icon=&#8220;off&#8220; use_circle=&#8220;off&#8220; use_circle_border=&#8220;off&#8220; icon_placement=&#8220;top&#8220; use_icon_font_size=&#8220;off&#8220; background_layout=&#8220;light&#8220;]<\/p>\n<p><a href=\"https:\/\/mumm-mg.de\/flummi\/wp-content\/uploads\/sites\/3\/2018\/02\/Aushang_Fahrradtour_April_2017.pdf\" target=\"_blank\" rel=\"noopener\">Aushang Fahrradtour 29.04.2017<\/a><\/p>\n<p>[\/et_pb_blurb][et_pb_blurb admin_label=&#8220;Tageselterncaf\u00e9 28. April 2017&#8243; _builder_version=&#8220;3.0.101&#8243; title=&#8220;Tageselterncaf\u00e9&#8220; url_new_window=&#8220;off&#8220; use_icon=&#8220;off&#8220; use_circle=&#8220;off&#8220; use_circle_border=&#8220;off&#8220; icon_placement=&#8220;top&#8220; use_icon_font_size=&#8220;off&#8220; background_layout=&#8220;light&#8220;]<\/p>\n<p style=\"text-align: center\">Wann? Freitag, 28. April ab 15:30 Uhr<\/p>\n<p style=\"text-align: center\">Wo? Familienzentrum<\/p>\n<p>[\/et_pb_blurb][et_pb_blurb admin_label=&#8220;Info-Elternabend April 2017&#8243; _builder_version=&#8220;3.0.93&#8243; title=&#8220;Info-Elternabend April&#8220; url_new_window=&#8220;off&#8220; use_icon=&#8220;off&#8220; use_circle=&#8220;off&#8220; use_circle_border=&#8220;off&#8220; icon_placement=&#8220;top&#8220; use_icon_font_size=&#8220;off&#8220; background_layout=&#8220;light&#8220;]<\/p>\n<p><a href=\"https:\/\/mumm-mg.de\/flummi\/wp-content\/uploads\/sites\/3\/2018\/01\/Flummi-Einladung-Da-wird-der-Hund-ja-in-der-Pfanne-verr\u00fcckt_April_2017-1.pdf\" target=\"_blank\" rel=\"noopener\">Flummi-Einladung: Da wird der Hund ja in der Pfanne verr\u00fcckt April 2017<\/a><\/p>\n<p>[\/et_pb_blurb][et_pb_blurb admin_label=&#8220;Ostereier f\u00e4rben Adam Romboy Haus 2017&#8243; _builder_version=&#8220;3.0.101&#8243; title=&#8220;Ostereier f\u00e4rben&#8220; url_new_window=&#8220;off&#8220; use_icon=&#8220;off&#8220; use_circle=&#8220;off&#8220; use_circle_border=&#8220;off&#8220; icon_placement=&#8220;top&#8220; use_icon_font_size=&#8220;off&#8220; background_layout=&#8220;light&#8220;]<\/p>\n<p style=\"text-align: center\">Wann? Dienstag, 04. April ab 10:00 Uhr<\/p>\n<p style=\"text-align: center\">Wo? Adam Romboy Haus<\/p>\n<p>[\/et_pb_blurb][et_pb_blurb admin_label=&#8220;N\u00e4hworkshop M\u00e4rz 2017&#8243; _builder_version=&#8220;3.0.101&#8243; title=&#8220;N\u00e4hworkshop M\u00e4rz&#8220; url_new_window=&#8220;off&#8220; use_icon=&#8220;off&#8220; use_circle=&#8220;off&#8220; use_circle_border=&#8220;off&#8220; icon_placement=&#8220;top&#8220; use_icon_font_size=&#8220;off&#8220; background_layout=&#8220;light&#8220;]<\/p>\n<p><a href=\"https:\/\/mumm-mg.de\/flummi\/wp-content\/uploads\/sites\/3\/2018\/01\/N\u00e4hworkshop_Maerz_2017.pdf\" target=\"_blank\" rel=\"noopener\">N\u00e4hworkshop M\u00e4rz 2017<\/a><\/p>\n<p>[\/et_pb_blurb][et_pb_blurb admin_label=&#8220;Tageselterncaf\u00e9 20. Januar 2017&#8243; _builder_version=&#8220;3.0.101&#8243; title=&#8220;Tageselterncaf\u00e9&#8220; url_new_window=&#8220;off&#8220; use_icon=&#8220;off&#8220; use_circle=&#8220;off&#8220; use_circle_border=&#8220;off&#8220; icon_placement=&#8220;top&#8220; use_icon_font_size=&#8220;off&#8220; background_layout=&#8220;light&#8220;]<\/p>\n<p style=\"text-align: center\">Wann? Freitag, 20. Januar ab 15:30 Uhr<\/p>\n<p style=\"text-align: center\">Wo? Familienzentrum<\/p>\n<p>[\/et_pb_blurb][\/et_pb_column][et_pb_column type=&#8220;1_3&#8243;][\/et_pb_column][\/et_pb_row][et_pb_row admin_label=&#8220;row&#8220; background_position=&#8220;top_left&#8220; background_repeat=&#8220;repeat&#8220; background_size=&#8220;initial&#8220;][et_pb_column type=&#8220;2_3&#8243;][et_pb_text admin_label=&#8220;Text Babysitterliste&#8220; background_layout=&#8220;light&#8220; use_border_color=&#8220;off&#8220; background_position=&#8220;top_left&#8220; background_repeat=&#8220;repeat&#8220; background_size=&#8220;initial&#8220; _builder_version=&#8220;3.0.93&#8243;]<\/p>\n<h2>Babysitterliste<\/h2>\n<p>Sie wollen einmal ins Kino gehen?<\/p>\n<p>Einen gem\u00fctlichen Abend ohne ihr Kind genie\u00dfen?<\/p>\n<p>Dann fragen Sie doch nach unserer aktuellen <strong>Babysitterliste<\/strong>, die im B\u00fcro ausliegt.<\/p>\n<p>Hier finden Sie Namen und Anschriften und Telefonnummern aktueller uns bekannter Babysitter.<\/p>\n<p>[\/et_pb_text][\/et_pb_column][et_pb_column type=&#8220;1_3&#8243;][\/et_pb_column][\/et_pb_row][et_pb_row admin_label=&#8220;row&#8220; background_position=&#8220;top_left&#8220; background_repeat=&#8220;repeat&#8220; background_size=&#8220;initial&#8220;][et_pb_column type=&#8220;4_4&#8243;][\/et_pb_column][\/et_pb_row][\/et_pb_section]<\/p>\n","protected":false},"excerpt":{"rendered":"<p>Veranstaltungen 2017 im Familienzentrum Die Nikolauswanderung beginnt um 09:30 Uhr am Flummi und die Wanderer machen sich bei winterlichem Wetter Richtung Bungtbach auf. Die kleinen und gro\u00dfen Wanderer finden nicht nur N\u00fcsse und Mandarinen, sondern auch die vom Nikolaus versteckte Schokolade. Gro\u00df und Klein haben Spa\u00df \ud83d\ude42 Wann? Freitag, 17. November ab 15:30 Uhr bis [&hellip;]<\/p>\n","protected":false},"author":1,"featured_media":0,"parent":0,"menu_order":0,"comment_status":"closed","ping_status":"closed","template":"","meta":{"_et_pb_use_builder":"on","_et_pb_old_content":"Familienzentrum - Aktuelles","_et_gb_content_width":"","footnotes":""},"_links":{"self":[{"href":"https:\/\/mumm-mg.de\/flummi\/wp-json\/wp\/v2\/pages\/52"}],"collection":[{"href":"https:\/\/mumm-mg.de\/flummi\/wp-json\/wp\/v2\/pages"}],"about":[{"href":"https:\/\/mumm-mg.de\/flummi\/wp-json\/wp\/v2\/types\/page"}],"author":[{"embeddable":true,"href":"https:\/\/mumm-mg.de\/flummi\/wp-json\/wp\/v2\/users\/1"}],"replies":[{"embeddable":true,"href":"https:\/\/mumm-mg.de\/flummi\/wp-json\/wp\/v2\/comments?post=52"}],"version-history":[{"count":12,"href":"https:\/\/mumm-mg.de\/flummi\/wp-json\/wp\/v2\/pages\/52\/revisions"}],"predecessor-version":[{"id":584,"href":"https:\/\/mumm-mg.de\/flummi\/wp-json\/wp\/v2\/pages\/52\/revisions\/584"}],"wp:attachment":[{"href":"https:\/\/mumm-mg.de\/flummi\/wp-json\/wp\/v2\/media?parent=52"}],"curies":[{"name":"wp","href":"https:\/\/api.w.org\/{rel}","templated":true}]}}