{"id":50,"date":"2016-11-16T15:46:56","date_gmt":"2016-11-16T14:46:56","guid":{"rendered":"https:\/\/mumm-mg.de\/maximumm\/?page_id=50"},"modified":"2025-09-20T18:19:18","modified_gmt":"2025-09-20T16:19:18","slug":"veranstaltungen","status":"publish","type":"page","link":"https:\/\/mumm-mg.de\/maximumm\/veranstaltungen\/","title":{"rendered":"Veranstaltungen 2024"},"content":{"rendered":"<p>[et_pb_section bb_built=&#8220;1&#8243; fullwidth=&#8220;on&#8220; custom_padding_last_edited=&#8220;on|desktop&#8220; module_id=&#8220;header-bild-mumm&#8220; _builder_version=&#8220;4.20.2&#8243; custom_padding_tablet=&#8220;50px|0|50px|0&#8243; next_background_color=&#8220;rgba(255,255,255,0)&#8220; link_option_url=&#8220;https:\/\/mumm-mg.de\/maximumm\/familienzentrum&#8220; background_pattern_color=&#8220;rgba(0,0,0,0.2)&#8220; background_mask_color=&#8220;#ffffff&#8220; box_shadow_horizontal_tablet=&#8220;0px&#8220; box_shadow_vertical_tablet=&#8220;0px&#8220; box_shadow_blur_tablet=&#8220;40px&#8220; box_shadow_spread_tablet=&#8220;0px&#8220; vertical_offset_tablet=&#8220;0&#8243; horizontal_offset_tablet=&#8220;0&#8243; global_module=&#8220;95&#8243;][et_pb_fullwidth_slider admin_label=&#8220;Header-Bild Mummi&#8220; global_parent=&#8220;95&#8243; _builder_version=&#8220;4.20.2&#8243; custom_padding=&#8220;|||&#8220; button_text_size__hover_enabled=&#8220;off&#8220; button_text_size__hover=&#8220;null&#8220; button_one_text_size__hover_enabled=&#8220;off&#8220; button_one_text_size__hover=&#8220;null&#8220; button_two_text_size__hover_enabled=&#8220;off&#8220; button_two_text_size__hover=&#8220;null&#8220; button_text_color__hover_enabled=&#8220;off&#8220; button_text_color__hover=&#8220;null&#8220; button_one_text_color__hover_enabled=&#8220;off&#8220; button_one_text_color__hover=&#8220;null&#8220; button_two_text_color__hover_enabled=&#8220;off&#8220; button_two_text_color__hover=&#8220;null&#8220; button_border_width__hover_enabled=&#8220;off&#8220; button_border_width__hover=&#8220;null&#8220; button_one_border_width__hover_enabled=&#8220;off&#8220; button_one_border_width__hover=&#8220;null&#8220; button_two_border_width__hover_enabled=&#8220;off&#8220; button_two_border_width__hover=&#8220;null&#8220; button_border_color__hover_enabled=&#8220;off&#8220; button_border_color__hover=&#8220;null&#8220; button_one_border_color__hover_enabled=&#8220;off&#8220; button_one_border_color__hover=&#8220;null&#8220; button_two_border_color__hover_enabled=&#8220;off&#8220; button_two_border_color__hover=&#8220;null&#8220; button_border_radius__hover_enabled=&#8220;off&#8220; button_border_radius__hover=&#8220;null&#8220; button_one_border_radius__hover_enabled=&#8220;off&#8220; button_one_border_radius__hover=&#8220;null&#8220; button_two_border_radius__hover_enabled=&#8220;off&#8220; button_two_border_radius__hover=&#8220;null&#8220; button_letter_spacing__hover_enabled=&#8220;off&#8220; button_letter_spacing__hover=&#8220;null&#8220; button_one_letter_spacing__hover_enabled=&#8220;off&#8220; button_one_letter_spacing__hover=&#8220;null&#8220; button_two_letter_spacing__hover_enabled=&#8220;off&#8220; button_two_letter_spacing__hover=&#8220;null&#8220; button_bg_color__hover_enabled=&#8220;off&#8220; button_bg_color__hover=&#8220;null&#8220; button_one_bg_color__hover_enabled=&#8220;off&#8220; button_one_bg_color__hover=&#8220;null&#8220; button_two_bg_color__hover_enabled=&#8220;off&#8220; button_two_bg_color__hover=&#8220;null&#8220; background_color_gradient_stops=&#8220;#2b87da 0%|#29c4a9 100%&#8220; button_bg_color_gradient_stops=&#8220;#2b87da 0%|#29c4a9 100%&#8220;][et_pb_slide use_bg_overlay=&#8220;off&#8220; use_text_overlay=&#8220;off&#8220; _builder_version=&#8220;3.21&#8243; header_font=&#8220;||||&#8220; body_font=&#8220;||||&#8220; background_color=&#8220;#ffffff&#8220; background_image=&#8220;https:\/\/mumm-mg.de\/maximumm\/wp-content\/uploads\/sites\/14\/2019\/09\/header2.jpg&#8220; button_on_hover=&#8220;on&#8220;][\/et_pb_slide][\/et_pb_fullwidth_slider][\/et_pb_section][et_pb_section bb_built=&#8220;1&#8243; admin_label=&#8220;section&#8220; transparent_background=&#8220;on&#8220; allow_player_pause=&#8220;off&#8220; inner_shadow=&#8220;off&#8220; parallax=&#8220;off&#8220; parallax_method=&#8220;off&#8220; make_fullwidth=&#8220;off&#8220; use_custom_width=&#8220;off&#8220; width_unit=&#8220;on&#8220; custom_width_px=&#8220;1080px&#8220; custom_width_percent=&#8220;80%&#8220; make_equal=&#8220;off&#8220; use_custom_gutter=&#8220;off&#8220; fullwidth=&#8220;off&#8220; specialty=&#8220;off&#8220; disabled=&#8220;off&#8220; background_color=&#8220;rgba(255,255,255,0)&#8220; prev_background_color=&#8220;#ffffff&#8220; inner_width=&#8220;auto&#8220; inner_max_width=&#8220;1080px&#8220;][et_pb_row admin_label=&#8220;row&#8220; make_fullwidth=&#8220;off&#8220; use_custom_width=&#8220;off&#8220; width_unit=&#8220;off&#8220; custom_width_px=&#8220;1080px&#8220; custom_width_percent=&#8220;80%&#8220; use_custom_gutter=&#8220;off&#8220; gutter_width=&#8220;3&#8243; padding_mobile=&#8220;off&#8220; allow_player_pause=&#8220;off&#8220; parallax=&#8220;off&#8220; parallax_method=&#8220;on&#8220; make_equal=&#8220;off&#8220; column_padding_mobile=&#8220;on&#8220; disabled=&#8220;off&#8220; background_position=&#8220;top_left&#8220; background_repeat=&#8220;repeat&#8220; background_size=&#8220;initial&#8220; width=&#8220;80%&#8220; max_width=&#8220;1080px&#8220;][et_pb_column type=&#8220;4_4&#8243; custom_padding__hover=&#8220;|||&#8220; custom_padding=&#8220;|||&#8220;][et_pb_text admin_label=&#8220;\u00dcberschrift Veranstaltungen&#8220; use_border_color=&#8220;off&#8220; disabled=&#8220;off&#8220; background_position=&#8220;top_left&#8220; background_repeat=&#8220;repeat&#8220; background_size=&#8220;initial&#8220; _builder_version=&#8220;4.20.2&#8243; saved_tabs=&#8220;all&#8220; text_text_shadow_horizontal_length=&#8220;text_text_shadow_style,%91object Object%93&#8243; text_text_shadow_horizontal_length_tablet=&#8220;0px&#8220; text_text_shadow_vertical_length=&#8220;text_text_shadow_style,%91object Object%93&#8243; text_text_shadow_vertical_length_tablet=&#8220;0px&#8220; text_text_shadow_blur_strength=&#8220;text_text_shadow_style,%91object Object%93&#8243; text_text_shadow_blur_strength_tablet=&#8220;1px&#8220; link_text_shadow_horizontal_length=&#8220;link_text_shadow_style,%91object Object%93&#8243; link_text_shadow_horizontal_length_tablet=&#8220;0px&#8220; link_text_shadow_vertical_length=&#8220;link_text_shadow_style,%91object Object%93&#8243; link_text_shadow_vertical_length_tablet=&#8220;0px&#8220; link_text_shadow_blur_strength=&#8220;link_text_shadow_style,%91object Object%93&#8243; link_text_shadow_blur_strength_tablet=&#8220;1px&#8220; ul_text_shadow_horizontal_length=&#8220;ul_text_shadow_style,%91object Object%93&#8243; ul_text_shadow_horizontal_length_tablet=&#8220;0px&#8220; ul_text_shadow_vertical_length=&#8220;ul_text_shadow_style,%91object Object%93&#8243; ul_text_shadow_vertical_length_tablet=&#8220;0px&#8220; ul_text_shadow_blur_strength=&#8220;ul_text_shadow_style,%91object Object%93&#8243; ul_text_shadow_blur_strength_tablet=&#8220;1px&#8220; ol_text_shadow_horizontal_length=&#8220;ol_text_shadow_style,%91object Object%93&#8243; ol_text_shadow_horizontal_length_tablet=&#8220;0px&#8220; ol_text_shadow_vertical_length=&#8220;ol_text_shadow_style,%91object Object%93&#8243; ol_text_shadow_vertical_length_tablet=&#8220;0px&#8220; ol_text_shadow_blur_strength=&#8220;ol_text_shadow_style,%91object Object%93&#8243; ol_text_shadow_blur_strength_tablet=&#8220;1px&#8220; quote_text_shadow_horizontal_length=&#8220;quote_text_shadow_style,%91object Object%93&#8243; quote_text_shadow_horizontal_length_tablet=&#8220;0px&#8220; quote_text_shadow_vertical_length=&#8220;quote_text_shadow_style,%91object Object%93&#8243; quote_text_shadow_vertical_length_tablet=&#8220;0px&#8220; quote_text_shadow_blur_strength=&#8220;quote_text_shadow_style,%91object Object%93&#8243; quote_text_shadow_blur_strength_tablet=&#8220;1px&#8220; header_text_shadow_horizontal_length=&#8220;header_text_shadow_style,%91object Object%93&#8243; header_text_shadow_horizontal_length_tablet=&#8220;0px&#8220; header_text_shadow_vertical_length=&#8220;header_text_shadow_style,%91object Object%93&#8243; header_text_shadow_vertical_length_tablet=&#8220;0px&#8220; header_text_shadow_blur_strength=&#8220;header_text_shadow_style,%91object Object%93&#8243; header_text_shadow_blur_strength_tablet=&#8220;1px&#8220; header_2_text_shadow_horizontal_length=&#8220;header_2_text_shadow_style,%91object Object%93&#8243; header_2_text_shadow_horizontal_length_tablet=&#8220;0px&#8220; header_2_text_shadow_vertical_length=&#8220;header_2_text_shadow_style,%91object Object%93&#8243; header_2_text_shadow_vertical_length_tablet=&#8220;0px&#8220; header_2_text_shadow_blur_strength=&#8220;header_2_text_shadow_style,%91object Object%93&#8243; header_2_text_shadow_blur_strength_tablet=&#8220;1px&#8220; header_3_text_shadow_horizontal_length=&#8220;header_3_text_shadow_style,%91object Object%93&#8243; header_3_text_shadow_horizontal_length_tablet=&#8220;0px&#8220; header_3_text_shadow_vertical_length=&#8220;header_3_text_shadow_style,%91object Object%93&#8243; header_3_text_shadow_vertical_length_tablet=&#8220;0px&#8220; header_3_text_shadow_blur_strength=&#8220;header_3_text_shadow_style,%91object Object%93&#8243; header_3_text_shadow_blur_strength_tablet=&#8220;1px&#8220; header_4_text_shadow_horizontal_length=&#8220;header_4_text_shadow_style,%91object Object%93&#8243; header_4_text_shadow_horizontal_length_tablet=&#8220;0px&#8220; header_4_text_shadow_vertical_length=&#8220;header_4_text_shadow_style,%91object Object%93&#8243; header_4_text_shadow_vertical_length_tablet=&#8220;0px&#8220; header_4_text_shadow_blur_strength=&#8220;header_4_text_shadow_style,%91object Object%93&#8243; header_4_text_shadow_blur_strength_tablet=&#8220;1px&#8220; header_5_text_shadow_horizontal_length=&#8220;header_5_text_shadow_style,%91object Object%93&#8243; header_5_text_shadow_horizontal_length_tablet=&#8220;0px&#8220; header_5_text_shadow_vertical_length=&#8220;header_5_text_shadow_style,%91object Object%93&#8243; header_5_text_shadow_vertical_length_tablet=&#8220;0px&#8220; header_5_text_shadow_blur_strength=&#8220;header_5_text_shadow_style,%91object Object%93&#8243; header_5_text_shadow_blur_strength_tablet=&#8220;1px&#8220; header_6_text_shadow_horizontal_length=&#8220;header_6_text_shadow_style,%91object Object%93&#8243; header_6_text_shadow_horizontal_length_tablet=&#8220;0px&#8220; header_6_text_shadow_vertical_length=&#8220;header_6_text_shadow_style,%91object Object%93&#8243; header_6_text_shadow_vertical_length_tablet=&#8220;0px&#8220; header_6_text_shadow_blur_strength=&#8220;header_6_text_shadow_style,%91object Object%93&#8243; header_6_text_shadow_blur_strength_tablet=&#8220;1px&#8220; box_shadow_horizontal_tablet=&#8220;0px&#8220; box_shadow_vertical_tablet=&#8220;0px&#8220; box_shadow_blur_tablet=&#8220;40px&#8220; box_shadow_spread_tablet=&#8220;0px&#8220; vertical_offset_tablet=&#8220;0&#8243; horizontal_offset_tablet=&#8220;0&#8243; z_index_tablet=&#8220;0&#8243; background_pattern_color=&#8220;rgba(0,0,0,0.2)&#8220; background_mask_color=&#8220;#ffffff&#8220;]<\/p>\n<h1><span class=\"h1-text\">Veranstaltungen 2024<\/span><\/h1>\n<p>[\/et_pb_text][\/et_pb_column][\/et_pb_row][et_pb_row make_fullwidth=&#8220;off&#8220; use_custom_width=&#8220;off&#8220; width_unit=&#8220;off&#8220; custom_width_px=&#8220;1080px&#8220; custom_width_percent=&#8220;80%&#8220; use_custom_gutter=&#8220;off&#8220; gutter_width=&#8220;3&#8243; allow_player_pause=&#8220;off&#8220; parallax=&#8220;off&#8220; parallax_method=&#8220;on&#8220; make_equal=&#8220;off&#8220; disabled=&#8220;off&#8220; background_position=&#8220;top_left&#8220; background_repeat=&#8220;repeat&#8220; background_size=&#8220;initial&#8220; width=&#8220;80%&#8220; max_width=&#8220;1080px&#8220; _builder_version=&#8220;4.20.2&#8243;][et_pb_column type=&#8220;4_4&#8243; custom_padding__hover=&#8220;|||&#8220; custom_padding=&#8220;|||&#8220;][et_pb_text use_border_color=&#8220;off&#8220; disabled=&#8220;off&#8220; background_position=&#8220;top_left&#8220; background_repeat=&#8220;repeat&#8220; background_size=&#8220;initial&#8220; _builder_version=&#8220;4.20.2&#8243; saved_tabs=&#8220;all&#8220; text_text_shadow_horizontal_length=&#8220;text_text_shadow_style,%91object Object%93&#8243; text_text_shadow_horizontal_length_tablet=&#8220;0px&#8220; text_text_shadow_vertical_length=&#8220;text_text_shadow_style,%91object Object%93&#8243; text_text_shadow_vertical_length_tablet=&#8220;0px&#8220; text_text_shadow_blur_strength=&#8220;text_text_shadow_style,%91object Object%93&#8243; text_text_shadow_blur_strength_tablet=&#8220;1px&#8220; link_text_shadow_horizontal_length=&#8220;link_text_shadow_style,%91object Object%93&#8243; link_text_shadow_horizontal_length_tablet=&#8220;0px&#8220; link_text_shadow_vertical_length=&#8220;link_text_shadow_style,%91object Object%93&#8243; link_text_shadow_vertical_length_tablet=&#8220;0px&#8220; link_text_shadow_blur_strength=&#8220;link_text_shadow_style,%91object Object%93&#8243; link_text_shadow_blur_strength_tablet=&#8220;1px&#8220; ul_text_shadow_horizontal_length=&#8220;ul_text_shadow_style,%91object Object%93&#8243; ul_text_shadow_horizontal_length_tablet=&#8220;0px&#8220; ul_text_shadow_vertical_length=&#8220;ul_text_shadow_style,%91object Object%93&#8243; ul_text_shadow_vertical_length_tablet=&#8220;0px&#8220; ul_text_shadow_blur_strength=&#8220;ul_text_shadow_style,%91object Object%93&#8243; ul_text_shadow_blur_strength_tablet=&#8220;1px&#8220; ol_text_shadow_horizontal_length=&#8220;ol_text_shadow_style,%91object Object%93&#8243; ol_text_shadow_horizontal_length_tablet=&#8220;0px&#8220; ol_text_shadow_vertical_length=&#8220;ol_text_shadow_style,%91object Object%93&#8243; ol_text_shadow_vertical_length_tablet=&#8220;0px&#8220; ol_text_shadow_blur_strength=&#8220;ol_text_shadow_style,%91object Object%93&#8243; ol_text_shadow_blur_strength_tablet=&#8220;1px&#8220; quote_text_shadow_horizontal_length=&#8220;quote_text_shadow_style,%91object Object%93&#8243; quote_text_shadow_horizontal_length_tablet=&#8220;0px&#8220; quote_text_shadow_vertical_length=&#8220;quote_text_shadow_style,%91object Object%93&#8243; quote_text_shadow_vertical_length_tablet=&#8220;0px&#8220; quote_text_shadow_blur_strength=&#8220;quote_text_shadow_style,%91object Object%93&#8243; quote_text_shadow_blur_strength_tablet=&#8220;1px&#8220; header_text_shadow_horizontal_length=&#8220;header_text_shadow_style,%91object Object%93&#8243; header_text_shadow_horizontal_length_tablet=&#8220;0px&#8220; header_text_shadow_vertical_length=&#8220;header_text_shadow_style,%91object Object%93&#8243; header_text_shadow_vertical_length_tablet=&#8220;0px&#8220; header_text_shadow_blur_strength=&#8220;header_text_shadow_style,%91object Object%93&#8243; header_text_shadow_blur_strength_tablet=&#8220;1px&#8220; header_2_text_shadow_horizontal_length=&#8220;header_2_text_shadow_style,%91object Object%93&#8243; header_2_text_shadow_horizontal_length_tablet=&#8220;0px&#8220; header_2_text_shadow_vertical_length=&#8220;header_2_text_shadow_style,%91object Object%93&#8243; header_2_text_shadow_vertical_length_tablet=&#8220;0px&#8220; header_2_text_shadow_blur_strength=&#8220;header_2_text_shadow_style,%91object Object%93&#8243; header_2_text_shadow_blur_strength_tablet=&#8220;1px&#8220; header_3_text_shadow_horizontal_length=&#8220;header_3_text_shadow_style,%91object Object%93&#8243; header_3_text_shadow_horizontal_length_tablet=&#8220;0px&#8220; header_3_text_shadow_vertical_length=&#8220;header_3_text_shadow_style,%91object Object%93&#8243; header_3_text_shadow_vertical_length_tablet=&#8220;0px&#8220; header_3_text_shadow_blur_strength=&#8220;header_3_text_shadow_style,%91object Object%93&#8243; header_3_text_shadow_blur_strength_tablet=&#8220;1px&#8220; header_4_text_shadow_horizontal_length=&#8220;header_4_text_shadow_style,%91object Object%93&#8243; header_4_text_shadow_horizontal_length_tablet=&#8220;0px&#8220; header_4_text_shadow_vertical_length=&#8220;header_4_text_shadow_style,%91object Object%93&#8243; header_4_text_shadow_vertical_length_tablet=&#8220;0px&#8220; header_4_text_shadow_blur_strength=&#8220;header_4_text_shadow_style,%91object Object%93&#8243; header_4_text_shadow_blur_strength_tablet=&#8220;1px&#8220; header_5_text_shadow_horizontal_length=&#8220;header_5_text_shadow_style,%91object Object%93&#8243; header_5_text_shadow_horizontal_length_tablet=&#8220;0px&#8220; header_5_text_shadow_vertical_length=&#8220;header_5_text_shadow_style,%91object Object%93&#8243; header_5_text_shadow_vertical_length_tablet=&#8220;0px&#8220; header_5_text_shadow_blur_strength=&#8220;header_5_text_shadow_style,%91object Object%93&#8243; header_5_text_shadow_blur_strength_tablet=&#8220;1px&#8220; header_6_text_shadow_horizontal_length=&#8220;header_6_text_shadow_style,%91object Object%93&#8243; header_6_text_shadow_horizontal_length_tablet=&#8220;0px&#8220; header_6_text_shadow_vertical_length=&#8220;header_6_text_shadow_style,%91object Object%93&#8243; header_6_text_shadow_vertical_length_tablet=&#8220;0px&#8220; header_6_text_shadow_blur_strength=&#8220;header_6_text_shadow_style,%91object Object%93&#8243; header_6_text_shadow_blur_strength_tablet=&#8220;1px&#8220; box_shadow_horizontal_tablet=&#8220;0px&#8220; box_shadow_vertical_tablet=&#8220;0px&#8220; box_shadow_blur_tablet=&#8220;40px&#8220; box_shadow_spread_tablet=&#8220;0px&#8220; vertical_offset_tablet=&#8220;0&#8243; horizontal_offset_tablet=&#8220;0&#8243; z_index_tablet=&#8220;0&#8243; background_pattern_color=&#8220;rgba(0,0,0,0.2)&#8220; background_mask_color=&#8220;#ffffff&#8220;]<\/p>\n<p><strong>Februar 2024<\/strong><\/p>\n<p>06.02.24 &#8211; <strong>Tag der offenen T\u00fcr<\/strong> (Neue Eltern- Vertr\u00e4ge) &#8211; FZ MaxiMumm &#8211; Gesamte Kita<\/p>\n<p>09.02.24 &#8211; <strong>Karnevalsfeier<\/strong> &#8211; FZ MaxiMumm &#8211; Gesamte Kita\u00a0<\/p>\n<p>12. + 13.02.24 (Regenarationstage) &#8211; <strong>Rosenmontag + Veilchendienstag (Kita geschlossen)<\/strong> &#8211; FZ MaxiMumm &#8211; Gesamte Kita<\/p>\n<p>20. + 21.02.24 &#8211; <strong>Die Fotografin kommt!<\/strong> &#8211; FZ MaxiMumm &#8211; Heike Hein<\/p>\n<p>23.02.24 &#8211; <strong>Elterncafe<\/strong> &#8211; FZ MaxiMumm &#8211; Elternbeirat<\/p>\n<p>Termin folgt &#8211; <strong>Zahngesundheit<\/strong> &#8211; FZ MaxiMumm &#8211; Stadt Krefeld<\/p>\n<p>26.02. &#8211; 01.03.24 &#8211; <strong>Beobachtungswoche<\/strong> &#8211; FZ MaxiMumm &#8211; Gesamte Kita<\/p>\n<p>\u00a0<\/p>\n<p><strong>M\u00e4rz 2024<\/strong><\/p>\n<p>04.03. &#8211; 28.03.24 &#8211; <strong>Kulturprojekt<\/strong> &#8211; FZ MaxiMumm &#8211; Gesamte Kita<\/p>\n<p>Termin folgt &#8211; <strong>M\u00fctterabend<\/strong> &#8211; FZ MaxiMumm<\/p>\n<p>07.03.24 *11:00 Uhr &#8211; <strong>Wir besuchen eine Kirche<\/strong> &#8211; Dionysius Kirche &#8211; Team MaxiMumm<\/p>\n<p>10.03. &#8211; 09.04.24 &#8211; <strong>Ramadan<\/strong> &#8211; FZ MaxiMumm &#8211; Gesamte Kita<\/p>\n<p>Termin folgt &#8211; <strong>Gespr\u00e4chrunde mit dem Kinderschutzbund (Thema folgt)<\/strong> &#8211; FZ MaxiMumm &#8211; Herr Seifert<\/p>\n<p>12.03.24 &#8211; <strong>Wir besuchen eine Synagoge<\/strong> &#8211; Synagoge Krefeld &#8211; Team MaxiMumm<\/p>\n<p>22.03.24 &#8211; <strong>Elterncafe<\/strong> &#8211; FZ MaxiMumm &#8211; Elternbeirat<\/p>\n<p>Termin folgt &#8211; <strong>Wir besuchen eine Moschee<\/strong> &#8211; Haci Bayram Moschee Krefeld &#8211; Team MaxiMumm<\/p>\n<p>26.03.24 &#8211; *14:00-15:30 Uhr &#8211; <strong>Osterbacken mit Gro\u00dfeltern<\/strong> &#8211; FZ MaxiMumm &#8211; Gesamte Kita\u00a0<\/p>\n<p>28.03.24 &#8211; <strong>Osterfr\u00fchst\u00fcck + Eiersuche<\/strong> &#8211; FZ MaxiMumm &#8211; Gesamte Kita<\/p>\n<p>29.03. &#8211; 01.04.24 &#8211; <strong>Ostern Kita geschlossen<\/strong> &#8211; FZ MaxiMumm &#8211; Gesamte Kita<\/p>\n<p>Im M\u00e4rz &#8211; <strong>Entwicklungsgespr\u00e4che<\/strong> &#8211; FZ MaxiMumm &#8211; Gesamte Kita<\/p>\n<p>\u00a0<\/p>\n<p><strong>April 2024<\/strong><\/p>\n<p>Termin steht noch aus &#8211; <strong>Kirchbl\u00fctenfest<\/strong> &#8211; Alexanderplatz Krefeld &#8211; Personal MaxiMumm<\/p>\n<p>12.04.24 *14:00-15:00 Uhr &#8211; <strong>Zuckerfest<\/strong> &#8211; FZ MaxiMumm<\/p>\n<p>12.04.24 *15:00-18:00 Uhr + 13.04.24 *09:00-13:00 Uhr &#8211; <strong>Gartenaktion (Elternaktion)<\/strong> &#8211; FZ MaxiMumm &#8211; Gesamte Kita<\/p>\n<p>15.04. &#8211; 19.04.24 &#8211; <strong>Gartenprojekt (Eltern-Kind-Aktion)<\/strong> &#8211; FZ MaxiMumm &#8211; Gesamte Kita<\/p>\n<p>26.04.24 &#8211; <strong>Elterncafe<\/strong> &#8211; FZ MaxiMumm &#8211; Elternbeirat<\/p>\n<p>\u00a0<\/p>\n<p><strong>Mai 2024<\/strong><\/p>\n<p>04.05. + 11.05.24 &#8211; <strong>Schult\u00fctenbasteln<\/strong> -FZ MaxiMumm<\/p>\n<p>Termin folgt &#8211; <strong>Gespr\u00e4chsrunde ,,Fr\u00fchkindliche Sexualp\u00e4dagogik &#8211; Was ist normal ?<\/strong> &#8211; FZ MaxiMumm &#8211; Kinderschutzbund<\/p>\n<p>09.05.24 &#8211; <strong>Christi Himmelfahrt (Vatertag) Kita geschlossen<\/strong><\/p>\n<p>12.05.24 &#8211; <strong>Muttertag\u00a0<\/strong><\/p>\n<p>31.05.24 &#8211; <strong>Elterncafe<\/strong> &#8211; FZ MaxiMumm &#8211; Elternbeirat<\/p>\n<p>\u00a0<\/p>\n<p><strong>Juni 2024<\/strong><\/p>\n<p>06.06.24 *17:00-18:00 Uhr &#8211; <strong>V\u00e4terabend<\/strong> &#8211; FZ MaxiMumm &#8211; Team MaxiMumm<\/p>\n<p>08.06.24 &#8211; <strong>Bambini Fu\u00dfballturnier<\/strong> &#8211; St.Hubert<\/p>\n<p>21.06.24 &#8211; <strong>Ausflug + Abschied Vorschulkinder<\/strong> &#8211; Vorschule<\/p>\n<p>22.06.24 *11:00-14:00 Uhr &#8211; <strong>Sommerfest<\/strong> &#8211; FZ MaxiMumm &#8211; Gesamte Kita\u00a0<\/p>\n<p>28.06.24 &#8211; <strong>Spielzeug in den Urlaub<\/strong> &#8211; FZ MaxiMumm &#8211; Gesamte Kita<\/p>\n<p>\u00a0 \u00a0 \u00a0 &#8220; *9:15-10:15 Uhr &#8211; <strong>Elterncafe<\/strong> &#8211; FZ MaxiMumm &#8211; Elternbeirat<\/p>\n<p>\u00a0<\/p>\n<p><strong>Juli 2024<\/strong><\/p>\n<p>01.07. &#8211; 05.07.24 &#8211; <strong>Spielzeugwoche<\/strong> &#8211; FZ MaxiMumm &#8211; Gesamte Kita<\/p>\n<p>05.07.24 *14:30 Uhr &#8211; <strong>Rauswurf der Vorschulkinder<\/strong> &#8211; FZ MaxiMumm &#8211; Vorschule<\/p>\n<p>08.07. &#8211; 26.07.24 &#8211; <strong>Ferien MaxiMumm Kita geschlossen<\/strong> &#8211; FZ MaxiMumm &#8211; Gesamte Kita\u00a0<\/p>\n<p>\u00a0<\/p>\n<p><strong>August 2024<\/strong><\/p>\n<p>27.08.24 &#8211; Elternabend und Elternbeiratswahl<\/p>\n<p>\u00a0<\/p>\n<p><strong>September 2024<\/strong><\/p>\n<p>03.09.24 &#8211; 26.11.24 &#8211; Beginn Wichtelwerkstatt<\/p>\n<p>09.09.24 &#8211; Elternabend Vorschule<\/p>\n<p>\u00a0<\/p>\n<p><strong>Oktober 2024<\/strong><\/p>\n<p>01.10.24 &#8211; 11.10.24 &#8211; Mitnahmeschrank (Tauschb\u00f6rse)<\/p>\n<p>07.10.24 &#8211; 11.10.24 &#8211; Laternen basteln<\/p>\n<p>14.10.24 &#8211; 18.10.24 &#8211; Bedarfsabfrage<\/p>\n<p>21.10.24 &#8211; 25.10.24 &#8211; Laternen basteln<\/p>\n<p>30.10.24 &#8211; K\u00fcrbis schnitzen<\/p>\n<p>31.10.24 &#8211; Halloweenfeier<\/p>\n<p>\u00a0<\/p>\n<p><strong>November 2024<\/strong><\/p>\n<p>06.11.24 &#8211; St. Martin<\/p>\n<p>19.11.24 &#8211; Tag der offenen T\u00fcr\u00a0<\/p>\n<p>21.11.24 &#8211; V\u00e4terabend<\/p>\n<p>\u00a0<\/p>\n<p><strong>Dezember 2024<\/strong><\/p>\n<p>02.12.24 &#8211; Adventssingen<\/p>\n<p>06.12.24 Nikolausfeier<\/p>\n<p>07.12.24 &#8211; Besonderer Weihnachtsmarkt<\/p>\n<p>12.12.24 &#8211; Weihnachtsfeier<\/p>\n<p>18.12.24 &#8211; Kinonachmittag (Kamishibai)<\/p>\n<p>24.12.24 &#8211; 01.01.25 &#8211; Weihnachstferien<\/p>\n<p>\u00a0<\/p>\n<p><strong>*Alle Termine sind unter Vorbehalt. Es k\u00f6nnen sich kurzfristige \u00c4nderungen ergeben.<\/strong><\/p>\n<p>\u00a0<\/p>\n<p>\u00a0<\/p>\n<p>\u00a0<\/p>\n<p>[\/et_pb_text][\/et_pb_column][\/et_pb_row][\/et_pb_section]<\/p>\n","protected":false},"excerpt":{"rendered":"<p>Veranstaltungen 2024 Februar 202406.02.24 &#8211; Tag der offenen T\u00fcr (Neue Eltern- Vertr\u00e4ge) &#8211; FZ MaxiMumm &#8211; Gesamte Kita09.02.24 &#8211; Karnevalsfeier &#8211; FZ MaxiMumm &#8211; Gesamte Kita\u00a012. + 13.02.24 (Regenarationstage) &#8211; Rosenmontag + Veilchendienstag (Kita geschlossen) &#8211; FZ MaxiMumm &#8211; Gesamte Kita20. + 21.02.24 &#8211; Die Fotografin kommt! &#8211; FZ MaxiMumm &#8211; Heike Hein23.02.24 &#8211; Elterncafe [&hellip;]<\/p>\n","protected":false},"author":1,"featured_media":0,"parent":0,"menu_order":0,"comment_status":"closed","ping_status":"closed","template":"","meta":{"_et_pb_use_builder":"on","_et_pb_old_content":"<p>Familienzentrum - Veranstaltungen<\/p>","_et_gb_content_width":"","footnotes":""},"_links":{"self":[{"href":"https:\/\/mumm-mg.de\/maximumm\/wp-json\/wp\/v2\/pages\/50"}],"collection":[{"href":"https:\/\/mumm-mg.de\/maximumm\/wp-json\/wp\/v2\/pages"}],"about":[{"href":"https:\/\/mumm-mg.de\/maximumm\/wp-json\/wp\/v2\/types\/page"}],"author":[{"embeddable":true,"href":"https:\/\/mumm-mg.de\/maximumm\/wp-json\/wp\/v2\/users\/1"}],"replies":[{"embeddable":true,"href":"https:\/\/mumm-mg.de\/maximumm\/wp-json\/wp\/v2\/comments?post=50"}],"version-history":[{"count":12,"href":"https:\/\/mumm-mg.de\/maximumm\/wp-json\/wp\/v2\/pages\/50\/revisions"}],"predecessor-version":[{"id":2700,"href":"https:\/\/mumm-mg.de\/maximumm\/wp-json\/wp\/v2\/pages\/50\/revisions\/2700"}],"wp:attachment":[{"href":"https:\/\/mumm-mg.de\/maximumm\/wp-json\/wp\/v2\/media?parent=50"}],"curies":[{"name":"wp","href":"https:\/\/api.w.org\/{rel}","templated":true}]}}