{"id":2349,"date":"2020-02-26T14:02:10","date_gmt":"2020-02-26T13:02:10","guid":{"rendered":"https:\/\/mumm-mg.de\/mumm-kids\/?page_id=2349"},"modified":"2020-09-01T16:10:56","modified_gmt":"2020-09-01T14:10:56","slug":"veranstaltungen-2020","status":"publish","type":"page","link":"https:\/\/mumm-mg.de\/mumm-kids\/veranstaltungen-2020\/","title":{"rendered":"Veranstaltungen 2020"},"content":{"rendered":"<p>[et_pb_section bb_built=&#8220;1&#8243; width_unit=&#8220;off&#8220; fullwidth=&#8220;on&#8220; specialty=&#8220;off&#8220; disabled=&#8220;off&#8220; module_id=&#8220;header-bild-mumm&#8220; custom_padding_tablet=&#8220;50px|0|50px|0&#8243; custom_padding_last_edited=&#8220;on|desktop&#8220; next_background_color=&#8220;rgba(255,255,255,0)&#8220; _builder_version=&#8220;3.0.101&#8243; inner_width=&#8220;auto&#8220; inner_max_width=&#8220;1080px&#8220; global_module=&#8220;95&#8243;][et_pb_fullwidth_slider admin_label=&#8220;Header-Bild Mumm-Kids&#8220; global_parent=&#8220;95&#8243; disabled=&#8220;off&#8220; custom_padding=&#8220;|||&#8220; _builder_version=&#8220;3.21&#8243; box_shadow_blur=&#8220;10px&#8220; box_shadow_color=&#8220;rgba(0,0,0,0.1)&#8220; button_text_size__hover_enabled=&#8220;off&#8220; button_text_size__hover=&#8220;null&#8220; button_one_text_size__hover_enabled=&#8220;off&#8220; button_one_text_size__hover=&#8220;null&#8220; button_two_text_size__hover_enabled=&#8220;off&#8220; button_two_text_size__hover=&#8220;null&#8220; button_text_color__hover_enabled=&#8220;off&#8220; button_text_color__hover=&#8220;null&#8220; button_one_text_color__hover_enabled=&#8220;off&#8220; button_one_text_color__hover=&#8220;null&#8220; button_two_text_color__hover_enabled=&#8220;off&#8220; button_two_text_color__hover=&#8220;null&#8220; button_border_width__hover_enabled=&#8220;off&#8220; button_border_width__hover=&#8220;null&#8220; button_one_border_width__hover_enabled=&#8220;off&#8220; button_one_border_width__hover=&#8220;null&#8220; button_two_border_width__hover_enabled=&#8220;off&#8220; button_two_border_width__hover=&#8220;null&#8220; button_border_color__hover_enabled=&#8220;off&#8220; button_border_color__hover=&#8220;null&#8220; button_one_border_color__hover_enabled=&#8220;off&#8220; button_one_border_color__hover=&#8220;null&#8220; button_two_border_color__hover_enabled=&#8220;off&#8220; button_two_border_color__hover=&#8220;null&#8220; button_border_radius__hover_enabled=&#8220;off&#8220; button_border_radius__hover=&#8220;null&#8220; button_one_border_radius__hover_enabled=&#8220;off&#8220; button_one_border_radius__hover=&#8220;null&#8220; button_two_border_radius__hover_enabled=&#8220;off&#8220; button_two_border_radius__hover=&#8220;null&#8220; button_letter_spacing__hover_enabled=&#8220;off&#8220; button_letter_spacing__hover=&#8220;null&#8220; button_one_letter_spacing__hover_enabled=&#8220;off&#8220; button_one_letter_spacing__hover=&#8220;null&#8220; button_two_letter_spacing__hover_enabled=&#8220;off&#8220; button_two_letter_spacing__hover=&#8220;null&#8220; button_bg_color__hover_enabled=&#8220;off&#8220; button_bg_color__hover=&#8220;null&#8220; button_one_bg_color__hover_enabled=&#8220;off&#8220; button_one_bg_color__hover=&#8220;null&#8220; button_two_bg_color__hover_enabled=&#8220;off&#8220; button_two_bg_color__hover=&#8220;null&#8220;][et_pb_slide button_link=&#8220;#&#8220; background_image=&#8220;https:\/\/mumm-mg.de\/mumm-kids\/wp-content\/uploads\/sites\/7\/2019\/09\/header2.jpg&#8220; background_position=&#8220;center&#8220; background_size=&#8220;cover&#8220; background_color=&#8220;#ffffff&#8220; use_bg_overlay=&#8220;off&#8220; use_text_overlay=&#8220;off&#8220; alignment=&#8220;center&#8220; background_layout=&#8220;dark&#8220; allow_player_pause=&#8220;off&#8220; text_border_radius=&#8220;3&#8243; header_font=&#8220;||||&#8220; body_font=&#8220;||||&#8220; custom_button=&#8220;off&#8220; button_font=&#8220;||||&#8220; button_use_icon=&#8220;on&#8220; button_on_hover=&#8220;on&#8220; disabled=&#8220;off&#8220; header_font_select=&#8220;default&#8220; body_font_select=&#8220;default&#8220; button_font_select=&#8220;default&#8220; _builder_version=&#8220;3.21&#8243; use_background_color_gradient=&#8220;off&#8220; background_color_gradient_start=&#8220;#2b87da&#8220; background_color_gradient_end=&#8220;#29c4a9&#8243; background_color_gradient_type=&#8220;linear&#8220; background_color_gradient_direction=&#8220;180deg&#8220; background_color_gradient_direction_radial=&#8220;center&#8220; background_color_gradient_start_position=&#8220;0%&#8220; background_color_gradient_end_position=&#8220;100%&#8220; background_color_gradient_overlays_image=&#8220;off&#8220; parallax=&#8220;off&#8220; parallax_method=&#8220;on&#8220; background_repeat=&#8220;no-repeat&#8220; background_blend=&#8220;normal&#8220; background_video_pause_outside_viewport=&#8220;on&#8220; child_filter_hue_rotate=&#8220;0deg&#8220; child_filter_saturate=&#8220;100%&#8220; child_filter_brightness=&#8220;100%&#8220; child_filter_contrast=&#8220;100%&#8220; child_filter_invert=&#8220;0%&#8220; child_filter_sepia=&#8220;0%&#8220; child_filter_opacity=&#8220;100%&#8220; child_filter_blur=&#8220;0px&#8220; child_mix_blend_mode=&#8220;normal&#8220; text_shadow_style=&#8220;none&#8220; header_text_shadow_style=&#8220;none&#8220; body_text_shadow_style=&#8220;none&#8220; button_bg_use_color_gradient=&#8220;off&#8220; button_bg_color_gradient_overlays_image=&#8220;off&#8220; button_text_shadow_style=&#8220;none&#8220; box_shadow_style_button=&#8220;none&#8220; text_shadow_horizontal_length=&#8220;0em&#8220; text_shadow_vertical_length=&#8220;0em&#8220; text_shadow_blur_strength=&#8220;0em&#8220; header_text_shadow_horizontal_length=&#8220;0em&#8220; header_text_shadow_vertical_length=&#8220;0em&#8220; header_text_shadow_blur_strength=&#8220;0em&#8220; body_text_shadow_horizontal_length=&#8220;0em&#8220; body_text_shadow_vertical_length=&#8220;0em&#8220; body_text_shadow_blur_strength=&#8220;0em&#8220; button_text_shadow_horizontal_length=&#8220;0em&#8220; button_text_shadow_vertical_length=&#8220;0em&#8220; button_text_shadow_blur_strength=&#8220;0em&#8220; url_new_window=&#8220;off&#8220; link_option_url_new_window=&#8220;off&#8220; hover_transition_duration=&#8220;300ms&#8220; hover_transition_delay=&#8220;0ms&#8220; hover_transition_speed_curve=&#8220;ease&#8220; \/][\/et_pb_fullwidth_slider][\/et_pb_section][et_pb_section bb_built=&#8220;1&#8243; admin_label=&#8220;section&#8220; transparent_background=&#8220;on&#8220; allow_player_pause=&#8220;off&#8220; inner_shadow=&#8220;off&#8220; parallax=&#8220;off&#8220; parallax_method=&#8220;off&#8220; make_fullwidth=&#8220;off&#8220; use_custom_width=&#8220;off&#8220; width_unit=&#8220;on&#8220; make_equal=&#8220;off&#8220; use_custom_gutter=&#8220;off&#8220; background_color=&#8220;rgba(255,255,255,0)&#8220; inner_width=&#8220;auto&#8220; inner_max_width=&#8220;1080px&#8220; prev_background_color=&#8220;#ffffff&#8220;][et_pb_row admin_label=&#8220;row&#8220; make_fullwidth=&#8220;off&#8220; use_custom_width=&#8220;off&#8220; width_unit=&#8220;off&#8220; use_custom_gutter=&#8220;off&#8220; padding_mobile=&#8220;off&#8220; allow_player_pause=&#8220;off&#8220; parallax=&#8220;off&#8220; parallax_method=&#8220;on&#8220; make_equal=&#8220;off&#8220; column_padding_mobile=&#8220;on&#8220; disabled=&#8220;off&#8220; background_position=&#8220;top_left&#8220; background_repeat=&#8220;repeat&#8220; background_size=&#8220;initial&#8220; width=&#8220;80%&#8220; max_width=&#8220;1080px&#8220;][et_pb_column type=&#8220;4_4&#8243; custom_padding__hover=&#8220;|||&#8220; custom_padding=&#8220;|||&#8220;][et_pb_text admin_label=&#8220;\u00dcberschrift Aktuelles&#8220; use_border_color=&#8220;off&#8220; background_position=&#8220;top_left&#8220; background_repeat=&#8220;repeat&#8220; background_size=&#8220;initial&#8220; _builder_version=&#8220;4.0.6&#8243; text_text_shadow_horizontal_length=&#8220;text_text_shadow_style,%91object Object%93&#8243; text_text_shadow_horizontal_length_tablet=&#8220;0px&#8220; text_text_shadow_vertical_length=&#8220;text_text_shadow_style,%91object Object%93&#8243; text_text_shadow_vertical_length_tablet=&#8220;0px&#8220; text_text_shadow_blur_strength=&#8220;text_text_shadow_style,%91object Object%93&#8243; text_text_shadow_blur_strength_tablet=&#8220;1px&#8220; link_text_shadow_horizontal_length=&#8220;link_text_shadow_style,%91object Object%93&#8243; link_text_shadow_horizontal_length_tablet=&#8220;0px&#8220; link_text_shadow_vertical_length=&#8220;link_text_shadow_style,%91object Object%93&#8243; link_text_shadow_vertical_length_tablet=&#8220;0px&#8220; link_text_shadow_blur_strength=&#8220;link_text_shadow_style,%91object Object%93&#8243; link_text_shadow_blur_strength_tablet=&#8220;1px&#8220; ul_text_shadow_horizontal_length=&#8220;ul_text_shadow_style,%91object Object%93&#8243; ul_text_shadow_horizontal_length_tablet=&#8220;0px&#8220; ul_text_shadow_vertical_length=&#8220;ul_text_shadow_style,%91object Object%93&#8243; ul_text_shadow_vertical_length_tablet=&#8220;0px&#8220; ul_text_shadow_blur_strength=&#8220;ul_text_shadow_style,%91object Object%93&#8243; ul_text_shadow_blur_strength_tablet=&#8220;1px&#8220; ol_text_shadow_horizontal_length=&#8220;ol_text_shadow_style,%91object Object%93&#8243; ol_text_shadow_horizontal_length_tablet=&#8220;0px&#8220; ol_text_shadow_vertical_length=&#8220;ol_text_shadow_style,%91object Object%93&#8243; ol_text_shadow_vertical_length_tablet=&#8220;0px&#8220; ol_text_shadow_blur_strength=&#8220;ol_text_shadow_style,%91object Object%93&#8243; ol_text_shadow_blur_strength_tablet=&#8220;1px&#8220; quote_text_shadow_horizontal_length=&#8220;quote_text_shadow_style,%91object Object%93&#8243; quote_text_shadow_horizontal_length_tablet=&#8220;0px&#8220; quote_text_shadow_vertical_length=&#8220;quote_text_shadow_style,%91object Object%93&#8243; quote_text_shadow_vertical_length_tablet=&#8220;0px&#8220; quote_text_shadow_blur_strength=&#8220;quote_text_shadow_style,%91object Object%93&#8243; quote_text_shadow_blur_strength_tablet=&#8220;1px&#8220; header_text_shadow_horizontal_length=&#8220;header_text_shadow_style,%91object Object%93&#8243; header_text_shadow_horizontal_length_tablet=&#8220;0px&#8220; header_text_shadow_vertical_length=&#8220;header_text_shadow_style,%91object Object%93&#8243; header_text_shadow_vertical_length_tablet=&#8220;0px&#8220; header_text_shadow_blur_strength=&#8220;header_text_shadow_style,%91object Object%93&#8243; header_text_shadow_blur_strength_tablet=&#8220;1px&#8220; header_2_text_shadow_horizontal_length=&#8220;header_2_text_shadow_style,%91object Object%93&#8243; header_2_text_shadow_horizontal_length_tablet=&#8220;0px&#8220; header_2_text_shadow_vertical_length=&#8220;header_2_text_shadow_style,%91object Object%93&#8243; header_2_text_shadow_vertical_length_tablet=&#8220;0px&#8220; header_2_text_shadow_blur_strength=&#8220;header_2_text_shadow_style,%91object Object%93&#8243; header_2_text_shadow_blur_strength_tablet=&#8220;1px&#8220; header_3_text_shadow_horizontal_length=&#8220;header_3_text_shadow_style,%91object Object%93&#8243; header_3_text_shadow_horizontal_length_tablet=&#8220;0px&#8220; header_3_text_shadow_vertical_length=&#8220;header_3_text_shadow_style,%91object Object%93&#8243; header_3_text_shadow_vertical_length_tablet=&#8220;0px&#8220; header_3_text_shadow_blur_strength=&#8220;header_3_text_shadow_style,%91object Object%93&#8243; header_3_text_shadow_blur_strength_tablet=&#8220;1px&#8220; header_4_text_shadow_horizontal_length=&#8220;header_4_text_shadow_style,%91object Object%93&#8243; header_4_text_shadow_horizontal_length_tablet=&#8220;0px&#8220; header_4_text_shadow_vertical_length=&#8220;header_4_text_shadow_style,%91object Object%93&#8243; header_4_text_shadow_vertical_length_tablet=&#8220;0px&#8220; header_4_text_shadow_blur_strength=&#8220;header_4_text_shadow_style,%91object Object%93&#8243; header_4_text_shadow_blur_strength_tablet=&#8220;1px&#8220; header_5_text_shadow_horizontal_length=&#8220;header_5_text_shadow_style,%91object Object%93&#8243; header_5_text_shadow_horizontal_length_tablet=&#8220;0px&#8220; header_5_text_shadow_vertical_length=&#8220;header_5_text_shadow_style,%91object Object%93&#8243; header_5_text_shadow_vertical_length_tablet=&#8220;0px&#8220; header_5_text_shadow_blur_strength=&#8220;header_5_text_shadow_style,%91object Object%93&#8243; header_5_text_shadow_blur_strength_tablet=&#8220;1px&#8220; header_6_text_shadow_horizontal_length=&#8220;header_6_text_shadow_style,%91object Object%93&#8243; header_6_text_shadow_horizontal_length_tablet=&#8220;0px&#8220; header_6_text_shadow_vertical_length=&#8220;header_6_text_shadow_style,%91object Object%93&#8243; header_6_text_shadow_vertical_length_tablet=&#8220;0px&#8220; header_6_text_shadow_blur_strength=&#8220;header_6_text_shadow_style,%91object Object%93&#8243; header_6_text_shadow_blur_strength_tablet=&#8220;1px&#8220; box_shadow_horizontal_tablet=&#8220;0px&#8220; box_shadow_vertical_tablet=&#8220;0px&#8220; box_shadow_blur_tablet=&#8220;40px&#8220; box_shadow_spread_tablet=&#8220;0px&#8220; z_index_tablet=&#8220;500&#8243;]<\/p>\n<h1><span class=\"h1-text\">Veranstaltungen im Familienzentrum 2020<\/span><\/h1>\n<p>[\/et_pb_text][et_pb_text admin_label=&#8220;Veranstaltungen 2020&#8243; _builder_version=&#8220;4.4.7&#8243; text_text_shadow_horizontal_length=&#8220;text_text_shadow_style,%91object Object%93&#8243; text_text_shadow_horizontal_length_tablet=&#8220;0px&#8220; text_text_shadow_vertical_length=&#8220;text_text_shadow_style,%91object Object%93&#8243; text_text_shadow_vertical_length_tablet=&#8220;0px&#8220; text_text_shadow_blur_strength=&#8220;text_text_shadow_style,%91object Object%93&#8243; text_text_shadow_blur_strength_tablet=&#8220;1px&#8220; link_text_shadow_horizontal_length=&#8220;link_text_shadow_style,%91object Object%93&#8243; link_text_shadow_horizontal_length_tablet=&#8220;0px&#8220; link_text_shadow_vertical_length=&#8220;link_text_shadow_style,%91object Object%93&#8243; link_text_shadow_vertical_length_tablet=&#8220;0px&#8220; link_text_shadow_blur_strength=&#8220;link_text_shadow_style,%91object Object%93&#8243; link_text_shadow_blur_strength_tablet=&#8220;1px&#8220; ul_text_shadow_horizontal_length=&#8220;ul_text_shadow_style,%91object Object%93&#8243; ul_text_shadow_horizontal_length_tablet=&#8220;0px&#8220; ul_text_shadow_vertical_length=&#8220;ul_text_shadow_style,%91object Object%93&#8243; ul_text_shadow_vertical_length_tablet=&#8220;0px&#8220; ul_text_shadow_blur_strength=&#8220;ul_text_shadow_style,%91object Object%93&#8243; ul_text_shadow_blur_strength_tablet=&#8220;1px&#8220; ol_text_shadow_horizontal_length=&#8220;ol_text_shadow_style,%91object Object%93&#8243; ol_text_shadow_horizontal_length_tablet=&#8220;0px&#8220; ol_text_shadow_vertical_length=&#8220;ol_text_shadow_style,%91object Object%93&#8243; ol_text_shadow_vertical_length_tablet=&#8220;0px&#8220; ol_text_shadow_blur_strength=&#8220;ol_text_shadow_style,%91object Object%93&#8243; ol_text_shadow_blur_strength_tablet=&#8220;1px&#8220; quote_text_shadow_horizontal_length=&#8220;quote_text_shadow_style,%91object Object%93&#8243; quote_text_shadow_horizontal_length_tablet=&#8220;0px&#8220; quote_text_shadow_vertical_length=&#8220;quote_text_shadow_style,%91object Object%93&#8243; quote_text_shadow_vertical_length_tablet=&#8220;0px&#8220; quote_text_shadow_blur_strength=&#8220;quote_text_shadow_style,%91object Object%93&#8243; quote_text_shadow_blur_strength_tablet=&#8220;1px&#8220; header_text_shadow_horizontal_length=&#8220;header_text_shadow_style,%91object Object%93&#8243; header_text_shadow_horizontal_length_tablet=&#8220;0px&#8220; header_text_shadow_vertical_length=&#8220;header_text_shadow_style,%91object Object%93&#8243; header_text_shadow_vertical_length_tablet=&#8220;0px&#8220; header_text_shadow_blur_strength=&#8220;header_text_shadow_style,%91object Object%93&#8243; header_text_shadow_blur_strength_tablet=&#8220;1px&#8220; header_2_text_shadow_horizontal_length=&#8220;header_2_text_shadow_style,%91object Object%93&#8243; header_2_text_shadow_horizontal_length_tablet=&#8220;0px&#8220; header_2_text_shadow_vertical_length=&#8220;header_2_text_shadow_style,%91object Object%93&#8243; header_2_text_shadow_vertical_length_tablet=&#8220;0px&#8220; header_2_text_shadow_blur_strength=&#8220;header_2_text_shadow_style,%91object Object%93&#8243; header_2_text_shadow_blur_strength_tablet=&#8220;1px&#8220; header_3_text_shadow_horizontal_length=&#8220;header_3_text_shadow_style,%91object Object%93&#8243; header_3_text_shadow_horizontal_length_tablet=&#8220;0px&#8220; header_3_text_shadow_vertical_length=&#8220;header_3_text_shadow_style,%91object Object%93&#8243; header_3_text_shadow_vertical_length_tablet=&#8220;0px&#8220; header_3_text_shadow_blur_strength=&#8220;header_3_text_shadow_style,%91object Object%93&#8243; header_3_text_shadow_blur_strength_tablet=&#8220;1px&#8220; header_4_text_shadow_horizontal_length=&#8220;header_4_text_shadow_style,%91object Object%93&#8243; header_4_text_shadow_horizontal_length_tablet=&#8220;0px&#8220; header_4_text_shadow_vertical_length=&#8220;header_4_text_shadow_style,%91object Object%93&#8243; header_4_text_shadow_vertical_length_tablet=&#8220;0px&#8220; header_4_text_shadow_blur_strength=&#8220;header_4_text_shadow_style,%91object Object%93&#8243; header_4_text_shadow_blur_strength_tablet=&#8220;1px&#8220; header_5_text_shadow_horizontal_length=&#8220;header_5_text_shadow_style,%91object Object%93&#8243; header_5_text_shadow_horizontal_length_tablet=&#8220;0px&#8220; header_5_text_shadow_vertical_length=&#8220;header_5_text_shadow_style,%91object Object%93&#8243; header_5_text_shadow_vertical_length_tablet=&#8220;0px&#8220; header_5_text_shadow_blur_strength=&#8220;header_5_text_shadow_style,%91object Object%93&#8243; header_5_text_shadow_blur_strength_tablet=&#8220;1px&#8220; header_6_text_shadow_horizontal_length=&#8220;header_6_text_shadow_style,%91object Object%93&#8243; header_6_text_shadow_horizontal_length_tablet=&#8220;0px&#8220; header_6_text_shadow_vertical_length=&#8220;header_6_text_shadow_style,%91object Object%93&#8243; header_6_text_shadow_vertical_length_tablet=&#8220;0px&#8220; header_6_text_shadow_blur_strength=&#8220;header_6_text_shadow_style,%91object Object%93&#8243; header_6_text_shadow_blur_strength_tablet=&#8220;1px&#8220; box_shadow_horizontal_tablet=&#8220;0px&#8220; box_shadow_vertical_tablet=&#8220;0px&#8220; box_shadow_blur_tablet=&#8220;40px&#8220; box_shadow_spread_tablet=&#8220;0px&#8220; z_index_tablet=&#8220;500&#8243; vertical_offset_tablet=&#8220;0&#8243; horizontal_offset_tablet=&#8220;0&#8243;]<\/p>\n<p><strong>Fortlaufende Angebote von unserem Kooperationspartner B\u00fcrgerinitiative Rund um St. Josef <\/strong><\/p>\n<ul>\n<li>Aktuelle Flyer f\u00fcr die Kurse der B\u00fcrgerinitiative finden Sie in unserem Eingangsbereich bei Mumm Kids<\/li>\n<\/ul>\n<p>\u00a0<\/p>\n<p><strong>Januar 2020<\/strong><\/p>\n<p><em>14.01. <\/em>Gespr\u00e4chsrunde zum Thema <strong>&#8222;Windelentw\u00f6hnung&#8220;<\/strong> von 14:30 bis 16:00 Uhr mit Herrn Siegert<\/p>\n<p>\u00a0<\/p>\n<p><strong>Februar 2020<\/strong><\/p>\n<p><em>ab dem 03.02. bis 02.06. <\/em>jeden Dienstag von 14:00 bis 16:00 Uhr <strong>F\u00f6rderangebot<\/strong> im Bereich <strong>LRS und Dyskalkulie<\/strong> in zwei Kleingruppen mit <strong>Maik<\/strong> (Siehe dazu auch <a href=\"http:\/\/www.abc-dielernpioniere.de\/\" target=\"_blank\" rel=\"noopener noreferrer\">ABC-DieLernPioniere<\/a>)<\/p>\n<p><em>24.02. <\/em><strong>Rosenmontag<\/strong> &#8211; Das Familienzentrum bleibt geschlossen!<\/p>\n<p>\u00a0<\/p>\n<p><strong>M\u00e4rz 2020<\/strong><\/p>\n<p><em>ab dem 03.03. bis 05.05.<\/em> jeden Dienstag von 15:00 bis 16:30 Uhr <strong>Kreativwerkstatt<\/strong> mit <strong>Alex<\/strong><\/p>\n<p><em>ab dem 05.03. bis 07.05. <\/em>jeden Donnerstag von 14:00 bis 16:00 Uhr <strong>L\u00f6ffel statt T\u00fcte &#8211; Kochkurs f\u00fcr Eltern und Kinder<\/strong> mit <strong>Alex<\/strong><\/p>\n<p><em>10.03. <\/em>Gespr\u00e4chsrunde zum Thema <strong>&#8222;Trotzphase&#8220;<\/strong> von 14:30 bis 16:00 Uhr mit Herrn Siegert<\/p>\n<p>\u00a0<\/p>\n<p><strong>April 2020<\/strong><\/p>\n<p>&#8211;<\/p>\n<p>\u00a0<\/p>\n<p><strong>Mai 2020<\/strong><\/p>\n<p><em>12.05. <\/em>Gespr\u00e4chsrunde zum Thema <strong>&#8222;Einn\u00e4ssen&#8220;<\/strong> von 14:30 bis 16:00 Uhr mit Herrn Siegert<\/p>\n<p>\u00a0<\/p>\n<p><strong>Juni 2020<\/strong><\/p>\n<p><em>29.06. &#8211; 17.07. <\/em><strong>Sommerferien<\/strong> &#8211; Das Familienzentrum bleibt geschlossen!<\/p>\n<p>\u00a0<\/p>\n<p><strong>Juli 2020<\/strong><\/p>\n<p>&#8211;<\/p>\n<p>\u00a0<\/p>\n<p><strong>August 2020<\/strong><\/p>\n<p><em>18.08. <\/em><strong>Elternabend<\/strong> mit anschlie\u00dfender <strong>Elternbeiratswahl <\/strong>f\u00fcr 2020\/2021 von 17:45 bis 19:00 Uhr mit<strong> Frau Tophofen<\/strong><\/p>\n<p><em>25.08.<\/em> <strong>Kreativwerkstatt <\/strong>f\u00fcr Eltern von 15:00 bis 16:30 Uhr mit <strong>Alex<\/strong> (Durchg\u00e4niges Angebot des Familienzentrums)<\/p>\n<p><em>29.08.<\/em> <strong>Sommerfest 2020 f\u00e4llt aus!<\/strong><\/p>\n<p>\u00a0<\/p>\n<p><strong>September 2020<\/strong><\/p>\n<p><em><strong>Ab<\/strong> 01.09. <\/em>von 14:00 bis 16:00 Uhr <strong>F\u00f6rderangebot<\/strong> im Bereich <strong>LRS <\/strong>in zwei Kleingruppen mit <strong>Maik<\/strong><\/p>\n<p><em>01.09. <\/em><strong>Elternabend Vorschulkinder 2020\/2021 <\/strong>von 16:00 bis 17:30 Uhr mit <strong>Meryem<\/strong>, <strong>Ayleen<\/strong> und <strong>Lisa<\/strong><\/p>\n<p><em><strong>Ab <\/strong>02.09.-04.11. <strong>Joko, du und ich <\/strong>&#8211; <\/em>Eltern-Kind-Bindungskurs <strong>immer Mittwochs <\/strong>von 14:30 bis 16:00 Uhr mit <strong>Ayleen<\/strong>,<strong>Skira<\/strong> und <strong>Meryem<\/strong><\/p>\n<p><em>22.09. <\/em>Gespr\u00e4chsrunde zum Thema<strong> \u201eEingew\u00f6hnung in die Kita\u201c<\/strong> von 14:30 bis 16:00 Uhr mit Herrn Siegert<\/p>\n<p><em>29.09. <\/em><strong>Lesenachmittag <\/strong>Schulkinder <strong>(Mumm Kids Vorschulkinder von 2020)<\/strong> von 17:00 bis 18:30 Uhr mit <strong>Sinem<\/strong> und <strong>Maik<\/strong><\/p>\n<p>\u00a0<\/p>\n<p><strong>Oktober 2020<\/strong><\/p>\n<p><em>02.10. <\/em><strong>Gartenaktion <\/strong>ab 15:00 bis ca. 18:00 Uhr mit <strong>Meryem<\/strong>, <strong>Maik <\/strong>und <strong>Skira<\/strong><\/p>\n<p><strong>Ab<\/strong> <em>07.10.-09.12. <\/em><strong>L\u00f6ffel statt T\u00fcte<\/strong><em> (Kochkurs f\u00fcr Eltern und Kinder) von 14:00 bis 16:00 Uhr mit<strong> Alex<\/strong><\/em><\/p>\n<p>\u00a0<\/p>\n<p><strong>November 2020<\/strong><\/p>\n<p><em>03.11. <\/em><strong>St.Martin <\/strong>im Kindergarten von 17:15 bis ca. 19:00 Uhr\u00a0<\/p>\n<p><strong>St.Martin mit den Vorschulkindern entf\u00e4llt dieses Jahr!!!<\/strong><\/p>\n<p><em>17.11. <\/em><strong>Elternabend<\/strong> zum Thema <strong>\u201eVorschule-nochmal schnell zur Logop\u00e4die\u201c<\/strong> von 16:30 bis 17:30 Uhr mit J\u00f6rg Heicappell<\/p>\n<p><em>24.11. <\/em> Gespr\u00e4chsrunde zum Thema <strong>\u201eEinn\u00e4ssen\u201c<\/strong> von 14:30 bis 16:00 Uhr mit Herrn Siegert<\/p>\n<p>\u00a0<\/p>\n<p><strong>Dezember 2020<\/strong><\/p>\n<p><em>05.12. <\/em><strong>Besonderer Weihnachtsmarkt entf\u00e4llt dieses Jahr !!!<\/strong><\/p>\n<p><em>07.12. <\/em><strong>Nikolausfeier <\/strong>mit den Kindern ab ca. 9:30 Uhr<\/p>\n<p><em>19.12. <\/em><strong>Weihnachtsfeier <\/strong>mit Eltern im Bischof-Str\u00e4ter-Haus von 15:00 bis 17:00 Uhr <strong>(Samstag)<\/strong><\/p>\n<p><em>23.12.2020 &#8211; 03.01.2021 <\/em><strong>Weihnachtsferien<\/strong> &#8211; Das Familienzentrum bleibt <strong>geschlossen<\/strong>!<\/p>\n<p>\u00a0<\/p>\n<p><strong>Ausstehende Termine:<\/strong><\/p>\n<p><strong>\/<\/strong><strong><br \/><\/strong><\/p>\n<p>\u00a0<\/p>\n<p><strong>\u00a0<\/strong><\/p>\n<p>\u00a0<\/p>\n<p><strong><em>*Alle Termine sind unter Vorbehalt. Es k\u00f6nnen sich kurzfristige \u00c4nderungen ergeben!!!<br \/><\/em><\/strong><\/p>\n<p><strong>**Alle Termine finden unter den aktuellen Hygienema\u00dfnahmen statt und k\u00f6nnen aus gegebenem Anlass (Coronapandemie) kurzfristig abgesagt oder verschoben werden!!<\/strong><\/p>\n<p>[\/et_pb_text][\/et_pb_column][\/et_pb_row][et_pb_row admin_label=&#8220;row&#8220; background_position=&#8220;top_left&#8220; background_repeat=&#8220;repeat&#8220; background_size=&#8220;initial&#8220; width=&#8220;80%&#8220; max_width=&#8220;1080px&#8220;][et_pb_column type=&#8220;4_4&#8243; custom_padding__hover=&#8220;|||&#8220; custom_padding=&#8220;|||&#8220;][\/et_pb_column][\/et_pb_row][\/et_pb_section]<\/p>\n","protected":false},"excerpt":{"rendered":"<p>Veranstaltungen im Familienzentrum 2020 Fortlaufende Angebote von unserem Kooperationspartner B\u00fcrgerinitiative Rund um St. Josef Aktuelle Flyer f\u00fcr die Kurse der B\u00fcrgerinitiative finden Sie in unserem Eingangsbereich bei Mumm Kids\u00a0Januar 202014.01. Gespr\u00e4chsrunde zum Thema &#8222;Windelentw\u00f6hnung&#8220; von 14:30 bis 16:00 Uhr mit Herrn Siegert\u00a0Februar 2020ab dem 03.02. bis 02.06. jeden Dienstag von 14:00 bis 16:00 Uhr F\u00f6rderangebot [&hellip;]<\/p>\n","protected":false},"author":11,"featured_media":0,"parent":0,"menu_order":0,"comment_status":"closed","ping_status":"closed","template":"","meta":{"_et_pb_use_builder":"on","_et_pb_old_content":"","_et_gb_content_width":"","footnotes":""},"_links":{"self":[{"href":"https:\/\/mumm-mg.de\/mumm-kids\/wp-json\/wp\/v2\/pages\/2349"}],"collection":[{"href":"https:\/\/mumm-mg.de\/mumm-kids\/wp-json\/wp\/v2\/pages"}],"about":[{"href":"https:\/\/mumm-mg.de\/mumm-kids\/wp-json\/wp\/v2\/types\/page"}],"author":[{"embeddable":true,"href":"https:\/\/mumm-mg.de\/mumm-kids\/wp-json\/wp\/v2\/users\/11"}],"replies":[{"embeddable":true,"href":"https:\/\/mumm-mg.de\/mumm-kids\/wp-json\/wp\/v2\/comments?post=2349"}],"version-history":[{"count":9,"href":"https:\/\/mumm-mg.de\/mumm-kids\/wp-json\/wp\/v2\/pages\/2349\/revisions"}],"predecessor-version":[{"id":2373,"href":"https:\/\/mumm-mg.de\/mumm-kids\/wp-json\/wp\/v2\/pages\/2349\/revisions\/2373"}],"wp:attachment":[{"href":"https:\/\/mumm-mg.de\/mumm-kids\/wp-json\/wp\/v2\/media?parent=2349"}],"curies":[{"name":"wp","href":"https:\/\/api.w.org\/{rel}","templated":true}]}}