{"id":2522,"date":"2020-08-27T13:52:02","date_gmt":"2020-08-27T11:52:02","guid":{"rendered":"https:\/\/mumm-mg.de\/mumm-kids\/?page_id=2522"},"modified":"2022-03-01T16:17:26","modified_gmt":"2022-03-01T15:17:26","slug":"veranstaltungen-2021","status":"publish","type":"page","link":"https:\/\/mumm-mg.de\/mumm-kids\/veranstaltungen-2021\/","title":{"rendered":"Veranstaltungen 2021"},"content":{"rendered":"<p>[et_pb_section bb_built=&#8220;1&#8243; width_unit=&#8220;off&#8220; fullwidth=&#8220;on&#8220; specialty=&#8220;off&#8220; disabled=&#8220;off&#8220; module_id=&#8220;header-bild-mumm&#8220; custom_padding_tablet=&#8220;50px|0|50px|0&#8243; custom_padding_last_edited=&#8220;on|desktop&#8220; next_background_color=&#8220;rgba(255,255,255,0)&#8220; _builder_version=&#8220;3.0.101&#8243; inner_width=&#8220;auto&#8220; inner_max_width=&#8220;1080px&#8220; global_module=&#8220;95&#8243;][et_pb_fullwidth_slider admin_label=&#8220;Header-Bild Mumm-Kids&#8220; global_parent=&#8220;95&#8243; disabled=&#8220;off&#8220; custom_padding=&#8220;|||&#8220; _builder_version=&#8220;3.21&#8243; box_shadow_blur=&#8220;10px&#8220; box_shadow_color=&#8220;rgba(0,0,0,0.1)&#8220; button_text_size__hover_enabled=&#8220;off&#8220; button_text_size__hover=&#8220;null&#8220; button_one_text_size__hover_enabled=&#8220;off&#8220; button_one_text_size__hover=&#8220;null&#8220; button_two_text_size__hover_enabled=&#8220;off&#8220; button_two_text_size__hover=&#8220;null&#8220; button_text_color__hover_enabled=&#8220;off&#8220; button_text_color__hover=&#8220;null&#8220; button_one_text_color__hover_enabled=&#8220;off&#8220; button_one_text_color__hover=&#8220;null&#8220; button_two_text_color__hover_enabled=&#8220;off&#8220; button_two_text_color__hover=&#8220;null&#8220; button_border_width__hover_enabled=&#8220;off&#8220; button_border_width__hover=&#8220;null&#8220; button_one_border_width__hover_enabled=&#8220;off&#8220; button_one_border_width__hover=&#8220;null&#8220; button_two_border_width__hover_enabled=&#8220;off&#8220; button_two_border_width__hover=&#8220;null&#8220; button_border_color__hover_enabled=&#8220;off&#8220; button_border_color__hover=&#8220;null&#8220; button_one_border_color__hover_enabled=&#8220;off&#8220; button_one_border_color__hover=&#8220;null&#8220; button_two_border_color__hover_enabled=&#8220;off&#8220; button_two_border_color__hover=&#8220;null&#8220; button_border_radius__hover_enabled=&#8220;off&#8220; button_border_radius__hover=&#8220;null&#8220; button_one_border_radius__hover_enabled=&#8220;off&#8220; button_one_border_radius__hover=&#8220;null&#8220; button_two_border_radius__hover_enabled=&#8220;off&#8220; button_two_border_radius__hover=&#8220;null&#8220; button_letter_spacing__hover_enabled=&#8220;off&#8220; button_letter_spacing__hover=&#8220;null&#8220; button_one_letter_spacing__hover_enabled=&#8220;off&#8220; button_one_letter_spacing__hover=&#8220;null&#8220; button_two_letter_spacing__hover_enabled=&#8220;off&#8220; button_two_letter_spacing__hover=&#8220;null&#8220; button_bg_color__hover_enabled=&#8220;off&#8220; button_bg_color__hover=&#8220;null&#8220; button_one_bg_color__hover_enabled=&#8220;off&#8220; button_one_bg_color__hover=&#8220;null&#8220; button_two_bg_color__hover_enabled=&#8220;off&#8220; button_two_bg_color__hover=&#8220;null&#8220;][et_pb_slide button_link=&#8220;#&#8220; background_image=&#8220;https:\/\/mumm-mg.de\/mumm-kids\/wp-content\/uploads\/sites\/7\/2019\/09\/header2.jpg&#8220; background_position=&#8220;center&#8220; background_size=&#8220;cover&#8220; background_color=&#8220;#ffffff&#8220; use_bg_overlay=&#8220;off&#8220; use_text_overlay=&#8220;off&#8220; alignment=&#8220;center&#8220; background_layout=&#8220;dark&#8220; allow_player_pause=&#8220;off&#8220; text_border_radius=&#8220;3&#8243; header_font=&#8220;||||&#8220; body_font=&#8220;||||&#8220; custom_button=&#8220;off&#8220; button_font=&#8220;||||&#8220; button_use_icon=&#8220;on&#8220; button_on_hover=&#8220;on&#8220; disabled=&#8220;off&#8220; header_font_select=&#8220;default&#8220; body_font_select=&#8220;default&#8220; button_font_select=&#8220;default&#8220; _builder_version=&#8220;3.21&#8243; use_background_color_gradient=&#8220;off&#8220; background_color_gradient_start=&#8220;#2b87da&#8220; background_color_gradient_end=&#8220;#29c4a9&#8243; background_color_gradient_type=&#8220;linear&#8220; background_color_gradient_direction=&#8220;180deg&#8220; background_color_gradient_direction_radial=&#8220;center&#8220; background_color_gradient_start_position=&#8220;0%&#8220; background_color_gradient_end_position=&#8220;100%&#8220; background_color_gradient_overlays_image=&#8220;off&#8220; parallax=&#8220;off&#8220; parallax_method=&#8220;on&#8220; background_repeat=&#8220;no-repeat&#8220; background_blend=&#8220;normal&#8220; background_video_pause_outside_viewport=&#8220;on&#8220; child_filter_hue_rotate=&#8220;0deg&#8220; child_filter_saturate=&#8220;100%&#8220; child_filter_brightness=&#8220;100%&#8220; child_filter_contrast=&#8220;100%&#8220; child_filter_invert=&#8220;0%&#8220; child_filter_sepia=&#8220;0%&#8220; child_filter_opacity=&#8220;100%&#8220; child_filter_blur=&#8220;0px&#8220; child_mix_blend_mode=&#8220;normal&#8220; text_shadow_style=&#8220;none&#8220; header_text_shadow_style=&#8220;none&#8220; body_text_shadow_style=&#8220;none&#8220; button_bg_use_color_gradient=&#8220;off&#8220; button_bg_color_gradient_overlays_image=&#8220;off&#8220; button_text_shadow_style=&#8220;none&#8220; box_shadow_style_button=&#8220;none&#8220; text_shadow_horizontal_length=&#8220;0em&#8220; text_shadow_vertical_length=&#8220;0em&#8220; text_shadow_blur_strength=&#8220;0em&#8220; header_text_shadow_horizontal_length=&#8220;0em&#8220; header_text_shadow_vertical_length=&#8220;0em&#8220; header_text_shadow_blur_strength=&#8220;0em&#8220; body_text_shadow_horizontal_length=&#8220;0em&#8220; body_text_shadow_vertical_length=&#8220;0em&#8220; body_text_shadow_blur_strength=&#8220;0em&#8220; button_text_shadow_horizontal_length=&#8220;0em&#8220; button_text_shadow_vertical_length=&#8220;0em&#8220; button_text_shadow_blur_strength=&#8220;0em&#8220; url_new_window=&#8220;off&#8220; link_option_url_new_window=&#8220;off&#8220; hover_transition_duration=&#8220;300ms&#8220; hover_transition_delay=&#8220;0ms&#8220; hover_transition_speed_curve=&#8220;ease&#8220; \/][\/et_pb_fullwidth_slider][\/et_pb_section][et_pb_section bb_built=&#8220;1&#8243; admin_label=&#8220;section&#8220; transparent_background=&#8220;on&#8220; allow_player_pause=&#8220;off&#8220; inner_shadow=&#8220;off&#8220; parallax=&#8220;off&#8220; parallax_method=&#8220;off&#8220; make_fullwidth=&#8220;off&#8220; use_custom_width=&#8220;off&#8220; width_unit=&#8220;on&#8220; make_equal=&#8220;off&#8220; use_custom_gutter=&#8220;off&#8220; background_color=&#8220;rgba(255,255,255,0)&#8220; inner_width=&#8220;auto&#8220; inner_max_width=&#8220;1080px&#8220; prev_background_color=&#8220;#ffffff&#8220;][et_pb_row admin_label=&#8220;row&#8220; make_fullwidth=&#8220;off&#8220; use_custom_width=&#8220;off&#8220; width_unit=&#8220;off&#8220; use_custom_gutter=&#8220;off&#8220; padding_mobile=&#8220;off&#8220; allow_player_pause=&#8220;off&#8220; parallax=&#8220;off&#8220; parallax_method=&#8220;on&#8220; make_equal=&#8220;off&#8220; column_padding_mobile=&#8220;on&#8220; disabled=&#8220;off&#8220; background_position=&#8220;top_left&#8220; background_repeat=&#8220;repeat&#8220; background_size=&#8220;initial&#8220; width=&#8220;80%&#8220; max_width=&#8220;1080px&#8220;][et_pb_column type=&#8220;4_4&#8243; custom_padding__hover=&#8220;|||&#8220; custom_padding=&#8220;|||&#8220;][et_pb_text admin_label=&#8220;\u00dcberschrift Veranstaltungen&#8220; use_border_color=&#8220;off&#8220; background_position=&#8220;top_left&#8220; background_repeat=&#8220;repeat&#8220; background_size=&#8220;initial&#8220; _builder_version=&#8220;4.4.7&#8243; text_text_shadow_horizontal_length=&#8220;text_text_shadow_style,%91object Object%93&#8243; text_text_shadow_horizontal_length_tablet=&#8220;0px&#8220; text_text_shadow_vertical_length=&#8220;text_text_shadow_style,%91object Object%93&#8243; text_text_shadow_vertical_length_tablet=&#8220;0px&#8220; text_text_shadow_blur_strength=&#8220;text_text_shadow_style,%91object Object%93&#8243; text_text_shadow_blur_strength_tablet=&#8220;1px&#8220; link_text_shadow_horizontal_length=&#8220;link_text_shadow_style,%91object Object%93&#8243; link_text_shadow_horizontal_length_tablet=&#8220;0px&#8220; link_text_shadow_vertical_length=&#8220;link_text_shadow_style,%91object Object%93&#8243; link_text_shadow_vertical_length_tablet=&#8220;0px&#8220; link_text_shadow_blur_strength=&#8220;link_text_shadow_style,%91object Object%93&#8243; link_text_shadow_blur_strength_tablet=&#8220;1px&#8220; ul_text_shadow_horizontal_length=&#8220;ul_text_shadow_style,%91object Object%93&#8243; ul_text_shadow_horizontal_length_tablet=&#8220;0px&#8220; ul_text_shadow_vertical_length=&#8220;ul_text_shadow_style,%91object Object%93&#8243; ul_text_shadow_vertical_length_tablet=&#8220;0px&#8220; ul_text_shadow_blur_strength=&#8220;ul_text_shadow_style,%91object Object%93&#8243; ul_text_shadow_blur_strength_tablet=&#8220;1px&#8220; ol_text_shadow_horizontal_length=&#8220;ol_text_shadow_style,%91object Object%93&#8243; ol_text_shadow_horizontal_length_tablet=&#8220;0px&#8220; ol_text_shadow_vertical_length=&#8220;ol_text_shadow_style,%91object Object%93&#8243; ol_text_shadow_vertical_length_tablet=&#8220;0px&#8220; ol_text_shadow_blur_strength=&#8220;ol_text_shadow_style,%91object Object%93&#8243; ol_text_shadow_blur_strength_tablet=&#8220;1px&#8220; quote_text_shadow_horizontal_length=&#8220;quote_text_shadow_style,%91object Object%93&#8243; quote_text_shadow_horizontal_length_tablet=&#8220;0px&#8220; quote_text_shadow_vertical_length=&#8220;quote_text_shadow_style,%91object Object%93&#8243; quote_text_shadow_vertical_length_tablet=&#8220;0px&#8220; quote_text_shadow_blur_strength=&#8220;quote_text_shadow_style,%91object Object%93&#8243; quote_text_shadow_blur_strength_tablet=&#8220;1px&#8220; header_text_shadow_horizontal_length=&#8220;header_text_shadow_style,%91object Object%93&#8243; header_text_shadow_horizontal_length_tablet=&#8220;0px&#8220; header_text_shadow_vertical_length=&#8220;header_text_shadow_style,%91object Object%93&#8243; header_text_shadow_vertical_length_tablet=&#8220;0px&#8220; header_text_shadow_blur_strength=&#8220;header_text_shadow_style,%91object Object%93&#8243; header_text_shadow_blur_strength_tablet=&#8220;1px&#8220; header_2_text_shadow_horizontal_length=&#8220;header_2_text_shadow_style,%91object Object%93&#8243; header_2_text_shadow_horizontal_length_tablet=&#8220;0px&#8220; header_2_text_shadow_vertical_length=&#8220;header_2_text_shadow_style,%91object Object%93&#8243; header_2_text_shadow_vertical_length_tablet=&#8220;0px&#8220; header_2_text_shadow_blur_strength=&#8220;header_2_text_shadow_style,%91object Object%93&#8243; header_2_text_shadow_blur_strength_tablet=&#8220;1px&#8220; header_3_text_shadow_horizontal_length=&#8220;header_3_text_shadow_style,%91object Object%93&#8243; header_3_text_shadow_horizontal_length_tablet=&#8220;0px&#8220; header_3_text_shadow_vertical_length=&#8220;header_3_text_shadow_style,%91object Object%93&#8243; header_3_text_shadow_vertical_length_tablet=&#8220;0px&#8220; header_3_text_shadow_blur_strength=&#8220;header_3_text_shadow_style,%91object Object%93&#8243; header_3_text_shadow_blur_strength_tablet=&#8220;1px&#8220; header_4_text_shadow_horizontal_length=&#8220;header_4_text_shadow_style,%91object Object%93&#8243; header_4_text_shadow_horizontal_length_tablet=&#8220;0px&#8220; header_4_text_shadow_vertical_length=&#8220;header_4_text_shadow_style,%91object Object%93&#8243; header_4_text_shadow_vertical_length_tablet=&#8220;0px&#8220; header_4_text_shadow_blur_strength=&#8220;header_4_text_shadow_style,%91object Object%93&#8243; header_4_text_shadow_blur_strength_tablet=&#8220;1px&#8220; header_5_text_shadow_horizontal_length=&#8220;header_5_text_shadow_style,%91object Object%93&#8243; header_5_text_shadow_horizontal_length_tablet=&#8220;0px&#8220; header_5_text_shadow_vertical_length=&#8220;header_5_text_shadow_style,%91object Object%93&#8243; header_5_text_shadow_vertical_length_tablet=&#8220;0px&#8220; header_5_text_shadow_blur_strength=&#8220;header_5_text_shadow_style,%91object Object%93&#8243; header_5_text_shadow_blur_strength_tablet=&#8220;1px&#8220; header_6_text_shadow_horizontal_length=&#8220;header_6_text_shadow_style,%91object Object%93&#8243; header_6_text_shadow_horizontal_length_tablet=&#8220;0px&#8220; header_6_text_shadow_vertical_length=&#8220;header_6_text_shadow_style,%91object Object%93&#8243; header_6_text_shadow_vertical_length_tablet=&#8220;0px&#8220; header_6_text_shadow_blur_strength=&#8220;header_6_text_shadow_style,%91object Object%93&#8243; header_6_text_shadow_blur_strength_tablet=&#8220;1px&#8220; box_shadow_horizontal_tablet=&#8220;0px&#8220; box_shadow_vertical_tablet=&#8220;0px&#8220; box_shadow_blur_tablet=&#8220;40px&#8220; box_shadow_spread_tablet=&#8220;0px&#8220; vertical_offset_tablet=&#8220;0&#8243; horizontal_offset_tablet=&#8220;0&#8243; z_index_tablet=&#8220;0&#8243;]<\/p>\n<h1><span class=\"h1-text\">Veranstaltungen 2021<\/span><\/h1>\n<p>[\/et_pb_text][et_pb_text admin_label=&#8220;Veranstaltungen 2021&#8243; _builder_version=&#8220;4.9.10&#8243; text_text_shadow_horizontal_length=&#8220;text_text_shadow_style,%91object Object%93&#8243; text_text_shadow_horizontal_length_tablet=&#8220;0px&#8220; text_text_shadow_vertical_length=&#8220;text_text_shadow_style,%91object Object%93&#8243; text_text_shadow_vertical_length_tablet=&#8220;0px&#8220; text_text_shadow_blur_strength=&#8220;text_text_shadow_style,%91object Object%93&#8243; text_text_shadow_blur_strength_tablet=&#8220;1px&#8220; link_text_shadow_horizontal_length=&#8220;link_text_shadow_style,%91object Object%93&#8243; link_text_shadow_horizontal_length_tablet=&#8220;0px&#8220; link_text_shadow_vertical_length=&#8220;link_text_shadow_style,%91object Object%93&#8243; link_text_shadow_vertical_length_tablet=&#8220;0px&#8220; link_text_shadow_blur_strength=&#8220;link_text_shadow_style,%91object Object%93&#8243; link_text_shadow_blur_strength_tablet=&#8220;1px&#8220; ul_text_shadow_horizontal_length=&#8220;ul_text_shadow_style,%91object Object%93&#8243; ul_text_shadow_horizontal_length_tablet=&#8220;0px&#8220; ul_text_shadow_vertical_length=&#8220;ul_text_shadow_style,%91object Object%93&#8243; ul_text_shadow_vertical_length_tablet=&#8220;0px&#8220; ul_text_shadow_blur_strength=&#8220;ul_text_shadow_style,%91object Object%93&#8243; ul_text_shadow_blur_strength_tablet=&#8220;1px&#8220; ol_text_shadow_horizontal_length=&#8220;ol_text_shadow_style,%91object Object%93&#8243; ol_text_shadow_horizontal_length_tablet=&#8220;0px&#8220; ol_text_shadow_vertical_length=&#8220;ol_text_shadow_style,%91object Object%93&#8243; ol_text_shadow_vertical_length_tablet=&#8220;0px&#8220; ol_text_shadow_blur_strength=&#8220;ol_text_shadow_style,%91object Object%93&#8243; ol_text_shadow_blur_strength_tablet=&#8220;1px&#8220; quote_text_shadow_horizontal_length=&#8220;quote_text_shadow_style,%91object Object%93&#8243; quote_text_shadow_horizontal_length_tablet=&#8220;0px&#8220; quote_text_shadow_vertical_length=&#8220;quote_text_shadow_style,%91object Object%93&#8243; quote_text_shadow_vertical_length_tablet=&#8220;0px&#8220; quote_text_shadow_blur_strength=&#8220;quote_text_shadow_style,%91object Object%93&#8243; quote_text_shadow_blur_strength_tablet=&#8220;1px&#8220; header_text_shadow_horizontal_length=&#8220;header_text_shadow_style,%91object Object%93&#8243; header_text_shadow_horizontal_length_tablet=&#8220;0px&#8220; header_text_shadow_vertical_length=&#8220;header_text_shadow_style,%91object Object%93&#8243; header_text_shadow_vertical_length_tablet=&#8220;0px&#8220; header_text_shadow_blur_strength=&#8220;header_text_shadow_style,%91object Object%93&#8243; header_text_shadow_blur_strength_tablet=&#8220;1px&#8220; header_2_text_shadow_horizontal_length=&#8220;header_2_text_shadow_style,%91object Object%93&#8243; header_2_text_shadow_horizontal_length_tablet=&#8220;0px&#8220; header_2_text_shadow_vertical_length=&#8220;header_2_text_shadow_style,%91object Object%93&#8243; header_2_text_shadow_vertical_length_tablet=&#8220;0px&#8220; header_2_text_shadow_blur_strength=&#8220;header_2_text_shadow_style,%91object Object%93&#8243; header_2_text_shadow_blur_strength_tablet=&#8220;1px&#8220; header_3_text_shadow_horizontal_length=&#8220;header_3_text_shadow_style,%91object Object%93&#8243; header_3_text_shadow_horizontal_length_tablet=&#8220;0px&#8220; header_3_text_shadow_vertical_length=&#8220;header_3_text_shadow_style,%91object Object%93&#8243; header_3_text_shadow_vertical_length_tablet=&#8220;0px&#8220; header_3_text_shadow_blur_strength=&#8220;header_3_text_shadow_style,%91object Object%93&#8243; header_3_text_shadow_blur_strength_tablet=&#8220;1px&#8220; header_4_text_shadow_horizontal_length=&#8220;header_4_text_shadow_style,%91object Object%93&#8243; header_4_text_shadow_horizontal_length_tablet=&#8220;0px&#8220; header_4_text_shadow_vertical_length=&#8220;header_4_text_shadow_style,%91object Object%93&#8243; header_4_text_shadow_vertical_length_tablet=&#8220;0px&#8220; header_4_text_shadow_blur_strength=&#8220;header_4_text_shadow_style,%91object Object%93&#8243; header_4_text_shadow_blur_strength_tablet=&#8220;1px&#8220; header_5_text_shadow_horizontal_length=&#8220;header_5_text_shadow_style,%91object Object%93&#8243; header_5_text_shadow_horizontal_length_tablet=&#8220;0px&#8220; header_5_text_shadow_vertical_length=&#8220;header_5_text_shadow_style,%91object Object%93&#8243; header_5_text_shadow_vertical_length_tablet=&#8220;0px&#8220; header_5_text_shadow_blur_strength=&#8220;header_5_text_shadow_style,%91object Object%93&#8243; header_5_text_shadow_blur_strength_tablet=&#8220;1px&#8220; header_6_text_shadow_horizontal_length=&#8220;header_6_text_shadow_style,%91object Object%93&#8243; header_6_text_shadow_horizontal_length_tablet=&#8220;0px&#8220; header_6_text_shadow_vertical_length=&#8220;header_6_text_shadow_style,%91object Object%93&#8243; header_6_text_shadow_vertical_length_tablet=&#8220;0px&#8220; header_6_text_shadow_blur_strength=&#8220;header_6_text_shadow_style,%91object Object%93&#8243; header_6_text_shadow_blur_strength_tablet=&#8220;1px&#8220; box_shadow_horizontal_tablet=&#8220;0px&#8220; box_shadow_vertical_tablet=&#8220;0px&#8220; box_shadow_blur_tablet=&#8220;40px&#8220; box_shadow_spread_tablet=&#8220;0px&#8220; vertical_offset_tablet=&#8220;0&#8243; horizontal_offset_tablet=&#8220;0&#8243; z_index_tablet=&#8220;0&#8243;]<\/p>\n<h5><strong>Laufende Angebote von MUMM-Kids:<\/strong><\/h5>\n<p>jeden <em>Mittwoch<\/em> entdecken wir die Natur an unserem <strong>Waldtag<\/strong>.<\/p>\n<p>alle zw<em>ei<\/em><em> Wochen<\/em> besucht eine ausgew\u00e4hlte Gruppe von Kindern das <strong>Altenheim<\/strong> und <strong>singt<\/strong> gemeinsam mit den Senioren einige Lieder<\/p>\n<p>&nbsp;<\/p>\n<p>&nbsp;<\/p>\n<p><strong>Januar 2021<\/strong><\/p>\n<p>Zahngesundheit + Seh- und H\u00f6rschule (Entf\u00e4llt!)<\/p>\n<p>&nbsp;<\/p>\n<p><strong>Februar 2021 <\/strong><\/p>\n<p>Zahngesundheit + Seh- und H\u00f6rschule (Entf\u00e4llt!)<\/p>\n<p><strong>ab<\/strong> dem <em>02.02. <\/em>jeden Dienstag von 14:00 bis 16:00 Uhr <strong>F\u00f6rderangebot<\/strong> im Bereich <strong>LRS und Dyskalkulie<\/strong> in zwei Kleingruppen mit <strong>Maik<\/strong><\/p>\n<p><em>12.02.<\/em> <strong>Karnevalsfeier<\/strong> in der Kita<\/p>\n<p>&nbsp;<\/p>\n<p><strong>M\u00e4rz 2021<\/strong><\/p>\n<p><em>11.03.<\/em> <strong>Seh- und H\u00f6rschule<\/strong> von ca. 9:00 bis 12:00 Uhr in der Einrichtung<\/p>\n<p>&nbsp;<\/p>\n<p><strong>April 2021<\/strong><\/p>\n<p><em>01.04.<\/em> <strong>Osterfr\u00fchst\u00fcck<\/strong> in den Settingsgruppen<\/p>\n<p><em>20.04.<\/em> <strong>Gartenaktion<\/strong><\/p>\n<p>&nbsp;<\/p>\n<p><strong>Mai 2021<\/strong><\/p>\n<p><em>04.+05.05.<\/em> <strong>Schult\u00fcten<\/strong> basteln von 10:00 bis 15:00 Uhr <strong>(Entf\u00e4llt<\/strong>)<\/p>\n<p><em>18.05.<\/em> Der <strong>Fotograf<\/strong> kommt (<strong>Entf\u00e4llt<\/strong>)<\/p>\n<p>&nbsp;<\/p>\n<p><strong>Juni 2021<\/strong><\/p>\n<p><em>18.06.<\/em> <strong>Abschluss<\/strong> Vorschulkinder in <strong>Br\u00fcggen<\/strong> + <strong>\u00dcbernachtung<\/strong> in der Kita (<strong>Entf\u00e4llt<\/strong>)<\/p>\n<p>&nbsp;<\/p>\n<p><strong>Juli 2021<\/strong><\/p>\n<p><em>01.07.<\/em> <strong>Abschluss<\/strong> Vorschulkinder am <strong>H\u00fclser Berg<\/strong><\/p>\n<p><em>05.07.-23.07.<\/em> <strong>Sommerferien<\/strong> &#8211; Die Kita bleibt <strong>geschlossen<\/strong>!<\/p>\n<p>&nbsp;<\/p>\n<p><strong>August 2021<\/strong><\/p>\n<p><em>07.08.<\/em> <strong>Sommerfest<\/strong> in der Kita von 15:00 bis 18:30 Uhr<\/p>\n<p>&nbsp;<\/p>\n<p><strong>September 2021<\/strong><\/p>\n<p><em>07.09.<\/em> <strong>Elternabend<\/strong> (mit Elternbeiratswahl) um 18:00 Uhr<\/p>\n<p><em>21.09.-22.09.<\/em> <strong>Kinder Expo <\/strong><\/p>\n<p><em>21.09.<\/em> <strong>Elternabend<\/strong> f\u00fcr die <strong>Vorschulkinder<\/strong> um 16:30 Uhr<\/p>\n<p><em>23.09.<\/em> <strong>K\u00fcrbis schnitzen <\/strong><\/p>\n<p>&nbsp;<\/p>\n<p><strong>Oktober 2021<\/strong><\/p>\n<p><em>25.10.<\/em> <strong>Kindertheater<\/strong> Kresch Vorstellung &#8222;Karies und Baktus&#8220; (Zahngesundheitspflege)<\/p>\n<p>&nbsp;<\/p>\n<p><strong>November 2021<\/strong><\/p>\n<p><em>09.11.<\/em> <strong>St.Martin<\/strong> im Kindergarten um 17:15 Uhr<\/p>\n<p><em>19.11.-21.11.<\/em> <strong>Burg Bischofstein<\/strong> Eltern-Kind-Wochenende (Hatzenport Mosel)<\/p>\n<p><em>29.11.<\/em> <strong>Adventsingen<\/strong> Eltern-Kind-Aktion um 14:00 Uhr<\/p>\n<p><em>30.11.<\/em> <strong>Fotograf Bayer<\/strong> 9:00 bis 15:00 Uhr<\/p>\n<p>&nbsp;<\/p>\n<p><strong>Dezember 2021<\/strong><\/p>\n<p><em>01.12.-13.12.<\/em> <strong>Weihnachtswerkstatt<\/strong> (Basteln mit den Kindern)<\/p>\n<p><em>04.12.<\/em> <strong>Besonderer Weihnachtsmarkt<\/strong><\/p>\n<p><em>06.12.<\/em> <strong>Nikolausfeier<\/strong> mit den Kindern<\/p>\n<p><em>07.12.<\/em> <strong>Weihnachtsfeier<\/strong> <strong>Eltern-Kind<\/strong> (Weihnachtsb\u00e4ckerei) 15:00 bis 17:00 Uhr<\/p>\n<p><em>21.12.<\/em> <strong>Schattentheater\/Kamishibai<\/strong><\/p>\n<p><em>24.12.2021-02.01.2022<\/em> <strong>Weihnachtsferien <\/strong>&#8211; Kita ist geschlossen!<\/p>\n<p><strong>\u00a0<\/strong><\/p>\n<p>&nbsp;<\/p>\n<p><strong>Ausstehende Termine:<\/strong><\/p>\n<p>\/<\/p>\n<p>&nbsp;<\/p>\n<p>&nbsp;<\/p>\n<p><strong><em>*Alle Termine sind unter Vorbehalt. Es k\u00f6nnen sich kurzfristige \u00c4nderungen ergeben!!!<\/em><\/strong><\/p>\n<p><strong>**Alle Termine finden unter den aktuellen Hygienema\u00dfnahmen statt und k\u00f6nnen aus gegebenem Anlass (Coronapandemie) kurzfristig abgesagt oder verschoben werden!!<\/strong><\/p>\n<p>&nbsp;<\/p>\n<p>&nbsp;<\/p>\n<p>&nbsp;<\/p>\n<p>&nbsp;<\/p>\n<p>[\/et_pb_text][\/et_pb_column][\/et_pb_row][et_pb_row admin_label=&#8220;row&#8220; background_position=&#8220;top_left&#8220; background_repeat=&#8220;repeat&#8220; background_size=&#8220;initial&#8220; width=&#8220;80%&#8220; max_width=&#8220;1080px&#8220;][et_pb_column type=&#8220;4_4&#8243; custom_padding__hover=&#8220;|||&#8220; custom_padding=&#8220;|||&#8220;][\/et_pb_column][\/et_pb_row][\/et_pb_section]<\/p>\n","protected":false},"excerpt":{"rendered":"<p>Veranstaltungen 2021 Laufende Angebote von MUMM-Kids: jeden Mittwoch entdecken wir die Natur an unserem Waldtag. alle zwei Wochen besucht eine ausgew\u00e4hlte Gruppe von Kindern das Altenheim und singt gemeinsam mit den Senioren einige Lieder &nbsp; &nbsp; Januar 2021 Zahngesundheit + Seh- und H\u00f6rschule (Entf\u00e4llt!) &nbsp; Februar 2021 Zahngesundheit + Seh- und H\u00f6rschule (Entf\u00e4llt!) ab dem [&hellip;]<\/p>\n","protected":false},"author":11,"featured_media":0,"parent":0,"menu_order":0,"comment_status":"closed","ping_status":"closed","template":"","meta":{"_et_pb_use_builder":"on","_et_pb_old_content":"","_et_gb_content_width":"","footnotes":""},"_links":{"self":[{"href":"https:\/\/mumm-mg.de\/mumm-kids\/wp-json\/wp\/v2\/pages\/2522"}],"collection":[{"href":"https:\/\/mumm-mg.de\/mumm-kids\/wp-json\/wp\/v2\/pages"}],"about":[{"href":"https:\/\/mumm-mg.de\/mumm-kids\/wp-json\/wp\/v2\/types\/page"}],"author":[{"embeddable":true,"href":"https:\/\/mumm-mg.de\/mumm-kids\/wp-json\/wp\/v2\/users\/11"}],"replies":[{"embeddable":true,"href":"https:\/\/mumm-mg.de\/mumm-kids\/wp-json\/wp\/v2\/comments?post=2522"}],"version-history":[{"count":11,"href":"https:\/\/mumm-mg.de\/mumm-kids\/wp-json\/wp\/v2\/pages\/2522\/revisions"}],"predecessor-version":[{"id":2941,"href":"https:\/\/mumm-mg.de\/mumm-kids\/wp-json\/wp\/v2\/pages\/2522\/revisions\/2941"}],"wp:attachment":[{"href":"https:\/\/mumm-mg.de\/mumm-kids\/wp-json\/wp\/v2\/media?parent=2522"}],"curies":[{"name":"wp","href":"https:\/\/api.w.org\/{rel}","templated":true}]}}