{"id":2773,"date":"2021-09-07T09:47:42","date_gmt":"2021-09-07T07:47:42","guid":{"rendered":"https:\/\/mumm-mg.de\/mumm-kids\/?page_id=2773"},"modified":"2022-11-22T14:14:02","modified_gmt":"2022-11-22T13:14:02","slug":"veranstaltungen-fz-2022","status":"publish","type":"page","link":"https:\/\/mumm-mg.de\/mumm-kids\/veranstaltungen-fz-2022\/","title":{"rendered":"Veranstaltungen FZ 2022"},"content":{"rendered":"<p>[et_pb_section bb_built=&#8220;1&#8243; width_unit=&#8220;off&#8220; fullwidth=&#8220;on&#8220; specialty=&#8220;off&#8220; disabled=&#8220;off&#8220; module_id=&#8220;header-bild-mumm&#8220; custom_padding_tablet=&#8220;50px|0|50px|0&#8243; custom_padding_last_edited=&#8220;on|desktop&#8220; next_background_color=&#8220;#fce4b0&#8243; _builder_version=&#8220;3.0.101&#8243; inner_width=&#8220;auto&#8220; inner_max_width=&#8220;1080px&#8220; global_module=&#8220;95&#8243;][et_pb_fullwidth_slider admin_label=&#8220;Header-Bild Mumm-Kids&#8220; global_parent=&#8220;95&#8243; disabled=&#8220;off&#8220; custom_padding=&#8220;|||&#8220; _builder_version=&#8220;3.21&#8243; box_shadow_blur=&#8220;10px&#8220; box_shadow_color=&#8220;rgba(0,0,0,0.1)&#8220; button_text_size__hover_enabled=&#8220;off&#8220; button_text_size__hover=&#8220;null&#8220; button_one_text_size__hover_enabled=&#8220;off&#8220; button_one_text_size__hover=&#8220;null&#8220; button_two_text_size__hover_enabled=&#8220;off&#8220; button_two_text_size__hover=&#8220;null&#8220; button_text_color__hover_enabled=&#8220;off&#8220; button_text_color__hover=&#8220;null&#8220; button_one_text_color__hover_enabled=&#8220;off&#8220; button_one_text_color__hover=&#8220;null&#8220; button_two_text_color__hover_enabled=&#8220;off&#8220; button_two_text_color__hover=&#8220;null&#8220; button_border_width__hover_enabled=&#8220;off&#8220; button_border_width__hover=&#8220;null&#8220; button_one_border_width__hover_enabled=&#8220;off&#8220; button_one_border_width__hover=&#8220;null&#8220; button_two_border_width__hover_enabled=&#8220;off&#8220; button_two_border_width__hover=&#8220;null&#8220; button_border_color__hover_enabled=&#8220;off&#8220; button_border_color__hover=&#8220;null&#8220; button_one_border_color__hover_enabled=&#8220;off&#8220; button_one_border_color__hover=&#8220;null&#8220; button_two_border_color__hover_enabled=&#8220;off&#8220; button_two_border_color__hover=&#8220;null&#8220; button_border_radius__hover_enabled=&#8220;off&#8220; button_border_radius__hover=&#8220;null&#8220; button_one_border_radius__hover_enabled=&#8220;off&#8220; button_one_border_radius__hover=&#8220;null&#8220; button_two_border_radius__hover_enabled=&#8220;off&#8220; button_two_border_radius__hover=&#8220;null&#8220; button_letter_spacing__hover_enabled=&#8220;off&#8220; button_letter_spacing__hover=&#8220;null&#8220; button_one_letter_spacing__hover_enabled=&#8220;off&#8220; button_one_letter_spacing__hover=&#8220;null&#8220; button_two_letter_spacing__hover_enabled=&#8220;off&#8220; button_two_letter_spacing__hover=&#8220;null&#8220; button_bg_color__hover_enabled=&#8220;off&#8220; button_bg_color__hover=&#8220;null&#8220; button_one_bg_color__hover_enabled=&#8220;off&#8220; button_one_bg_color__hover=&#8220;null&#8220; button_two_bg_color__hover_enabled=&#8220;off&#8220; button_two_bg_color__hover=&#8220;null&#8220;][et_pb_slide button_link=&#8220;#&#8220; background_image=&#8220;https:\/\/mumm-mg.de\/mumm-kids\/wp-content\/uploads\/sites\/7\/2019\/09\/header2.jpg&#8220; background_position=&#8220;center&#8220; background_size=&#8220;cover&#8220; background_color=&#8220;#ffffff&#8220; use_bg_overlay=&#8220;off&#8220; use_text_overlay=&#8220;off&#8220; alignment=&#8220;center&#8220; background_layout=&#8220;dark&#8220; allow_player_pause=&#8220;off&#8220; text_border_radius=&#8220;3&#8243; header_font=&#8220;||||&#8220; body_font=&#8220;||||&#8220; custom_button=&#8220;off&#8220; button_font=&#8220;||||&#8220; button_use_icon=&#8220;on&#8220; button_on_hover=&#8220;on&#8220; disabled=&#8220;off&#8220; header_font_select=&#8220;default&#8220; body_font_select=&#8220;default&#8220; button_font_select=&#8220;default&#8220; _builder_version=&#8220;3.21&#8243; use_background_color_gradient=&#8220;off&#8220; background_color_gradient_start=&#8220;#2b87da&#8220; background_color_gradient_end=&#8220;#29c4a9&#8243; background_color_gradient_type=&#8220;linear&#8220; background_color_gradient_direction=&#8220;180deg&#8220; background_color_gradient_direction_radial=&#8220;center&#8220; background_color_gradient_start_position=&#8220;0%&#8220; background_color_gradient_end_position=&#8220;100%&#8220; background_color_gradient_overlays_image=&#8220;off&#8220; parallax=&#8220;off&#8220; parallax_method=&#8220;on&#8220; background_repeat=&#8220;no-repeat&#8220; background_blend=&#8220;normal&#8220; background_video_pause_outside_viewport=&#8220;on&#8220; child_filter_hue_rotate=&#8220;0deg&#8220; child_filter_saturate=&#8220;100%&#8220; child_filter_brightness=&#8220;100%&#8220; child_filter_contrast=&#8220;100%&#8220; child_filter_invert=&#8220;0%&#8220; child_filter_sepia=&#8220;0%&#8220; child_filter_opacity=&#8220;100%&#8220; child_filter_blur=&#8220;0px&#8220; child_mix_blend_mode=&#8220;normal&#8220; text_shadow_style=&#8220;none&#8220; header_text_shadow_style=&#8220;none&#8220; body_text_shadow_style=&#8220;none&#8220; button_bg_use_color_gradient=&#8220;off&#8220; button_bg_color_gradient_overlays_image=&#8220;off&#8220; button_text_shadow_style=&#8220;none&#8220; box_shadow_style_button=&#8220;none&#8220; text_shadow_horizontal_length=&#8220;0em&#8220; text_shadow_vertical_length=&#8220;0em&#8220; text_shadow_blur_strength=&#8220;0em&#8220; header_text_shadow_horizontal_length=&#8220;0em&#8220; header_text_shadow_vertical_length=&#8220;0em&#8220; header_text_shadow_blur_strength=&#8220;0em&#8220; body_text_shadow_horizontal_length=&#8220;0em&#8220; body_text_shadow_vertical_length=&#8220;0em&#8220; body_text_shadow_blur_strength=&#8220;0em&#8220; button_text_shadow_horizontal_length=&#8220;0em&#8220; button_text_shadow_vertical_length=&#8220;0em&#8220; button_text_shadow_blur_strength=&#8220;0em&#8220; url_new_window=&#8220;off&#8220; link_option_url_new_window=&#8220;off&#8220; hover_transition_duration=&#8220;300ms&#8220; hover_transition_delay=&#8220;0ms&#8220; hover_transition_speed_curve=&#8220;ease&#8220; \/][\/et_pb_fullwidth_slider][\/et_pb_section][et_pb_section bb_built=&#8220;1&#8243; _builder_version=&#8220;3.0.93&#8243; background_color=&#8220;#fce4b0&#8243; prev_background_color=&#8220;#ffffff&#8220; inner_width=&#8220;auto&#8220; inner_max_width=&#8220;1080px&#8220;][et_pb_row _builder_version=&#8220;3.0.93&#8243; background_color=&#8220;#fce4b0&#8243; width=&#8220;80%&#8220; max_width=&#8220;1080px&#8220;][et_pb_column type=&#8220;4_4&#8243; custom_padding__hover=&#8220;|||&#8220; custom_padding=&#8220;|||&#8220;][et_pb_text admin_label=&#8220;Text Veranstaltungen 2018&#8243; _builder_version=&#8220;4.9.10&#8243; text_text_shadow_horizontal_length=&#8220;text_text_shadow_style,%91object Object%93&#8243; text_text_shadow_horizontal_length_tablet=&#8220;0px&#8220; text_text_shadow_vertical_length=&#8220;text_text_shadow_style,%91object Object%93&#8243; text_text_shadow_vertical_length_tablet=&#8220;0px&#8220; text_text_shadow_blur_strength=&#8220;text_text_shadow_style,%91object Object%93&#8243; text_text_shadow_blur_strength_tablet=&#8220;1px&#8220; link_text_shadow_horizontal_length=&#8220;link_text_shadow_style,%91object Object%93&#8243; link_text_shadow_horizontal_length_tablet=&#8220;0px&#8220; link_text_shadow_vertical_length=&#8220;link_text_shadow_style,%91object Object%93&#8243; link_text_shadow_vertical_length_tablet=&#8220;0px&#8220; link_text_shadow_blur_strength=&#8220;link_text_shadow_style,%91object Object%93&#8243; link_text_shadow_blur_strength_tablet=&#8220;1px&#8220; ul_text_shadow_horizontal_length=&#8220;ul_text_shadow_style,%91object Object%93&#8243; ul_text_shadow_horizontal_length_tablet=&#8220;0px&#8220; ul_text_shadow_vertical_length=&#8220;ul_text_shadow_style,%91object Object%93&#8243; ul_text_shadow_vertical_length_tablet=&#8220;0px&#8220; ul_text_shadow_blur_strength=&#8220;ul_text_shadow_style,%91object Object%93&#8243; ul_text_shadow_blur_strength_tablet=&#8220;1px&#8220; ol_text_shadow_horizontal_length=&#8220;ol_text_shadow_style,%91object Object%93&#8243; ol_text_shadow_horizontal_length_tablet=&#8220;0px&#8220; ol_text_shadow_vertical_length=&#8220;ol_text_shadow_style,%91object Object%93&#8243; ol_text_shadow_vertical_length_tablet=&#8220;0px&#8220; ol_text_shadow_blur_strength=&#8220;ol_text_shadow_style,%91object Object%93&#8243; ol_text_shadow_blur_strength_tablet=&#8220;1px&#8220; quote_text_shadow_horizontal_length=&#8220;quote_text_shadow_style,%91object Object%93&#8243; quote_text_shadow_horizontal_length_tablet=&#8220;0px&#8220; quote_text_shadow_vertical_length=&#8220;quote_text_shadow_style,%91object Object%93&#8243; quote_text_shadow_vertical_length_tablet=&#8220;0px&#8220; quote_text_shadow_blur_strength=&#8220;quote_text_shadow_style,%91object Object%93&#8243; quote_text_shadow_blur_strength_tablet=&#8220;1px&#8220; header_text_shadow_horizontal_length=&#8220;header_text_shadow_style,%91object Object%93&#8243; header_text_shadow_horizontal_length_tablet=&#8220;0px&#8220; header_text_shadow_vertical_length=&#8220;header_text_shadow_style,%91object Object%93&#8243; header_text_shadow_vertical_length_tablet=&#8220;0px&#8220; header_text_shadow_blur_strength=&#8220;header_text_shadow_style,%91object Object%93&#8243; header_text_shadow_blur_strength_tablet=&#8220;1px&#8220; header_2_text_shadow_horizontal_length=&#8220;header_2_text_shadow_style,%91object Object%93&#8243; header_2_text_shadow_horizontal_length_tablet=&#8220;0px&#8220; header_2_text_shadow_vertical_length=&#8220;header_2_text_shadow_style,%91object Object%93&#8243; header_2_text_shadow_vertical_length_tablet=&#8220;0px&#8220; header_2_text_shadow_blur_strength=&#8220;header_2_text_shadow_style,%91object Object%93&#8243; header_2_text_shadow_blur_strength_tablet=&#8220;1px&#8220; header_3_text_shadow_horizontal_length=&#8220;header_3_text_shadow_style,%91object Object%93&#8243; header_3_text_shadow_horizontal_length_tablet=&#8220;0px&#8220; header_3_text_shadow_vertical_length=&#8220;header_3_text_shadow_style,%91object Object%93&#8243; header_3_text_shadow_vertical_length_tablet=&#8220;0px&#8220; header_3_text_shadow_blur_strength=&#8220;header_3_text_shadow_style,%91object Object%93&#8243; header_3_text_shadow_blur_strength_tablet=&#8220;1px&#8220; header_4_text_shadow_horizontal_length=&#8220;header_4_text_shadow_style,%91object Object%93&#8243; header_4_text_shadow_horizontal_length_tablet=&#8220;0px&#8220; header_4_text_shadow_vertical_length=&#8220;header_4_text_shadow_style,%91object Object%93&#8243; header_4_text_shadow_vertical_length_tablet=&#8220;0px&#8220; header_4_text_shadow_blur_strength=&#8220;header_4_text_shadow_style,%91object Object%93&#8243; header_4_text_shadow_blur_strength_tablet=&#8220;1px&#8220; header_5_text_shadow_horizontal_length=&#8220;header_5_text_shadow_style,%91object Object%93&#8243; header_5_text_shadow_horizontal_length_tablet=&#8220;0px&#8220; header_5_text_shadow_vertical_length=&#8220;header_5_text_shadow_style,%91object Object%93&#8243; header_5_text_shadow_vertical_length_tablet=&#8220;0px&#8220; header_5_text_shadow_blur_strength=&#8220;header_5_text_shadow_style,%91object Object%93&#8243; header_5_text_shadow_blur_strength_tablet=&#8220;1px&#8220; header_6_text_shadow_horizontal_length=&#8220;header_6_text_shadow_style,%91object Object%93&#8243; header_6_text_shadow_horizontal_length_tablet=&#8220;0px&#8220; header_6_text_shadow_vertical_length=&#8220;header_6_text_shadow_style,%91object Object%93&#8243; header_6_text_shadow_vertical_length_tablet=&#8220;0px&#8220; header_6_text_shadow_blur_strength=&#8220;header_6_text_shadow_style,%91object Object%93&#8243; header_6_text_shadow_blur_strength_tablet=&#8220;1px&#8220; box_shadow_horizontal_tablet=&#8220;0px&#8220; box_shadow_vertical_tablet=&#8220;0px&#8220; box_shadow_blur_tablet=&#8220;40px&#8220; box_shadow_spread_tablet=&#8220;0px&#8220; vertical_offset_tablet=&#8220;0&#8243; horizontal_offset_tablet=&#8220;0&#8243; z_index_tablet=&#8220;0&#8243;]<\/p>\n<h1><span class=\"h1-text\">Veranstaltungen 2022 im Familienzentrum<\/span><\/h1>\n<p>[\/et_pb_text][et_pb_text admin_label=&#8220;Termine&#8220; _builder_version=&#8220;4.9.10&#8243; text_line_height=&#8220;1em&#8220; text_text_shadow_horizontal_length=&#8220;text_text_shadow_style,%91object Object%93&#8243; text_text_shadow_horizontal_length_tablet=&#8220;0px&#8220; text_text_shadow_vertical_length=&#8220;text_text_shadow_style,%91object Object%93&#8243; text_text_shadow_vertical_length_tablet=&#8220;0px&#8220; text_text_shadow_blur_strength=&#8220;text_text_shadow_style,%91object Object%93&#8243; text_text_shadow_blur_strength_tablet=&#8220;1px&#8220; link_text_shadow_horizontal_length=&#8220;link_text_shadow_style,%91object Object%93&#8243; link_text_shadow_horizontal_length_tablet=&#8220;0px&#8220; link_text_shadow_vertical_length=&#8220;link_text_shadow_style,%91object Object%93&#8243; link_text_shadow_vertical_length_tablet=&#8220;0px&#8220; link_text_shadow_blur_strength=&#8220;link_text_shadow_style,%91object Object%93&#8243; link_text_shadow_blur_strength_tablet=&#8220;1px&#8220; ul_text_shadow_horizontal_length=&#8220;ul_text_shadow_style,%91object Object%93&#8243; ul_text_shadow_horizontal_length_tablet=&#8220;0px&#8220; ul_text_shadow_vertical_length=&#8220;ul_text_shadow_style,%91object Object%93&#8243; ul_text_shadow_vertical_length_tablet=&#8220;0px&#8220; ul_text_shadow_blur_strength=&#8220;ul_text_shadow_style,%91object Object%93&#8243; ul_text_shadow_blur_strength_tablet=&#8220;1px&#8220; ol_text_shadow_horizontal_length=&#8220;ol_text_shadow_style,%91object Object%93&#8243; ol_text_shadow_horizontal_length_tablet=&#8220;0px&#8220; ol_text_shadow_vertical_length=&#8220;ol_text_shadow_style,%91object Object%93&#8243; ol_text_shadow_vertical_length_tablet=&#8220;0px&#8220; ol_text_shadow_blur_strength=&#8220;ol_text_shadow_style,%91object Object%93&#8243; ol_text_shadow_blur_strength_tablet=&#8220;1px&#8220; quote_text_shadow_horizontal_length=&#8220;quote_text_shadow_style,%91object Object%93&#8243; quote_text_shadow_horizontal_length_tablet=&#8220;0px&#8220; quote_text_shadow_vertical_length=&#8220;quote_text_shadow_style,%91object Object%93&#8243; quote_text_shadow_vertical_length_tablet=&#8220;0px&#8220; quote_text_shadow_blur_strength=&#8220;quote_text_shadow_style,%91object Object%93&#8243; quote_text_shadow_blur_strength_tablet=&#8220;1px&#8220; header_text_shadow_horizontal_length=&#8220;header_text_shadow_style,%91object Object%93&#8243; header_text_shadow_horizontal_length_tablet=&#8220;0px&#8220; header_text_shadow_vertical_length=&#8220;header_text_shadow_style,%91object Object%93&#8243; header_text_shadow_vertical_length_tablet=&#8220;0px&#8220; header_text_shadow_blur_strength=&#8220;header_text_shadow_style,%91object Object%93&#8243; header_text_shadow_blur_strength_tablet=&#8220;1px&#8220; header_2_text_shadow_horizontal_length=&#8220;header_2_text_shadow_style,%91object Object%93&#8243; header_2_text_shadow_horizontal_length_tablet=&#8220;0px&#8220; header_2_text_shadow_vertical_length=&#8220;header_2_text_shadow_style,%91object Object%93&#8243; header_2_text_shadow_vertical_length_tablet=&#8220;0px&#8220; header_2_text_shadow_blur_strength=&#8220;header_2_text_shadow_style,%91object Object%93&#8243; header_2_text_shadow_blur_strength_tablet=&#8220;1px&#8220; header_3_text_shadow_horizontal_length=&#8220;header_3_text_shadow_style,%91object Object%93&#8243; header_3_text_shadow_horizontal_length_tablet=&#8220;0px&#8220; header_3_text_shadow_vertical_length=&#8220;header_3_text_shadow_style,%91object Object%93&#8243; header_3_text_shadow_vertical_length_tablet=&#8220;0px&#8220; header_3_text_shadow_blur_strength=&#8220;header_3_text_shadow_style,%91object Object%93&#8243; header_3_text_shadow_blur_strength_tablet=&#8220;1px&#8220; header_4_text_shadow_horizontal_length=&#8220;header_4_text_shadow_style,%91object Object%93&#8243; header_4_text_shadow_horizontal_length_tablet=&#8220;0px&#8220; header_4_text_shadow_vertical_length=&#8220;header_4_text_shadow_style,%91object Object%93&#8243; header_4_text_shadow_vertical_length_tablet=&#8220;0px&#8220; header_4_text_shadow_blur_strength=&#8220;header_4_text_shadow_style,%91object Object%93&#8243; header_4_text_shadow_blur_strength_tablet=&#8220;1px&#8220; header_5_text_shadow_horizontal_length=&#8220;header_5_text_shadow_style,%91object Object%93&#8243; header_5_text_shadow_horizontal_length_tablet=&#8220;0px&#8220; header_5_text_shadow_vertical_length=&#8220;header_5_text_shadow_style,%91object Object%93&#8243; header_5_text_shadow_vertical_length_tablet=&#8220;0px&#8220; header_5_text_shadow_blur_strength=&#8220;header_5_text_shadow_style,%91object Object%93&#8243; header_5_text_shadow_blur_strength_tablet=&#8220;1px&#8220; header_6_text_shadow_horizontal_length=&#8220;header_6_text_shadow_style,%91object Object%93&#8243; header_6_text_shadow_horizontal_length_tablet=&#8220;0px&#8220; header_6_text_shadow_vertical_length=&#8220;header_6_text_shadow_style,%91object Object%93&#8243; header_6_text_shadow_vertical_length_tablet=&#8220;0px&#8220; header_6_text_shadow_blur_strength=&#8220;header_6_text_shadow_style,%91object Object%93&#8243; header_6_text_shadow_blur_strength_tablet=&#8220;1px&#8220; box_shadow_horizontal_tablet=&#8220;0px&#8220; box_shadow_vertical_tablet=&#8220;0px&#8220; box_shadow_blur_tablet=&#8220;40px&#8220; box_shadow_spread_tablet=&#8220;0px&#8220; vertical_offset_tablet=&#8220;0&#8243; horizontal_offset_tablet=&#8220;0&#8243; z_index_tablet=&#8220;0&#8243;]<\/p>\n<div class=\"et_pb_module et_pb_text et_pb_text_1 et_pb_text_align_left et_pb_bg_layout_light\">\n<div class=\"et_pb_text_inner\">\n<p><strong>Fortlaufende Angebote von unserem Kooperationspartner B\u00fcrgerinitiative Rund um St. Josef <\/strong><\/p>\n<ul>\n<li>Aktuelle Flyer f\u00fcr die Kurse der B\u00fcrgerinitiative finden Sie in unserem Eingangsbereich bei Mumm Kids<\/li>\n<\/ul>\n<p>&nbsp;<\/p>\n<p><strong>Januar 2022<\/strong><\/p>\n<p>&nbsp;<\/p>\n<p><em>10.01. <\/em>Gespr\u00e4chsrunde zum Thema <strong>\u201eMedienkonsum im Kleinkindalter, Chancen und Gefahren mit Medien und Cybermobbing\u201c<\/strong> von 15:00 bis 16:00 Uhr mit Frau Leu<\/p>\n<p><em>ab 11.01.<\/em><strong> jeden Dienstag<\/strong> von 14:00 bis 16:00 Uhr <strong>F\u00f6rderangebot<\/strong> im Bereich <strong>LRS und Legasthenie<\/strong> in zwei Kleingruppen mit <strong>Maik<\/strong><\/p>\n<p><em>ab 11.01.<\/em> <strong>jeden<\/strong> <strong>Dienstag<\/strong> von 15:00 bis 16:30 Uhr <strong>Kreativwerkstatt<\/strong> f\u00fcr Eltern mit <strong>Alex<\/strong><\/p>\n<\/div>\n<\/div>\n<p>&nbsp;<\/p>\n<p>&nbsp;<\/p>\n<div class=\"et_pb_module et_pb_text et_pb_text_1 et_pb_text_align_left et_pb_bg_layout_light\">\n<div class=\"et_pb_text_inner\">\n<p><strong>Februar 2022<\/strong><\/p>\n<p><em>08.02<\/em>. Gespr\u00e4chsrunde zum Thema <strong>&#8222;Windelentw\u00f6hnung und Trocken werden&#8220;<\/strong> von 15:00 bis 16:00 Uhr mit Frau Leu<\/p>\n<p><em>28.02.<\/em> <strong>Rosenmontag<\/strong> &#8211; Einrichtung bleibt <strong>geschlossen<\/strong>!<\/p>\n<\/div>\n<\/div>\n<p>&nbsp;<\/p>\n<div class=\"et_pb_module et_pb_text et_pb_text_1 et_pb_text_align_left et_pb_bg_layout_light\">\n<div class=\"et_pb_text_inner\">\n<p><strong>M\u00e4rz 2022<\/strong><\/p>\n<p>\/<\/p>\n<\/div>\n<\/div>\n<div>\u00a0<\/div>\n<div class=\"et_pb_module et_pb_text et_pb_text_1 et_pb_text_align_left et_pb_bg_layout_light\">\n<div>\u00a0<\/div>\n<div class=\"et_pb_text_inner\">\n<p><strong>April 2022<\/strong><\/p>\n<p><em>15.04.-18.04. <\/em><strong>Osterfeiertage<\/strong> &#8211; Einrichtung bleibt <strong>geschlossen<\/strong>!<\/p>\n<p><em>26.04<\/em>. Gespr\u00e4chsrunde zum Thema <strong>&#8222;Alltagsentwickelte Sprachbildung\u201c<\/strong> von 16:30 bis 17:30 Uhr mit Herrn Heicappell<\/p>\n<\/div>\n<\/div>\n<p>&nbsp;<\/p>\n<div class=\"et_pb_module et_pb_text et_pb_text_1 et_pb_text_align_left et_pb_bg_layout_light\">\n<div class=\"et_pb_text_inner\">\n<p><strong>Mai 2022<\/strong><\/p>\n<p><em>\/<\/em><\/p>\n<\/div>\n<\/div>\n<p>&nbsp;<\/p>\n<div class=\"et_pb_module et_pb_text et_pb_text_1 et_pb_text_align_left et_pb_bg_layout_light\">\n<div class=\"et_pb_text_inner\">\n<p><strong>Juni 2022<\/strong><\/p>\n<p><em>\/<\/em><\/p>\n<\/div>\n<\/div>\n<p>&nbsp;<\/p>\n<div class=\"et_pb_module et_pb_text et_pb_text_1 et_pb_text_align_left et_pb_bg_layout_light\">\n<div class=\"et_pb_text_inner\">\n<p><strong>Juli 2022<\/strong><\/p>\n<p><em>27.06.-17.07.<\/em> <strong>Sommerferien<\/strong> &#8211; Die Einrichtung bleibt <strong>geschlossen<\/strong>!<\/p>\n<\/div>\n<\/div>\n<p>&nbsp;<\/p>\n<div class=\"et_pb_module et_pb_text et_pb_text_1 et_pb_text_align_left et_pb_bg_layout_light\">\n<div class=\"et_pb_text_inner\">\n<p><strong>August 2022<\/strong><\/p>\n<p>\/<\/p>\n<\/div>\n<\/div>\n<p>&nbsp;<\/p>\n<p>&nbsp;<\/p>\n<div class=\"et_pb_module et_pb_text et_pb_text_1 et_pb_text_align_left et_pb_bg_layout_light\">\n<div class=\"et_pb_text_inner\">\n<p><strong>September 2022<\/strong><\/p>\n<p><em>20.09.<\/em> Gespr\u00e4chsrunde zum Thema <strong>\u201eOrale Phase\u201c<\/strong> von 14:30 bis 16:00 Uhr mit Herrn Seifert<\/p>\n<p><em>28.09.<\/em><strong> Offenes Beratungsgespr\u00e4ch<\/strong> von 15:00 bis 16:00 Uhr mit Herrn Seifert<\/p>\n<\/div>\n<\/div>\n<p>&nbsp;<\/p>\n<p>&nbsp;<\/p>\n<div class=\"et_pb_module et_pb_text et_pb_text_1 et_pb_text_align_left et_pb_bg_layout_light\">\n<div class=\"et_pb_text_inner\">\n<p><strong>Oktober 2022<\/strong><\/p>\n<p><em>26.10.<\/em> <strong>Offenes Beratungsgespr\u00e4ch<\/strong> von 15:00 bis 16:00 Uhr mit Herrn Seifert<\/p>\n<\/div>\n<\/div>\n<p>&nbsp;<\/p>\n<p>&nbsp;<\/p>\n<div class=\"et_pb_module et_pb_text et_pb_text_1 et_pb_text_align_left et_pb_bg_layout_light\">\n<div class=\"et_pb_text_inner\">\n<p><strong>November 2022<\/strong><\/p>\n<p><em>30.11. <\/em><strong>Offenes Beratungsgespr\u00e4ch<\/strong> von 15:00 bis 16:00 Uhr mit Herrn Seifert<\/p>\n<\/div>\n<\/div>\n<p>&nbsp;<\/p>\n<p>&nbsp;<\/p>\n<div class=\"et_pb_module et_pb_text et_pb_text_1 et_pb_text_align_left et_pb_bg_layout_light\">\n<div class=\"et_pb_text_inner\">\n<p><strong>Dezember 2022<\/strong><\/p>\n<p><em>03.12.<\/em> <strong>Besonderer Weihnachtsmarkt<\/strong> von 10:00 bis 18:00 Uhr<strong><br \/><\/strong><\/p>\n<p><em>27.12.2022-30.12.2022<\/em> <strong>Weihnachtsferien<\/strong>-Kita ist geschlossen!<\/p>\n<\/div>\n<\/div>\n<p>&nbsp;<\/p>\n<p>&nbsp;<\/p>\n<div class=\"et_pb_module et_pb_text et_pb_text_1 et_pb_text_align_left et_pb_bg_layout_light\">\n<div class=\"et_pb_text_inner\">\n<p>&nbsp;<\/p>\n<p>&nbsp;<\/p>\n<p>&nbsp;<\/p>\n<p>&nbsp;<\/p>\n<p><strong>Ausstehende Termine:<\/strong><\/p>\n<ul>\n<li>Schuldnerberatung Ev.Diakonie<\/li>\n<\/ul>\n<p>&nbsp;<\/p>\n<p>&nbsp;<\/p>\n<p>&nbsp;<\/p>\n<p><strong><em>*Alle Termine sind unter Vorbehalt. Es k\u00f6nnen sich kurzfristige \u00c4nderungen ergeben!!!<br \/><\/em><\/strong><\/p>\n<p><strong>**Alle Termine finden unter den aktuellen Hygienema\u00dfnahmen statt und k\u00f6nnen aus gegebenem Anlass (Coronapandemie) kurzfristig abgesagt oder verschoben werden!!<\/strong><\/p>\n<\/div>\n<\/div>\n<p>&nbsp;<\/p>\n<p>[\/et_pb_text][\/et_pb_column][\/et_pb_row][et_pb_row _builder_version=&#8220;3.0.93&#8243; background_color=&#8220;#fce4b0&#8243; width=&#8220;80%&#8220; max_width=&#8220;1080px&#8220;][et_pb_column type=&#8220;4_4&#8243; custom_padding__hover=&#8220;|||&#8220; custom_padding=&#8220;|||&#8220;][\/et_pb_column][\/et_pb_row][\/et_pb_section]<\/p>\n","protected":false},"excerpt":{"rendered":"<p>Veranstaltungen 2022 im Familienzentrum Fortlaufende Angebote von unserem Kooperationspartner B\u00fcrgerinitiative Rund um St. Josef Aktuelle Flyer f\u00fcr die Kurse der B\u00fcrgerinitiative finden Sie in unserem Eingangsbereich bei Mumm Kids &nbsp; Januar 2022 &nbsp; 10.01. Gespr\u00e4chsrunde zum Thema \u201eMedienkonsum im Kleinkindalter, Chancen und Gefahren mit Medien und Cybermobbing\u201c von 15:00 bis 16:00 Uhr mit Frau Leu [&hellip;]<\/p>\n","protected":false},"author":11,"featured_media":0,"parent":0,"menu_order":0,"comment_status":"closed","ping_status":"closed","template":"","meta":{"_et_pb_use_builder":"on","_et_pb_old_content":"","_et_gb_content_width":"","footnotes":""},"_links":{"self":[{"href":"https:\/\/mumm-mg.de\/mumm-kids\/wp-json\/wp\/v2\/pages\/2773"}],"collection":[{"href":"https:\/\/mumm-mg.de\/mumm-kids\/wp-json\/wp\/v2\/pages"}],"about":[{"href":"https:\/\/mumm-mg.de\/mumm-kids\/wp-json\/wp\/v2\/types\/page"}],"author":[{"embeddable":true,"href":"https:\/\/mumm-mg.de\/mumm-kids\/wp-json\/wp\/v2\/users\/11"}],"replies":[{"embeddable":true,"href":"https:\/\/mumm-mg.de\/mumm-kids\/wp-json\/wp\/v2\/comments?post=2773"}],"version-history":[{"count":11,"href":"https:\/\/mumm-mg.de\/mumm-kids\/wp-json\/wp\/v2\/pages\/2773\/revisions"}],"predecessor-version":[{"id":2812,"href":"https:\/\/mumm-mg.de\/mumm-kids\/wp-json\/wp\/v2\/pages\/2773\/revisions\/2812"}],"wp:attachment":[{"href":"https:\/\/mumm-mg.de\/mumm-kids\/wp-json\/wp\/v2\/media?parent=2773"}],"curies":[{"name":"wp","href":"https:\/\/api.w.org\/{rel}","templated":true}]}}