{"id":3209,"date":"2024-10-17T12:25:22","date_gmt":"2024-10-17T10:25:22","guid":{"rendered":"https:\/\/mumm-mg.de\/mumm-kids\/?page_id=3209"},"modified":"2025-11-19T11:29:17","modified_gmt":"2025-11-19T10:29:17","slug":"veranstaltungen-2025-familienzentrum","status":"publish","type":"page","link":"https:\/\/mumm-mg.de\/mumm-kids\/veranstaltungen-2025-familienzentrum\/","title":{"rendered":"Veranstaltungen im Familienzentrum 2025"},"content":{"rendered":"<div class=\"et_pb_column et_pb_column_4_4 et_pb_column_1 et_pb_css_mix_blend_mode_passthrough et-last-child\">\n<div class=\"et_pb_module et_pb_text et_pb_text_1 et_pb_text_align_left et_pb_bg_layout_light\">\n<div class=\"et_pb_text_inner\">\n<p><strong>Fortlaufende Angebote von unserem Kooperationspartner B\u00fcrgerinitiative Rund um St. Josef <\/strong><\/p>\n<ul>\n<li>Aktuelle Flyer f\u00fcr die Kurse der B\u00fcrgerinitiative finden Sie in unserem Eingangsbereich bei Mumm Kids<\/li>\n<\/ul>\n<\/div>\n<\/div>\n<\/div>\n<p>&nbsp;<\/p>\n<p><strong>Januar 2025<\/strong><\/p>\n<p><em>22.01.<\/em> <strong>Gespr\u00e4chsrunde<\/strong> zum Thema <strong>\u201eFr\u00fchkindliche Sexualit\u00e4t\u201c<\/strong> um 14:30 Uhr mit Herrn Seifert vom Kinderschutzbund<\/p>\n<p>&nbsp;<\/p>\n<p><strong>Februar 2025<\/strong><\/p>\n<p><em>04.02<\/em>. <strong>Elterncaf\u00e9<\/strong> um 15:00 Uhr mit Meryem und Sinem<\/p>\n<p>&nbsp;<\/p>\n<p><strong>M\u00e4rz 2025<\/strong><\/p>\n<p><em>03.03.-04.03<\/em>. <strong>Regenerationstage<\/strong>-Einrichtung bleibt geschlossen!<\/p>\n<p><em>ab 18.03.<\/em> <strong>Kreativwerkstatt<\/strong> f\u00fcr Eltern <strong>jeden Dienstag<\/strong> von 15:00 bis 16:30 Uhr mit Alex<\/p>\n<p>&nbsp;<\/p>\n<p><strong>April 2025<\/strong><\/p>\n<p><em>04.04.<\/em> <strong>Elternfr\u00fchst\u00fcck<\/strong> um 9:00 Uhr mit Ariane, Skira und Karoline<\/p>\n<p>&nbsp;<\/p>\n<p><strong>Mai 2025<\/strong><\/p>\n<p><em>17.05.<\/em> <strong>Kindertr\u00f6delmarkt<\/strong> von 11:00 bis 13:00 Uhr &#8211; <strong>Besucher<\/strong> sind herzlich Willkommen!<\/p>\n<p>&nbsp;<\/p>\n<p><strong>Juni 2025<\/strong><\/p>\n<p><em>17.06.<\/em> <strong>Elterncaf\u00e9<\/strong> um 15:00 Uhr mit Tom und Nadja<\/p>\n<p><em>28.06.<\/em> <strong>Sommerfest<\/strong> von 12:00 bis 15:00 Uhr<\/p>\n<p>&nbsp;<\/p>\n<p><strong>Juli 2025<\/strong><\/p>\n<p><em>17.07.<\/em> <strong>Elterncaf\u00e9<\/strong> um 15:00 Uhr mit Tom und Nadja<\/p>\n<p><em>14.07.-01.08<\/em>. <strong>Sommerferien<\/strong>-Einrichtung bleibt geschlossen!<\/p>\n<p>&nbsp;<\/p>\n<p><strong>August 2025<\/strong><\/p>\n<p>\/<\/p>\n<p>&nbsp;<\/p>\n<p><strong>September 2025<\/strong><\/p>\n<p><em>30.09.<\/em> <strong>Eltern-Kind-Bastelangebot<\/strong> vom IB vum 15:00 Uhr<\/p>\n<p>&nbsp;<\/p>\n<p><strong>Oktober 2025<\/strong><\/p>\n<p><em>11.10.<\/em> <strong>Familienausflug<\/strong> Stadtwald von 11:00 bis 15:00 Uhr<\/p>\n<p><em>14.10.<\/em> <strong>Elterncaf\u00e9<\/strong> um 15:00 Uhr<\/p>\n<p><em>22.10.<\/em> <strong>Vater-Kind-Aktion<\/strong> vom IB um 14:30 Uhr<\/p>\n<p>&nbsp;<\/p>\n<p><strong>November 2025<\/strong><\/p>\n<p><em>07.11.<\/em> <strong>Elternfr\u00fchst\u00fcck<\/strong> um 9:00 Uhr<\/p>\n<p><em>18.11. <\/em><strong>Elternnachmittag<\/strong> zum Thema <strong>&#8222;Sprachentwicklung&#8220;<\/strong> von 15:00 bis 16:30 Uhr mit J\u00f6rg Heicappell<\/p>\n<p><em>ab 25.11.-16.12<\/em>. <strong>Yogakurs<\/strong> f\u00fcr <strong>Eltern<\/strong> von 17:00 bis 18:30 Uhr<\/p>\n<p>&nbsp;<\/p>\n<p><strong>Dezember 2025<\/strong><\/p>\n<p><em>02.12<\/em>. <strong>Elterncaf\u00e9<\/strong> um 15:00 Uhr<\/p>\n<p><em>06.12. <\/em><strong>Besonderer Weihnachtsmarkt<\/strong> (von der Leyen Platz) von 10:00 bis 18:00 Uhr<\/p>\n<p><em>12.12.<\/em> <strong>Konzeptionstag<\/strong>-Einrichtung bleibt <strong>geschlossen<\/strong>!<\/p>\n<p><em>24.12.2025-01.01.2026<\/em> <strong>Betriebsferien<\/strong>-Einrichtung bleibt <strong>geschlossen<\/strong>!<\/p>\n<p>&nbsp;<\/p>\n<p>&nbsp;<\/p>\n<p><strong><em>*Alle Termine sind unter Vorbehalt. Es k\u00f6nnen sich kurzfristige \u00c4nderungen ergeben!!!<\/em><\/strong><\/p>\n<p>&nbsp;<\/p>\n<p>&nbsp;<\/p>\n","protected":false},"excerpt":{"rendered":"<p>Fortlaufende Angebote von unserem Kooperationspartner B\u00fcrgerinitiative Rund um St. Josef Aktuelle Flyer f\u00fcr die Kurse der B\u00fcrgerinitiative finden Sie in unserem Eingangsbereich bei Mumm Kids &nbsp; Januar 2025 22.01. Gespr\u00e4chsrunde zum Thema \u201eFr\u00fchkindliche Sexualit\u00e4t\u201c um 14:30 Uhr mit Herrn Seifert vom Kinderschutzbund &nbsp; Februar 2025 04.02. Elterncaf\u00e9 um 15:00 Uhr mit Meryem und Sinem &nbsp; [&hellip;]<\/p>\n","protected":false},"author":9,"featured_media":0,"parent":0,"menu_order":0,"comment_status":"closed","ping_status":"closed","template":"","meta":{"_et_pb_use_builder":"","_et_pb_old_content":"","_et_gb_content_width":"","footnotes":""},"_links":{"self":[{"href":"https:\/\/mumm-mg.de\/mumm-kids\/wp-json\/wp\/v2\/pages\/3209"}],"collection":[{"href":"https:\/\/mumm-mg.de\/mumm-kids\/wp-json\/wp\/v2\/pages"}],"about":[{"href":"https:\/\/mumm-mg.de\/mumm-kids\/wp-json\/wp\/v2\/types\/page"}],"author":[{"embeddable":true,"href":"https:\/\/mumm-mg.de\/mumm-kids\/wp-json\/wp\/v2\/users\/9"}],"replies":[{"embeddable":true,"href":"https:\/\/mumm-mg.de\/mumm-kids\/wp-json\/wp\/v2\/comments?post=3209"}],"version-history":[{"count":6,"href":"https:\/\/mumm-mg.de\/mumm-kids\/wp-json\/wp\/v2\/pages\/3209\/revisions"}],"predecessor-version":[{"id":3289,"href":"https:\/\/mumm-mg.de\/mumm-kids\/wp-json\/wp\/v2\/pages\/3209\/revisions\/3289"}],"wp:attachment":[{"href":"https:\/\/mumm-mg.de\/mumm-kids\/wp-json\/wp\/v2\/media?parent=3209"}],"curies":[{"name":"wp","href":"https:\/\/api.w.org\/{rel}","templated":true}]}}