{"id":3292,"date":"2025-11-19T11:48:52","date_gmt":"2025-11-19T10:48:52","guid":{"rendered":"https:\/\/mumm-mg.de\/mumm-kids\/?page_id=3292"},"modified":"2026-03-03T13:01:25","modified_gmt":"2026-03-03T12:01:25","slug":"familienzentrum-veranstaltungen-2026","status":"publish","type":"page","link":"https:\/\/mumm-mg.de\/mumm-kids\/familienzentrum-veranstaltungen-2026\/","title":{"rendered":"Familienzentrum &#8211; Veranstaltungen 2026"},"content":{"rendered":"<div class=\"et_pb_column et_pb_column_4_4 et_pb_column_1 et_pb_css_mix_blend_mode_passthrough et-last-child\">\n<div class=\"et_pb_module et_pb_text et_pb_text_1 et_pb_text_align_left et_pb_bg_layout_light\">\n<div class=\"et_pb_text_inner\">\n<p><strong>Fortlaufende Angebote von unserem Kooperationspartner B\u00fcrgerinitiative Rund um St. Josef <\/strong><\/p>\n<ul>\n<li>Aktuelle Flyer f\u00fcr die Kurse der B\u00fcrgerinitiative finden Sie in unserem Eingangsbereich bei Mumm Kids<\/li>\n<\/ul>\n<\/div>\n<\/div>\n<\/div>\n<p>&nbsp;<\/p>\n<p>&nbsp;<\/p>\n<p><strong>Januar 2026<\/strong><\/p>\n<p><em>13.01.<\/em><strong> Eltern-Aktion<\/strong> vom <strong>IB<\/strong> Gew\u00fcrzsalz herstellen um 14:30 Uhr<\/p>\n<p><em>28.01<\/em>. <strong>Elterncaf\u00e9<\/strong> um 15:00 Uhr<\/p>\n<p>&nbsp;<\/p>\n<p><strong>Februar 2026<\/strong><\/p>\n<p><em>10.02.<\/em> <strong>Kinonachmittag<\/strong> von 14:00 bis 16:30 Uhr<\/p>\n<p><em>12.02.<\/em> <strong>HipHop Aktion<\/strong> von 10:00 bis 11:00 Uhr<\/p>\n<p><em>16.02.-17.02<\/em>. <strong>Regenerationstage<\/strong>-Einrichtung bleibt geschlossen!<\/p>\n<p><em>19.02.<\/em><strong> HipHop Aktion<\/strong> von 10:00 bis 11:00 Uhr<\/p>\n<p><em>20.02.<\/em> <strong>Elternfr\u00fchst\u00fcck<\/strong> um 9:00 Uhr<\/p>\n<p><em>24.02.<\/em> <strong>Angebot<\/strong> von der <strong>IB<\/strong> \u201eSpielerisch Fit f\u00fcr die Schule\u201c f\u00fcr die <strong>Vorschulkinder<\/strong> um 14:30 Uhr<\/p>\n<p><em>26.02<\/em>.<strong> Trommel AG<\/strong> f\u00fcr Kinder von 9:30 bis 11:00 Uhr<\/p>\n<p><em>26.02<\/em>. <strong>HipHop<\/strong> <strong>Aktion<\/strong> von 10:00 bis 11:00 Uhr<\/p>\n<p>&nbsp;<\/p>\n<p><strong>M\u00e4rz 2026<\/strong><\/p>\n<p><em>03.03.\u00a0<\/em><strong>Interkulturelles<\/strong> <strong>Kochen<\/strong> um 14:30 Uhr<\/p>\n<p><em>03.03<\/em>. <strong>Kreativwerkstatt<\/strong> Beginn &#8211; <strong>Jeden<\/strong> Dienstag von 15:00 bis 16:30 Uhr<\/p>\n<p><em>05.03.<\/em> <strong>Offene Gespr\u00e4chsrunde<\/strong> von 14:30 bis 15:30 Uhr mit Herrn Seifert vom Kinderschutzbund (Alle Beratungsgespr\u00e4che werden <strong>anonym<\/strong> behandelt)<\/p>\n<p><em>05.03.<\/em> <strong>Trommel<\/strong> <strong>AG<\/strong> f\u00fcr Kinder von 9:30 bis 11:00 Uhr<\/p>\n<p><em>05.03<\/em>. <strong>HipHop<\/strong> <strong>Aktion<\/strong> von 10:00 bis 11:00 Uhr<\/p>\n<p><em>10.03.<\/em> <strong>Elterncaf\u00e9<\/strong> um 15:00 Uhr<\/p>\n<p><em>19.03.<\/em> <strong>Trommel AG<\/strong> f\u00fcr Kinder von 9:30 bis 11:00 Uhr<\/p>\n<p><em>26.03.<\/em> <strong>Trommel<\/strong> <strong>AG<\/strong> f\u00fcr Kinder von 9:30 bis 11:00 Uhr<\/p>\n<p><em>31.03.<\/em> <strong>Osterzopf<\/strong> backen Eltern-Kind-Aktion um 14:00 Uhr<\/p>\n<p>&nbsp;<\/p>\n<p><strong>April 2026<\/strong><\/p>\n<p><em>03.04.-06.04.<\/em> <strong>Osterwochenende<\/strong>-Einrichtung bleibt <strong>geschlossen<\/strong>!<\/p>\n<p><em>09.04.<\/em> <strong>Offene Gespr\u00e4chsrunde<\/strong> von 14:30 bis 15:30 Uhr mit Herrn Seifert vom Kinderschutzbund (Alle Beratungsgespr\u00e4che werden <strong>anonym<\/strong> behandelt)<\/p>\n<p><em>14.04.<\/em> <strong>Vater-Kind-Aktion<\/strong> vom <strong>IB<\/strong> um 14:30 Uhr<\/p>\n<p><em>17.04.<\/em> <strong>Elternfr\u00fchst\u00fcck<\/strong> um 9:00 Uhr<\/p>\n<p><em>21.04.<\/em> <strong>Zooausflug<\/strong> mit dem <strong>IB<\/strong> um 9:30 Uhr (<strong>begrenzte<\/strong> Teilnehmerzahl!)<\/p>\n<p>&nbsp;<\/p>\n<p><strong>Mai 2026<\/strong><\/p>\n<p><em>05.05<\/em>. <strong>Elterncaf\u00e9<\/strong> um 15:00 Uhr<\/p>\n<p><em>07.05.<\/em> <strong>Offene Gespr\u00e4chsrunde<\/strong> von 14:30 bis 15:30 Uhr mit Herrn Seifert vom Kinderschutzbund (Alle Beratungsgespr\u00e4che werden <strong>anonym<\/strong> behandelt)<\/p>\n<p><em>19.05.<\/em> <strong>Wellness<\/strong> Aktion f\u00fcr <strong>M\u00fctter\u00a0<\/strong><\/p>\n<p>&nbsp;<\/p>\n<p><strong>Juni 2026<\/strong><\/p>\n<p><em>06.06.<\/em> <strong>Familienausflug<\/strong> zum Spielplatz in St.T\u00f6nis von 11:00 bis 14:00 Uhr<\/p>\n<p><em>19.06<\/em>. <strong>Elternfr\u00fchst\u00fcck<\/strong> um 9:00 Uhr<\/p>\n<p>&nbsp;<\/p>\n<p><strong>Juli 2026<\/strong><\/p>\n<p><em>09.07.<\/em> <strong>Offene Gespr\u00e4chsrunde<\/strong> von 14:30 bis 15:30 Uhr mit Herrn Seifert vom Kinderschutzbund (Alle Beratungsgespr\u00e4che werden <strong>anonym<\/strong> behandelt)<\/p>\n<p><em>11.07.<\/em> <strong>Sommerfest<\/strong> von 12:00 bis 16:00 Uhr<\/p>\n<p><em>14.07<\/em>. <strong>Elterncaf\u00e9<\/strong> um 15:00 Uhr<\/p>\n<p>&nbsp;<\/p>\n<p><strong>August 2026<\/strong><\/p>\n<p><em>10.08.-28.08<\/em>. <strong>Sommerferien<\/strong>-Einrichtung bleibt <strong>geschlossen<\/strong>!<\/p>\n<p>&nbsp;<\/p>\n<p><strong>September 2026<\/strong><\/p>\n<p><em>10.09.<\/em> <strong>Offene Gespr\u00e4chsrunde<\/strong> von 14:30 bis 15:30 Uhr mit Herrn Seifert vom Kinderschutzbund (Alle Beratungsgespr\u00e4che werden <strong>anonym<\/strong> behandelt)<\/p>\n<p>&nbsp;<\/p>\n<p><strong>Oktober 2026<\/strong><\/p>\n<p><em>08.10.<\/em> <strong>Offene Gespr\u00e4chsrunde<\/strong> von 14:30 bis 15:30 Uhr mit Herrn Seifert vom Kinderschutzbund (Alle Beratungsgespr\u00e4che werden <strong>anonym<\/strong> behandelt)<\/p>\n<p>&nbsp;<\/p>\n<p><strong>November 2026<\/strong><\/p>\n<p><em>02.11.<\/em> <strong>Weckmann<\/strong> backen mit der <strong>Familie<\/strong> um\u00a0 14:00 Uhr<\/p>\n<p><em>05.11.<\/em> <strong>Offene Gespr\u00e4chsrunde<\/strong> von 14:30 bis 15:30 Uhr mit Herrn Seifert vom Kinderschutzbund (Alle Beratungsgespr\u00e4che werden <strong>anonym<\/strong> behandelt)<\/p>\n<p>&nbsp;<\/p>\n<p><strong>Dezember 2026<\/strong><\/p>\n<p><em>03.12.<\/em> <strong>Offene Gespr\u00e4chsrunde<\/strong> von 14:30 bis 15:30 Uhr mit Herrn Seifert vom Kinderschutzbund (Alle Beratungsgespr\u00e4che werden <strong>anonym<\/strong> behandelt)<\/p>\n<p><em>24.12.-31.12<\/em>. <strong>Weihnachtsferien<\/strong>-Einrichtung bleibt <strong>geschlossen<\/strong>!<\/p>\n<p>&nbsp;<\/p>\n<p>&nbsp;<\/p>\n<p>&nbsp;<\/p>\n<p><strong><em>*Alle Termine sind unter Vorbehalt. Es k\u00f6nnen sich kurzfristige \u00c4nderungen ergeben!!!<\/em><\/strong><\/p>\n<p><strong>**Weitere Termine werden noch bekannt gegeben!<\/strong><\/p>\n","protected":false},"excerpt":{"rendered":"<p>Fortlaufende Angebote von unserem Kooperationspartner B\u00fcrgerinitiative Rund um St. Josef Aktuelle Flyer f\u00fcr die Kurse der B\u00fcrgerinitiative finden Sie in unserem Eingangsbereich bei Mumm Kids &nbsp; &nbsp; Januar 2026 13.01. Eltern-Aktion vom IB Gew\u00fcrzsalz herstellen um 14:30 Uhr 28.01. Elterncaf\u00e9 um 15:00 Uhr &nbsp; Februar 2026 10.02. Kinonachmittag von 14:00 bis 16:30 Uhr 12.02. HipHop [&hellip;]<\/p>\n","protected":false},"author":9,"featured_media":0,"parent":0,"menu_order":0,"comment_status":"closed","ping_status":"closed","template":"","meta":{"_et_pb_use_builder":"","_et_pb_old_content":"","_et_gb_content_width":"","footnotes":""},"_links":{"self":[{"href":"https:\/\/mumm-mg.de\/mumm-kids\/wp-json\/wp\/v2\/pages\/3292"}],"collection":[{"href":"https:\/\/mumm-mg.de\/mumm-kids\/wp-json\/wp\/v2\/pages"}],"about":[{"href":"https:\/\/mumm-mg.de\/mumm-kids\/wp-json\/wp\/v2\/types\/page"}],"author":[{"embeddable":true,"href":"https:\/\/mumm-mg.de\/mumm-kids\/wp-json\/wp\/v2\/users\/9"}],"replies":[{"embeddable":true,"href":"https:\/\/mumm-mg.de\/mumm-kids\/wp-json\/wp\/v2\/comments?post=3292"}],"version-history":[{"count":7,"href":"https:\/\/mumm-mg.de\/mumm-kids\/wp-json\/wp\/v2\/pages\/3292\/revisions"}],"predecessor-version":[{"id":3360,"href":"https:\/\/mumm-mg.de\/mumm-kids\/wp-json\/wp\/v2\/pages\/3292\/revisions\/3360"}],"wp:attachment":[{"href":"https:\/\/mumm-mg.de\/mumm-kids\/wp-json\/wp\/v2\/media?parent=3292"}],"curies":[{"name":"wp","href":"https:\/\/api.w.org\/{rel}","templated":true}]}}