{"id":3294,"date":"2025-11-19T11:50:19","date_gmt":"2025-11-19T10:50:19","guid":{"rendered":"https:\/\/mumm-mg.de\/mumm-kids\/?page_id=3294"},"modified":"2026-02-12T09:47:22","modified_gmt":"2026-02-12T08:47:22","slug":"mumm-kids-veranstaltungen-2026","status":"publish","type":"page","link":"https:\/\/mumm-mg.de\/mumm-kids\/mumm-kids-veranstaltungen-2026\/","title":{"rendered":"Mumm Kids &#8211; Veranstaltungen 2026"},"content":{"rendered":"<div class=\"et_pb_column et_pb_column_4_4 et_pb_column_1 et_pb_css_mix_blend_mode_passthrough et-last-child\">\n<div class=\"et_pb_module et_pb_text et_pb_text_1 et_pb_text_align_left et_pb_bg_layout_light\">\n<div class=\"et_pb_text_inner\">\n<p><strong>Laufende Angebote von Mumm-Kids:<\/strong><\/p>\n<p>jeden <em>Mittwoch<\/em> entdecken wir die Natur an unserem <strong>Waldtag<\/strong>.<\/p>\n<\/div>\n<\/div>\n<\/div>\n<p>&nbsp;<\/p>\n<p>&nbsp;<\/p>\n<p><strong>Januar 2026<\/strong><\/p>\n<p>\/<\/p>\n<p>&nbsp;<\/p>\n<p><strong>Februar 2026<\/strong><\/p>\n<p><em>03.02.<\/em> <strong>Vorschulausflug<\/strong> <strong>Akki<\/strong> in D\u00fcsseldorf<\/p>\n<p><em>04.02.<\/em> <strong>Sinnesschulung<\/strong> f\u00fcr die <strong>Vorschulkinder<\/strong> um 9:00 Uhr<\/p>\n<p><em>10.02.<\/em> <strong>Kinonachmittag<\/strong> von 14:00 bis 16:30 Uhr mit Nilay und Sinem<\/p>\n<p><em>12.02.<\/em> <strong>HipHop Aktion<\/strong> von 10:00 bis 11:00 Uhr<\/p>\n<p><em>13.02.<\/em> <strong>Karnevalsfeier<\/strong> von 9:00 bis 12:00 Uhr (ohne Eltern)<\/p>\n<p><em>16.02.-17.02<\/em>. <strong>Regenerationstage<\/strong>-Einrichtung bleibt <strong>geschlossen<\/strong>!<\/p>\n<p><em>19.02.<\/em><strong> HipHop Aktion<\/strong> von 10:00 bis 11:00 Uhr<\/p>\n<p><em>24.02.<\/em> <strong>Vorschulausflug<\/strong> von 9:00 bis 13:00 Uhr<\/p>\n<p><em>24.02<\/em>. <strong>Angebot<\/strong> von der <strong>IB<\/strong> &#8222;Spielerisch Fit f\u00fcr die Schule&#8220; f\u00fcr die <strong>Vorschulkinder<\/strong> um 14:30 Uhr<\/p>\n<p><em>26.02<\/em>.<strong> Trommel AG<\/strong> f\u00fcr Kinder von 9:30 bis 11:00 Uhr<\/p>\n<p><em>26.02<\/em>. <strong>HipHop<\/strong> <strong>Aktion<\/strong> von 10:00 bis 11:00 Uhr<\/p>\n<p>&nbsp;<\/p>\n<p><strong>M\u00e4rz 2026<\/strong><\/p>\n<p><em>05.03.<\/em> <strong>Trommel<\/strong> <strong>AG<\/strong> f\u00fcr Kinder von 9:30 bis 11:00 Uhr<\/p>\n<p><em>05.03<\/em>. <strong>HipHop<\/strong> <strong>Aktion<\/strong> von 10:00 bis 11:00 Uhr<\/p>\n<p><em>06.03.<\/em> <strong>Vorschulausflug<\/strong> ins <strong>Theater<\/strong> &#8222;Pippi Langstrumpf&#8220; um 10:30 Uhr<\/p>\n<p><em>06.03.<\/em> <strong>Eltern-Kind-Aktion<\/strong> Au\u00dfengel\u00e4nde versch\u00f6nern ab 9:00 Uhr<\/p>\n<p><em>10.03.<\/em> <strong>Vorschulausflug<\/strong> in den <strong>Zoo<\/strong> um 10:00 Uhr<\/p>\n<p><em>12.03.<\/em> Die <strong>Polizei<\/strong> kommt (Vorschulkinder) um 9:00 Uhr<\/p>\n<p><em>18.03.<\/em> <strong>Vorschulausflug<\/strong> zum <strong>Bauernhof<\/strong> um 10:00 Uhr<\/p>\n<p><em>19.03.<\/em> <strong>Trommel AG<\/strong> f\u00fcr Kinder von 9:30 bis 11:00 Uhr<\/p>\n<p><em>24.03.<\/em> Der <strong>Fotograf<\/strong> kommt<\/p>\n<p><em>24.03.<\/em> <strong>Zuckerfest<\/strong> mit Eltern von 16:00 bis 18:00 Uhr<\/p>\n<p><em>26.03.<\/em> <strong>Trommel<\/strong> <strong>AG<\/strong> f\u00fcr Kinder von 9:30 bis 11:00 Uhr<\/p>\n<p><em>31.03.<\/em> <strong>Osterzopf<\/strong> backen Eltern-Kind-Aktion um 14:00 Uhr<\/p>\n<p>&nbsp;<\/p>\n<p><strong>April 2026<\/strong><\/p>\n<p><em>02.04.<\/em> <strong>Osterfr\u00fchst\u00fcck<\/strong> um 9:00 Uhr (ohne Eltern)<\/p>\n<p><em>03.04.-06.04.<\/em> <strong>Osterwochenende<\/strong>-Einrichtung bleibt <strong>geschlossen<\/strong>!<\/p>\n<p><em>07.04.<\/em> <strong>Elternnachmittag<\/strong> f\u00fcr die <strong>neuen<\/strong> Eltern von 15:00 bis 17:00 Uhr<\/p>\n<p><em>14.04<\/em>. <strong>Vorschulausflug<\/strong> in die <strong>Mediothek<\/strong> um 9:30 Uhr<\/p>\n<p>&nbsp;<\/p>\n<p><strong>Mai 2026<\/strong><\/p>\n<p><em>12.05.<\/em> <strong>Schult\u00fcten<\/strong> basteln (Uhrzeit wird in der Einrichtung bekannt gegeben)<\/p>\n<p><em>19.05.<\/em> <strong>Schult\u00fcten<\/strong> basteln (Uhrzeit wird in der Einrichtung bekannt gegeben)<\/p>\n<p><em>26.05.<\/em> <strong>Vorschulausflug<\/strong> EGK um 10:00 Uhr<\/p>\n<p>&nbsp;<\/p>\n<p><strong>Juni 2026<\/strong><\/p>\n<p><em>06.06.<\/em> <strong>Familienausflug<\/strong> Spielplatz St.T\u00f6nis von 11:00 bis 14:00 Uhr<\/p>\n<p>&nbsp;<\/p>\n<p><strong>Juli 2026<\/strong><\/p>\n<p><em>11.07<\/em>. <strong>Sommerfest<\/strong> von 12:00 bis 16:00 Uhr<\/p>\n<p><em>17.07.<\/em> <strong>Vorschule<\/strong> <strong>Abschlussfahrt<\/strong> mit anschlie\u00dfender <strong>\u00dcbernachtung<\/strong> in der Einrichtung (ganzer Tag)<\/p>\n<p>&nbsp;<\/p>\n<p><strong>August 2026<\/strong><\/p>\n<p><strong>10.08.-28.08.<\/strong> <strong>Sommerferien<\/strong>-Einrichtung bleibt <strong>geschlossen<\/strong>!<\/p>\n<p>&nbsp;<\/p>\n<p><strong>September 2026<\/strong><\/p>\n<p><strong>Eingew\u00f6hnung der neuen Kinder<\/strong><\/p>\n<p>&nbsp;<\/p>\n<p><strong>Oktober 2026<\/strong><\/p>\n<p><em>06.10.<\/em> Der <strong>Fotograf<\/strong> kommt von 8:30 bis 15:00 Uhr<\/p>\n<p><em>20.10.<\/em> <strong>K\u00fcrbisfest<\/strong> mit Eltern von 16:00 bis 18:00 Uhr<\/p>\n<p><em>30.10.<\/em> <strong>Halloweenfeier<\/strong> von 9:00 bis 12:00 Uhr (ohne Eltern)<\/p>\n<p>&nbsp;<\/p>\n<p><strong>November 2026<\/strong><\/p>\n<p><em>02.11.<\/em> <strong>Weckmann<\/strong> backen mit der <strong>Familie<\/strong> um\u00a0 14:00 Uhr<\/p>\n<p><em>10.11.<\/em> <strong>St.Martin<\/strong> ab 17:00 Uhr<\/p>\n<p>&nbsp;<\/p>\n<p><strong>Dezember 2026<\/strong><\/p>\n<p><em>07.12.<\/em> <strong>Nikolausfeier<\/strong> um 9:00 Uhr (ohne Eltern)<\/p>\n<p><em>15.12.<\/em> <strong>Weihnachtsfeier<\/strong> mit <strong>Weihnachtsmarkt<\/strong> von 16:00 bis 18:00 Uhr<\/p>\n<p><em>24.12.-31.12.<\/em> <strong>Weihnachtsferien<\/strong>-Einrichtung bleibt <strong>geschlossen<\/strong>!<\/p>\n<p>&nbsp;<\/p>\n<p>&nbsp;<\/p>\n<p>&nbsp;<\/p>\n<p><strong><em>*Alle Termine sind unter Vorbehalt. Es k\u00f6nnen sich kurzfristige \u00c4nderungen ergeben!!!<\/em><\/strong><\/p>\n<p><strong>**Weitere Termine werden noch bekannt gegeben!<\/strong><\/p>\n","protected":false},"excerpt":{"rendered":"<p>Laufende Angebote von Mumm-Kids: jeden Mittwoch entdecken wir die Natur an unserem Waldtag. &nbsp; &nbsp; Januar 2026 \/ &nbsp; Februar 2026 03.02. Vorschulausflug Akki in D\u00fcsseldorf 04.02. Sinnesschulung f\u00fcr die Vorschulkinder um 9:00 Uhr 10.02. Kinonachmittag von 14:00 bis 16:30 Uhr mit Nilay und Sinem 12.02. HipHop Aktion von 10:00 bis 11:00 Uhr 13.02. Karnevalsfeier [&hellip;]<\/p>\n","protected":false},"author":9,"featured_media":0,"parent":0,"menu_order":0,"comment_status":"closed","ping_status":"closed","template":"","meta":{"_et_pb_use_builder":"","_et_pb_old_content":"","_et_gb_content_width":"","footnotes":""},"_links":{"self":[{"href":"https:\/\/mumm-mg.de\/mumm-kids\/wp-json\/wp\/v2\/pages\/3294"}],"collection":[{"href":"https:\/\/mumm-mg.de\/mumm-kids\/wp-json\/wp\/v2\/pages"}],"about":[{"href":"https:\/\/mumm-mg.de\/mumm-kids\/wp-json\/wp\/v2\/types\/page"}],"author":[{"embeddable":true,"href":"https:\/\/mumm-mg.de\/mumm-kids\/wp-json\/wp\/v2\/users\/9"}],"replies":[{"embeddable":true,"href":"https:\/\/mumm-mg.de\/mumm-kids\/wp-json\/wp\/v2\/comments?post=3294"}],"version-history":[{"count":8,"href":"https:\/\/mumm-mg.de\/mumm-kids\/wp-json\/wp\/v2\/pages\/3294\/revisions"}],"predecessor-version":[{"id":3312,"href":"https:\/\/mumm-mg.de\/mumm-kids\/wp-json\/wp\/v2\/pages\/3294\/revisions\/3312"}],"wp:attachment":[{"href":"https:\/\/mumm-mg.de\/mumm-kids\/wp-json\/wp\/v2\/media?parent=3294"}],"curies":[{"name":"wp","href":"https:\/\/api.w.org\/{rel}","templated":true}]}}