{"id":46,"date":"2016-11-16T15:46:05","date_gmt":"2016-11-16T14:46:05","guid":{"rendered":"https:\/\/mumm-mg.de\/mumm-kids\/?page_id=46"},"modified":"2022-06-20T08:31:22","modified_gmt":"2022-06-20T06:31:22","slug":"familienzentrum","status":"publish","type":"page","link":"https:\/\/mumm-mg.de\/mumm-kids\/familienzentrum\/","title":{"rendered":"Familienzentrum"},"content":{"rendered":"<p>[et_pb_section bb_built=&#8220;1&#8243; width_unit=&#8220;off&#8220; fullwidth=&#8220;on&#8220; specialty=&#8220;off&#8220; disabled=&#8220;off&#8220; module_id=&#8220;header-bild-mumm&#8220; custom_padding_tablet=&#8220;50px|0|50px|0&#8243; custom_padding_last_edited=&#8220;on|desktop&#8220; next_background_color=&#8220;rgba(255,255,255,0)&#8220; _builder_version=&#8220;3.0.101&#8243; inner_width=&#8220;auto&#8220; inner_max_width=&#8220;1080px&#8220; global_module=&#8220;95&#8243;][et_pb_fullwidth_slider admin_label=&#8220;Header-Bild Mumm-Kids&#8220; global_parent=&#8220;95&#8243; disabled=&#8220;off&#8220; custom_padding=&#8220;|||&#8220; _builder_version=&#8220;3.21&#8243; box_shadow_blur=&#8220;10px&#8220; box_shadow_color=&#8220;rgba(0,0,0,0.1)&#8220; button_text_size__hover_enabled=&#8220;off&#8220; button_text_size__hover=&#8220;null&#8220; button_one_text_size__hover_enabled=&#8220;off&#8220; button_one_text_size__hover=&#8220;null&#8220; button_two_text_size__hover_enabled=&#8220;off&#8220; button_two_text_size__hover=&#8220;null&#8220; button_text_color__hover_enabled=&#8220;off&#8220; button_text_color__hover=&#8220;null&#8220; button_one_text_color__hover_enabled=&#8220;off&#8220; button_one_text_color__hover=&#8220;null&#8220; button_two_text_color__hover_enabled=&#8220;off&#8220; button_two_text_color__hover=&#8220;null&#8220; button_border_width__hover_enabled=&#8220;off&#8220; button_border_width__hover=&#8220;null&#8220; button_one_border_width__hover_enabled=&#8220;off&#8220; button_one_border_width__hover=&#8220;null&#8220; button_two_border_width__hover_enabled=&#8220;off&#8220; button_two_border_width__hover=&#8220;null&#8220; button_border_color__hover_enabled=&#8220;off&#8220; button_border_color__hover=&#8220;null&#8220; button_one_border_color__hover_enabled=&#8220;off&#8220; button_one_border_color__hover=&#8220;null&#8220; button_two_border_color__hover_enabled=&#8220;off&#8220; button_two_border_color__hover=&#8220;null&#8220; button_border_radius__hover_enabled=&#8220;off&#8220; button_border_radius__hover=&#8220;null&#8220; button_one_border_radius__hover_enabled=&#8220;off&#8220; button_one_border_radius__hover=&#8220;null&#8220; button_two_border_radius__hover_enabled=&#8220;off&#8220; button_two_border_radius__hover=&#8220;null&#8220; button_letter_spacing__hover_enabled=&#8220;off&#8220; button_letter_spacing__hover=&#8220;null&#8220; button_one_letter_spacing__hover_enabled=&#8220;off&#8220; button_one_letter_spacing__hover=&#8220;null&#8220; button_two_letter_spacing__hover_enabled=&#8220;off&#8220; button_two_letter_spacing__hover=&#8220;null&#8220; button_bg_color__hover_enabled=&#8220;off&#8220; button_bg_color__hover=&#8220;null&#8220; button_one_bg_color__hover_enabled=&#8220;off&#8220; button_one_bg_color__hover=&#8220;null&#8220; button_two_bg_color__hover_enabled=&#8220;off&#8220; button_two_bg_color__hover=&#8220;null&#8220;][et_pb_slide button_link=&#8220;#&#8220; background_image=&#8220;https:\/\/mumm-mg.de\/mumm-kids\/wp-content\/uploads\/sites\/7\/2019\/09\/header2.jpg&#8220; background_position=&#8220;center&#8220; background_size=&#8220;cover&#8220; background_color=&#8220;#ffffff&#8220; use_bg_overlay=&#8220;off&#8220; use_text_overlay=&#8220;off&#8220; alignment=&#8220;center&#8220; background_layout=&#8220;dark&#8220; allow_player_pause=&#8220;off&#8220; text_border_radius=&#8220;3&#8243; header_font=&#8220;||||&#8220; body_font=&#8220;||||&#8220; custom_button=&#8220;off&#8220; button_font=&#8220;||||&#8220; button_use_icon=&#8220;on&#8220; button_on_hover=&#8220;on&#8220; disabled=&#8220;off&#8220; header_font_select=&#8220;default&#8220; body_font_select=&#8220;default&#8220; button_font_select=&#8220;default&#8220; _builder_version=&#8220;3.21&#8243; use_background_color_gradient=&#8220;off&#8220; background_color_gradient_start=&#8220;#2b87da&#8220; background_color_gradient_end=&#8220;#29c4a9&#8243; background_color_gradient_type=&#8220;linear&#8220; background_color_gradient_direction=&#8220;180deg&#8220; background_color_gradient_direction_radial=&#8220;center&#8220; background_color_gradient_start_position=&#8220;0%&#8220; background_color_gradient_end_position=&#8220;100%&#8220; background_color_gradient_overlays_image=&#8220;off&#8220; parallax=&#8220;off&#8220; parallax_method=&#8220;on&#8220; background_repeat=&#8220;no-repeat&#8220; background_blend=&#8220;normal&#8220; background_video_pause_outside_viewport=&#8220;on&#8220; child_filter_hue_rotate=&#8220;0deg&#8220; child_filter_saturate=&#8220;100%&#8220; child_filter_brightness=&#8220;100%&#8220; child_filter_contrast=&#8220;100%&#8220; child_filter_invert=&#8220;0%&#8220; child_filter_sepia=&#8220;0%&#8220; child_filter_opacity=&#8220;100%&#8220; child_filter_blur=&#8220;0px&#8220; child_mix_blend_mode=&#8220;normal&#8220; text_shadow_style=&#8220;none&#8220; header_text_shadow_style=&#8220;none&#8220; body_text_shadow_style=&#8220;none&#8220; button_bg_use_color_gradient=&#8220;off&#8220; button_bg_color_gradient_overlays_image=&#8220;off&#8220; button_text_shadow_style=&#8220;none&#8220; box_shadow_style_button=&#8220;none&#8220; text_shadow_horizontal_length=&#8220;0em&#8220; text_shadow_vertical_length=&#8220;0em&#8220; text_shadow_blur_strength=&#8220;0em&#8220; header_text_shadow_horizontal_length=&#8220;0em&#8220; header_text_shadow_vertical_length=&#8220;0em&#8220; header_text_shadow_blur_strength=&#8220;0em&#8220; body_text_shadow_horizontal_length=&#8220;0em&#8220; body_text_shadow_vertical_length=&#8220;0em&#8220; body_text_shadow_blur_strength=&#8220;0em&#8220; button_text_shadow_horizontal_length=&#8220;0em&#8220; button_text_shadow_vertical_length=&#8220;0em&#8220; button_text_shadow_blur_strength=&#8220;0em&#8220; url_new_window=&#8220;off&#8220; link_option_url_new_window=&#8220;off&#8220; hover_transition_duration=&#8220;300ms&#8220; hover_transition_delay=&#8220;0ms&#8220; hover_transition_speed_curve=&#8220;ease&#8220; \/][\/et_pb_fullwidth_slider][\/et_pb_section][et_pb_section bb_built=&#8220;1&#8243; admin_label=&#8220;section&#8220; transparent_background=&#8220;on&#8220; allow_player_pause=&#8220;off&#8220; inner_shadow=&#8220;off&#8220; parallax=&#8220;off&#8220; parallax_method=&#8220;on&#8220; padding_mobile=&#8220;off&#8220; make_fullwidth=&#8220;off&#8220; use_custom_width=&#8220;off&#8220; width_unit=&#8220;off&#8220; custom_width_px=&#8220;1080px&#8220; custom_width_percent=&#8220;80%&#8220; make_equal=&#8220;off&#8220; use_custom_gutter=&#8220;off&#8220; fullwidth=&#8220;off&#8220; specialty=&#8220;off&#8220; disabled=&#8220;off&#8220; background_color=&#8220;rgba(255,255,255,0)&#8220; custom_padding_tablet=&#8220;50px|0|50px|0&#8243; custom_padding_last_edited=&#8220;on|desktop&#8220; prev_background_color=&#8220;#ffffff&#8220; inner_width=&#8220;auto&#8220; inner_max_width=&#8220;1080px&#8220;][et_pb_row admin_label=&#8220;row&#8220; make_fullwidth=&#8220;off&#8220; use_custom_width=&#8220;off&#8220; width_unit=&#8220;off&#8220; custom_width_px=&#8220;1080px&#8220; custom_width_percent=&#8220;80%&#8220; use_custom_gutter=&#8220;off&#8220; gutter_width=&#8220;3&#8243; padding_mobile=&#8220;off&#8220; allow_player_pause=&#8220;off&#8220; parallax=&#8220;off&#8220; parallax_method=&#8220;on&#8220; make_equal=&#8220;off&#8220; column_padding_mobile=&#8220;on&#8220; disabled=&#8220;off&#8220; background_position=&#8220;top_left&#8220; background_repeat=&#8220;repeat&#8220; background_size=&#8220;initial&#8220; width=&#8220;80%&#8220; max_width=&#8220;1080px&#8220;][et_pb_column type=&#8220;4_4&#8243; custom_padding__hover=&#8220;|||&#8220; custom_padding=&#8220;|||&#8220;][et_pb_text admin_label=&#8220;Heading Familienzentrum&#8220; background_layout=&#8220;light&#8220; text_orientation=&#8220;left&#8220; use_border_color=&#8220;off&#8220; border_style=&#8220;solid&#8220; disabled=&#8220;off&#8220; background_position=&#8220;top_left&#8220; background_repeat=&#8220;repeat&#8220; background_size=&#8220;initial&#8220;]<\/p>\n<h1><span class=\"h1-text\">Familienzentrum<\/span><\/h1>\n<p>[\/et_pb_text][\/et_pb_column][\/et_pb_row][et_pb_row make_fullwidth=&#8220;off&#8220; use_custom_width=&#8220;off&#8220; width_unit=&#8220;off&#8220; custom_width_px=&#8220;1080px&#8220; custom_width_percent=&#8220;80%&#8220; use_custom_gutter=&#8220;off&#8220; gutter_width=&#8220;3&#8243; allow_player_pause=&#8220;off&#8220; parallax=&#8220;off&#8220; parallax_method=&#8220;on&#8220; make_equal=&#8220;off&#8220; disabled=&#8220;off&#8220; background_position=&#8220;top_left&#8220; background_repeat=&#8220;repeat&#8220; background_size=&#8220;initial&#8220; width=&#8220;80%&#8220; max_width=&#8220;1080px&#8220;][et_pb_column type=&#8220;1_2&#8243; custom_padding__hover=&#8220;|||&#8220; custom_padding=&#8220;|||&#8220;][et_pb_text admin_label=&#8220;Text Gl\u00fcck der Erde&#8220; background_layout=&#8220;light&#8220; text_orientation=&#8220;left&#8220; use_border_color=&#8220;off&#8220; border_style=&#8220;solid&#8220; disabled=&#8220;off&#8220; border_color=&#8220;#ffffff&#8220; background_position=&#8220;top_left&#8220; background_repeat=&#8220;repeat&#8220; background_size=&#8220;initial&#8220;]<\/p>\n<p class=\"subheadline\"><strong><em>Das Gl\u00fcck unserer Erde, liegt in den H\u00e4nden unserer Kinder.<\/em><\/strong><br \/><img loading=\"lazy\" decoding=\"async\" class=\"alignnone\" src=\"https:\/\/mumm-mg.de\/mumm-kids\/wp-content\/uploads\/sites\/7\/2017\/04\/Haende_Konzept.png\" alt=\"Kinderh\u00e4nde\" width=\"216\" height=\"161\" \/><\/p>\n<p>[\/et_pb_text][\/et_pb_column][et_pb_column type=&#8220;1_2&#8243; custom_padding__hover=&#8220;|||&#8220; custom_padding=&#8220;|||&#8220;][et_pb_text admin_label=&#8220;Text Astrid Lindgren&#8220; background_layout=&#8220;light&#8220; text_orientation=&#8220;left&#8220; use_border_color=&#8220;off&#8220; border_style=&#8220;solid&#8220; disabled=&#8220;off&#8220; background_position=&#8220;top_left&#8220; background_repeat=&#8220;repeat&#8220; background_size=&#8220;initial&#8220;]<\/p>\n<p style=\"text-align: center\">\u201eKinder sollten mehr spielen, als viele Kinder es heutzutage tun.<br \/>Denn wenn man gen\u00fcgend spielt, solange man jung ist,<br \/>dann tr\u00e4gt man Sch\u00e4tze mit sich herum,<br \/>aus denen man sp\u00e4ter sein Leben lang sch\u00f6pfen kann.<br \/>Dann wei\u00df man, in sich eine warme Welt zu haben,<br \/>die einem Kraft gibt, wenn das Leben schwer wird.<br \/>Was auch geschieht, was man auch erlebt,<br \/>man hat diese Welt in seinem Inneren, an die man sich halten kann.\u201c<br \/><em>Astrid Lindgren<\/em><\/p>\n<p>[\/et_pb_text][\/et_pb_column][\/et_pb_row][et_pb_row admin_label=&#8220;row&#8220; make_fullwidth=&#8220;off&#8220; use_custom_width=&#8220;off&#8220; width_unit=&#8220;off&#8220; custom_width_px=&#8220;1080px&#8220; custom_width_percent=&#8220;80%&#8220; use_custom_gutter=&#8220;off&#8220; gutter_width=&#8220;3&#8243; padding_mobile=&#8220;off&#8220; allow_player_pause=&#8220;off&#8220; parallax=&#8220;off&#8220; parallax_method=&#8220;on&#8220; make_equal=&#8220;off&#8220; column_padding_mobile=&#8220;on&#8220; disabled=&#8220;off&#8220; disabled_on=&#8220;off||&#8220; background_position=&#8220;top_left&#8220; background_repeat=&#8220;repeat&#8220; background_size=&#8220;initial&#8220; width=&#8220;80%&#8220; max_width=&#8220;1080px&#8220;][et_pb_column type=&#8220;4_4&#8243; custom_padding__hover=&#8220;|||&#8220; custom_padding=&#8220;|||&#8220;][et_pb_text admin_label=&#8220;Text Familienzentrum&#8220; use_border_color=&#8220;off&#8220; disabled=&#8220;off&#8220; background_position=&#8220;top_left&#8220; background_repeat=&#8220;repeat&#8220; background_size=&#8220;initial&#8220; _builder_version=&#8220;4.9.10&#8243; text_text_shadow_horizontal_length=&#8220;text_text_shadow_style,%91object Object%93&#8243; text_text_shadow_horizontal_length_tablet=&#8220;0px&#8220; text_text_shadow_vertical_length=&#8220;text_text_shadow_style,%91object Object%93&#8243; text_text_shadow_vertical_length_tablet=&#8220;0px&#8220; text_text_shadow_blur_strength=&#8220;text_text_shadow_style,%91object Object%93&#8243; text_text_shadow_blur_strength_tablet=&#8220;1px&#8220; link_text_shadow_horizontal_length=&#8220;link_text_shadow_style,%91object Object%93&#8243; link_text_shadow_horizontal_length_tablet=&#8220;0px&#8220; link_text_shadow_vertical_length=&#8220;link_text_shadow_style,%91object Object%93&#8243; link_text_shadow_vertical_length_tablet=&#8220;0px&#8220; link_text_shadow_blur_strength=&#8220;link_text_shadow_style,%91object Object%93&#8243; link_text_shadow_blur_strength_tablet=&#8220;1px&#8220; ul_text_shadow_horizontal_length=&#8220;ul_text_shadow_style,%91object Object%93&#8243; ul_text_shadow_horizontal_length_tablet=&#8220;0px&#8220; ul_text_shadow_vertical_length=&#8220;ul_text_shadow_style,%91object Object%93&#8243; ul_text_shadow_vertical_length_tablet=&#8220;0px&#8220; ul_text_shadow_blur_strength=&#8220;ul_text_shadow_style,%91object Object%93&#8243; ul_text_shadow_blur_strength_tablet=&#8220;1px&#8220; ol_text_shadow_horizontal_length=&#8220;ol_text_shadow_style,%91object Object%93&#8243; ol_text_shadow_horizontal_length_tablet=&#8220;0px&#8220; ol_text_shadow_vertical_length=&#8220;ol_text_shadow_style,%91object Object%93&#8243; ol_text_shadow_vertical_length_tablet=&#8220;0px&#8220; ol_text_shadow_blur_strength=&#8220;ol_text_shadow_style,%91object Object%93&#8243; ol_text_shadow_blur_strength_tablet=&#8220;1px&#8220; quote_text_shadow_horizontal_length=&#8220;quote_text_shadow_style,%91object Object%93&#8243; quote_text_shadow_horizontal_length_tablet=&#8220;0px&#8220; quote_text_shadow_vertical_length=&#8220;quote_text_shadow_style,%91object Object%93&#8243; quote_text_shadow_vertical_length_tablet=&#8220;0px&#8220; quote_text_shadow_blur_strength=&#8220;quote_text_shadow_style,%91object Object%93&#8243; quote_text_shadow_blur_strength_tablet=&#8220;1px&#8220; header_text_shadow_horizontal_length=&#8220;header_text_shadow_style,%91object Object%93&#8243; header_text_shadow_horizontal_length_tablet=&#8220;0px&#8220; header_text_shadow_vertical_length=&#8220;header_text_shadow_style,%91object Object%93&#8243; header_text_shadow_vertical_length_tablet=&#8220;0px&#8220; header_text_shadow_blur_strength=&#8220;header_text_shadow_style,%91object Object%93&#8243; header_text_shadow_blur_strength_tablet=&#8220;1px&#8220; header_2_text_shadow_horizontal_length=&#8220;header_2_text_shadow_style,%91object Object%93&#8243; header_2_text_shadow_horizontal_length_tablet=&#8220;0px&#8220; header_2_text_shadow_vertical_length=&#8220;header_2_text_shadow_style,%91object Object%93&#8243; header_2_text_shadow_vertical_length_tablet=&#8220;0px&#8220; header_2_text_shadow_blur_strength=&#8220;header_2_text_shadow_style,%91object Object%93&#8243; header_2_text_shadow_blur_strength_tablet=&#8220;1px&#8220; header_3_text_shadow_horizontal_length=&#8220;header_3_text_shadow_style,%91object Object%93&#8243; header_3_text_shadow_horizontal_length_tablet=&#8220;0px&#8220; header_3_text_shadow_vertical_length=&#8220;header_3_text_shadow_style,%91object Object%93&#8243; header_3_text_shadow_vertical_length_tablet=&#8220;0px&#8220; header_3_text_shadow_blur_strength=&#8220;header_3_text_shadow_style,%91object Object%93&#8243; header_3_text_shadow_blur_strength_tablet=&#8220;1px&#8220; header_4_text_shadow_horizontal_length=&#8220;header_4_text_shadow_style,%91object Object%93&#8243; header_4_text_shadow_horizontal_length_tablet=&#8220;0px&#8220; header_4_text_shadow_vertical_length=&#8220;header_4_text_shadow_style,%91object Object%93&#8243; header_4_text_shadow_vertical_length_tablet=&#8220;0px&#8220; header_4_text_shadow_blur_strength=&#8220;header_4_text_shadow_style,%91object Object%93&#8243; header_4_text_shadow_blur_strength_tablet=&#8220;1px&#8220; header_5_text_shadow_horizontal_length=&#8220;header_5_text_shadow_style,%91object Object%93&#8243; header_5_text_shadow_horizontal_length_tablet=&#8220;0px&#8220; header_5_text_shadow_vertical_length=&#8220;header_5_text_shadow_style,%91object Object%93&#8243; header_5_text_shadow_vertical_length_tablet=&#8220;0px&#8220; header_5_text_shadow_blur_strength=&#8220;header_5_text_shadow_style,%91object Object%93&#8243; header_5_text_shadow_blur_strength_tablet=&#8220;1px&#8220; header_6_text_shadow_horizontal_length=&#8220;header_6_text_shadow_style,%91object Object%93&#8243; header_6_text_shadow_horizontal_length_tablet=&#8220;0px&#8220; header_6_text_shadow_vertical_length=&#8220;header_6_text_shadow_style,%91object Object%93&#8243; header_6_text_shadow_vertical_length_tablet=&#8220;0px&#8220; header_6_text_shadow_blur_strength=&#8220;header_6_text_shadow_style,%91object Object%93&#8243; header_6_text_shadow_blur_strength_tablet=&#8220;1px&#8220; box_shadow_horizontal_tablet=&#8220;0px&#8220; box_shadow_vertical_tablet=&#8220;0px&#8220; box_shadow_blur_tablet=&#8220;40px&#8220; box_shadow_spread_tablet=&#8220;0px&#8220; vertical_offset_tablet=&#8220;0&#8243; horizontal_offset_tablet=&#8220;0&#8243; z_index_tablet=&#8220;0&#8243;]<\/p>\n<p>Familienzentren verstehen sich als Anlaufstelle f\u00fcr alle Familien im Stadtteil, so dass kurze Wege und schnelle Hilfe bei Fragen und Problemen in Bezug Kinder, Eltern bzw. Familie m\u00f6glich werden.<\/p>\n<p>Somit sind wir als Familienzentrum mit anderen wichtigen Beratungss-, Hilfs- und Freizeitangeboten vernetzt.<\/p>\n<p>Durch den Verbund der Kitas Mumm \u2013 Kids und MaxiMumm stehen den Eltern zus\u00e4tzlich zu den Angeboten des Einzugsgebietes der eigenen Kita auch die der Verbundkita zur Verf\u00fcgung. Somit erh\u00f6ht sich die Vielfalt der Angebote.<\/p>\n<p>Es finden regelm\u00e4\u00dfig Angebote statt zu Themen der Erziehung, z.B. Windelentw\u00f6hnung oder Konflikte unter Kindern. Auch eine monatlich stattfindende Elternsprechstunde, begleitet von Fr. Leu (Deutscher Kinderschutzbund), ist fest integriert. Diversit\u00e4t und Vielfalt wird bei uns \u201egro\u00df\u201c geschrieben. J\u00e4hrlich feiern wir die unterschiedlichsten Feste, wie z.B. das Zuckerfest, St. Martin, etc.<\/p>\n<p>Durch unsere Kooperation mit ortsans\u00e4ssigen Ergotherapeuten und Logop\u00e4den haben wir die M\u00f6glichkeit, diese als Ansprechpartner f\u00fcr Sie und f\u00fcr uns zur Verf\u00fcgung zu stellen. Sollte ihr Kind Ergotherapie oder Logop\u00e4die ben\u00f6tigen, k\u00f6nnen diese Therapieeinheiten w\u00e4hrend der Kindergartenzeit in unserer Einrichtung stattfinden.<\/p>\n<p>Brauchen Sie Unterst\u00fctzung beim Ausf\u00fcllen von Formularen oder haben Sie Fragen, z.B. zu Bildung und Teilhabe, sprechen Sie uns an. Bei Bedarf begleiten wir Sie bei Beh\u00f6rdeng\u00e4ngen.<\/p>\n<p>Durch die gute Zusammenarbeit mit unserem Verbundpartner Maximumm haben wir die M\u00f6glichkeit, Ihnen auch w\u00e4hrend unserer Schlie\u00dfzeiten Betreuung anbieten zu k\u00f6nnen. Sprechen Sie uns gerne dazu an.<\/p>\n<p>Auch bei der Vermittlung eines Babysitters sind wir Ihnen gerne behilflich.<\/p>\n<p>Zus\u00e4tzlich zu unseren Angeboten in der Kita (f\u00fcr Ihre Kinder), bieten wir kontinuierlich Angebote f\u00fcr Eltern, Eltern und Kinder, V\u00e4ter, Gro\u00dfeltern, Alleinerziehende, etc. an. Schauen Sie dazu gerne nochmal in unseren Veranstaltungskalender.<\/p>\n<p>F\u00fcr neue Ideen und Impulse sind wir immer offen, sprechen Sie uns dazu an oder senden Sie uns eine Mail.<\/p>\n<p>Informationen zu unseren <a href=\"https:\/\/mumm-mg.de\/mumm-kids\/familienzentrum-kooperationspartner\/\">Kooperationspartnern<\/a> und den <a href=\"https:\/\/mumm-mg.de\/mumm-kids\/familienzentrum-veranstaltungen\/\">aktuellen Angeboten (Veranstaltungen)<\/a> finden Sie auf den entsprechenden Unterseiten \ud83d\ude09<\/p>\n<p>[\/et_pb_text][\/et_pb_column][\/et_pb_row][et_pb_row admin_label=&#8220;row&#8220; make_fullwidth=&#8220;off&#8220; use_custom_width=&#8220;off&#8220; width_unit=&#8220;off&#8220; custom_width_px=&#8220;1080px&#8220; custom_width_percent=&#8220;80%&#8220; use_custom_gutter=&#8220;off&#8220; gutter_width=&#8220;3&#8243; padding_mobile=&#8220;off&#8220; allow_player_pause=&#8220;off&#8220; parallax=&#8220;off&#8220; parallax_method=&#8220;on&#8220; make_equal=&#8220;off&#8220; column_padding_mobile=&#8220;on&#8220; disabled=&#8220;on&#8220; disabled_on=&#8220;on|on|on&#8220; background_position=&#8220;top_left&#8220; background_repeat=&#8220;repeat&#8220; background_size=&#8220;initial&#8220; width=&#8220;80%&#8220; max_width=&#8220;1080px&#8220;][et_pb_column type=&#8220;4_4&#8243; custom_padding__hover=&#8220;|||&#8220; custom_padding=&#8220;|||&#8220;][et_pb_text admin_label=&#8220;Text Familienzentrum&#8220; background_layout=&#8220;light&#8220; text_orientation=&#8220;left&#8220; use_border_color=&#8220;off&#8220; border_style=&#8220;solid&#8220; disabled=&#8220;off&#8220;]<\/p>\n<p>\nSowohl die Kindertagesst\u00e4tten als auch das Familienzentrum haben einen Bildungs- und Betreuungsauftrag. Dieser beinhaltet, die Kinder zu Verantwortungsbereitschaft, Gemeinsinn und Toleranz zu erziehen. Ihre interkulturelle Kompetenz soll gest\u00e4rkt und die kulturellen F\u00e4higkeiten herausgebildet werden.<\/p>\n<p>Ein weiteres herausragendes Anliegen ist die Unterst\u00fctzung beim Aneignen von Wissen und Fertigkeiten in allen Entwicklungsbereichen. Die Kinder werden deshalb in die Gestaltung ihres Alltags in der Einrichtung mit einbezogen. Die individuelle Bildungsf\u00f6rderung wird unter Ber\u00fccksichtigung der unterschiedlichen Lebenslagen der Kinder und ihrer Eltern, unabh\u00e4ngig von der sozialen Situation, f\u00fcr jedes Kind umgesetzt.<\/p>\n<p>Im Jahr 2013 gr\u00fcndete der MUMM &#8211; Bildungs- und Qualifizierungszentrum, Schwerpunkt Frauen e.V., die MUMM-Familienservice gGmbH die ab dem 01.08.2014 die Betriebstr\u00e4gerschaft des Mummi \u00fcbernommen hat. Wir setzen uns f\u00fcr die Vereinbarkeit von Familie und Beruf und f\u00fcr passgenaue Betreuungsangebote f\u00fcr Kinder ein. Dabei richtet sich das Augenmerk auf die gesamte Familie, der Fokus liegt mit einem besonderen Schwerpunkt auf Frauen, die trotz Kindern berufst\u00e4tig sein wollen, Berufsr\u00fcckkehrerinnen und Alleinerziehende.<\/p>\n<p>Als Tr\u00e4ger verschiedener Angebote zur Vereinbarkeit von Familie und Beruf sind wir bestrebt, uns so zu verhalten und unsere Angebote so weiterzuentwickeln, dass jeder Mensch und jedes Kind gleiche Chancen auf ein Leben in W\u00fcrde hat. Wir setzen uns ein f\u00fcr eine Kultur des Zusammenlebens in gemeinsamer Solidarit\u00e4t, unabh\u00e4ngig von konfessionellen und parteipolitischen Bindungen, legen gro\u00dfen Wert auf Mitbestimmung, Mitwirkung und Engagement der Elternschaft.<\/p>\n<p>Als Tr\u00e4ger wollen wir zur Vereinbarkeit von Familie und Beruf beitragen durch bedarfsgerechte \u00d6ffnungszeiten und Angebote f\u00fcr alle Altersgruppen sowie Angebote f\u00fcr besondere Zielgruppen, Alleinerziehende oder z.B. f\u00fcr Familien mit Migrationshintergrund, Familien mit behinderten Kindern oder benachteiligte Familien und ihre Kinder.<\/p>\n<p>Unser Kinder- und Familienzentrum hat einen Bildungs- und Betreuungsauftrag. Dieser beinhaltet, die Kinder zu Verantwortungsbereitschaft, Gemeinsinn und Toleranz zu erziehen. Ihre interkulturelle Kompetenz soll gest\u00e4rkt und die kulturellen F\u00e4higkeiten herausgebildet werden.<\/p>\n<p>Ein weiteres herausragendes Anliegen ist die Unterst\u00fctzung beim Aneignen von Wissen und Fertigkeiten in allen Entwicklungsbereichen. Die Kinder werden deshalb in die Gestaltung ihres Alltags in der Einrichtung mit einbezogen. Die individuelle Bildungsf\u00f6rderung wird unter Ber\u00fccksichtigung der unterschiedlichen Lebenslagen der Kinder und ihrer Eltern, unabh\u00e4ngig von der sozialen Situation, f\u00fcr jedes Kind umgesetzt. Wir reagieren auf die Bed\u00fcrfnisse vor Ort, bieten Vernetzungsm\u00f6glichkeiten und passgenaue Hilfsangebote.<\/p>\n<p>Dabei richten sich die Angebote nicht nur an die Kinder, die die Einrichtung besuchen und deren Eltern, wir sind offen f\u00fcr allen interessierten Familien im Umfeld und laden sie herzlich ein. Sie k\u00f6nnen gerne w\u00e4hrend unserer \u00d6ffnungszeiten vorbeischauen oder Sie rufen uns unter der Tel. Nr. 02166 \u2013 619760 an.<\/p>\n<p>Unser Kinder- und Familienzentrum besuchen 54 Kinder von 0 bis 6 Jahren. Ge\u00f6ffnet haben wir montags bis freitags von 07:00 bis 17:00 Uhr. Die Kinder werden von qualifizierten Mitarbeiterinnen betreut und individuell gef\u00f6rdert.<\/p>\n<p>&nbsp;<\/p>\n<p><strong>Unsere Schwerpunkte sind:<\/strong><\/p>\n<ul>\n<li>Beratung und Unterst\u00fctzung von Eltern und Familien<\/li>\n<li>Begegnungsm\u00f6glichkeiten<\/li>\n<li>Fr\u00fche Hilfen<\/li>\n<li>Kindertagespflege<\/li>\n<li>Familienbildung<\/li>\n<li>Vereinbarkeit von Familie und Beruf<\/li>\n<li>Gesundheits- und Bewegungsf\u00f6rderung<\/li>\n<\/ul>\n<p>[\/et_pb_text][\/et_pb_column][\/et_pb_row][\/et_pb_section]<\/p>\n","protected":false},"excerpt":{"rendered":"<p>Familienzentrum Das Gl\u00fcck unserer Erde, liegt in den H\u00e4nden unserer Kinder. \u201eKinder sollten mehr spielen, als viele Kinder es heutzutage tun.Denn wenn man gen\u00fcgend spielt, solange man jung ist,dann tr\u00e4gt man Sch\u00e4tze mit sich herum,aus denen man sp\u00e4ter sein Leben lang sch\u00f6pfen kann.Dann wei\u00df man, in sich eine warme Welt zu haben,die einem Kraft gibt, [&hellip;]<\/p>\n","protected":false},"author":1,"featured_media":0,"parent":0,"menu_order":0,"comment_status":"closed","ping_status":"closed","template":"","meta":{"_et_pb_use_builder":"on","_et_pb_old_content":"<p>Familienzentrum<\/p>","_et_gb_content_width":"","footnotes":""},"_links":{"self":[{"href":"https:\/\/mumm-mg.de\/mumm-kids\/wp-json\/wp\/v2\/pages\/46"}],"collection":[{"href":"https:\/\/mumm-mg.de\/mumm-kids\/wp-json\/wp\/v2\/pages"}],"about":[{"href":"https:\/\/mumm-mg.de\/mumm-kids\/wp-json\/wp\/v2\/types\/page"}],"author":[{"embeddable":true,"href":"https:\/\/mumm-mg.de\/mumm-kids\/wp-json\/wp\/v2\/users\/1"}],"replies":[{"embeddable":true,"href":"https:\/\/mumm-mg.de\/mumm-kids\/wp-json\/wp\/v2\/comments?post=46"}],"version-history":[{"count":11,"href":"https:\/\/mumm-mg.de\/mumm-kids\/wp-json\/wp\/v2\/pages\/46\/revisions"}],"predecessor-version":[{"id":2987,"href":"https:\/\/mumm-mg.de\/mumm-kids\/wp-json\/wp\/v2\/pages\/46\/revisions\/2987"}],"wp:attachment":[{"href":"https:\/\/mumm-mg.de\/mumm-kids\/wp-json\/wp\/v2\/media?parent=46"}],"curies":[{"name":"wp","href":"https:\/\/api.w.org\/{rel}","templated":true}]}}