{"id":264,"date":"2017-03-02T14:57:54","date_gmt":"2017-03-02T13:57:54","guid":{"rendered":"https:\/\/mumm-mg.de\/mummerland\/?page_id=264"},"modified":"2025-02-24T09:36:35","modified_gmt":"2025-02-24T08:36:35","slug":"veranstaltungen","status":"publish","type":"page","link":"https:\/\/mumm-mg.de\/mummerland\/veranstaltungen\/","title":{"rendered":"Termine"},"content":{"rendered":"<p>[et_pb_section fb_built=&#8220;1&#8243; fullwidth=&#8220;on&#8220; custom_padding_last_edited=&#8220;on|desktop&#8220; module_id=&#8220;header-bild-mumm&#8220; _builder_version=&#8220;3.22&#8243; custom_margin=&#8220;-35px||29px|||&#8220; custom_padding_tablet=&#8220;50px|0|50px|0&#8243; custom_padding_phone=&#8220;&#8220; transparent_background=&#8220;off&#8220; padding_mobile=&#8220;off&#8220; make_fullwidth=&#8220;off&#8220; use_custom_width=&#8220;off&#8220; width_unit=&#8220;off&#8220; global_module=&#8220;95&#8243; locked=&#8220;off&#8220; global_colors_info=&#8220;{}&#8220;][et_pb_fullwidth_slider use_bg_overlay=&#8220;off&#8220; use_text_overlay=&#8220;off&#8220; _builder_version=&#8220;4.20.2&#8243; z_index_tablet=&#8220;500&#8243; header_text_shadow_horizontal_length_tablet=&#8220;0px&#8220; header_text_shadow_vertical_length_tablet=&#8220;0px&#8220; header_text_shadow_blur_strength_tablet=&#8220;1px&#8220; body_text_shadow_horizontal_length_tablet=&#8220;0px&#8220; body_text_shadow_vertical_length_tablet=&#8220;0px&#8220; body_text_shadow_blur_strength_tablet=&#8220;1px&#8220; body_link_text_shadow_horizontal_length_tablet=&#8220;0px&#8220; body_link_text_shadow_vertical_length_tablet=&#8220;0px&#8220; body_link_text_shadow_blur_strength_tablet=&#8220;1px&#8220; body_ul_text_shadow_horizontal_length_tablet=&#8220;0px&#8220; body_ul_text_shadow_vertical_length_tablet=&#8220;0px&#8220; body_ul_text_shadow_blur_strength_tablet=&#8220;1px&#8220; body_ol_text_shadow_horizontal_length_tablet=&#8220;0px&#8220; body_ol_text_shadow_vertical_length_tablet=&#8220;0px&#8220; body_ol_text_shadow_blur_strength_tablet=&#8220;1px&#8220; body_quote_text_shadow_horizontal_length_tablet=&#8220;0px&#8220; body_quote_text_shadow_vertical_length_tablet=&#8220;0px&#8220; body_quote_text_shadow_blur_strength_tablet=&#8220;1px&#8220; button_text_shadow_horizontal_length_tablet=&#8220;0px&#8220; button_text_shadow_vertical_length_tablet=&#8220;0px&#8220; button_text_shadow_blur_strength_tablet=&#8220;1px&#8220; box_shadow_horizontal_tablet=&#8220;0px&#8220; box_shadow_vertical_tablet=&#8220;0px&#8220; box_shadow_blur_tablet=&#8220;40px&#8220; box_shadow_spread_tablet=&#8220;0px&#8220; box_shadow_horizontal_image_tablet=&#8220;0px&#8220; box_shadow_vertical_image_tablet=&#8220;0px&#8220; box_shadow_blur_image_tablet=&#8220;40px&#8220; box_shadow_spread_image_tablet=&#8220;0px&#8220; box_shadow_horizontal_button_tablet=&#8220;0px&#8220; box_shadow_vertical_button_tablet=&#8220;0px&#8220; box_shadow_blur_button_tablet=&#8220;40px&#8220; box_shadow_spread_button_tablet=&#8220;0px&#8220; text_shadow_horizontal_length_tablet=&#8220;0px&#8220; text_shadow_vertical_length_tablet=&#8220;0px&#8220; text_shadow_blur_strength_tablet=&#8220;1px&#8220; global_colors_info=&#8220;{}&#8220;][et_pb_slide use_bg_overlay=&#8220;off&#8220; use_text_overlay=&#8220;off&#8220; _builder_version=&#8220;4.16&#8243; background_image=&#8220;https:\/\/mumm-mg.de\/flummi\/wp-content\/uploads\/sites\/3\/2019\/09\/header2.jpg&#8220; button_on_hover=&#8220;on&#8220; background_color_gradient_direction_tablet=&#8220;180deg&#8220; background_color_gradient_direction_phone=&#8220;180deg&#8220; background_color_gradient_stops_tablet=&#8220;#2b87da 0%|#29c4a9 100%&#8220; background_color_gradient_stops_phone=&#8220;#2b87da 0%|#29c4a9 100%&#8220; background_color_gradient_start_position_tablet=&#8220;0%&#8220; background_color_gradient_start_position_phone=&#8220;0%&#8220; background_color_gradient_end_position_tablet=&#8220;100%&#8220; background_color_gradient_end_position_phone=&#8220;100%&#8220; child_filter_hue_rotate_tablet=&#8220;0deg&#8220; child_filter_hue_rotate_phone=&#8220;0deg&#8220; child_filter_saturate_tablet=&#8220;100%&#8220; child_filter_saturate_phone=&#8220;100%&#8220; child_filter_brightness_tablet=&#8220;100%&#8220; child_filter_brightness_phone=&#8220;100%&#8220; child_filter_contrast_tablet=&#8220;100%&#8220; child_filter_contrast_phone=&#8220;100%&#8220; child_filter_invert_tablet=&#8220;0%&#8220; child_filter_invert_phone=&#8220;0%&#8220; child_filter_sepia_tablet=&#8220;0%&#8220; child_filter_sepia_phone=&#8220;0%&#8220; child_filter_opacity_tablet=&#8220;100%&#8220; child_filter_opacity_phone=&#8220;100%&#8220; child_filter_blur_tablet=&#8220;0px&#8220; child_filter_blur_phone=&#8220;0px&#8220; hover_transition_duration_tablet=&#8220;300ms&#8220; hover_transition_duration_phone=&#8220;300ms&#8220; hover_transition_delay_tablet=&#8220;0ms&#8220; hover_transition_delay_phone=&#8220;0ms&#8220; header_text_shadow_horizontal_length_tablet=&#8220;0px&#8220; header_text_shadow_horizontal_length_phone=&#8220;0px&#8220; header_text_shadow_vertical_length_tablet=&#8220;0px&#8220; header_text_shadow_vertical_length_phone=&#8220;0px&#8220; header_text_shadow_blur_strength_tablet=&#8220;1px&#8220; header_text_shadow_blur_strength_phone=&#8220;1px&#8220; body_text_shadow_horizontal_length_tablet=&#8220;0px&#8220; body_text_shadow_horizontal_length_phone=&#8220;0px&#8220; body_text_shadow_vertical_length_tablet=&#8220;0px&#8220; body_text_shadow_vertical_length_phone=&#8220;0px&#8220; body_text_shadow_blur_strength_tablet=&#8220;1px&#8220; body_text_shadow_blur_strength_phone=&#8220;1px&#8220; body_link_text_shadow_horizontal_length_tablet=&#8220;0px&#8220; body_link_text_shadow_horizontal_length_phone=&#8220;0px&#8220; body_link_text_shadow_vertical_length_tablet=&#8220;0px&#8220; body_link_text_shadow_vertical_length_phone=&#8220;0px&#8220; body_link_text_shadow_blur_strength_tablet=&#8220;1px&#8220; body_link_text_shadow_blur_strength_phone=&#8220;1px&#8220; body_ul_text_shadow_horizontal_length_tablet=&#8220;0px&#8220; body_ul_text_shadow_horizontal_length_phone=&#8220;0px&#8220; body_ul_text_shadow_vertical_length_tablet=&#8220;0px&#8220; body_ul_text_shadow_vertical_length_phone=&#8220;0px&#8220; body_ul_text_shadow_blur_strength_tablet=&#8220;1px&#8220; body_ul_text_shadow_blur_strength_phone=&#8220;1px&#8220; body_ol_text_shadow_horizontal_length_tablet=&#8220;0px&#8220; body_ol_text_shadow_horizontal_length_phone=&#8220;0px&#8220; body_ol_text_shadow_vertical_length_tablet=&#8220;0px&#8220; body_ol_text_shadow_vertical_length_phone=&#8220;0px&#8220; body_ol_text_shadow_blur_strength_tablet=&#8220;1px&#8220; body_ol_text_shadow_blur_strength_phone=&#8220;1px&#8220; body_quote_text_shadow_horizontal_length_tablet=&#8220;0px&#8220; body_quote_text_shadow_horizontal_length_phone=&#8220;0px&#8220; body_quote_text_shadow_vertical_length_tablet=&#8220;0px&#8220; body_quote_text_shadow_vertical_length_phone=&#8220;0px&#8220; body_quote_text_shadow_blur_strength_tablet=&#8220;1px&#8220; body_quote_text_shadow_blur_strength_phone=&#8220;1px&#8220; button_text_shadow_horizontal_length_tablet=&#8220;0px&#8220; button_text_shadow_horizontal_length_phone=&#8220;0px&#8220; button_text_shadow_vertical_length_tablet=&#8220;0px&#8220; button_text_shadow_vertical_length_phone=&#8220;0px&#8220; button_text_shadow_blur_strength_tablet=&#8220;1px&#8220; button_text_shadow_blur_strength_phone=&#8220;1px&#8220; box_shadow_horizontal_image_tablet=&#8220;0px&#8220; box_shadow_horizontal_image_phone=&#8220;0px&#8220; box_shadow_vertical_image_tablet=&#8220;0px&#8220; box_shadow_vertical_image_phone=&#8220;0px&#8220; box_shadow_blur_image_tablet=&#8220;40px&#8220; box_shadow_blur_image_phone=&#8220;40px&#8220; box_shadow_spread_image_tablet=&#8220;0px&#8220; box_shadow_spread_image_phone=&#8220;0px&#8220; box_shadow_horizontal_button_tablet=&#8220;0px&#8220; box_shadow_horizontal_button_phone=&#8220;0px&#8220; box_shadow_vertical_button_tablet=&#8220;0px&#8220; box_shadow_vertical_button_phone=&#8220;0px&#8220; box_shadow_blur_button_tablet=&#8220;40px&#8220; box_shadow_blur_button_phone=&#8220;40px&#8220; box_shadow_spread_button_tablet=&#8220;0px&#8220; box_shadow_spread_button_phone=&#8220;0px&#8220; text_shadow_horizontal_length_tablet=&#8220;0px&#8220; text_shadow_horizontal_length_phone=&#8220;0px&#8220; text_shadow_vertical_length_tablet=&#8220;0px&#8220; text_shadow_vertical_length_phone=&#8220;0px&#8220; text_shadow_blur_strength_tablet=&#8220;1px&#8220; text_shadow_blur_strength_phone=&#8220;1px&#8220; global_colors_info=&#8220;{}&#8220; sticky_transition=&#8220;on&#8220;][\/et_pb_slide][\/et_pb_fullwidth_slider][\/et_pb_section][et_pb_section fb_built=&#8220;1&#8243; admin_label=&#8220;section&#8220; _builder_version=&#8220;4.16&#8243; background_color=&#8220;rgba(255,255,255,0)&#8220; transparent_background=&#8220;on&#8220; global_colors_info=&#8220;{}&#8220;][et_pb_row column_structure=&#8220;2_3,1_3&#8243; padding_mobile=&#8220;off&#8220; column_padding_mobile=&#8220;on&#8220; admin_label=&#8220;row&#8220; _builder_version=&#8220;4.16&#8243; background_size=&#8220;initial&#8220; background_position=&#8220;top_left&#8220; background_repeat=&#8220;repeat&#8220; global_colors_info=&#8220;{}&#8220;][et_pb_column type=&#8220;2_3&#8243; _builder_version=&#8220;4.16&#8243; custom_padding=&#8220;|||&#8220; global_colors_info=&#8220;{}&#8220; custom_padding__hover=&#8220;|||&#8220;][et_pb_text admin_label=&#8220;\u00dcberschrift Veranstaltungen&#8220; _builder_version=&#8220;4.20.2&#8243; background_size=&#8220;initial&#8220; background_position=&#8220;top_left&#8220; background_repeat=&#8220;repeat&#8220; use_border_color=&#8220;off&#8220; border_style=&#8220;solid&#8220; global_colors_info=&#8220;{}&#8220;]<\/p>\n<h1><span class=\"h1-text\">Veranstaltungen im Mummerland<\/span><\/h1>\n<p>&nbsp;<\/p>\n<p>&nbsp;<\/p>\n<p>[\/et_pb_text][\/et_pb_column][et_pb_column type=&#8220;1_3&#8243; _builder_version=&#8220;4.16&#8243; custom_padding=&#8220;|||&#8220; global_colors_info=&#8220;{}&#8220; custom_padding__hover=&#8220;|||&#8220;][\/et_pb_column][\/et_pb_row][et_pb_row admin_label=&#8220;row&#8220; _builder_version=&#8220;4.20.2&#8243; background_size=&#8220;initial&#8220; background_position=&#8220;top_left&#8220; background_repeat=&#8220;repeat&#8220; global_colors_info=&#8220;{}&#8220;][et_pb_column type=&#8220;4_4&#8243; _builder_version=&#8220;4.16&#8243; custom_padding=&#8220;|||&#8220; global_colors_info=&#8220;{}&#8220; custom_padding__hover=&#8220;|||&#8220;][et_pb_toggle title=&#8220;Termine 2023\/2024&#8243; open_toggle_text_color=&#8220;#ad163f&#8220; open_toggle_background_color=&#8220;#fce4b0&#8243; closed_toggle_text_color=&#8220;#ad163f&#8220; closed_toggle_background_color=&#8220;#fce4b0&#8243; icon_color=&#8220;#ad163f&#8220; open_icon_color=&#8220;#ad163f&#8220; _builder_version=&#8220;4.20.2&#8243; title_text_color=&#8220;#e02b20&#8243; background_color=&#8220;#ffffff&#8220; background_size=&#8220;initial&#8220; background_position=&#8220;top_left&#8220; background_repeat=&#8220;repeat&#8220; hover_enabled=&#8220;0&#8243; use_border_color=&#8220;off&#8220; border_color=&#8220;#ffffff&#8220; border_width=&#8220;1px&#8220; border_style=&#8220;solid&#8220; saved_tabs=&#8220;all&#8220; global_colors_info=&#8220;{}&#8220; sticky_enabled=&#8220;0&#8243;]<\/p>\n<h3>Termine 2024<\/h3>\n<ul>\n<li>01.02. Infoveranstaltung Schulden<\/li>\n<li>09.02.Karnevalsfeier im Mummerland<\/li>\n<li>12.02. + 13.02. Schlie\u00dftage<\/li>\n<li>25.02. Eltern-Tr\u00f6delmarkt im Mummerland<\/li>\n<li>28.02. + 29.02. Besuch der Vorschulkinder in der Stadtbibliothek<\/li>\n<li>20.03 V\u00e4terabend<\/li>\n<li>21.03. Backen mit Kathi im FZ<\/li>\n<li>28.03. Osterfest im Mummerland<\/li>\n<li>11.04. Verkehrspolizistin Miri kommt f\u00fcr die Vorschulkinder<\/li>\n<li>15.04. Zuckerfest in Mummerland<\/li>\n<li>19.04. 9:30 Uhr HOME stellt sich im Elterncafe vor<\/li>\n<li>24.04. 13:30 Uhr Vorf\u00fchrung eines Stabtheaters der Vorschulkinder<\/li>\n<li>25.04. 9:30 Uhzr Vorf\u00fchrung eines Stabtheaters der Vorschulkinder<\/li>\n<li>26.04. Filzen mit Frau Dahl im FZ<\/li>\n<li>10.05. Tanzen mit Eltern in der Tanz-AG<\/li>\n<li>13.05.Elternabend Thema Medien<\/li>\n<li>16.05.+17.05. Der Fotograf kommt ins Mummerland<\/li>\n<li>11.06. V\u00e4terabend<\/li>\n<li>19.06. M\u00fctterabend<\/li>\n<li>01.07. Verabschiedung der Vorschulkinder 17:00 Uhr<\/li>\n<li>15.07. Besuch der Feuerwehr<\/li>\n<li>29.07.-16.08. Schlie\u00dfzeit in den Sommerferien<\/li>\n<li>10.09. Elternworkshop- Gesunder R\u00fccken<\/li>\n<li>20.09. V\u00e4terabend<\/li>\n<li>23.09. Elternabend<\/li>\n<li>17.10. Laternen Basteln mit Eltern <\/li>\n<li>11.11. Eltern-Talk zum Thema Medien<\/li>\n<li>15.11. Vorlese-Tag im Mummerland + St.Martinsfest<\/li>\n<li>19.11. Adventskr\u00e4nze Basteln im FZ<\/li>\n<li>23.11. Tag der offenen T\u00fcr<\/li>\n<li>25.11. FBS Kurs &#8222;Grenzen geben Sicherheit&#8220;<\/li>\n<li>03.12. FBS Kurs &#8222;Essen mit Kindern-Lust oder Frust?&#8220;<\/li>\n<li>04.12. M\u00fctterabend<\/li>\n<li>06.12. Rathaus-Lichter Giesenkirchen<\/li>\n<li>13.12. Weihnachtsmarkt<\/li>\n<\/ul>\n<p>&nbsp;<\/p>\n<p>&nbsp;<\/p>\n<p>&nbsp;<\/p>\n<p>&nbsp;<\/p>\n<p>[\/et_pb_toggle][et_pb_text admin_label=&#8220;Text Veranstaltungsliste&#8220; _builder_version=&#8220;4.20.2&#8243; background_size=&#8220;initial&#8220; background_position=&#8220;top_left&#8220; background_repeat=&#8220;repeat&#8220; hover_enabled=&#8220;0&#8243; use_border_color=&#8220;off&#8220; border_style=&#8220;solid&#8220; global_colors_info=&#8220;{}&#8220; sticky_enabled=&#8220;0&#8243;]<\/p>\n<h3>Zus\u00e4tzliche Veranstaltungen:<\/h3>\n<ul>\n<li>Elternnachmittag<\/li>\n<li>Anmeldetage zum Kennenlernen<\/li>\n<li>Besuch vom Zahnarzt<\/li>\n<li>Besuch vom Polizisten<\/li>\n<li>Besuch der Feuerwehr<\/li>\n<li>w\u00f6chentliche Beratung durch HOME, jeden 2.Montag im Monat von 8:00-9:00 Uhr<\/li>\n<li>Elterncafe monatlich<\/li>\n<li>Erziehungsberatung durch die Beratunggstelle der Stadt M\u00f6nchengladbach, jeden 2.Mittwoch im Monat von 10:00-12:00 Uhr<\/li>\n<\/ul>\n<p>[\/et_pb_text][\/et_pb_column][\/et_pb_row][et_pb_row _builder_version=&#8220;4.16&#8243; background_size=&#8220;initial&#8220; background_position=&#8220;top_left&#8220; background_repeat=&#8220;repeat&#8220; global_colors_info=&#8220;{}&#8220;][et_pb_column type=&#8220;4_4&#8243; _builder_version=&#8220;4.16&#8243; custom_padding=&#8220;|||&#8220; global_colors_info=&#8220;{}&#8220; custom_padding__hover=&#8220;|||&#8220;][\/et_pb_column][\/et_pb_row][\/et_pb_section]<\/p>\n","protected":false},"excerpt":{"rendered":"<p>Veranstaltungen im Mummerland &nbsp; &nbsp;Termine 2024 01.02. Infoveranstaltung Schulden 09.02.Karnevalsfeier im Mummerland 12.02. + 13.02. Schlie\u00dftage 25.02. Eltern-Tr\u00f6delmarkt im Mummerland 28.02. + 29.02. Besuch der Vorschulkinder in der Stadtbibliothek 20.03 V\u00e4terabend 21.03. Backen mit Kathi im FZ 28.03. Osterfest im Mummerland 11.04. Verkehrspolizistin Miri kommt f\u00fcr die Vorschulkinder 15.04. Zuckerfest in Mummerland 19.04. 9:30 Uhr [&hellip;]<\/p>\n","protected":false},"author":10,"featured_media":0,"parent":0,"menu_order":0,"comment_status":"closed","ping_status":"closed","template":"","meta":{"_et_pb_use_builder":"on","_et_pb_old_content":"<ul><li>13. April\u00a0\u00a0\u00a0\u00a0\u00a0 Osterfr\u00fchst\u00fcck<\/li><li>24.Juni \u00a0 \u00a0 \u00a0\u00a0 Sommerfest<\/li><li>07.Juli \u00a0 \u00a0 \u00a0 \u00a0 \u00dcbernachtung der Vorschulis in der Kita<\/li><li>02. Sept. \u00a0 \u00a0 Kennenlernfr\u00fchs\u00fcck<\/li><li>11. Sept. \u00a0 \u00a0 Elternversamlung<\/li><li>06. Nov.\u00a0\u00a0\u00a0\u00a0\u00a0 Sankt Martins Fest<\/li><li>15. Nov.\u00a0\u00a0\u00a0\u00a0\u00a0 Singen im Altenheim<\/li><li>09. Dez.\u00a0\u00a0\u00a0\u00a0\u00a0 Adventswanderung<\/li><li>06. Dez. \u00a0\u00a0\u00a0\u00a0 Nikolausfeier<\/li><li>21. Dez.\u00a0\u00a0\u00a0\u00a0\u00a0 Weihnachtsfeier<\/li><\/ul><p>\u00a0<\/p>","_et_gb_content_width":"","footnotes":""},"_links":{"self":[{"href":"https:\/\/mumm-mg.de\/mummerland\/wp-json\/wp\/v2\/pages\/264"}],"collection":[{"href":"https:\/\/mumm-mg.de\/mummerland\/wp-json\/wp\/v2\/pages"}],"about":[{"href":"https:\/\/mumm-mg.de\/mummerland\/wp-json\/wp\/v2\/types\/page"}],"author":[{"embeddable":true,"href":"https:\/\/mumm-mg.de\/mummerland\/wp-json\/wp\/v2\/users\/10"}],"replies":[{"embeddable":true,"href":"https:\/\/mumm-mg.de\/mummerland\/wp-json\/wp\/v2\/comments?post=264"}],"version-history":[{"count":11,"href":"https:\/\/mumm-mg.de\/mummerland\/wp-json\/wp\/v2\/pages\/264\/revisions"}],"predecessor-version":[{"id":3005,"href":"https:\/\/mumm-mg.de\/mummerland\/wp-json\/wp\/v2\/pages\/264\/revisions\/3005"}],"wp:attachment":[{"href":"https:\/\/mumm-mg.de\/mummerland\/wp-json\/wp\/v2\/media?parent=264"}],"curies":[{"name":"wp","href":"https:\/\/api.w.org\/{rel}","templated":true}]}}