{"id":44,"date":"2016-11-16T15:45:45","date_gmt":"2016-11-16T14:45:45","guid":{"rendered":"https:\/\/mumm-mg.de\/mummgarten\/?page_id=44"},"modified":"2020-01-19T13:28:36","modified_gmt":"2020-01-19T12:28:36","slug":"kontakt","status":"publish","type":"page","link":"https:\/\/mumm-mg.de\/mummgarten\/kontakt\/","title":{"rendered":"Kontakt"},"content":{"rendered":"<p>[et_pb_section fb_built=&#8220;1&#8243; fullwidth=&#8220;on&#8220; custom_padding_last_edited=&#8220;on|desktop&#8220; module_id=&#8220;header-bild-mumm&#8220; _builder_version=&#8220;3.22&#8243; custom_padding_tablet=&#8220;50px|0|50px|0&#8243; custom_padding_phone=&#8220;&#8220; width_unit=&#8220;off&#8220; global_module=&#8220;95&#8243;][et_pb_fullwidth_slider use_bg_overlay=&#8220;off&#8220; use_text_overlay=&#8220;off&#8220; admin_label=&#8220;Gummistiefel&#8220; module_id=&#8220;test1234&#8243; _builder_version=&#8220;3.27.4&#8243; z_index_tablet=&#8220;500&#8243; header_text_shadow_horizontal_length_tablet=&#8220;0px&#8220; header_text_shadow_vertical_length_tablet=&#8220;0px&#8220; header_text_shadow_blur_strength_tablet=&#8220;1px&#8220; body_text_shadow_horizontal_length_tablet=&#8220;0px&#8220; body_text_shadow_vertical_length_tablet=&#8220;0px&#8220; body_text_shadow_blur_strength_tablet=&#8220;1px&#8220; body_link_text_shadow_horizontal_length_tablet=&#8220;0px&#8220; body_link_text_shadow_vertical_length_tablet=&#8220;0px&#8220; body_link_text_shadow_blur_strength_tablet=&#8220;1px&#8220; body_ul_text_shadow_horizontal_length_tablet=&#8220;0px&#8220; body_ul_text_shadow_vertical_length_tablet=&#8220;0px&#8220; body_ul_text_shadow_blur_strength_tablet=&#8220;1px&#8220; body_ol_text_shadow_horizontal_length_tablet=&#8220;0px&#8220; body_ol_text_shadow_vertical_length_tablet=&#8220;0px&#8220; body_ol_text_shadow_blur_strength_tablet=&#8220;1px&#8220; body_quote_text_shadow_horizontal_length_tablet=&#8220;0px&#8220; body_quote_text_shadow_vertical_length_tablet=&#8220;0px&#8220; body_quote_text_shadow_blur_strength_tablet=&#8220;1px&#8220; button_text_shadow_horizontal_length_tablet=&#8220;0px&#8220; button_text_shadow_vertical_length_tablet=&#8220;0px&#8220; button_text_shadow_blur_strength_tablet=&#8220;1px&#8220; box_shadow_horizontal_tablet=&#8220;0px&#8220; box_shadow_vertical_tablet=&#8220;0px&#8220; box_shadow_blur_tablet=&#8220;40px&#8220; box_shadow_spread_tablet=&#8220;0px&#8220; box_shadow_horizontal_image_tablet=&#8220;0px&#8220; box_shadow_vertical_image_tablet=&#8220;0px&#8220; box_shadow_blur_image_tablet=&#8220;40px&#8220; box_shadow_spread_image_tablet=&#8220;0px&#8220; box_shadow_horizontal_button_tablet=&#8220;0px&#8220; box_shadow_vertical_button_tablet=&#8220;0px&#8220; box_shadow_blur_button_tablet=&#8220;40px&#8220; box_shadow_spread_button_tablet=&#8220;0px&#8220; text_shadow_horizontal_length_tablet=&#8220;0px&#8220; text_shadow_vertical_length_tablet=&#8220;0px&#8220; text_shadow_blur_strength_tablet=&#8220;1px&#8220; button_text_size__hover_enabled=&#8220;off&#8220; button_text_size__hover=&#8220;null&#8220; button_one_text_size__hover_enabled=&#8220;off&#8220; button_one_text_size__hover=&#8220;null&#8220; button_two_text_size__hover_enabled=&#8220;off&#8220; button_two_text_size__hover=&#8220;null&#8220; button_text_color__hover_enabled=&#8220;off&#8220; button_text_color__hover=&#8220;null&#8220; button_one_text_color__hover_enabled=&#8220;off&#8220; button_one_text_color__hover=&#8220;null&#8220; button_two_text_color__hover_enabled=&#8220;off&#8220; button_two_text_color__hover=&#8220;null&#8220; button_border_width__hover_enabled=&#8220;off&#8220; button_border_width__hover=&#8220;null&#8220; button_one_border_width__hover_enabled=&#8220;off&#8220; button_one_border_width__hover=&#8220;null&#8220; button_two_border_width__hover_enabled=&#8220;off&#8220; button_two_border_width__hover=&#8220;null&#8220; button_border_color__hover_enabled=&#8220;off&#8220; button_border_color__hover=&#8220;null&#8220; button_one_border_color__hover_enabled=&#8220;off&#8220; button_one_border_color__hover=&#8220;null&#8220; button_two_border_color__hover_enabled=&#8220;off&#8220; button_two_border_color__hover=&#8220;null&#8220; button_border_radius__hover_enabled=&#8220;off&#8220; button_border_radius__hover=&#8220;null&#8220; button_one_border_radius__hover_enabled=&#8220;off&#8220; button_one_border_radius__hover=&#8220;null&#8220; button_two_border_radius__hover_enabled=&#8220;off&#8220; button_two_border_radius__hover=&#8220;null&#8220; button_letter_spacing__hover_enabled=&#8220;off&#8220; button_letter_spacing__hover=&#8220;null&#8220; button_one_letter_spacing__hover_enabled=&#8220;off&#8220; button_one_letter_spacing__hover=&#8220;null&#8220; button_two_letter_spacing__hover_enabled=&#8220;off&#8220; button_two_letter_spacing__hover=&#8220;null&#8220; button_bg_color__hover_enabled=&#8220;off&#8220; button_bg_color__hover=&#8220;null&#8220; button_one_bg_color__hover_enabled=&#8220;off&#8220; button_one_bg_color__hover=&#8220;null&#8220; button_two_bg_color__hover_enabled=&#8220;off&#8220; button_two_bg_color__hover=&#8220;null&#8220;][et_pb_slide use_bg_overlay=&#8220;off&#8220; use_text_overlay=&#8220;off&#8220; _builder_version=&#8220;3.27.4&#8243; background_image=&#8220;https:\/\/mumm-mg.de\/wp-content\/uploads\/2019\/09\/header2-1.jpg&#8220; button_on_hover=&#8220;on&#8220; background_color_gradient_direction_tablet=&#8220;180deg&#8220; background_color_gradient_direction_phone=&#8220;180deg&#8220; background_color_gradient_start_position_tablet=&#8220;0%&#8220; background_color_gradient_start_position_phone=&#8220;0%&#8220; background_color_gradient_end_position_tablet=&#8220;100%&#8220; background_color_gradient_end_position_phone=&#8220;100%&#8220; child_filter_hue_rotate_tablet=&#8220;0deg&#8220; child_filter_hue_rotate_phone=&#8220;0deg&#8220; child_filter_saturate_tablet=&#8220;100%&#8220; child_filter_saturate_phone=&#8220;100%&#8220; child_filter_brightness_tablet=&#8220;100%&#8220; child_filter_brightness_phone=&#8220;100%&#8220; child_filter_contrast_tablet=&#8220;100%&#8220; child_filter_contrast_phone=&#8220;100%&#8220; child_filter_invert_tablet=&#8220;0%&#8220; child_filter_invert_phone=&#8220;0%&#8220; child_filter_sepia_tablet=&#8220;0%&#8220; child_filter_sepia_phone=&#8220;0%&#8220; child_filter_opacity_tablet=&#8220;100%&#8220; child_filter_opacity_phone=&#8220;100%&#8220; child_filter_blur_tablet=&#8220;0px&#8220; child_filter_blur_phone=&#8220;0px&#8220; hover_transition_duration_tablet=&#8220;300ms&#8220; hover_transition_duration_phone=&#8220;300ms&#8220; hover_transition_delay_tablet=&#8220;0ms&#8220; hover_transition_delay_phone=&#8220;0ms&#8220; header_text_shadow_horizontal_length_tablet=&#8220;0em&#8220; header_text_shadow_horizontal_length_phone=&#8220;0em&#8220; header_text_shadow_vertical_length_tablet=&#8220;0em&#8220; header_text_shadow_vertical_length_phone=&#8220;0em&#8220; header_text_shadow_blur_strength_tablet=&#8220;0em&#8220; header_text_shadow_blur_strength_phone=&#8220;0em&#8220; body_text_shadow_horizontal_length_tablet=&#8220;0em&#8220; body_text_shadow_horizontal_length_phone=&#8220;0em&#8220; body_text_shadow_vertical_length_tablet=&#8220;0em&#8220; body_text_shadow_vertical_length_phone=&#8220;0em&#8220; body_text_shadow_blur_strength_tablet=&#8220;0em&#8220; body_text_shadow_blur_strength_phone=&#8220;0em&#8220; body_link_text_shadow_horizontal_length_tablet=&#8220;0px&#8220; body_link_text_shadow_horizontal_length_phone=&#8220;0px&#8220; body_link_text_shadow_vertical_length_tablet=&#8220;0px&#8220; body_link_text_shadow_vertical_length_phone=&#8220;0px&#8220; body_link_text_shadow_blur_strength_tablet=&#8220;1px&#8220; body_link_text_shadow_blur_strength_phone=&#8220;1px&#8220; body_ul_text_shadow_horizontal_length_tablet=&#8220;0px&#8220; body_ul_text_shadow_horizontal_length_phone=&#8220;0px&#8220; body_ul_text_shadow_vertical_length_tablet=&#8220;0px&#8220; body_ul_text_shadow_vertical_length_phone=&#8220;0px&#8220; body_ul_text_shadow_blur_strength_tablet=&#8220;1px&#8220; body_ul_text_shadow_blur_strength_phone=&#8220;1px&#8220; body_ol_text_shadow_horizontal_length_tablet=&#8220;0px&#8220; body_ol_text_shadow_horizontal_length_phone=&#8220;0px&#8220; body_ol_text_shadow_vertical_length_tablet=&#8220;0px&#8220; body_ol_text_shadow_vertical_length_phone=&#8220;0px&#8220; body_ol_text_shadow_blur_strength_tablet=&#8220;1px&#8220; body_ol_text_shadow_blur_strength_phone=&#8220;1px&#8220; body_quote_text_shadow_horizontal_length_tablet=&#8220;0px&#8220; body_quote_text_shadow_horizontal_length_phone=&#8220;0px&#8220; body_quote_text_shadow_vertical_length_tablet=&#8220;0px&#8220; body_quote_text_shadow_vertical_length_phone=&#8220;0px&#8220; body_quote_text_shadow_blur_strength_tablet=&#8220;1px&#8220; body_quote_text_shadow_blur_strength_phone=&#8220;1px&#8220; button_text_shadow_horizontal_length_tablet=&#8220;0em&#8220; button_text_shadow_horizontal_length_phone=&#8220;0em&#8220; button_text_shadow_vertical_length_tablet=&#8220;0em&#8220; button_text_shadow_vertical_length_phone=&#8220;0em&#8220; button_text_shadow_blur_strength_tablet=&#8220;0em&#8220; button_text_shadow_blur_strength_phone=&#8220;0em&#8220; box_shadow_horizontal_image_tablet=&#8220;0px&#8220; box_shadow_horizontal_image_phone=&#8220;0px&#8220; box_shadow_vertical_image_tablet=&#8220;0px&#8220; box_shadow_vertical_image_phone=&#8220;0px&#8220; box_shadow_blur_image_tablet=&#8220;40px&#8220; box_shadow_blur_image_phone=&#8220;40px&#8220; box_shadow_spread_image_tablet=&#8220;0px&#8220; box_shadow_spread_image_phone=&#8220;0px&#8220; box_shadow_horizontal_button_tablet=&#8220;0px&#8220; box_shadow_horizontal_button_phone=&#8220;0px&#8220; box_shadow_vertical_button_tablet=&#8220;0px&#8220; box_shadow_vertical_button_phone=&#8220;0px&#8220; box_shadow_blur_button_tablet=&#8220;40px&#8220; box_shadow_blur_button_phone=&#8220;40px&#8220; box_shadow_spread_button_tablet=&#8220;0px&#8220; box_shadow_spread_button_phone=&#8220;0px&#8220; text_shadow_horizontal_length_tablet=&#8220;0em&#8220; text_shadow_horizontal_length_phone=&#8220;0em&#8220; text_shadow_vertical_length_tablet=&#8220;0em&#8220; text_shadow_vertical_length_phone=&#8220;0em&#8220; text_shadow_blur_strength_tablet=&#8220;0em&#8220; text_shadow_blur_strength_phone=&#8220;0em&#8220;][\/et_pb_slide][\/et_pb_fullwidth_slider][\/et_pb_section][et_pb_section fb_built=&#8220;1&#8243; admin_label=&#8220;section&#8220; _builder_version=&#8220;3.22&#8243; background_color=&#8220;rgba(255,255,255,0)&#8220; custom_padding=&#8220;||0px|&#8220; transparent_background=&#8220;on&#8220;][et_pb_row padding_mobile=&#8220;off&#8220; column_padding_mobile=&#8220;on&#8220; admin_label=&#8220;row&#8220; _builder_version=&#8220;3.25&#8243; background_size=&#8220;initial&#8220; background_position=&#8220;top_left&#8220; background_repeat=&#8220;repeat&#8220;][et_pb_column type=&#8220;4_4&#8243; _builder_version=&#8220;3.25&#8243; custom_padding=&#8220;|||&#8220; custom_padding__hover=&#8220;|||&#8220;][et_pb_text admin_label=&#8220;\u00dcberschrift Kontakt&#8220; _builder_version=&#8220;3.27.4&#8243; background_size=&#8220;initial&#8220; background_position=&#8220;top_left&#8220; background_repeat=&#8220;repeat&#8220; use_border_color=&#8220;off&#8220;]<\/p>\n<h1><span class=\"h1-text\">Ihr Kontakt zum Mummgarten<br \/><\/span><\/h1>\n<p>[\/et_pb_text][\/et_pb_column][\/et_pb_row][\/et_pb_section][et_pb_section fb_built=&#8220;1&#8243; admin_label=&#8220;section&#8220; _builder_version=&#8220;3.22&#8243; background_color=&#8220;rgba(255,255,255,0)&#8220; custom_padding=&#8220;0px|||&#8220; transparent_background=&#8220;on&#8220;][et_pb_row column_structure=&#8220;2_3,1_3&#8243; _builder_version=&#8220;3.25&#8243; background_size=&#8220;initial&#8220; background_position=&#8220;top_left&#8220; background_repeat=&#8220;repeat&#8220;][et_pb_column type=&#8220;2_3&#8243; _builder_version=&#8220;3.25&#8243; custom_padding=&#8220;|||&#8220; custom_padding__hover=&#8220;|||&#8220;][et_pb_contact_form email=&#8220;mummgarten@mumm-mg.de&#8220; custom_message=&#8220;Eine Nachricht vom Kontaktformular!||et_pb_line_break_holder||Name: %%Name%%||et_pb_line_break_holder||E-Mail-Adresse: %%Email%%||et_pb_line_break_holder||||et_pb_line_break_holder||Nachricht: %%Message%%||et_pb_line_break_holder||||et_pb_line_break_holder||DSE gelesen?||et_pb_line_break_holder||%%check%%&#8220; module_id=&#8220;et_pb_contact_form_0&#8243; _builder_version=&#8220;3.21&#8243; border_radii=&#8220;on|0px|0px|0px|0px&#8220; use_border_color=&#8220;off&#8220;][et_pb_contact_field field_id=&#8220;Name&#8220; field_title=&#8220;Name&#8220; _builder_version=&#8220;3.16&#8243; form_field_font=&#8220;||||&#8220; border_radii=&#8220;0&#8243; use_border_color=&#8220;off&#8220; button_text_size__hover_enabled=&#8220;off&#8220; button_one_text_size__hover_enabled=&#8220;off&#8220; button_two_text_size__hover_enabled=&#8220;off&#8220; button_text_color__hover_enabled=&#8220;off&#8220; button_one_text_color__hover_enabled=&#8220;off&#8220; button_two_text_color__hover_enabled=&#8220;off&#8220; button_border_width__hover_enabled=&#8220;off&#8220; button_one_border_width__hover_enabled=&#8220;off&#8220; button_two_border_width__hover_enabled=&#8220;off&#8220; button_border_color__hover_enabled=&#8220;off&#8220; button_one_border_color__hover_enabled=&#8220;off&#8220; button_two_border_color__hover_enabled=&#8220;off&#8220; button_border_radius__hover_enabled=&#8220;off&#8220; button_one_border_radius__hover_enabled=&#8220;off&#8220; button_two_border_radius__hover_enabled=&#8220;off&#8220; button_letter_spacing__hover_enabled=&#8220;off&#8220; button_one_letter_spacing__hover_enabled=&#8220;off&#8220; button_two_letter_spacing__hover_enabled=&#8220;off&#8220; button_bg_color__hover_enabled=&#8220;off&#8220; button_one_bg_color__hover_enabled=&#8220;off&#8220; button_two_bg_color__hover_enabled=&#8220;off&#8220;][\/et_pb_contact_field][et_pb_contact_field field_id=&#8220;Email&#8220; field_title=&#8220;E-Mail-Adresse&#8220; field_type=&#8220;email&#8220; _builder_version=&#8220;3.16&#8243; form_field_font=&#8220;||||&#8220; border_radii=&#8220;0&#8243; use_border_color=&#8220;off&#8220; button_text_size__hover_enabled=&#8220;off&#8220; button_one_text_size__hover_enabled=&#8220;off&#8220; button_two_text_size__hover_enabled=&#8220;off&#8220; button_text_color__hover_enabled=&#8220;off&#8220; button_one_text_color__hover_enabled=&#8220;off&#8220; button_two_text_color__hover_enabled=&#8220;off&#8220; button_border_width__hover_enabled=&#8220;off&#8220; button_one_border_width__hover_enabled=&#8220;off&#8220; button_two_border_width__hover_enabled=&#8220;off&#8220; button_border_color__hover_enabled=&#8220;off&#8220; button_one_border_color__hover_enabled=&#8220;off&#8220; button_two_border_color__hover_enabled=&#8220;off&#8220; button_border_radius__hover_enabled=&#8220;off&#8220; button_one_border_radius__hover_enabled=&#8220;off&#8220; button_two_border_radius__hover_enabled=&#8220;off&#8220; button_letter_spacing__hover_enabled=&#8220;off&#8220; button_one_letter_spacing__hover_enabled=&#8220;off&#8220; button_two_letter_spacing__hover_enabled=&#8220;off&#8220; button_bg_color__hover_enabled=&#8220;off&#8220; button_one_bg_color__hover_enabled=&#8220;off&#8220; button_two_bg_color__hover_enabled=&#8220;off&#8220;][\/et_pb_contact_field][et_pb_contact_field field_id=&#8220;Message&#8220; field_title=&#8220;Ihre Nachricht&#8220; field_type=&#8220;text&#8220; fullwidth_field=&#8220;on&#8220; _builder_version=&#8220;3.16&#8243; form_field_font=&#8220;||||&#8220; border_radii=&#8220;0&#8243; use_border_color=&#8220;off&#8220; button_text_size__hover_enabled=&#8220;off&#8220; button_one_text_size__hover_enabled=&#8220;off&#8220; button_two_text_size__hover_enabled=&#8220;off&#8220; button_text_color__hover_enabled=&#8220;off&#8220; button_one_text_color__hover_enabled=&#8220;off&#8220; button_two_text_color__hover_enabled=&#8220;off&#8220; button_border_width__hover_enabled=&#8220;off&#8220; button_one_border_width__hover_enabled=&#8220;off&#8220; button_two_border_width__hover_enabled=&#8220;off&#8220; button_border_color__hover_enabled=&#8220;off&#8220; button_one_border_color__hover_enabled=&#8220;off&#8220; button_two_border_color__hover_enabled=&#8220;off&#8220; button_border_radius__hover_enabled=&#8220;off&#8220; button_one_border_radius__hover_enabled=&#8220;off&#8220; button_two_border_radius__hover_enabled=&#8220;off&#8220; button_letter_spacing__hover_enabled=&#8220;off&#8220; button_one_letter_spacing__hover_enabled=&#8220;off&#8220; button_two_letter_spacing__hover_enabled=&#8220;off&#8220; button_bg_color__hover_enabled=&#8220;off&#8220; button_one_bg_color__hover_enabled=&#8220;off&#8220; button_two_bg_color__hover_enabled=&#8220;off&#8220;][\/et_pb_contact_field][et_pb_contact_field field_id=&#8220;check&#8220; field_title=&#8220;Ich habe die Datenschutzerkl\u00e4rung zur Kenntnis genommen. Ich stimme zu, dass meine Angaben und Daten zur Beantwortung meiner Anfrage elektronisch erhoben und gespeichert werden. Hinweis: Sie k\u00f6nnen Ihre Einwilligung jederzeit f\u00fcr die Zukunft per E-Mail an info@mumm-mg.de widerrufen.&#8220; field_type=&#8220;checkbox&#8220; checkbox_options=&#8220;%91{%22value%22:%22Datenschutzerkl\u00e4rung gelesen *%22,%22checked%22:0}%93&#8243; fullwidth_field=&#8220;on&#8220; _builder_version=&#8220;3.16&#8243; button_text_size__hover_enabled=&#8220;off&#8220; button_one_text_size__hover_enabled=&#8220;off&#8220; button_two_text_size__hover_enabled=&#8220;off&#8220; button_text_color__hover_enabled=&#8220;off&#8220; button_one_text_color__hover_enabled=&#8220;off&#8220; button_two_text_color__hover_enabled=&#8220;off&#8220; button_border_width__hover_enabled=&#8220;off&#8220; button_one_border_width__hover_enabled=&#8220;off&#8220; button_two_border_width__hover_enabled=&#8220;off&#8220; button_border_color__hover_enabled=&#8220;off&#8220; button_one_border_color__hover_enabled=&#8220;off&#8220; button_two_border_color__hover_enabled=&#8220;off&#8220; button_border_radius__hover_enabled=&#8220;off&#8220; button_one_border_radius__hover_enabled=&#8220;off&#8220; button_two_border_radius__hover_enabled=&#8220;off&#8220; button_letter_spacing__hover_enabled=&#8220;off&#8220; button_one_letter_spacing__hover_enabled=&#8220;off&#8220; button_two_letter_spacing__hover_enabled=&#8220;off&#8220; button_bg_color__hover_enabled=&#8220;off&#8220; button_one_bg_color__hover_enabled=&#8220;off&#8220; button_two_bg_color__hover_enabled=&#8220;off&#8220;][\/et_pb_contact_field][\/et_pb_contact_form][et_pb_text _builder_version=&#8220;3.27.4&#8243;]<\/p>\n<p>* zur <a href=\"https:\/\/mumm-mg.de\/datenschutzerklaerung\/\">Datenschutzerkl\u00e4rung<\/a><\/p>\n<p>[\/et_pb_text][\/et_pb_column][et_pb_column type=&#8220;1_3&#8243; _builder_version=&#8220;3.25&#8243; custom_padding=&#8220;|||&#8220; custom_padding__hover=&#8220;|||&#8220;][et_pb_text admin_label=&#8220;Text Kontaktangaben&#8220; _builder_version=&#8220;3.27.4&#8243; background_size=&#8220;initial&#8220; background_position=&#8220;top_left&#8220; background_repeat=&#8220;repeat&#8220; use_border_color=&#8220;off&#8220;]<\/p>\n<p>Kindertagesst\u00e4tte MummGarten<br \/>Jacqueline Kl\u00f6ckner<br \/>Bettrather Stra\u00dfe 82<br \/>41061 M\u00f6nchengladbach<\/p>\n<p>Telefon:<br \/><span class=\"et-info-phone\">\u00a002166 \/ 9893824<\/span><\/p>\n<p>KiTa-Handy (Wandergruppe):<br \/><span class=\"et-info-phone\">\u00a00157 \/ 30689677<\/span><\/p>\n<p>E-Mail:<br \/><a href=\"mailto:mummpelstilzchen@mumm-mg.de\"><span class=\"et-info-email\">\u00a0mummgarten@mumm-mg.de<\/span><\/a><\/p>\n<p>[\/et_pb_text][\/et_pb_column][\/et_pb_row][\/et_pb_section][et_pb_section fb_built=&#8220;1&#8243; _builder_version=&#8220;3.22&#8243;][et_pb_row _builder_version=&#8220;3.25&#8243; background_size=&#8220;initial&#8220; background_position=&#8220;top_left&#8220; background_repeat=&#8220;repeat&#8220;][et_pb_column type=&#8220;4_4&#8243; _builder_version=&#8220;3.25&#8243; custom_padding=&#8220;|||&#8220; custom_padding__hover=&#8220;|||&#8220;][et_pb_text admin_label=&#8220;Text Maps&#8220; _builder_version=&#8220;3.27.4&#8243;]<strong>Fehlt die Landkarte?<\/strong><\/p>\n<p>Wenn Sie die eingebettete Google Map an dieser Stelle sehen m\u00f6chten, werden personenbezogene Daten (IP-Adresse) zu Google gesendet. Die Nutzung wird von Datensch\u00fctzern als bedenklich eingestuft. Daher stellen wir Ihnen einen Link zur Verf\u00fcgung, der Sie auf die entsprechende Karte bei Google Maps f\u00fchrt. Sie verlassen damit unsere Website.<\/p>\n<p><a href=\"https:\/\/www.google.de\/maps\/place\/Bettrather+Str.+82\/@51.2028306,6.4307604,18z\/data=!4m6!3m5!1s0x47b8ac8327d7020b:0x82da89f7fb5d3950!4b1!8m2!3d51.20275!4d6.4318494?hl=de\" target=\"_blank\" rel=\"noopener noreferrer\">Zur Google-Maps Karte Mummgarten. Die Seite von Google \u00f6ffnet sich in einem neuen Fenster.<\/a><br \/>\n[\/et_pb_text][\/et_pb_column][\/et_pb_row][\/et_pb_section][et_pb_section fb_built=&#8220;1&#8243; fullwidth=&#8220;on&#8220; disabled_on=&#8220;on|on|on&#8220; _builder_version=&#8220;3.22&#8243; disabled=&#8220;on&#8220;][et_pb_fullwidth_map address=&#8220; Hardter Waldstra\u00dfe 148, 41169 M\u00f6nchengladbach &#8220; zoom_level=&#8220;19&#8243; address_lat=&#8220;51.19159&#8243; address_lng=&#8220;6.44130999999993&#8243; mouse_wheel=&#8220;off&#8220; _builder_version=&#8220;3.5.1&#8243;][et_pb_map_pin title=&#8220;Sauseb\u00e4r&#8220; pin_address=&#8220;Berliner Pl. 15, 41061 M\u00f6nchengladbach, Deutschland&#8220; pin_address_lat=&#8220;51.19159&#8243; pin_address_lng=&#8220;6.44130999999993&#8243; _builder_version=&#8220;3.0.101&#8243;][\/et_pb_map_pin][\/et_pb_fullwidth_map][\/et_pb_section]<\/p>\n","protected":false},"excerpt":{"rendered":"<p>Ihr Kontakt zum Mummgarten * zur Datenschutzerkl\u00e4rung Kindertagesst\u00e4tte MummGartenJacqueline Kl\u00f6cknerBettrather Stra\u00dfe 8241061 M\u00f6nchengladbach Telefon:\u00a002166 \/ 9893824 KiTa-Handy (Wandergruppe):\u00a00157 \/ 30689677 E-Mail:\u00a0mummgarten@mumm-mg.deFehlt die Landkarte? Wenn Sie die eingebettete Google Map an dieser Stelle sehen m\u00f6chten, werden personenbezogene Daten (IP-Adresse) zu Google gesendet. Die Nutzung wird von Datensch\u00fctzern als bedenklich eingestuft. Daher stellen wir Ihnen einen Link [&hellip;]<\/p>\n","protected":false},"author":15,"featured_media":0,"parent":0,"menu_order":0,"comment_status":"closed","ping_status":"closed","template":"","meta":{"_et_pb_use_builder":"on","_et_pb_old_content":"<p>Kontaktsesite<\/p>","_et_gb_content_width":"","footnotes":""},"_links":{"self":[{"href":"https:\/\/mumm-mg.de\/mummgarten\/wp-json\/wp\/v2\/pages\/44"}],"collection":[{"href":"https:\/\/mumm-mg.de\/mummgarten\/wp-json\/wp\/v2\/pages"}],"about":[{"href":"https:\/\/mumm-mg.de\/mummgarten\/wp-json\/wp\/v2\/types\/page"}],"author":[{"embeddable":true,"href":"https:\/\/mumm-mg.de\/mummgarten\/wp-json\/wp\/v2\/users\/15"}],"replies":[{"embeddable":true,"href":"https:\/\/mumm-mg.de\/mummgarten\/wp-json\/wp\/v2\/comments?post=44"}],"version-history":[{"count":13,"href":"https:\/\/mumm-mg.de\/mummgarten\/wp-json\/wp\/v2\/pages\/44\/revisions"}],"predecessor-version":[{"id":2581,"href":"https:\/\/mumm-mg.de\/mummgarten\/wp-json\/wp\/v2\/pages\/44\/revisions\/2581"}],"wp:attachment":[{"href":"https:\/\/mumm-mg.de\/mummgarten\/wp-json\/wp\/v2\/media?parent=44"}],"curies":[{"name":"wp","href":"https:\/\/api.w.org\/{rel}","templated":true}]}}