{"id":2292,"date":"2020-09-17T08:57:27","date_gmt":"2020-09-17T06:57:27","guid":{"rendered":"https:\/\/mumm-mg.de\/mummi\/?page_id=2292"},"modified":"2022-06-07T10:37:22","modified_gmt":"2022-06-07T08:37:22","slug":"vorschulkinder-20-21","status":"publish","type":"page","link":"https:\/\/mumm-mg.de\/mummi\/aktuelles\/vorschulkinder-20-21\/","title":{"rendered":"Vorschulkinder 21\/ 22"},"content":{"rendered":"<p>[et_pb_section fb_built=&#8220;1&#8243; fullwidth=&#8220;on&#8220; custom_padding_last_edited=&#8220;on|desktop&#8220; module_id=&#8220;header-bild-mumm&#8220; _builder_version=&#8220;3.22&#8243; custom_padding_tablet=&#8220;50px|0|50px|0&#8243; custom_padding_phone=&#8220;&#8220; transparent_background=&#8220;off&#8220; width_unit=&#8220;off&#8220; global_module=&#8220;95&#8243;][et_pb_fullwidth_slider admin_label=&#8220;Header-Bild Mummi&#8220; _builder_version=&#8220;3.21&#8243; custom_padding=&#8220;|||&#8220; button_text_size__hover_enabled=&#8220;off&#8220; button_text_size__hover=&#8220;null&#8220; button_one_text_size__hover_enabled=&#8220;off&#8220; button_one_text_size__hover=&#8220;null&#8220; button_two_text_size__hover_enabled=&#8220;off&#8220; button_two_text_size__hover=&#8220;null&#8220; button_text_color__hover_enabled=&#8220;off&#8220; button_text_color__hover=&#8220;null&#8220; button_one_text_color__hover_enabled=&#8220;off&#8220; button_one_text_color__hover=&#8220;null&#8220; button_two_text_color__hover_enabled=&#8220;off&#8220; button_two_text_color__hover=&#8220;null&#8220; button_border_width__hover_enabled=&#8220;off&#8220; button_border_width__hover=&#8220;null&#8220; button_one_border_width__hover_enabled=&#8220;off&#8220; button_one_border_width__hover=&#8220;null&#8220; button_two_border_width__hover_enabled=&#8220;off&#8220; button_two_border_width__hover=&#8220;null&#8220; button_border_color__hover_enabled=&#8220;off&#8220; button_border_color__hover=&#8220;null&#8220; button_one_border_color__hover_enabled=&#8220;off&#8220; button_one_border_color__hover=&#8220;null&#8220; button_two_border_color__hover_enabled=&#8220;off&#8220; button_two_border_color__hover=&#8220;null&#8220; button_border_radius__hover_enabled=&#8220;off&#8220; button_border_radius__hover=&#8220;null&#8220; button_one_border_radius__hover_enabled=&#8220;off&#8220; button_one_border_radius__hover=&#8220;null&#8220; button_two_border_radius__hover_enabled=&#8220;off&#8220; button_two_border_radius__hover=&#8220;null&#8220; button_letter_spacing__hover_enabled=&#8220;off&#8220; button_letter_spacing__hover=&#8220;null&#8220; button_one_letter_spacing__hover_enabled=&#8220;off&#8220; button_one_letter_spacing__hover=&#8220;null&#8220; button_two_letter_spacing__hover_enabled=&#8220;off&#8220; button_two_letter_spacing__hover=&#8220;null&#8220; button_bg_color__hover_enabled=&#8220;off&#8220; button_bg_color__hover=&#8220;null&#8220; button_one_bg_color__hover_enabled=&#8220;off&#8220; button_one_bg_color__hover=&#8220;null&#8220; button_two_bg_color__hover_enabled=&#8220;off&#8220; button_two_bg_color__hover=&#8220;null&#8220;][et_pb_slide use_bg_overlay=&#8220;off&#8220; use_text_overlay=&#8220;off&#8220; _builder_version=&#8220;3.21&#8243; header_font=&#8220;||||&#8220; body_font=&#8220;||||&#8220; background_color=&#8220;#ffffff&#8220; background_image=&#8220;https:\/\/mumm-mg.de\/mummi\/wp-content\/uploads\/sites\/2\/2019\/09\/header2.jpg&#8220; button_on_hover=&#8220;on&#8220; sticky_transition=&#8220;on&#8220;][\/et_pb_slide][\/et_pb_fullwidth_slider][\/et_pb_section][et_pb_section fb_built=&#8220;1&#8243; admin_label=&#8220;section&#8220; _builder_version=&#8220;4.9.10&#8243; background_color=&#8220;rgba(255,255,255,0)&#8220; transparent_background=&#8220;on&#8220; make_fullwidth=&#8220;off&#8220; use_custom_width=&#8220;off&#8220; width_unit=&#8220;on&#8220;][et_pb_row padding_mobile=&#8220;off&#8220; column_padding_mobile=&#8220;on&#8220; admin_label=&#8220;row&#8220; _builder_version=&#8220;3.25&#8243; background_size=&#8220;initial&#8220; background_position=&#8220;top_left&#8220; background_repeat=&#8220;repeat&#8220; make_fullwidth=&#8220;off&#8220; use_custom_width=&#8220;off&#8220; width_unit=&#8220;off&#8220;][et_pb_column type=&#8220;4_4&#8243; _builder_version=&#8220;3.0.47&#8243; custom_padding=&#8220;|||&#8220; custom_padding__hover=&#8220;|||&#8220;][et_pb_text admin_label=&#8220;\u00dcberschrift Aktuelles&#8220; _builder_version=&#8220;4.9.10&#8243; background_size=&#8220;initial&#8220; background_position=&#8220;top_left&#8220; background_repeat=&#8220;repeat&#8220; vertical_offset_tablet=&#8220;0&#8243; horizontal_offset_tablet=&#8220;0&#8243; z_index_tablet=&#8220;0&#8243; text_text_shadow_horizontal_length_tablet=&#8220;0px&#8220; text_text_shadow_vertical_length_tablet=&#8220;0px&#8220; text_text_shadow_blur_strength_tablet=&#8220;1px&#8220; link_text_shadow_horizontal_length_tablet=&#8220;0px&#8220; link_text_shadow_vertical_length_tablet=&#8220;0px&#8220; link_text_shadow_blur_strength_tablet=&#8220;1px&#8220; ul_text_shadow_horizontal_length_tablet=&#8220;0px&#8220; ul_text_shadow_vertical_length_tablet=&#8220;0px&#8220; ul_text_shadow_blur_strength_tablet=&#8220;1px&#8220; ol_text_shadow_horizontal_length_tablet=&#8220;0px&#8220; ol_text_shadow_vertical_length_tablet=&#8220;0px&#8220; ol_text_shadow_blur_strength_tablet=&#8220;1px&#8220; quote_text_shadow_horizontal_length_tablet=&#8220;0px&#8220; quote_text_shadow_vertical_length_tablet=&#8220;0px&#8220; quote_text_shadow_blur_strength_tablet=&#8220;1px&#8220; header_text_shadow_horizontal_length_tablet=&#8220;0px&#8220; header_text_shadow_vertical_length_tablet=&#8220;0px&#8220; header_text_shadow_blur_strength_tablet=&#8220;1px&#8220; header_2_text_shadow_horizontal_length_tablet=&#8220;0px&#8220; header_2_text_shadow_vertical_length_tablet=&#8220;0px&#8220; header_2_text_shadow_blur_strength_tablet=&#8220;1px&#8220; header_3_text_shadow_horizontal_length_tablet=&#8220;0px&#8220; header_3_text_shadow_vertical_length_tablet=&#8220;0px&#8220; header_3_text_shadow_blur_strength_tablet=&#8220;1px&#8220; header_4_text_shadow_horizontal_length_tablet=&#8220;0px&#8220; header_4_text_shadow_vertical_length_tablet=&#8220;0px&#8220; header_4_text_shadow_blur_strength_tablet=&#8220;1px&#8220; header_5_text_shadow_horizontal_length_tablet=&#8220;0px&#8220; header_5_text_shadow_vertical_length_tablet=&#8220;0px&#8220; header_5_text_shadow_blur_strength_tablet=&#8220;1px&#8220; header_6_text_shadow_horizontal_length_tablet=&#8220;0px&#8220; header_6_text_shadow_vertical_length_tablet=&#8220;0px&#8220; header_6_text_shadow_blur_strength_tablet=&#8220;1px&#8220; box_shadow_horizontal_tablet=&#8220;0px&#8220; box_shadow_vertical_tablet=&#8220;0px&#8220; box_shadow_blur_tablet=&#8220;40px&#8220; box_shadow_spread_tablet=&#8220;0px&#8220; use_border_color=&#8220;off&#8220;]<\/p>\n<h1><span class=\"h1-text\">Vorschul-AG<\/span><\/h1>\n<p>[\/et_pb_text][\/et_pb_column][\/et_pb_row][et_pb_row admin_label=&#8220;row&#8220; _builder_version=&#8220;4.9.10&#8243; background_size=&#8220;initial&#8220; background_position=&#8220;top_left&#8220; background_repeat=&#8220;repeat&#8220; hover_enabled=&#8220;0&#8243; column_structure=&#8220;1_4,1_4,1_4,1_4&#8243; sticky_enabled=&#8220;0&#8243;][et_pb_column type=&#8220;1_4&#8243; _builder_version=&#8220;3.0.47&#8243; custom_padding=&#8220;|||&#8220; custom_padding__hover=&#8220;|||&#8220;][et_pb_image src=&#8220;https:\/\/mumm-mg.de\/mummi\/wp-content\/uploads\/sites\/2\/2022\/06\/IMG_20220511_105439-1.jpg&#8220; _builder_version=&#8220;4.9.10&#8243; _module_preset=&#8220;default&#8220; title_text=&#8220;IMG_20220511_105439&#8243; hover_enabled=&#8220;0&#8243; sticky_enabled=&#8220;0&#8243;][\/et_pb_image][\/et_pb_column][et_pb_column type=&#8220;1_4&#8243; _builder_version=&#8220;3.0.47&#8243; custom_padding=&#8220;|||&#8220; custom_padding__hover=&#8220;|||&#8220;][et_pb_image src=&#8220;https:\/\/mumm-mg.de\/mummi\/wp-content\/uploads\/sites\/2\/2022\/06\/IMG_20220511_100257-1.jpg&#8220; _builder_version=&#8220;4.9.10&#8243; _module_preset=&#8220;default&#8220; title_text=&#8220;IMG_20220511_100257&#8243; hover_enabled=&#8220;0&#8243; sticky_enabled=&#8220;0&#8243;][\/et_pb_image][\/et_pb_column][et_pb_column type=&#8220;1_4&#8243; _builder_version=&#8220;3.0.47&#8243; custom_padding=&#8220;|||&#8220; custom_padding__hover=&#8220;|||&#8220;][\/et_pb_column][et_pb_column type=&#8220;1_4&#8243; _builder_version=&#8220;3.0.47&#8243; custom_padding=&#8220;|||&#8220; custom_padding__hover=&#8220;|||&#8220;][\/et_pb_column][\/et_pb_row][et_pb_row _builder_version=&#8220;3.25&#8243; background_size=&#8220;initial&#8220; background_position=&#8220;top_left&#8220; background_repeat=&#8220;repeat&#8220;][et_pb_column type=&#8220;4_4&#8243; _builder_version=&#8220;3.0.47&#8243; custom_padding=&#8220;|||&#8220; custom_padding__hover=&#8220;|||&#8220;][et_pb_text _builder_version=&#8220;4.9.10&#8243; vertical_offset_tablet=&#8220;0&#8243; horizontal_offset_tablet=&#8220;0&#8243; z_index_tablet=&#8220;0&#8243; text_text_shadow_horizontal_length_tablet=&#8220;0px&#8220; text_text_shadow_vertical_length_tablet=&#8220;0px&#8220; text_text_shadow_blur_strength_tablet=&#8220;1px&#8220; link_text_shadow_horizontal_length_tablet=&#8220;0px&#8220; link_text_shadow_vertical_length_tablet=&#8220;0px&#8220; link_text_shadow_blur_strength_tablet=&#8220;1px&#8220; ul_text_shadow_horizontal_length_tablet=&#8220;0px&#8220; ul_text_shadow_vertical_length_tablet=&#8220;0px&#8220; ul_text_shadow_blur_strength_tablet=&#8220;1px&#8220; ol_text_shadow_horizontal_length_tablet=&#8220;0px&#8220; ol_text_shadow_vertical_length_tablet=&#8220;0px&#8220; ol_text_shadow_blur_strength_tablet=&#8220;1px&#8220; quote_text_shadow_horizontal_length_tablet=&#8220;0px&#8220; quote_text_shadow_vertical_length_tablet=&#8220;0px&#8220; quote_text_shadow_blur_strength_tablet=&#8220;1px&#8220; header_text_shadow_horizontal_length_tablet=&#8220;0px&#8220; header_text_shadow_vertical_length_tablet=&#8220;0px&#8220; header_text_shadow_blur_strength_tablet=&#8220;1px&#8220; header_2_text_shadow_horizontal_length_tablet=&#8220;0px&#8220; header_2_text_shadow_vertical_length_tablet=&#8220;0px&#8220; header_2_text_shadow_blur_strength_tablet=&#8220;1px&#8220; header_3_text_shadow_horizontal_length_tablet=&#8220;0px&#8220; header_3_text_shadow_vertical_length_tablet=&#8220;0px&#8220; header_3_text_shadow_blur_strength_tablet=&#8220;1px&#8220; header_4_text_shadow_horizontal_length_tablet=&#8220;0px&#8220; header_4_text_shadow_vertical_length_tablet=&#8220;0px&#8220; header_4_text_shadow_blur_strength_tablet=&#8220;1px&#8220; header_5_text_shadow_horizontal_length_tablet=&#8220;0px&#8220; header_5_text_shadow_vertical_length_tablet=&#8220;0px&#8220; header_5_text_shadow_blur_strength_tablet=&#8220;1px&#8220; header_6_text_shadow_horizontal_length_tablet=&#8220;0px&#8220; header_6_text_shadow_vertical_length_tablet=&#8220;0px&#8220; header_6_text_shadow_blur_strength_tablet=&#8220;1px&#8220; box_shadow_horizontal_tablet=&#8220;0px&#8220; box_shadow_vertical_tablet=&#8220;0px&#8220; box_shadow_blur_tablet=&#8220;40px&#8220; box_shadow_spread_tablet=&#8220;0px&#8220;]<\/p>\n<p><strong><u>Januar<\/u><\/strong>\u00a0\u00a0\u00a0\u00a0\u00a0\u00a0\u00a0\u00a0\u00a0\u00a0\u00a0 Fiel auf Grund von Corona aus<\/p>\n<p><strong><u>Februar <\/u><\/strong>\u00a0\u00a0\u00a0\u00a0\u00a0\u00a0\u00a0\u00a0Zahlen \/ Formen<\/p>\n<ul>\n<li>Welche Formen kennen wir?<\/li>\n<li>Welche Zahlen kennen wir?<\/li>\n<li>Wir schreiben Zahlen<\/li>\n<li>Wir lernen Rechnen<\/li>\n<li>Welche Formen erkennen wir?<\/li>\n<li>Wir waren drau\u00dfen um Formen zu suchen und erkennen.<\/li>\n<\/ul>\n<p><strong><u>M\u00e4rz <\/u><\/strong>\u00a0\u00a0\u00a0\u00a0\u00a0\u00a0\u00a0\u00a0\u00a0\u00a0\u00a0\u00a0Z\u00e4hne\/Zahnpflege<\/p>\n<ul>\n<li>Wir besuchen eine Zahnarztpraxis und lernen, wie wir unsere Z\u00e4hne pflegen und wie wichtig unsere Z\u00e4hne sind.<\/li>\n<li>03.22 Prophylaxe in der Kita<\/li>\n<li>03.22 Besuch in der Zahnarztpraxis<\/li>\n<\/ul>\n<p><strong><u>April<\/u><\/strong>\u00a0\u00a0\u00a0\u00a0\u00a0\u00a0\u00a0\u00a0\u00a0\u00a0\u00a0\u00a0\u00a0 Emotionen<\/p>\n<ul>\n<li>Welche Emotionen gibt es?<\/li>\n<li>Passende Gesichtsmimik<\/li>\n<li>Erkennen der Gef\u00fchle\/Emotionen<\/li>\n<li>Reaktion<\/li>\n<\/ul>\n<p><strong><u>Mai <\/u><\/strong>\u00a0 \u00a0 \u00a0 \u00a0 \u00a0 \u00a0 \u00a0 \u00a0Wald &amp; Tiere<\/p>\n<ul>\n<li>Am 04.05.22 gestalten wir mit den Kindern in der Kita eine Tier Buch \u2013 und Bilderausstellung um uns gemeinsam Grundwissen anzueignen.<\/li>\n<li>Am 11.05.22 besuchen wir den Tierpark in Odenkirchen, hierzu wird es ein Arbeitsblatt geben -&gt; welche Tiere leben im Tierpark &amp; welche Bed\u00fcrfnisse haben sie?<\/li>\n<li>Am 18.05.22 machen wir eine Tiersafari in unserem Garten und im Hugojunkerspark. Wir wollen herausfinden welche Tiere dort leben.<\/li>\n<li>Am 19.05.22 besuchen wir um 11:00 Uhr im Schloss Rheydt die Rollende Waldschule. Dort werden wir verschiedene Tiere wie V\u00f6gel beobachten und kennenlernen.\u00a0<\/li>\n<li>Am 25.05.22 wird eine Experten Ausstellung im Rollenspielraum stattfinden, indem sich die \u201eExperten\u201c ihre Ergebnisse der Gesamtgruppe vorstellen.<\/li>\n<\/ul>\n<p><strong>Juni\u00a0 \u00a0 \u00a0 \u00a0 \u00a0\u00a0<\/strong>\u00a0 \u00a0 \u00a0 \u00a0Ausfl\u00fcge &amp; Abschied<\/p>\n<ul>\n<li>02.06. Schnupperunterricht in der Herrmann &#8211; Gemeiner Grundschule, Abfahrt 8.30 Uhr mit dem Bus<\/li>\n<li>24.06. Vorschulkinder Abschied, Grillen im Au\u00dfenbereich und Turnhalle<\/li>\n<\/ul>\n<p>\u00a0<\/p>\n<p>\u00a0<\/p>\n<p>[\/et_pb_text][\/et_pb_column][\/et_pb_row][\/et_pb_section]<\/p>\n","protected":false},"excerpt":{"rendered":"<p>Vorschul-AG Januar\u00a0\u00a0\u00a0\u00a0\u00a0\u00a0\u00a0\u00a0\u00a0\u00a0\u00a0 Fiel auf Grund von Corona ausFebruar \u00a0\u00a0\u00a0\u00a0\u00a0\u00a0\u00a0\u00a0Zahlen \/ FormenWelche Formen kennen wir?Welche Zahlen kennen wir?Wir schreiben ZahlenWir lernen RechnenWelche Formen erkennen wir?Wir waren drau\u00dfen um Formen zu suchen und erkennen.M\u00e4rz \u00a0\u00a0\u00a0\u00a0\u00a0\u00a0\u00a0\u00a0\u00a0\u00a0\u00a0\u00a0Z\u00e4hne\/ZahnpflegeWir besuchen eine Zahnarztpraxis und lernen, wie wir unsere Z\u00e4hne pflegen und wie wichtig unsere Z\u00e4hne sind.03.22 Prophylaxe in der Kita03.22 Besuch in [&hellip;]<\/p>\n","protected":false},"author":6,"featured_media":0,"parent":40,"menu_order":0,"comment_status":"closed","ping_status":"closed","template":"","meta":{"_et_pb_use_builder":"on","_et_pb_old_content":"<h1><strong>Vorschul- AG<\/strong><\/h1><p>Liebe \"Vorschulkinder & Eltern\"<\/p><p>hiermit erhaltet Ihr eine Einf\u00fchrung in die neue Vorschul- AG.<\/p><p>Wie auch in der vergangenen Saison sind die Hauptverantwortlichen f\u00fcr diese AG Cheyenne Fuchs & Patrick Dohmen. Sie begleiten die Vorschul- AG \u00fcber den kompletten Zeitraum bis zum feierlichen Abschied Ihrer Kinder.<\/p><p>Ein grober Zeitplan wurde bereits ausgearbeitet und kalkuliert, orientiert an der vorherigen Saison. Eine genaue terminierte Zeit Schiene wird in K\u00fcrze folgen, da wir uns nach den Interessen und Vorschl\u00e4gen der Vorschulkinder, welche sich in der ersten Kinderkonferenz herauskristallisieren werden, richten m\u00f6chten. Dieser Schritt der Planung erm\u00f6glicht uns partizipativ die Erschaffung eines spannenden Aktionsplanes.<\/p><p>Die Vorschul- AG findet jeweils zweimal w\u00f6chentlich statt. Prim\u00e4r werden dazu der Dienstag und der Donnerstag genutzt. Sekund\u00e4r ist es nat\u00fcrlich m\u00f6glich, bei gegebenen Anl\u00e4ssen wie Feiertagen o\u00e4. auf andere Wochentage auszuweichen.<\/p><p>Weitere Informationen folgen in K\u00fcrze.<\/p><p>Sollten Fragen aufkommen zur AG oder falls Sie spezifische Anregungen zur F\u00f6rderung Ihrer Vorschulkinder habt, so stehen wir Ihnen gerne zur Verf\u00fcgung. Scheuen sie sich nicht, denn wir w\u00fcrden uns sehr \u00fcber einen regen, interessierten und respektvollen Austausch freuen !<\/p><p>Wir werden den genauen Plan sowohl online stellen als auch pers\u00f6nlich mitgeben. Hier werden au\u00dferdem noch Bilder von Aktionen und Ausfl\u00fcgen folgen :)<\/p><p>Besten Dank im Voraus<\/p><p>Mit freundlichen Gr\u00fc\u00dfen<\/p><p>Cheyenne Fuchs & Patrick Dohmen<\/p>","_et_gb_content_width":"","footnotes":""},"_links":{"self":[{"href":"https:\/\/mumm-mg.de\/mummi\/wp-json\/wp\/v2\/pages\/2292"}],"collection":[{"href":"https:\/\/mumm-mg.de\/mummi\/wp-json\/wp\/v2\/pages"}],"about":[{"href":"https:\/\/mumm-mg.de\/mummi\/wp-json\/wp\/v2\/types\/page"}],"author":[{"embeddable":true,"href":"https:\/\/mumm-mg.de\/mummi\/wp-json\/wp\/v2\/users\/6"}],"replies":[{"embeddable":true,"href":"https:\/\/mumm-mg.de\/mummi\/wp-json\/wp\/v2\/comments?post=2292"}],"version-history":[{"count":11,"href":"https:\/\/mumm-mg.de\/mummi\/wp-json\/wp\/v2\/pages\/2292\/revisions"}],"predecessor-version":[{"id":2844,"href":"https:\/\/mumm-mg.de\/mummi\/wp-json\/wp\/v2\/pages\/2292\/revisions\/2844"}],"up":[{"embeddable":true,"href":"https:\/\/mumm-mg.de\/mummi\/wp-json\/wp\/v2\/pages\/40"}],"wp:attachment":[{"href":"https:\/\/mumm-mg.de\/mummi\/wp-json\/wp\/v2\/media?parent=2292"}],"curies":[{"name":"wp","href":"https:\/\/api.w.org\/{rel}","templated":true}]}}