{"id":54,"date":"2016-11-16T15:47:32","date_gmt":"2016-11-16T14:47:32","guid":{"rendered":"https:\/\/mumm-mg.de\/mummi\/?page_id=54"},"modified":"2025-09-09T09:54:06","modified_gmt":"2025-09-09T07:54:06","slug":"familienzentrum-kooperationspartner","status":"publish","type":"page","link":"https:\/\/mumm-mg.de\/mummi\/familienzentrum-kooperationspartner\/","title":{"rendered":"Familienzentrum &#8211; Kooperationspartner"},"content":{"rendered":"<p>[et_pb_section bb_built=&#8220;1&#8243; transparent_background=&#8220;off&#8220; width_unit=&#8220;off&#8220; fullwidth=&#8220;on&#8220; specialty=&#8220;off&#8220; disabled=&#8220;off&#8220; module_id=&#8220;header-bild-mumm&#8220; custom_padding_tablet=&#8220;50px|0|50px|0&#8243; custom_padding_last_edited=&#8220;on|desktop&#8220; next_background_color=&#8220;rgba(255,255,255,0)&#8220; _builder_version=&#8220;3.21&#8243; inner_width=&#8220;auto&#8220; inner_max_width=&#8220;1080px&#8220; background_color_gradient_stops=&#8220;#2b87da 0%|#29c4a9 100%&#8220; global_module=&#8220;95&#8243;][et_pb_fullwidth_image global_parent=&#8220;95&#8243; _builder_version=&#8220;4.20.2&#8243; src=&#8220;https:\/\/mumm-mg.de\/mummi\/wp-content\/uploads\/sites\/2\/2019\/09\/header2.jpg&#8220; background_pattern_color=&#8220;rgba(0,0,0,0.2)&#8220; background_mask_color=&#8220;#ffffff&#8220; box_shadow_horizontal_tablet=&#8220;0px&#8220; box_shadow_vertical_tablet=&#8220;0px&#8220; box_shadow_blur_tablet=&#8220;40px&#8220; box_shadow_spread_tablet=&#8220;0px&#8220; vertical_offset_tablet=&#8220;0&#8243; horizontal_offset_tablet=&#8220;0&#8243; z_index_tablet=&#8220;0&#8243; \/][\/et_pb_section][et_pb_section bb_built=&#8220;1&#8243; admin_label=&#8220;section&#8220; transparent_background=&#8220;on&#8220; allow_player_pause=&#8220;off&#8220; inner_shadow=&#8220;off&#8220; parallax=&#8220;off&#8220; parallax_method=&#8220;off&#8220; make_fullwidth=&#8220;off&#8220; use_custom_width=&#8220;off&#8220; width_unit=&#8220;on&#8220; make_equal=&#8220;off&#8220; use_custom_gutter=&#8220;off&#8220; background_color=&#8220;rgba(255,255,255,0)&#8220; inner_width=&#8220;auto&#8220; inner_max_width=&#8220;1080px&#8220; prev_background_color=&#8220;#ffffff&#8220;][et_pb_row admin_label=&#8220;row&#8220; make_fullwidth=&#8220;off&#8220; use_custom_width=&#8220;off&#8220; width_unit=&#8220;off&#8220; use_custom_gutter=&#8220;off&#8220; padding_mobile=&#8220;off&#8220; allow_player_pause=&#8220;off&#8220; parallax=&#8220;off&#8220; parallax_method=&#8220;on&#8220; make_equal=&#8220;off&#8220; column_padding_mobile=&#8220;on&#8220; disabled=&#8220;off&#8220; background_position=&#8220;top_left&#8220; background_repeat=&#8220;repeat&#8220; background_size=&#8220;initial&#8220; width=&#8220;80%&#8220; max_width=&#8220;1080px&#8220;][et_pb_column type=&#8220;4_4&#8243; custom_padding__hover=&#8220;|||&#8220; custom_padding=&#8220;|||&#8220;][et_pb_text admin_label=&#8220;\u00dcberschrift Kooperationspartner&#8220; background_layout=&#8220;light&#8220; text_orientation=&#8220;left&#8220; use_border_color=&#8220;off&#8220; border_color=&#8220;#ffffff&#8220; border_style=&#8220;solid&#8220; background_position=&#8220;top_left&#8220; background_repeat=&#8220;repeat&#8220; background_size=&#8220;initial&#8220; _builder_version=&#8220;4.20.2&#8243;]<\/p>\n<h1><span class=\"h1-text\">Kooperationspartner des Familienzentrums<\/span><\/h1>\n<p>[\/et_pb_text][\/et_pb_column][\/et_pb_row][et_pb_row admin_label=&#8220;row&#8220; background_position=&#8220;top_left&#8220; background_repeat=&#8220;repeat&#8220; background_size=&#8220;initial&#8220; width=&#8220;80%&#8220; max_width=&#8220;1080px&#8220;][et_pb_column type=&#8220;4_4&#8243; custom_padding__hover=&#8220;|||&#8220; custom_padding=&#8220;|||&#8220;][et_pb_text admin_label=&#8220;Text Kooperationspartner&#8220; use_border_color=&#8220;off&#8220; background_position=&#8220;top_left&#8220; background_repeat=&#8220;repeat&#8220; background_size=&#8220;initial&#8220; _builder_version=&#8220;4.20.2&#8243; text_text_shadow_horizontal_length=&#8220;text_text_shadow_style,%91object Object%93&#8243; text_text_shadow_horizontal_length_tablet=&#8220;0px&#8220; text_text_shadow_vertical_length=&#8220;text_text_shadow_style,%91object Object%93&#8243; text_text_shadow_vertical_length_tablet=&#8220;0px&#8220; text_text_shadow_blur_strength=&#8220;text_text_shadow_style,%91object Object%93&#8243; text_text_shadow_blur_strength_tablet=&#8220;1px&#8220; link_text_shadow_horizontal_length=&#8220;link_text_shadow_style,%91object Object%93&#8243; link_text_shadow_horizontal_length_tablet=&#8220;0px&#8220; link_text_shadow_vertical_length=&#8220;link_text_shadow_style,%91object Object%93&#8243; link_text_shadow_vertical_length_tablet=&#8220;0px&#8220; link_text_shadow_blur_strength=&#8220;link_text_shadow_style,%91object Object%93&#8243; link_text_shadow_blur_strength_tablet=&#8220;1px&#8220; ul_text_shadow_horizontal_length=&#8220;ul_text_shadow_style,%91object Object%93&#8243; ul_text_shadow_horizontal_length_tablet=&#8220;0px&#8220; ul_text_shadow_vertical_length=&#8220;ul_text_shadow_style,%91object Object%93&#8243; ul_text_shadow_vertical_length_tablet=&#8220;0px&#8220; ul_text_shadow_blur_strength=&#8220;ul_text_shadow_style,%91object Object%93&#8243; ul_text_shadow_blur_strength_tablet=&#8220;1px&#8220; ol_text_shadow_horizontal_length=&#8220;ol_text_shadow_style,%91object Object%93&#8243; ol_text_shadow_horizontal_length_tablet=&#8220;0px&#8220; ol_text_shadow_vertical_length=&#8220;ol_text_shadow_style,%91object Object%93&#8243; ol_text_shadow_vertical_length_tablet=&#8220;0px&#8220; ol_text_shadow_blur_strength=&#8220;ol_text_shadow_style,%91object Object%93&#8243; ol_text_shadow_blur_strength_tablet=&#8220;1px&#8220; quote_text_shadow_horizontal_length=&#8220;quote_text_shadow_style,%91object Object%93&#8243; quote_text_shadow_horizontal_length_tablet=&#8220;0px&#8220; quote_text_shadow_vertical_length=&#8220;quote_text_shadow_style,%91object Object%93&#8243; quote_text_shadow_vertical_length_tablet=&#8220;0px&#8220; quote_text_shadow_blur_strength=&#8220;quote_text_shadow_style,%91object Object%93&#8243; quote_text_shadow_blur_strength_tablet=&#8220;1px&#8220; header_text_shadow_horizontal_length=&#8220;header_text_shadow_style,%91object Object%93&#8243; header_text_shadow_horizontal_length_tablet=&#8220;0px&#8220; header_text_shadow_vertical_length=&#8220;header_text_shadow_style,%91object Object%93&#8243; header_text_shadow_vertical_length_tablet=&#8220;0px&#8220; header_text_shadow_blur_strength=&#8220;header_text_shadow_style,%91object Object%93&#8243; header_text_shadow_blur_strength_tablet=&#8220;1px&#8220; header_2_text_shadow_horizontal_length=&#8220;header_2_text_shadow_style,%91object Object%93&#8243; header_2_text_shadow_horizontal_length_tablet=&#8220;0px&#8220; header_2_text_shadow_vertical_length=&#8220;header_2_text_shadow_style,%91object Object%93&#8243; header_2_text_shadow_vertical_length_tablet=&#8220;0px&#8220; header_2_text_shadow_blur_strength=&#8220;header_2_text_shadow_style,%91object Object%93&#8243; header_2_text_shadow_blur_strength_tablet=&#8220;1px&#8220; header_3_text_shadow_horizontal_length=&#8220;header_3_text_shadow_style,%91object Object%93&#8243; header_3_text_shadow_horizontal_length_tablet=&#8220;0px&#8220; header_3_text_shadow_vertical_length=&#8220;header_3_text_shadow_style,%91object Object%93&#8243; header_3_text_shadow_vertical_length_tablet=&#8220;0px&#8220; header_3_text_shadow_blur_strength=&#8220;header_3_text_shadow_style,%91object Object%93&#8243; header_3_text_shadow_blur_strength_tablet=&#8220;1px&#8220; header_4_text_shadow_horizontal_length=&#8220;header_4_text_shadow_style,%91object Object%93&#8243; header_4_text_shadow_horizontal_length_tablet=&#8220;0px&#8220; header_4_text_shadow_vertical_length=&#8220;header_4_text_shadow_style,%91object Object%93&#8243; header_4_text_shadow_vertical_length_tablet=&#8220;0px&#8220; header_4_text_shadow_blur_strength=&#8220;header_4_text_shadow_style,%91object Object%93&#8243; header_4_text_shadow_blur_strength_tablet=&#8220;1px&#8220; header_5_text_shadow_horizontal_length=&#8220;header_5_text_shadow_style,%91object Object%93&#8243; header_5_text_shadow_horizontal_length_tablet=&#8220;0px&#8220; header_5_text_shadow_vertical_length=&#8220;header_5_text_shadow_style,%91object Object%93&#8243; header_5_text_shadow_vertical_length_tablet=&#8220;0px&#8220; header_5_text_shadow_blur_strength=&#8220;header_5_text_shadow_style,%91object Object%93&#8243; header_5_text_shadow_blur_strength_tablet=&#8220;1px&#8220; header_6_text_shadow_horizontal_length=&#8220;header_6_text_shadow_style,%91object Object%93&#8243; header_6_text_shadow_horizontal_length_tablet=&#8220;0px&#8220; header_6_text_shadow_vertical_length=&#8220;header_6_text_shadow_style,%91object Object%93&#8243; header_6_text_shadow_vertical_length_tablet=&#8220;0px&#8220; header_6_text_shadow_blur_strength=&#8220;header_6_text_shadow_style,%91object Object%93&#8243; header_6_text_shadow_blur_strength_tablet=&#8220;1px&#8220; box_shadow_horizontal_tablet=&#8220;0px&#8220; box_shadow_vertical_tablet=&#8220;0px&#8220; box_shadow_blur_tablet=&#8220;40px&#8220; box_shadow_spread_tablet=&#8220;0px&#8220; vertical_offset_tablet=&#8220;0&#8243; horizontal_offset_tablet=&#8220;0&#8243; z_index_tablet=&#8220;0&#8243; background_pattern_color=&#8220;rgba(0,0,0,0.2)&#8220; background_mask_color=&#8220;#ffffff&#8220;]<\/p>\n<ul>\n<li><strong>Mumm Familienservice- Christoffelstra\u00dfe 34- Ansprechpartner Dorothea H\u00fcttersen- 021669893850 <\/strong>Aufgaben: Kinderschutz, Infos aus dem Kinder- und Jugendhilfeausschuss, R\u00e4umlichkeiten, Tr\u00e4ger<\/li>\n<li><strong>MummGarten- Bettratherstra\u00dfe 82- Ansprechpartner Jacqueline Kl\u00f6ckner- 0216698938-24 <\/strong>Aufgaben: Eltern vermitteln&amp; informieren, Angebote weiterleiten, Austausch<\/li>\n<li><strong>Sausewind- Goethestra\u00dfe 19- Ansprechpartner Christina Bruyers- 0216698938- 13 <\/strong>Aufgaben: Eltern vermitteln&amp; informieren, Angebote weiterleiten, Austausch \u00fcber FZ-relevante Themen<\/li>\n<li><strong>MummPitz- Geneickenerstra\u00dfe 80- Ansprechpartner Clara Sch\u00fcller- 0216698938-18 <\/strong>Aufgaben: Eltern vermitteln&amp; informieren, Angebote weiterleiten, Austausch \u00fcber FZ-relevante Themen<\/li>\n<li><em><strong>Unsere Kooperationspartner:<\/strong><\/em><\/li>\n<li><strong>Erziehungsberatungsstelle M\u00f6nchengladbach , Berliner Platz 19 41061 M\u00f6nchengladbach <\/strong>Ansprechpartner: Frau Schwarz 02161\/255433 Aufgaben: Eltern- und Familienberatung, Begleitung bei Veranstaltungen, regelm\u00e4\u00dfige Beratungen<\/li>\n<li><strong>PariSozial gGmbH- Friedhofstra\u00dfe 39 41236 M\u00f6nchengladbach <\/strong>Ansprechpartner: Mara Flore 021669239-0 Aufgaben: R\u00e4umlichkeiten zur Verf\u00fcgung stellen, Vermittlungsma\u00dfnahmen AGH \u2013 Kr\u00e4fte, Beratung &amp; Austausch<\/li>\n<li><strong>Praxis f\u00fcr Sprachtherapie- Waisenhausstra\u00dfe 41, 41236 M\u00f6nchengladbach- <a href=\"https:\/\/www.google.com\/search?q=sprachtherapie+braun+lennartz&amp;oq=sprachtherapie+braun+lennartz&amp;aqs=chrome..69i57j0i22i30.10262j0j9&amp;sourceid=chrome&amp;ie=UTF-8\">02166 127454<\/a><\/strong> Ansprechpartner: Constanze Braun- Lennartz\/ in der Kita Birthe Wallney&amp; Leonie Otto Aufgaben: Fachberatung, Elternberatung, Logop\u00e4die<\/li>\n<li><strong>HOME- Hilfe und Orientierung f\u00fcr M\u00f6nchengladbacher Eltern, K\u00f6nigsstra\u00dfe 151- 02161 25-8432 <\/strong>Ansprechpartner: Larissa Beckers Aufgaben: niederschwellige Angebote, gemeinsame Aktionen, Familienberatung, w\u00f6chentliche Pr\u00e4senz im Familienzentrum<\/li>\n<li><strong>Caritas- Fr\u00fchf\u00f6rderzentrum- Dahlener Stra\u00dfe 15 &#8211; 41239 M\u00f6nchengladbach <\/strong>Ansprechpartner: Dagmar Kraus Aufgaben: Beratung, Fr\u00fchf\u00f6rderung<\/li>\n<li><strong>Hochschule Niederrhein- Webschulstra\u00dfe 31- 41065 M\u00f6nchengladbach <\/strong>Ansprechpartner: Wiebke Weissinger\u00a0 \u00a0Aufgaben: Vermittlung von Familien\/ Kitapl\u00e4tzen<\/li>\n<li><strong>Rheydter Turnverein 18147 ev. \u2013 Nordstra\u00dfe 133- 41236 M\u00f6nchengladbach <\/strong>Ansprechpartner: Heilmanns Aufgaben: R\u00e4umlichkeiten und Angebote zur Verf\u00fcgung<\/li>\n<li><strong>AOK \u2013 Rheinland Hamburg Gesundheitskasse- Gesch\u00e4ftsbereich Pr\u00e4vention und Gesundheitssicherung-\u00a0 Rathenaustra\u00dfe 4-5 41061 M\u00f6nchengladbach <\/strong>Ansprechpartner: Manuela Caspers<\/li>\n<li><strong>Familiengrundschulzentrum Nordstra\u00dfe- 41236 M\u00f6nchengladbach <\/strong>Ansprechpartner: Herr Eickenbusch Aufgaben: Vermittlung, R\u00e4umlichkeiten zur Verf\u00fcgung stellen, gegenseitige Pr\u00e4senz bei Veranstaltungen<\/li>\n<\/ul>\n<p>[\/et_pb_text][\/et_pb_column][\/et_pb_row][et_pb_row admin_label=&#8220;row&#8220; make_fullwidth=&#8220;off&#8220; use_custom_width=&#8220;off&#8220; width_unit=&#8220;on&#8220; use_custom_gutter=&#8220;off&#8220; disabled=&#8220;on&#8220; disabled_on=&#8220;on|on|on&#8220; allow_player_pause=&#8220;off&#8220; parallax=&#8220;off&#8220; parallax_method=&#8220;off&#8220; make_equal=&#8220;off&#8220; background_position=&#8220;top_left&#8220; background_repeat=&#8220;repeat&#8220; background_size=&#8220;initial&#8220; width=&#8220;80%&#8220; max_width=&#8220;1080px&#8220;][et_pb_column type=&#8220;4_4&#8243; custom_padding__hover=&#8220;|||&#8220; custom_padding=&#8220;|||&#8220;][et_pb_text admin_label=&#8220;Text Kooperationspartner alte Website&#8220; background_layout=&#8220;light&#8220; text_orientation=&#8220;left&#8220; use_border_color=&#8220;off&#8220; border_color=&#8220;#ffffff&#8220; border_style=&#8220;solid&#8220;]<\/p>\n<ul>\n<li>Deutscher Parit\u00e4tischer Wohlfahrtsverband<\/li>\n<li>Mehrgenerationenhaus M\u00f6nchengladbach<\/li>\n<li>PariSozial gGmbH<\/li>\n<li>PariTeam gGmbh<\/li>\n<li>Familienbildungsst\u00e4tte M\u00f6nchengladbach<\/li>\n<li>FIBI ( Familien in Beratung integrieren ) Diakonisches Werk<\/li>\n<li>Dr Donner, Kinderarzt<\/li>\n<li>Dr Braun Lennertz, Logop\u00e4die<\/li>\n<li>RAA<\/li>\n<li>Ergotherapie AGE<\/li>\n<li>Stadt M\u00f6nchengladbach<\/li>\n<li>Polizei<\/li>\n<li>Deutscher Kinderschutzbund<\/li>\n<li>Verschiedene Kindertagesst\u00e4tten und Familienzentren<\/li>\n<li>AOK Rheinland<\/li>\n<li>Grundschule Waisenhausstrasse<\/li>\n<li>Grundschule Pahlkestrasse<\/li>\n<li>Grundschule Nordstrasse<\/li>\n<li>Erich K\u00e4stner Grundschule<\/li>\n<li>Tagespflege Herrmannstrasse<\/li>\n<li>Jugendamt M\u00f6nchengladbach<\/li>\n<li>Beratungs- und Diagnosezentrum Hofstrasse<\/li>\n<li>Pro Familia<\/li>\n<li>Verbraucherzentrale M\u00f6nchengladbach<\/li>\n<\/ul>\n<p>[\/et_pb_text][\/et_pb_column][\/et_pb_row][\/et_pb_section]<\/p>\n","protected":false},"excerpt":{"rendered":"<p>Kooperationspartner des Familienzentrums Mumm Familienservice- Christoffelstra\u00dfe 34- Ansprechpartner Dorothea H\u00fcttersen- 021669893850 Aufgaben: Kinderschutz, Infos aus dem Kinder- und Jugendhilfeausschuss, R\u00e4umlichkeiten, Tr\u00e4gerMummGarten- Bettratherstra\u00dfe 82- Ansprechpartner Jacqueline Kl\u00f6ckner- 0216698938-24 Aufgaben: Eltern vermitteln&amp; informieren, Angebote weiterleiten, AustauschSausewind- Goethestra\u00dfe 19- Ansprechpartner Christina Bruyers- 0216698938- 13 Aufgaben: Eltern vermitteln&amp; informieren, Angebote weiterleiten, Austausch \u00fcber FZ-relevante ThemenMummPitz- Geneickenerstra\u00dfe 80- Ansprechpartner Clara [&hellip;]<\/p>\n","protected":false},"author":1,"featured_media":0,"parent":0,"menu_order":0,"comment_status":"closed","ping_status":"closed","template":"","meta":{"_et_pb_use_builder":"on","_et_pb_old_content":"<p><strong>Familienzentrum - Kooperationspartner<\/strong><\/p>","_et_gb_content_width":"","footnotes":""},"_links":{"self":[{"href":"https:\/\/mumm-mg.de\/mummi\/wp-json\/wp\/v2\/pages\/54"}],"collection":[{"href":"https:\/\/mumm-mg.de\/mummi\/wp-json\/wp\/v2\/pages"}],"about":[{"href":"https:\/\/mumm-mg.de\/mummi\/wp-json\/wp\/v2\/types\/page"}],"author":[{"embeddable":true,"href":"https:\/\/mumm-mg.de\/mummi\/wp-json\/wp\/v2\/users\/1"}],"replies":[{"embeddable":true,"href":"https:\/\/mumm-mg.de\/mummi\/wp-json\/wp\/v2\/comments?post=54"}],"version-history":[{"count":10,"href":"https:\/\/mumm-mg.de\/mummi\/wp-json\/wp\/v2\/pages\/54\/revisions"}],"predecessor-version":[{"id":2803,"href":"https:\/\/mumm-mg.de\/mummi\/wp-json\/wp\/v2\/pages\/54\/revisions\/2803"}],"wp:attachment":[{"href":"https:\/\/mumm-mg.de\/mummi\/wp-json\/wp\/v2\/media?parent=54"}],"curies":[{"name":"wp","href":"https:\/\/api.w.org\/{rel}","templated":true}]}}