{"id":264,"date":"2017-03-02T14:57:54","date_gmt":"2017-03-02T13:57:54","guid":{"rendered":"https:\/\/mumm-mg.de\/mummpaenz\/?page_id=264"},"modified":"2026-01-26T17:41:01","modified_gmt":"2026-01-26T16:41:01","slug":"veranstaltungen","status":"publish","type":"page","link":"https:\/\/mumm-mg.de\/mummpaenz\/veranstaltungen\/","title":{"rendered":"Termine"},"content":{"rendered":"<p>[et_pb_section fb_built=&#8220;1&#8243; fullwidth=&#8220;on&#8220; custom_padding_last_edited=&#8220;on|desktop&#8220; module_id=&#8220;header-bild-mumm&#8220; _builder_version=&#8220;3.22&#8243; custom_padding_tablet=&#8220;50px|0|50px|0&#8243; custom_padding_phone=&#8220;&#8220; transparent_background=&#8220;off&#8220; padding_mobile=&#8220;off&#8220; make_fullwidth=&#8220;off&#8220; use_custom_width=&#8220;off&#8220; width_unit=&#8220;off&#8220; global_module=&#8220;95&#8243; global_colors_info=&#8220;{}&#8220;][et_pb_fullwidth_slider use_bg_overlay=&#8220;off&#8220; use_text_overlay=&#8220;off&#8220; admin_label=&#8220;Header-Bild Mummi&#8220; _builder_version=&#8220;4.16&#8243; background_position=&#8220;top_left&#8220; custom_padding=&#8220;|||&#8220; z_index_tablet=&#8220;500&#8243; header_text_shadow_horizontal_length_tablet=&#8220;0px&#8220; header_text_shadow_vertical_length_tablet=&#8220;0px&#8220; header_text_shadow_blur_strength_tablet=&#8220;1px&#8220; body_text_shadow_horizontal_length_tablet=&#8220;0px&#8220; body_text_shadow_vertical_length_tablet=&#8220;0px&#8220; body_text_shadow_blur_strength_tablet=&#8220;1px&#8220; body_link_text_shadow_horizontal_length_tablet=&#8220;0px&#8220; body_link_text_shadow_vertical_length_tablet=&#8220;0px&#8220; body_link_text_shadow_blur_strength_tablet=&#8220;1px&#8220; body_ul_text_shadow_horizontal_length_tablet=&#8220;0px&#8220; body_ul_text_shadow_vertical_length_tablet=&#8220;0px&#8220; body_ul_text_shadow_blur_strength_tablet=&#8220;1px&#8220; body_ol_text_shadow_horizontal_length_tablet=&#8220;0px&#8220; body_ol_text_shadow_vertical_length_tablet=&#8220;0px&#8220; body_ol_text_shadow_blur_strength_tablet=&#8220;1px&#8220; body_quote_text_shadow_horizontal_length_tablet=&#8220;0px&#8220; body_quote_text_shadow_vertical_length_tablet=&#8220;0px&#8220; body_quote_text_shadow_blur_strength_tablet=&#8220;1px&#8220; button_text_shadow_horizontal_length_tablet=&#8220;0px&#8220; button_text_shadow_vertical_length_tablet=&#8220;0px&#8220; button_text_shadow_blur_strength_tablet=&#8220;1px&#8220; box_shadow_style=&#8220;preset6&#8243; box_shadow_blur=&#8220;10px&#8220; box_shadow_color=&#8220;rgba(0,0,0,0.1)&#8220; box_shadow_horizontal_image_tablet=&#8220;0px&#8220; box_shadow_vertical_image_tablet=&#8220;0px&#8220; box_shadow_blur_image_tablet=&#8220;40px&#8220; box_shadow_spread_image_tablet=&#8220;0px&#8220; box_shadow_horizontal_button_tablet=&#8220;0px&#8220; box_shadow_vertical_button_tablet=&#8220;0px&#8220; box_shadow_blur_button_tablet=&#8220;40px&#8220; box_shadow_spread_button_tablet=&#8220;0px&#8220; text_shadow_horizontal_length_tablet=&#8220;0px&#8220; text_shadow_vertical_length_tablet=&#8220;0px&#8220; text_shadow_blur_strength_tablet=&#8220;1px&#8220; global_colors_info=&#8220;{}&#8220; button_text_size__hover_enabled=&#8220;off&#8220; button_text_size__hover=&#8220;null&#8220; button_one_text_size__hover_enabled=&#8220;off&#8220; button_one_text_size__hover=&#8220;null&#8220; button_two_text_size__hover_enabled=&#8220;off&#8220; button_two_text_size__hover=&#8220;null&#8220; button_text_color__hover_enabled=&#8220;off&#8220; button_text_color__hover=&#8220;null&#8220; button_one_text_color__hover_enabled=&#8220;off&#8220; button_one_text_color__hover=&#8220;null&#8220; button_two_text_color__hover_enabled=&#8220;off&#8220; button_two_text_color__hover=&#8220;null&#8220; button_border_width__hover_enabled=&#8220;off&#8220; button_border_width__hover=&#8220;null&#8220; button_one_border_width__hover_enabled=&#8220;off&#8220; button_one_border_width__hover=&#8220;null&#8220; button_two_border_width__hover_enabled=&#8220;off&#8220; button_two_border_width__hover=&#8220;null&#8220; button_border_color__hover_enabled=&#8220;off&#8220; button_border_color__hover=&#8220;null&#8220; button_one_border_color__hover_enabled=&#8220;off&#8220; button_one_border_color__hover=&#8220;null&#8220; button_two_border_color__hover_enabled=&#8220;off&#8220; button_two_border_color__hover=&#8220;null&#8220; button_border_radius__hover_enabled=&#8220;off&#8220; button_border_radius__hover=&#8220;null&#8220; button_one_border_radius__hover_enabled=&#8220;off&#8220; button_one_border_radius__hover=&#8220;null&#8220; button_two_border_radius__hover_enabled=&#8220;off&#8220; button_two_border_radius__hover=&#8220;null&#8220; button_letter_spacing__hover_enabled=&#8220;on&#8220; button_letter_spacing__hover=&#8220;0&#8243; button_one_letter_spacing__hover_enabled=&#8220;off&#8220; button_one_letter_spacing__hover=&#8220;null&#8220; button_two_letter_spacing__hover_enabled=&#8220;off&#8220; button_two_letter_spacing__hover=&#8220;null&#8220; button_bg_color__hover_enabled=&#8220;off&#8220; button_bg_color__hover=&#8220;null&#8220; button_one_bg_color__hover_enabled=&#8220;off&#8220; button_one_bg_color__hover=&#8220;null&#8220; button_two_bg_color__hover_enabled=&#8220;off&#8220; button_two_bg_color__hover=&#8220;null&#8220;][et_pb_slide use_bg_overlay=&#8220;off&#8220; use_text_overlay=&#8220;off&#8220; _builder_version=&#8220;4.16&#8243; header_font=&#8220;||||&#8220; body_font=&#8220;||||&#8220; background_color=&#8220;#ffffff&#8220; background_image=&#8220;https:\/\/mumm-mg.de\/mummpitz\/wp-content\/uploads\/sites\/8\/2019\/09\/header3.jpg&#8220; button_on_hover=&#8220;on&#8220; background_color_gradient_direction_tablet=&#8220;180deg&#8220; background_color_gradient_direction_phone=&#8220;180deg&#8220; background_color_gradient_stops_tablet=&#8220;#2b87da 0%|#29c4a9 100%&#8220; background_color_gradient_stops_phone=&#8220;#2b87da 0%|#29c4a9 100%&#8220; background_color_gradient_start_position_tablet=&#8220;0%&#8220; background_color_gradient_start_position_phone=&#8220;0%&#8220; background_color_gradient_end_position_tablet=&#8220;100%&#8220; background_color_gradient_end_position_phone=&#8220;100%&#8220; child_filter_hue_rotate_tablet=&#8220;0deg&#8220; child_filter_hue_rotate_phone=&#8220;0deg&#8220; child_filter_saturate_tablet=&#8220;100%&#8220; child_filter_saturate_phone=&#8220;100%&#8220; child_filter_brightness_tablet=&#8220;100%&#8220; child_filter_brightness_phone=&#8220;100%&#8220; child_filter_contrast_tablet=&#8220;100%&#8220; child_filter_contrast_phone=&#8220;100%&#8220; child_filter_invert_tablet=&#8220;0%&#8220; child_filter_invert_phone=&#8220;0%&#8220; child_filter_sepia_tablet=&#8220;0%&#8220; child_filter_sepia_phone=&#8220;0%&#8220; child_filter_opacity_tablet=&#8220;100%&#8220; child_filter_opacity_phone=&#8220;100%&#8220; child_filter_blur_tablet=&#8220;0px&#8220; child_filter_blur_phone=&#8220;0px&#8220; hover_transition_duration_tablet=&#8220;300ms&#8220; hover_transition_duration_phone=&#8220;300ms&#8220; hover_transition_delay_tablet=&#8220;0ms&#8220; hover_transition_delay_phone=&#8220;0ms&#8220; header_text_shadow_horizontal_length_tablet=&#8220;0em&#8220; header_text_shadow_horizontal_length_phone=&#8220;0em&#8220; header_text_shadow_vertical_length_tablet=&#8220;0em&#8220; header_text_shadow_vertical_length_phone=&#8220;0em&#8220; header_text_shadow_blur_strength_tablet=&#8220;0em&#8220; header_text_shadow_blur_strength_phone=&#8220;0em&#8220; body_text_shadow_horizontal_length_tablet=&#8220;0em&#8220; body_text_shadow_horizontal_length_phone=&#8220;0em&#8220; body_text_shadow_vertical_length_tablet=&#8220;0em&#8220; body_text_shadow_vertical_length_phone=&#8220;0em&#8220; body_text_shadow_blur_strength_tablet=&#8220;0em&#8220; body_text_shadow_blur_strength_phone=&#8220;0em&#8220; body_link_text_shadow_horizontal_length_tablet=&#8220;0px&#8220; body_link_text_shadow_horizontal_length_phone=&#8220;0px&#8220; body_link_text_shadow_vertical_length_tablet=&#8220;0px&#8220; body_link_text_shadow_vertical_length_phone=&#8220;0px&#8220; body_link_text_shadow_blur_strength_tablet=&#8220;1px&#8220; body_link_text_shadow_blur_strength_phone=&#8220;1px&#8220; body_ul_text_shadow_horizontal_length_tablet=&#8220;0px&#8220; body_ul_text_shadow_horizontal_length_phone=&#8220;0px&#8220; body_ul_text_shadow_vertical_length_tablet=&#8220;0px&#8220; body_ul_text_shadow_vertical_length_phone=&#8220;0px&#8220; body_ul_text_shadow_blur_strength_tablet=&#8220;1px&#8220; body_ul_text_shadow_blur_strength_phone=&#8220;1px&#8220; body_ol_text_shadow_horizontal_length_tablet=&#8220;0px&#8220; body_ol_text_shadow_horizontal_length_phone=&#8220;0px&#8220; body_ol_text_shadow_vertical_length_tablet=&#8220;0px&#8220; body_ol_text_shadow_vertical_length_phone=&#8220;0px&#8220; body_ol_text_shadow_blur_strength_tablet=&#8220;1px&#8220; body_ol_text_shadow_blur_strength_phone=&#8220;1px&#8220; body_quote_text_shadow_horizontal_length_tablet=&#8220;0px&#8220; body_quote_text_shadow_horizontal_length_phone=&#8220;0px&#8220; body_quote_text_shadow_vertical_length_tablet=&#8220;0px&#8220; body_quote_text_shadow_vertical_length_phone=&#8220;0px&#8220; body_quote_text_shadow_blur_strength_tablet=&#8220;1px&#8220; body_quote_text_shadow_blur_strength_phone=&#8220;1px&#8220; button_text_shadow_horizontal_length_tablet=&#8220;0em&#8220; button_text_shadow_horizontal_length_phone=&#8220;0em&#8220; button_text_shadow_vertical_length_tablet=&#8220;0em&#8220; button_text_shadow_vertical_length_phone=&#8220;0em&#8220; button_text_shadow_blur_strength_tablet=&#8220;0em&#8220; button_text_shadow_blur_strength_phone=&#8220;0em&#8220; box_shadow_horizontal_image_tablet=&#8220;0px&#8220; box_shadow_horizontal_image_phone=&#8220;0px&#8220; box_shadow_vertical_image_tablet=&#8220;0px&#8220; box_shadow_vertical_image_phone=&#8220;0px&#8220; box_shadow_blur_image_tablet=&#8220;40px&#8220; box_shadow_blur_image_phone=&#8220;40px&#8220; box_shadow_spread_image_tablet=&#8220;0px&#8220; box_shadow_spread_image_phone=&#8220;0px&#8220; box_shadow_horizontal_button_tablet=&#8220;0px&#8220; box_shadow_horizontal_button_phone=&#8220;0px&#8220; box_shadow_vertical_button_tablet=&#8220;0px&#8220; box_shadow_vertical_button_phone=&#8220;0px&#8220; box_shadow_blur_button_tablet=&#8220;40px&#8220; box_shadow_blur_button_phone=&#8220;40px&#8220; box_shadow_spread_button_tablet=&#8220;0px&#8220; box_shadow_spread_button_phone=&#8220;0px&#8220; text_shadow_horizontal_length_tablet=&#8220;0em&#8220; text_shadow_horizontal_length_phone=&#8220;0em&#8220; text_shadow_vertical_length_tablet=&#8220;0em&#8220; text_shadow_vertical_length_phone=&#8220;0em&#8220; text_shadow_blur_strength_tablet=&#8220;0em&#8220; text_shadow_blur_strength_phone=&#8220;0em&#8220; global_colors_info=&#8220;{}&#8220; sticky_transition=&#8220;on&#8220;][\/et_pb_slide][\/et_pb_fullwidth_slider][\/et_pb_section][et_pb_section fb_built=&#8220;1&#8243; admin_label=&#8220;section&#8220; _builder_version=&#8220;4.16&#8243; background_color=&#8220;rgba(255,255,255,0)&#8220; transparent_background=&#8220;on&#8220; global_colors_info=&#8220;{}&#8220;][et_pb_row column_structure=&#8220;2_3,1_3&#8243; padding_mobile=&#8220;off&#8220; column_padding_mobile=&#8220;on&#8220; admin_label=&#8220;row&#8220; _builder_version=&#8220;4.16&#8243; background_size=&#8220;initial&#8220; background_position=&#8220;top_left&#8220; background_repeat=&#8220;repeat&#8220; global_colors_info=&#8220;{}&#8220;][et_pb_column type=&#8220;2_3&#8243; _builder_version=&#8220;4.16&#8243; custom_padding=&#8220;|||&#8220; global_colors_info=&#8220;{}&#8220; custom_padding__hover=&#8220;|||&#8220;][et_pb_text admin_label=&#8220;\u00dcberschrift Veranstaltungen&#8220; _builder_version=&#8220;4.16&#8243; background_size=&#8220;initial&#8220; background_position=&#8220;top_left&#8220; background_repeat=&#8220;repeat&#8220; vertical_offset_tablet=&#8220;0&#8243; horizontal_offset_tablet=&#8220;0&#8243; z_index_tablet=&#8220;0&#8243; text_text_shadow_horizontal_length_tablet=&#8220;0px&#8220; text_text_shadow_vertical_length_tablet=&#8220;0px&#8220; text_text_shadow_blur_strength_tablet=&#8220;1px&#8220; link_text_shadow_horizontal_length_tablet=&#8220;0px&#8220; link_text_shadow_vertical_length_tablet=&#8220;0px&#8220; link_text_shadow_blur_strength_tablet=&#8220;1px&#8220; ul_text_shadow_horizontal_length_tablet=&#8220;0px&#8220; ul_text_shadow_vertical_length_tablet=&#8220;0px&#8220; ul_text_shadow_blur_strength_tablet=&#8220;1px&#8220; ol_text_shadow_horizontal_length_tablet=&#8220;0px&#8220; ol_text_shadow_vertical_length_tablet=&#8220;0px&#8220; ol_text_shadow_blur_strength_tablet=&#8220;1px&#8220; quote_text_shadow_horizontal_length_tablet=&#8220;0px&#8220; quote_text_shadow_vertical_length_tablet=&#8220;0px&#8220; quote_text_shadow_blur_strength_tablet=&#8220;1px&#8220; header_text_shadow_horizontal_length_tablet=&#8220;0px&#8220; header_text_shadow_vertical_length_tablet=&#8220;0px&#8220; header_text_shadow_blur_strength_tablet=&#8220;1px&#8220; header_2_text_shadow_horizontal_length_tablet=&#8220;0px&#8220; header_2_text_shadow_vertical_length_tablet=&#8220;0px&#8220; header_2_text_shadow_blur_strength_tablet=&#8220;1px&#8220; header_3_text_shadow_horizontal_length_tablet=&#8220;0px&#8220; header_3_text_shadow_vertical_length_tablet=&#8220;0px&#8220; header_3_text_shadow_blur_strength_tablet=&#8220;1px&#8220; header_4_text_shadow_horizontal_length_tablet=&#8220;0px&#8220; header_4_text_shadow_vertical_length_tablet=&#8220;0px&#8220; header_4_text_shadow_blur_strength_tablet=&#8220;1px&#8220; header_5_text_shadow_horizontal_length_tablet=&#8220;0px&#8220; header_5_text_shadow_vertical_length_tablet=&#8220;0px&#8220; header_5_text_shadow_blur_strength_tablet=&#8220;1px&#8220; header_6_text_shadow_horizontal_length_tablet=&#8220;0px&#8220; header_6_text_shadow_vertical_length_tablet=&#8220;0px&#8220; header_6_text_shadow_blur_strength_tablet=&#8220;1px&#8220; box_shadow_horizontal_tablet=&#8220;0px&#8220; box_shadow_vertical_tablet=&#8220;0px&#8220; box_shadow_blur_tablet=&#8220;40px&#8220; box_shadow_spread_tablet=&#8220;0px&#8220; use_border_color=&#8220;off&#8220; global_colors_info=&#8220;{}&#8220;]<\/p>\n<h1><span class=\"h1-text\">Termine im MummP\u00e4nz<br \/><\/span><\/h1>\n<p>[\/et_pb_text][\/et_pb_column][et_pb_column type=&#8220;1_3&#8243; _builder_version=&#8220;4.16&#8243; custom_padding=&#8220;|||&#8220; global_colors_info=&#8220;{}&#8220; custom_padding__hover=&#8220;|||&#8220;][et_pb_image src=&#8220;https:\/\/mumm-mg.de\/mummpaenz\/wp-content\/uploads\/sites\/25\/2020\/11\/mummp\u00e4nz.png&#8220; align_tablet=&#8220;center&#8220; align_phone=&#8220;&#8220; align_last_edited=&#8220;on|desktop&#8220; _builder_version=&#8220;4.16&#8243; vertical_offset_tablet=&#8220;0&#8243; horizontal_offset_tablet=&#8220;0&#8243; z_index_tablet=&#8220;0&#8243; box_shadow_horizontal_tablet=&#8220;0px&#8220; box_shadow_vertical_tablet=&#8220;0px&#8220; box_shadow_blur_tablet=&#8220;40px&#8220; box_shadow_spread_tablet=&#8220;0px&#8220; global_colors_info=&#8220;{}&#8220;]<br \/>\n[\/et_pb_image][\/et_pb_column][\/et_pb_row][et_pb_row admin_label=&#8220;row&#8220; _builder_version=&#8220;4.16&#8243; background_size=&#8220;initial&#8220; background_position=&#8220;top_left&#8220; background_repeat=&#8220;repeat&#8220; global_colors_info=&#8220;{}&#8220;][et_pb_column type=&#8220;4_4&#8243; _builder_version=&#8220;4.16&#8243; custom_padding=&#8220;|||&#8220; global_colors_info=&#8220;{}&#8220; custom_padding__hover=&#8220;|||&#8220;][et_pb_text _builder_version=&#8220;4.20.2&#8243; vertical_offset_tablet=&#8220;0&#8243; horizontal_offset_tablet=&#8220;0&#8243; hover_enabled=&#8220;0&#8243; z_index_tablet=&#8220;0&#8243; text_text_shadow_horizontal_length_tablet=&#8220;0px&#8220; text_text_shadow_vertical_length_tablet=&#8220;0px&#8220; text_text_shadow_blur_strength_tablet=&#8220;1px&#8220; link_text_shadow_horizontal_length_tablet=&#8220;0px&#8220; link_text_shadow_vertical_length_tablet=&#8220;0px&#8220; link_text_shadow_blur_strength_tablet=&#8220;1px&#8220; ul_text_shadow_horizontal_length_tablet=&#8220;0px&#8220; ul_text_shadow_vertical_length_tablet=&#8220;0px&#8220; ul_text_shadow_blur_strength_tablet=&#8220;1px&#8220; ol_text_shadow_horizontal_length_tablet=&#8220;0px&#8220; ol_text_shadow_vertical_length_tablet=&#8220;0px&#8220; ol_text_shadow_blur_strength_tablet=&#8220;1px&#8220; quote_text_shadow_horizontal_length_tablet=&#8220;0px&#8220; quote_text_shadow_vertical_length_tablet=&#8220;0px&#8220; quote_text_shadow_blur_strength_tablet=&#8220;1px&#8220; header_text_shadow_horizontal_length_tablet=&#8220;0px&#8220; header_text_shadow_vertical_length_tablet=&#8220;0px&#8220; header_text_shadow_blur_strength_tablet=&#8220;1px&#8220; header_2_text_shadow_horizontal_length_tablet=&#8220;0px&#8220; header_2_text_shadow_vertical_length_tablet=&#8220;0px&#8220; header_2_text_shadow_blur_strength_tablet=&#8220;1px&#8220; header_3_text_shadow_horizontal_length_tablet=&#8220;0px&#8220; header_3_text_shadow_vertical_length_tablet=&#8220;0px&#8220; header_3_text_shadow_blur_strength_tablet=&#8220;1px&#8220; header_4_text_shadow_horizontal_length_tablet=&#8220;0px&#8220; header_4_text_shadow_vertical_length_tablet=&#8220;0px&#8220; header_4_text_shadow_blur_strength_tablet=&#8220;1px&#8220; header_5_text_shadow_horizontal_length_tablet=&#8220;0px&#8220; header_5_text_shadow_vertical_length_tablet=&#8220;0px&#8220; header_5_text_shadow_blur_strength_tablet=&#8220;1px&#8220; header_6_text_shadow_horizontal_length_tablet=&#8220;0px&#8220; header_6_text_shadow_vertical_length_tablet=&#8220;0px&#8220; header_6_text_shadow_blur_strength_tablet=&#8220;1px&#8220; box_shadow_horizontal_tablet=&#8220;0px&#8220; box_shadow_vertical_tablet=&#8220;0px&#8220; box_shadow_blur_tablet=&#8220;40px&#8220; box_shadow_spread_tablet=&#8220;0px&#8220; global_colors_info=&#8220;{}&#8220; sticky_enabled=&#8220;0&#8243;]<\/p>\n<p>Februar 26<\/p>\n<ul>\n<li>13.Karnevallsfeier+besuch der Tanzgarde\u00a0<\/li>\n<li>16 und 17 KiTa geschlossen\u00a0 !<\/li>\n<\/ul>\n<p>Januar 26<\/p>\n<ul>\n<li>02.Erster KiTa Tag im Jahr<\/li>\n<li>13.Kennlernnachmittag 10-12 Uhr (Anmelung unter\u00a0 <a href=\"mailto:mummpaenz@mumm-mg.de\">mummpaenz@mumm-mg.de<\/a>)<\/li>\n<li>16.Kennlernnachmittag 13-15 Uhr\u00a0\u00a0(Anmelung unter\u00a0 <a href=\"mailto:mummpaenz@mumm-mg.de\">mummpaenz@mumm-mg.de<\/a>)<\/li>\n<li>26.Zahnprophylaxe<\/li>\n<\/ul>\n<p>Dezember 25<\/p>\n<ul>\n<li>01.Adventlesekreis Teil 1<\/li>\n<li>05.Pl\u00e4tzchenback Angebot<\/li>\n<li>08.Nikolaus Feier\/ Fr\u00fchst\u00fcck<\/li>\n<li>09.Adventlesekreis Teil 2<\/li>\n<li>15.Adventlesekreis Teil 3<\/li>\n<li>22.Adventlesekreis Teil 4<\/li>\n<li>23.Letzer KiTa tag vor den Ferien<\/li>\n<\/ul>\n<p>&nbsp;<\/p>\n<p>November 25<\/p>\n<ul>\n<li>21.Der Fotograf war da<\/li>\n<\/ul>\n<p>&nbsp;<\/p>\n<p>Oktober 25<\/p>\n<ul>\n<li>\u00a031.Halloween<\/li>\n<\/ul>\n<p>September 25<\/p>\n<ul>\n<li>10. Elternbeirat.<\/li>\n<li>20. Sommerfest<\/li>\n<\/ul>\n<p>August 25<\/p>\n<ul>\n<li>04. Erster Kindergartentag nach der Sommerschlie\u00dfung<\/li>\n<li>05. Heute beginnen die Eingew\u00f6hnungen der neuen MummP\u00e4nz Kinder<\/li>\n<\/ul>\n<p>Juli 25<\/p>\n<ul>\n<li>Abschiedsausflug + Abschiedsfeier f\u00fcr unsere Vorschulkinder<\/li>\n<li>14. Sommerschlie\u00dfung 3 Wochen, die Einrichtung hat komplett geschlossen.<\/li>\n<\/ul>\n<p>Juni 25<\/p>\n<ul>\n<li>04. Schult\u00fcten basteln (Vorschulkinder + Eltern)<\/li>\n<li>13. Der Fotograf kommt in die Kita<\/li>\n<li>17. Polizeiprojekt (Vorschulkinder)<\/li>\n<li>23. M\u00f6nchengladbacher Hockey Cup &#8211; wir sind dabei !!!<\/li>\n<li>24 Polizeiprojekt (Vorschulkinder + Eltern)<\/li>\n<\/ul>\n<p>Mai 25<\/p>\n<ul>\n<li>Besuch des Sch\u00fctzenfestes in Bettrath (Vorschulkinder)<\/li>\n<li>Hockey Training f\u00fcr die 2.Kita Manschaft 2025 (Beim GHTC am 06.+13.05.25)<\/li>\n<li>07. Besuch des Museums Abteiberg (Vorschulkinder)<\/li>\n<li>montags regelm\u00e4\u00dfiges Fu\u00dfballtraining f\u00fcr die Kita Mannschaft 2025<\/li>\n<li>18. Fu\u00dfballturnier in Liedberg<\/li>\n<\/ul>\n<p>April 25<\/p>\n<ul>\n<li>04. Vorlesenachmittag durch die Elternschaft<\/li>\n<li>06. Ausflug in den Tierpark M\u00f6nchengladbach (Vorschulkinder)<\/li>\n<li>17. Osterfr\u00fchst\u00fcck mit Besuch des Osterhasen<\/li>\n<li>Hockey Training f\u00fcr die 2.Kita Manschaft 2025<\/li>\n<\/ul>\n<p>M\u00e4rz 25<\/p>\n<ul>\n<li>03. + 04. bleibt die Einrichtung\u00a0 geschlossen<\/li>\n<li>07. Vorlesenachmittag durch die Elternschaft<\/li>\n<li>Fu\u00dfballtraining f\u00fcr die Kita Mannschaft 2025<\/li>\n<li>21. Vorlesenachmittag durch die Elternschaft<\/li>\n<li>Ausflug zum Flughafen M\u00f6nchengladbach (Vorschulkinder)<\/li>\n<\/ul>\n<p>Februar 25<\/p>\n<ul>\n<li>06. ADACUS ADAC Stiftung (Vorschulkinder )<\/li>\n<li>07. Vorlesenachmittag durch die Elternschaft<\/li>\n<li>21. Vorlesenachmittag durch die Elternschaft<\/li>\n<li>27. Karnevalsfeier<\/li>\n<li>28.Kindergarde der KG Uehll\u00f6eker Neuwerk zu Besuch in unserer Einrichtung<\/li>\n<li>Fu\u00dfballtraining f\u00fcr die Kita Mannschaft 2025<\/li>\n<\/ul>\n<p>Januar 25<\/p>\n<ul>\n<li>03. Vorlesenachmittag durch die Elternschaft<\/li>\n<li>07. Hockey Training f\u00fcr die Kita Manschaft 2025<\/li>\n<li>13. Die Zahn\u00e4rztin ist zu Besuch<\/li>\n<li>15.-17. Hockey Training f\u00fcr die Kita Manschaft 2025<\/li>\n<li>20. M\u00f6nchengladbacher Hockey Cup &#8211; wir sind dabei !!!<\/li>\n<li>24. Vorlesenachmittag durch die Elternschaft<\/li>\n<li>27. 15:00 Uhr F\u00fchrung durch die Einrichtung f\u00fcr neue Eltern (bitte anmelden)<\/li>\n<li>29. Elternsprechtag f\u00fcr die angehenden Schulkinder<\/li>\n<li>30. Zahnprophylaxe im Kindergarten ab 3 Jahren<\/li>\n<\/ul>\n<p>&nbsp;<\/p>\n<p>Dezember 24<\/p>\n<ul>\n<li>02. 14:00 Uhr F\u00fchrung durch die Einrichtung f\u00fcr neue Eltern (bitte anmelden)<\/li>\n<li>06. Nikolausfeier am Nachmittag<\/li>\n<li>09. Der Fotograf kommt<\/li>\n<li>23. Weihnachtsschlie\u00dfung bis einschlie\u00dflich 01.01.2025<\/li>\n<\/ul>\n<p>November 24<\/p>\n<ul>\n<li>04. St. Martin 17:00-19:00 Uhr<\/li>\n<li>22. bleibt die Einrichtung bez\u00fcglich eines Konzeptionstages geschlossen.<\/li>\n<li>25. Evonik Kinderuni Projekt bis Ende Januar 25<\/li>\n<\/ul>\n<p>Oktober 24<\/p>\n<ul>\n<li>07. Projekttag mit der mags (Vorschulkinder)<\/li>\n<li>07. 14:00 Uhr F\u00fchrung durch die Einrichtung f\u00fcr neue Eltern (bitte anmelden)<\/li>\n<li>21. 14:00 Uhr F\u00fchrung durch die Einrichtung f\u00fcr neue Eltern (bitte anmelden)<\/li>\n<li>28. 14:00 Uhr F\u00fchrung durch die Einrichtung f\u00fcr neue Eltern &#8211; ABGESAGT-<\/li>\n<li>\u00a0\u00a0\u00a0\u00a0\u00a0 t\u00e4gliches Nachmittagsangebot &#8222;Laternenbasteln&#8220;<\/li>\n<li>25.-31. Morgenkreis zu Thema &#8222;St. Martin&#8220; mit den Eltern<\/li>\n<\/ul>\n<p>September 24<\/p>\n<ul>\n<li>03. Ausflug in die Zentralb\u00fccherei M\u00f6nchengladbach (Vorschulkinder)<\/li>\n<li>16. Run&amp;Fun das MummP\u00e4nz Team ist abends mit dabei<\/li>\n<\/ul>\n<p>August 24<\/p>\n<ul>\n<li>19. Erster Kindergartentag nach der Sommerschlie\u00dfung<\/li>\n<li>20. Heute beginnen die Eingew\u00f6hnungen der neuen MummP\u00e4nz Kinder<\/li>\n<li>31. Sommerfest in der Kita MummP\u00e4nz<\/li>\n<\/ul>\n<p>[\/et_pb_text][\/et_pb_column][\/et_pb_row][et_pb_row _builder_version=&#8220;4.16&#8243; background_size=&#8220;initial&#8220; background_position=&#8220;top_left&#8220; background_repeat=&#8220;repeat&#8220; global_colors_info=&#8220;{}&#8220;][et_pb_column type=&#8220;4_4&#8243; _builder_version=&#8220;4.16&#8243; custom_padding=&#8220;|||&#8220; global_colors_info=&#8220;{}&#8220; custom_padding__hover=&#8220;|||&#8220;][\/et_pb_column][\/et_pb_row][\/et_pb_section]<\/p>\n","protected":false},"excerpt":{"rendered":"<p>Termine im MummP\u00e4nz Februar 26 13.Karnevallsfeier+besuch der Tanzgarde\u00a0 16 und 17 KiTa geschlossen\u00a0 ! Januar 26 02.Erster KiTa Tag im Jahr 13.Kennlernnachmittag 10-12 Uhr (Anmelung unter\u00a0 mummpaenz@mumm-mg.de) 16.Kennlernnachmittag 13-15 Uhr\u00a0\u00a0(Anmelung unter\u00a0 mummpaenz@mumm-mg.de) 26.Zahnprophylaxe Dezember 25 01.Adventlesekreis Teil 1 05.Pl\u00e4tzchenback Angebot 08.Nikolaus Feier\/ Fr\u00fchst\u00fcck 09.Adventlesekreis Teil 2 15.Adventlesekreis Teil 3 22.Adventlesekreis Teil 4 23.Letzer KiTa tag [&hellip;]<\/p>\n","protected":false},"author":10,"featured_media":0,"parent":0,"menu_order":0,"comment_status":"closed","ping_status":"closed","template":"","meta":{"_et_pb_use_builder":"on","_et_pb_old_content":"<ul><li>13. April\u00a0\u00a0\u00a0\u00a0\u00a0 Osterfr\u00fchst\u00fcck<\/li><li>24.Juni \u00a0 \u00a0 \u00a0\u00a0 Sommerfest<\/li><li>07.Juli \u00a0 \u00a0 \u00a0 \u00a0 \u00dcbernachtung der Vorschulis in der Kita<\/li><li>02. Sept. \u00a0 \u00a0 Kennenlernfr\u00fchs\u00fcck<\/li><li>11. Sept. \u00a0 \u00a0 Elternversamlung<\/li><li>06. Nov.\u00a0\u00a0\u00a0\u00a0\u00a0 Sankt Martins Fest<\/li><li>15. Nov.\u00a0\u00a0\u00a0\u00a0\u00a0 Singen im Altenheim<\/li><li>09. Dez.\u00a0\u00a0\u00a0\u00a0\u00a0 Adventswanderung<\/li><li>06. Dez. \u00a0\u00a0\u00a0\u00a0 Nikolausfeier<\/li><li>21. Dez.\u00a0\u00a0\u00a0\u00a0\u00a0 Weihnachtsfeier<\/li><\/ul><p>\u00a0<\/p>","_et_gb_content_width":"","footnotes":""},"_links":{"self":[{"href":"https:\/\/mumm-mg.de\/mummpaenz\/wp-json\/wp\/v2\/pages\/264"}],"collection":[{"href":"https:\/\/mumm-mg.de\/mummpaenz\/wp-json\/wp\/v2\/pages"}],"about":[{"href":"https:\/\/mumm-mg.de\/mummpaenz\/wp-json\/wp\/v2\/types\/page"}],"author":[{"embeddable":true,"href":"https:\/\/mumm-mg.de\/mummpaenz\/wp-json\/wp\/v2\/users\/10"}],"replies":[{"embeddable":true,"href":"https:\/\/mumm-mg.de\/mummpaenz\/wp-json\/wp\/v2\/comments?post=264"}],"version-history":[{"count":12,"href":"https:\/\/mumm-mg.de\/mummpaenz\/wp-json\/wp\/v2\/pages\/264\/revisions"}],"predecessor-version":[{"id":2679,"href":"https:\/\/mumm-mg.de\/mummpaenz\/wp-json\/wp\/v2\/pages\/264\/revisions\/2679"}],"wp:attachment":[{"href":"https:\/\/mumm-mg.de\/mummpaenz\/wp-json\/wp\/v2\/media?parent=264"}],"curies":[{"name":"wp","href":"https:\/\/api.w.org\/{rel}","templated":true}]}}