{"id":44,"date":"2016-11-16T15:45:45","date_gmt":"2016-11-16T14:45:45","guid":{"rendered":"https:\/\/mumm-mg.de\/mummstrolche\/?page_id=44"},"modified":"2024-10-08T10:53:27","modified_gmt":"2024-10-08T08:53:27","slug":"kontakt","status":"publish","type":"page","link":"https:\/\/mumm-mg.de\/mummstrolche\/kontakt\/","title":{"rendered":"Kontakt"},"content":{"rendered":"<p>[et_pb_section bb_built=&#8220;1&#8243; fullwidth=&#8220;on&#8220; custom_padding_last_edited=&#8220;on|desktop&#8220; module_id=&#8220;header-bild-mumm&#8220; _builder_version=&#8220;4.20.2&#8243; custom_padding_tablet=&#8220;50px|0|50px|0&#8243; transparent_background=&#8220;off&#8220; padding_mobile=&#8220;off&#8220; make_fullwidth=&#8220;off&#8220; use_custom_width=&#8220;off&#8220; width_unit=&#8220;off&#8220; global_colors_info=&#8220;{}&#8220; next_background_color=&#8220;rgba(255,255,255,0)&#8220; inner_width=&#8220;auto&#8220; inner_max_width=&#8220;1080px&#8220; global_module=&#8220;95&#8243;][et_pb_fullwidth_image global_parent=&#8220;95&#8243; src=&#8220;https:\/\/mumm-mg.de\/regenbogenhaus\/wp-content\/uploads\/sites\/6\/2019\/09\/header2.jpg&#8220; _builder_version=&#8220;4.20.2&#8243; _module_preset=&#8220;default&#8220; title_text=&#8220;header2&#8243; hover_enabled=&#8220;0&#8243; sticky_enabled=&#8220;0&#8243; background_pattern_color=&#8220;rgba(0,0,0,0.2)&#8220; background_mask_color=&#8220;#ffffff&#8220; box_shadow_horizontal_tablet=&#8220;0px&#8220; box_shadow_vertical_tablet=&#8220;0px&#8220; box_shadow_blur_tablet=&#8220;40px&#8220; box_shadow_spread_tablet=&#8220;0px&#8220; vertical_offset_tablet=&#8220;0&#8243; horizontal_offset_tablet=&#8220;0&#8243; z_index_tablet=&#8220;0&#8243; \/][\/et_pb_section][et_pb_section bb_built=&#8220;1&#8243; admin_label=&#8220;section&#8220; background_color=&#8220;rgba(255,255,255,0)&#8220; _builder_version=&#8220;3.0.47&#8243; custom_padding=&#8220;||0px|&#8220; transparent_background=&#8220;on&#8220; prev_background_color=&#8220;#ffffff&#8220; next_background_color=&#8220;#000000&#8243; inner_width=&#8220;auto&#8220; inner_max_width=&#8220;1080px&#8220;][et_pb_row admin_label=&#8220;row&#8220; padding_mobile=&#8220;off&#8220; column_padding_mobile=&#8220;on&#8220; _builder_version=&#8220;4.4.7&#8243; background_size=&#8220;initial&#8220; background_position=&#8220;top_left&#8220; background_repeat=&#8220;repeat&#8220; width=&#8220;80%&#8220; max_width=&#8220;1080px&#8220;][et_pb_column type=&#8220;4_4&#8243; custom_padding__hover=&#8220;|||&#8220; custom_padding=&#8220;|||&#8220;][et_pb_text admin_label=&#8220;\u00dcberschrift Kontakt&#8220; _builder_version=&#8220;4.20.2&#8243; background_size=&#8220;initial&#8220; background_position=&#8220;top_left&#8220; background_repeat=&#8220;repeat&#8220; use_border_color=&#8220;off&#8220; text_text_shadow_horizontal_length=&#8220;text_text_shadow_style,%91object Object%93&#8243; text_text_shadow_horizontal_length_tablet=&#8220;0px&#8220; text_text_shadow_vertical_length=&#8220;text_text_shadow_style,%91object Object%93&#8243; text_text_shadow_vertical_length_tablet=&#8220;0px&#8220; text_text_shadow_blur_strength=&#8220;text_text_shadow_style,%91object Object%93&#8243; text_text_shadow_blur_strength_tablet=&#8220;1px&#8220; link_text_shadow_horizontal_length=&#8220;link_text_shadow_style,%91object Object%93&#8243; link_text_shadow_horizontal_length_tablet=&#8220;0px&#8220; link_text_shadow_vertical_length=&#8220;link_text_shadow_style,%91object Object%93&#8243; link_text_shadow_vertical_length_tablet=&#8220;0px&#8220; link_text_shadow_blur_strength=&#8220;link_text_shadow_style,%91object Object%93&#8243; link_text_shadow_blur_strength_tablet=&#8220;1px&#8220; ul_text_shadow_horizontal_length=&#8220;ul_text_shadow_style,%91object Object%93&#8243; ul_text_shadow_horizontal_length_tablet=&#8220;0px&#8220; ul_text_shadow_vertical_length=&#8220;ul_text_shadow_style,%91object Object%93&#8243; ul_text_shadow_vertical_length_tablet=&#8220;0px&#8220; ul_text_shadow_blur_strength=&#8220;ul_text_shadow_style,%91object Object%93&#8243; ul_text_shadow_blur_strength_tablet=&#8220;1px&#8220; ol_text_shadow_horizontal_length=&#8220;ol_text_shadow_style,%91object Object%93&#8243; ol_text_shadow_horizontal_length_tablet=&#8220;0px&#8220; ol_text_shadow_vertical_length=&#8220;ol_text_shadow_style,%91object Object%93&#8243; ol_text_shadow_vertical_length_tablet=&#8220;0px&#8220; ol_text_shadow_blur_strength=&#8220;ol_text_shadow_style,%91object Object%93&#8243; ol_text_shadow_blur_strength_tablet=&#8220;1px&#8220; quote_text_shadow_horizontal_length=&#8220;quote_text_shadow_style,%91object Object%93&#8243; quote_text_shadow_horizontal_length_tablet=&#8220;0px&#8220; quote_text_shadow_vertical_length=&#8220;quote_text_shadow_style,%91object Object%93&#8243; quote_text_shadow_vertical_length_tablet=&#8220;0px&#8220; quote_text_shadow_blur_strength=&#8220;quote_text_shadow_style,%91object Object%93&#8243; quote_text_shadow_blur_strength_tablet=&#8220;1px&#8220; header_text_shadow_horizontal_length=&#8220;header_text_shadow_style,%91object Object%93&#8243; header_text_shadow_horizontal_length_tablet=&#8220;0px&#8220; header_text_shadow_vertical_length=&#8220;header_text_shadow_style,%91object Object%93&#8243; header_text_shadow_vertical_length_tablet=&#8220;0px&#8220; header_text_shadow_blur_strength=&#8220;header_text_shadow_style,%91object Object%93&#8243; header_text_shadow_blur_strength_tablet=&#8220;1px&#8220; header_2_text_shadow_horizontal_length=&#8220;header_2_text_shadow_style,%91object Object%93&#8243; header_2_text_shadow_horizontal_length_tablet=&#8220;0px&#8220; header_2_text_shadow_vertical_length=&#8220;header_2_text_shadow_style,%91object Object%93&#8243; header_2_text_shadow_vertical_length_tablet=&#8220;0px&#8220; header_2_text_shadow_blur_strength=&#8220;header_2_text_shadow_style,%91object Object%93&#8243; header_2_text_shadow_blur_strength_tablet=&#8220;1px&#8220; header_3_text_shadow_horizontal_length=&#8220;header_3_text_shadow_style,%91object Object%93&#8243; header_3_text_shadow_horizontal_length_tablet=&#8220;0px&#8220; header_3_text_shadow_vertical_length=&#8220;header_3_text_shadow_style,%91object Object%93&#8243; header_3_text_shadow_vertical_length_tablet=&#8220;0px&#8220; header_3_text_shadow_blur_strength=&#8220;header_3_text_shadow_style,%91object Object%93&#8243; header_3_text_shadow_blur_strength_tablet=&#8220;1px&#8220; header_4_text_shadow_horizontal_length=&#8220;header_4_text_shadow_style,%91object Object%93&#8243; header_4_text_shadow_horizontal_length_tablet=&#8220;0px&#8220; header_4_text_shadow_vertical_length=&#8220;header_4_text_shadow_style,%91object Object%93&#8243; header_4_text_shadow_vertical_length_tablet=&#8220;0px&#8220; header_4_text_shadow_blur_strength=&#8220;header_4_text_shadow_style,%91object Object%93&#8243; header_4_text_shadow_blur_strength_tablet=&#8220;1px&#8220; header_5_text_shadow_horizontal_length=&#8220;header_5_text_shadow_style,%91object Object%93&#8243; header_5_text_shadow_horizontal_length_tablet=&#8220;0px&#8220; header_5_text_shadow_vertical_length=&#8220;header_5_text_shadow_style,%91object Object%93&#8243; header_5_text_shadow_vertical_length_tablet=&#8220;0px&#8220; header_5_text_shadow_blur_strength=&#8220;header_5_text_shadow_style,%91object Object%93&#8243; header_5_text_shadow_blur_strength_tablet=&#8220;1px&#8220; header_6_text_shadow_horizontal_length=&#8220;header_6_text_shadow_style,%91object Object%93&#8243; header_6_text_shadow_horizontal_length_tablet=&#8220;0px&#8220; header_6_text_shadow_vertical_length=&#8220;header_6_text_shadow_style,%91object Object%93&#8243; header_6_text_shadow_vertical_length_tablet=&#8220;0px&#8220; header_6_text_shadow_blur_strength=&#8220;header_6_text_shadow_style,%91object Object%93&#8243; header_6_text_shadow_blur_strength_tablet=&#8220;1px&#8220; box_shadow_horizontal_tablet=&#8220;0px&#8220; box_shadow_vertical_tablet=&#8220;0px&#8220; box_shadow_blur_tablet=&#8220;40px&#8220; box_shadow_spread_tablet=&#8220;0px&#8220; vertical_offset_tablet=&#8220;0&#8243; horizontal_offset_tablet=&#8220;0&#8243; z_index_tablet=&#8220;0&#8243; background_pattern_color=&#8220;rgba(0,0,0,0.2)&#8220; background_mask_color=&#8220;#ffffff&#8220;]<\/p>\n<h3><span class=\"h1-text\"><strong>Ihr Kontakt zu den MummStrolchen\u00a0<\/strong><br \/><\/span><\/h3>\n<p>[\/et_pb_text][\/et_pb_column][\/et_pb_row][\/et_pb_section][et_pb_section bb_built=&#8220;1&#8243; admin_label=&#8220;section&#8220; background_color=&#8220;rgba(255,255,255,0)&#8220; _builder_version=&#8220;3.0.47&#8243; custom_padding=&#8220;0px|||&#8220; transparent_background=&#8220;on&#8220; prev_background_color=&#8220;#000000&#8243; next_background_color=&#8220;#ffffff&#8220; inner_width=&#8220;auto&#8220; inner_max_width=&#8220;1080px&#8220;][et_pb_row _builder_version=&#8220;4.4.7&#8243; background_size=&#8220;initial&#8220; background_position=&#8220;top_left&#8220; background_repeat=&#8220;repeat&#8220; width=&#8220;80%&#8220; max_width=&#8220;1080px&#8220;][et_pb_column type=&#8220;2_3&#8243; custom_padding__hover=&#8220;|||&#8220; custom_padding=&#8220;|||&#8220;][et_pb_contact_form email=&#8220;mummstrolche@mumm-mg.de&#8220; custom_message=&#8220;Eine Nachricht vom Kontaktformular!||et_pb_line_break_holder||Name: %%Name%%||et_pb_line_break_holder||E-Mail-Adresse: %%Email%%||et_pb_line_break_holder||||et_pb_line_break_holder||Nachricht: %%Message%%||et_pb_line_break_holder||||et_pb_line_break_holder||DSE gelesen?||et_pb_line_break_holder||%%check%%&#8220; module_id=&#8220;et_pb_contact_form_0&#8243; _builder_version=&#8220;4.20.2&#8243; border_radii=&#8220;on|0px|0px|0px|0px&#8220; use_border_color=&#8220;off&#8220; recaptcha_list=&#8220;|none&#8220; form_field_text_shadow_horizontal_length=&#8220;form_field_text_shadow_style,%91object Object%93&#8243; form_field_text_shadow_horizontal_length_tablet=&#8220;0px&#8220; form_field_text_shadow_vertical_length=&#8220;form_field_text_shadow_style,%91object Object%93&#8243; form_field_text_shadow_vertical_length_tablet=&#8220;0px&#8220; form_field_text_shadow_blur_strength=&#8220;form_field_text_shadow_style,%91object Object%93&#8243; form_field_text_shadow_blur_strength_tablet=&#8220;1px&#8220; text_shadow_horizontal_length=&#8220;text_shadow_style,%91object Object%93&#8243; text_shadow_horizontal_length_tablet=&#8220;0px&#8220; text_shadow_vertical_length=&#8220;text_shadow_style,%91object Object%93&#8243; text_shadow_vertical_length_tablet=&#8220;0px&#8220; text_shadow_blur_strength=&#8220;text_shadow_style,%91object Object%93&#8243; text_shadow_blur_strength_tablet=&#8220;1px&#8220; title_text_shadow_horizontal_length=&#8220;title_text_shadow_style,%91object Object%93&#8243; title_text_shadow_horizontal_length_tablet=&#8220;0px&#8220; title_text_shadow_vertical_length=&#8220;title_text_shadow_style,%91object Object%93&#8243; title_text_shadow_vertical_length_tablet=&#8220;0px&#8220; title_text_shadow_blur_strength=&#8220;title_text_shadow_style,%91object Object%93&#8243; title_text_shadow_blur_strength_tablet=&#8220;1px&#8220; captcha_text_shadow_horizontal_length=&#8220;captcha_text_shadow_style,%91object Object%93&#8243; captcha_text_shadow_horizontal_length_tablet=&#8220;0px&#8220; captcha_text_shadow_vertical_length=&#8220;captcha_text_shadow_style,%91object Object%93&#8243; captcha_text_shadow_vertical_length_tablet=&#8220;0px&#8220; captcha_text_shadow_blur_strength=&#8220;captcha_text_shadow_style,%91object Object%93&#8243; captcha_text_shadow_blur_strength_tablet=&#8220;1px&#8220; button_text_shadow_horizontal_length=&#8220;button_text_shadow_style,%91object Object%93&#8243; button_text_shadow_horizontal_length_tablet=&#8220;0px&#8220; button_text_shadow_vertical_length=&#8220;button_text_shadow_style,%91object Object%93&#8243; button_text_shadow_vertical_length_tablet=&#8220;0px&#8220; button_text_shadow_blur_strength=&#8220;button_text_shadow_style,%91object Object%93&#8243; button_text_shadow_blur_strength_tablet=&#8220;1px&#8220; box_shadow_horizontal_button_tablet=&#8220;0px&#8220; box_shadow_vertical_button_tablet=&#8220;0px&#8220; box_shadow_blur_button_tablet=&#8220;40px&#8220; box_shadow_spread_button_tablet=&#8220;0px&#8220; box_shadow_horizontal_tablet=&#8220;0px&#8220; box_shadow_vertical_tablet=&#8220;0px&#8220; box_shadow_blur_tablet=&#8220;40px&#8220; box_shadow_spread_tablet=&#8220;0px&#8220; vertical_offset_tablet=&#8220;0&#8243; horizontal_offset_tablet=&#8220;0&#8243; z_index_tablet=&#8220;0&#8243; background_pattern_color=&#8220;rgba(0,0,0,0.2)&#8220; background_mask_color=&#8220;#ffffff&#8220;][et_pb_contact_field field_id=&#8220;Name&#8220; field_title=&#8220;Name&#8220; _builder_version=&#8220;3.0.101&#8243; form_field_font=&#8220;||||&#8220; border_radii=&#8220;0&#8243; border_style_all=&#8220;solid&#8220; use_border_color=&#8220;off&#8220; \/][et_pb_contact_field field_id=&#8220;Email&#8220; field_title=&#8220;E-Mail-Adresse&#8220; field_type=&#8220;email&#8220; _builder_version=&#8220;3.0.101&#8243; form_field_font=&#8220;||||&#8220; border_radii=&#8220;0&#8243; border_style_all=&#8220;solid&#8220; use_border_color=&#8220;off&#8220; \/][et_pb_contact_field field_id=&#8220;Message&#8220; field_title=&#8220;Ihre Nachricht&#8220; field_type=&#8220;text&#8220; fullwidth_field=&#8220;on&#8220; _builder_version=&#8220;3.0.101&#8243; form_field_font=&#8220;||||&#8220; border_radii=&#8220;0&#8243; border_style_all=&#8220;solid&#8220; use_border_color=&#8220;off&#8220; \/][et_pb_contact_field field_id=&#8220;check&#8220; field_title=&#8220;Ich habe die Datenschutzerkl\u00e4rung zur Kenntnis genommen. Ich stimme zu, dass meine Angaben und Daten zur Beantwortung meiner Anfrage elektronisch erhoben und gespeichert werden. Hinweis: Sie k\u00f6nnen Ihre Einwilligung jederzeit f\u00fcr die Zukunft per E-Mail an info@mumm-mg.de widerrufen.&#8220; field_type=&#8220;checkbox&#8220; checkbox_options=&#8220;%91{%22value%22:%22Datenschutzerkl\u00e4rung gelesen *%22,%22checked%22:0}%93&#8243; fullwidth_field=&#8220;on&#8220; _builder_version=&#8220;3.0.101&#8243; border_radii=&#8220;on||||&#8220; checkbox_checked=&#8220;off&#8220; radio_options=&#8220;%91{%22value%22:%22Einwilligung Datenschutz%22,%22checked%22:0}%93&#8243; select_options=&#8220;%91{%22value%22:%22Einwilligung Datenschutz%22,%22checked%22:0}%93&#8243; min_length=&#8220;0&#8243; max_length=&#8220;0&#8243; allowed_symbols=&#8220;all&#8220; required_mark=&#8220;on&#8220; conditional_logic=&#8220;off&#8220; conditional_logic_relation=&#8220;off&#8220; conditional_logic_rules=&#8220;%91{%22field%22:%22name%22,%22condition%22:%22is%22,%22value%22:%22%22}%93&#8243; use_background_color_gradient=&#8220;off&#8220; background_color_gradient_start=&#8220;#2b87da&#8220; background_color_gradient_end=&#8220;#29c4a9&#8243; background_color_gradient_type=&#8220;linear&#8220; background_color_gradient_direction=&#8220;180deg&#8220; background_color_gradient_direction_radial=&#8220;center&#8220; background_color_gradient_start_position=&#8220;0%&#8220; background_color_gradient_end_position=&#8220;100%&#8220; background_color_gradient_overlays_image=&#8220;off&#8220; parallax=&#8220;off&#8220; parallax_method=&#8220;on&#8220; background_size=&#8220;cover&#8220; background_position=&#8220;center&#8220; background_repeat=&#8220;no-repeat&#8220; background_blend=&#8220;normal&#8220; allow_player_pause=&#8220;off&#8220; background_video_pause_outside_viewport=&#8220;on&#8220; form_field_text_shadow_style=&#8220;none&#8220; box_shadow_style=&#8220;none&#8220; \/][\/et_pb_contact_form][et_pb_text _builder_version=&#8220;4.20.2&#8243; text_orientation=&#8220;left&#8220;]<\/p>\n<p>* zur <a href=\"https:\/\/mumm-mg.de\/datenschutzerklaerung\/\">Datenschutzerkl\u00e4rung<\/a><\/p>\n<p>[\/et_pb_text][\/et_pb_column][et_pb_column type=&#8220;1_3&#8243; custom_padding__hover=&#8220;|||&#8220; custom_padding=&#8220;|||&#8220;][et_pb_text admin_label=&#8220;Text Kontaktangaben&#8220; _builder_version=&#8220;4.20.2&#8243; background_size=&#8220;initial&#8220; background_position=&#8220;top_left&#8220; background_repeat=&#8220;repeat&#8220; use_border_color=&#8220;off&#8220; text_text_shadow_horizontal_length=&#8220;text_text_shadow_style,%91object Object%93&#8243; text_text_shadow_horizontal_length_tablet=&#8220;0px&#8220; text_text_shadow_vertical_length=&#8220;text_text_shadow_style,%91object Object%93&#8243; text_text_shadow_vertical_length_tablet=&#8220;0px&#8220; text_text_shadow_blur_strength=&#8220;text_text_shadow_style,%91object Object%93&#8243; text_text_shadow_blur_strength_tablet=&#8220;1px&#8220; link_text_shadow_horizontal_length=&#8220;link_text_shadow_style,%91object Object%93&#8243; link_text_shadow_horizontal_length_tablet=&#8220;0px&#8220; link_text_shadow_vertical_length=&#8220;link_text_shadow_style,%91object Object%93&#8243; link_text_shadow_vertical_length_tablet=&#8220;0px&#8220; link_text_shadow_blur_strength=&#8220;link_text_shadow_style,%91object Object%93&#8243; link_text_shadow_blur_strength_tablet=&#8220;1px&#8220; ul_text_shadow_horizontal_length=&#8220;ul_text_shadow_style,%91object Object%93&#8243; ul_text_shadow_horizontal_length_tablet=&#8220;0px&#8220; ul_text_shadow_vertical_length=&#8220;ul_text_shadow_style,%91object Object%93&#8243; ul_text_shadow_vertical_length_tablet=&#8220;0px&#8220; ul_text_shadow_blur_strength=&#8220;ul_text_shadow_style,%91object Object%93&#8243; ul_text_shadow_blur_strength_tablet=&#8220;1px&#8220; ol_text_shadow_horizontal_length=&#8220;ol_text_shadow_style,%91object Object%93&#8243; ol_text_shadow_horizontal_length_tablet=&#8220;0px&#8220; ol_text_shadow_vertical_length=&#8220;ol_text_shadow_style,%91object Object%93&#8243; ol_text_shadow_vertical_length_tablet=&#8220;0px&#8220; ol_text_shadow_blur_strength=&#8220;ol_text_shadow_style,%91object Object%93&#8243; ol_text_shadow_blur_strength_tablet=&#8220;1px&#8220; quote_text_shadow_horizontal_length=&#8220;quote_text_shadow_style,%91object Object%93&#8243; quote_text_shadow_horizontal_length_tablet=&#8220;0px&#8220; quote_text_shadow_vertical_length=&#8220;quote_text_shadow_style,%91object Object%93&#8243; quote_text_shadow_vertical_length_tablet=&#8220;0px&#8220; quote_text_shadow_blur_strength=&#8220;quote_text_shadow_style,%91object Object%93&#8243; quote_text_shadow_blur_strength_tablet=&#8220;1px&#8220; header_text_shadow_horizontal_length=&#8220;header_text_shadow_style,%91object Object%93&#8243; header_text_shadow_horizontal_length_tablet=&#8220;0px&#8220; header_text_shadow_vertical_length=&#8220;header_text_shadow_style,%91object Object%93&#8243; header_text_shadow_vertical_length_tablet=&#8220;0px&#8220; header_text_shadow_blur_strength=&#8220;header_text_shadow_style,%91object Object%93&#8243; header_text_shadow_blur_strength_tablet=&#8220;1px&#8220; header_2_text_shadow_horizontal_length=&#8220;header_2_text_shadow_style,%91object Object%93&#8243; header_2_text_shadow_horizontal_length_tablet=&#8220;0px&#8220; header_2_text_shadow_vertical_length=&#8220;header_2_text_shadow_style,%91object Object%93&#8243; header_2_text_shadow_vertical_length_tablet=&#8220;0px&#8220; header_2_text_shadow_blur_strength=&#8220;header_2_text_shadow_style,%91object Object%93&#8243; header_2_text_shadow_blur_strength_tablet=&#8220;1px&#8220; header_3_text_shadow_horizontal_length=&#8220;header_3_text_shadow_style,%91object Object%93&#8243; header_3_text_shadow_horizontal_length_tablet=&#8220;0px&#8220; header_3_text_shadow_vertical_length=&#8220;header_3_text_shadow_style,%91object Object%93&#8243; header_3_text_shadow_vertical_length_tablet=&#8220;0px&#8220; header_3_text_shadow_blur_strength=&#8220;header_3_text_shadow_style,%91object Object%93&#8243; header_3_text_shadow_blur_strength_tablet=&#8220;1px&#8220; header_4_text_shadow_horizontal_length=&#8220;header_4_text_shadow_style,%91object Object%93&#8243; header_4_text_shadow_horizontal_length_tablet=&#8220;0px&#8220; header_4_text_shadow_vertical_length=&#8220;header_4_text_shadow_style,%91object Object%93&#8243; header_4_text_shadow_vertical_length_tablet=&#8220;0px&#8220; header_4_text_shadow_blur_strength=&#8220;header_4_text_shadow_style,%91object Object%93&#8243; header_4_text_shadow_blur_strength_tablet=&#8220;1px&#8220; header_5_text_shadow_horizontal_length=&#8220;header_5_text_shadow_style,%91object Object%93&#8243; header_5_text_shadow_horizontal_length_tablet=&#8220;0px&#8220; header_5_text_shadow_vertical_length=&#8220;header_5_text_shadow_style,%91object Object%93&#8243; header_5_text_shadow_vertical_length_tablet=&#8220;0px&#8220; header_5_text_shadow_blur_strength=&#8220;header_5_text_shadow_style,%91object Object%93&#8243; header_5_text_shadow_blur_strength_tablet=&#8220;1px&#8220; header_6_text_shadow_horizontal_length=&#8220;header_6_text_shadow_style,%91object Object%93&#8243; header_6_text_shadow_horizontal_length_tablet=&#8220;0px&#8220; header_6_text_shadow_vertical_length=&#8220;header_6_text_shadow_style,%91object Object%93&#8243; header_6_text_shadow_vertical_length_tablet=&#8220;0px&#8220; header_6_text_shadow_blur_strength=&#8220;header_6_text_shadow_style,%91object Object%93&#8243; header_6_text_shadow_blur_strength_tablet=&#8220;1px&#8220; box_shadow_horizontal_tablet=&#8220;0px&#8220; box_shadow_vertical_tablet=&#8220;0px&#8220; box_shadow_blur_tablet=&#8220;40px&#8220; box_shadow_spread_tablet=&#8220;0px&#8220; vertical_offset_tablet=&#8220;0&#8243; horizontal_offset_tablet=&#8220;0&#8243; z_index_tablet=&#8220;0&#8243; background_pattern_color=&#8220;rgba(0,0,0,0.2)&#8220; background_mask_color=&#8220;#ffffff&#8220;]<\/p>\n<p><strong>Kindertagesst\u00e4tte MummStrolche<\/strong><br \/>Leitung: Janine de Jonge<br \/>Peter-Krall-Str. 6<br \/>41065 M\u00f6nchengladbach<\/p>\n<p>02166 98938-38<br \/>mummstrolche@mumm-mg.de<\/p>\n<p>[\/et_pb_text][\/et_pb_column][\/et_pb_row][\/et_pb_section][et_pb_section bb_built=&#8220;1&#8243; fullwidth=&#8220;off&#8220; specialty=&#8220;off&#8220; prev_background_color=&#8220;rgba(255,255,255,0)&#8220; next_background_color=&#8220;#000000&#8243; inner_width=&#8220;auto&#8220; inner_max_width=&#8220;1080px&#8220;][et_pb_row][et_pb_column type=&#8220;4_4&#8243; custom_padding__hover=&#8220;|||&#8220; custom_padding=&#8220;|||&#8220;][et_pb_text admin_label=&#8220;Text Maps&#8220; _builder_version=&#8220;4.20.2&#8243; text_orientation=&#8220;left&#8220;]<\/p>\n<p><strong>Fehlt die Landkarte?<\/strong><\/p>\n<p>Wenn Sie die eingebettete Google Map an dieser Stelle sehen m\u00f6chten, werden personenbezogene Daten (IP-Adresse) zu Google gesendet. Die Nutzung wird von Datensch\u00fctzern als bedenklich eingestuft. Daher stellen wir Ihnen einen Link zur Verf\u00fcgung, der Sie auf die entsprechende Karte bei Google Maps f\u00fchrt. Sie verlassen damit unsere Website.<\/p>\n<p><a href=\"http:\/\/www.google.de\/maps\/place\/Gladbacher+Str.+55,+41179+M\u00f6nchengladbach\/@51.1517131,6.3615245,17z\/data=!3m1!4b1!4m5!3m4!1s0x47bf551fde56e8b5:0x21524b67b0656203!8m2!3d51.1517098!4d6.3637132?hl=de\" target=\"_blank\" rel=\"noopener noreferrer\">Zur Google-Maps Karte. Die Seite von Google \u00f6ffnet sich in einem neuen Fenster.<\/a><\/p>\n<p>[\/et_pb_text][\/et_pb_column][\/et_pb_row][\/et_pb_section][et_pb_section bb_built=&#8220;1&#8243; fullwidth=&#8220;on&#8220; _builder_version=&#8220;3.5.1&#8243; prev_background_color=&#8220;#000000&#8243; disabled=&#8220;on&#8220; disabled_on=&#8220;on|on|on&#8220; inner_width=&#8220;auto&#8220; inner_max_width=&#8220;1080px&#8220;][et_pb_fullwidth_map address=&#8220;Gladbacher Str. 55, 41179 M\u00f6nchengladbach, Deutschland&#8220; zoom_level=&#8220;15&#8243; address_lat=&#8220;51.14935647852539&#8243; address_lng=&#8220;6.363575053967243&#8243; mouse_wheel=&#8220;off&#8220; _builder_version=&#8220;3.0.47&#8243; child_filter_saturate=&#8220;100%&#8220;][et_pb_map_pin title=&#8220;Regenbogenhaus&#8220; pin_address=&#8220;Gladbacher Str. 55, 41179 M\u00f6nchengladbach, Deutschland&#8220; pin_address_lat=&#8220;51.15169849999999&#8243; pin_address_lng=&#8220;6.363703799999939&#8243; _builder_version=&#8220;3.0.47&#8243;] [\/et_pb_map_pin][\/et_pb_fullwidth_map][\/et_pb_section]<\/p>\n","protected":false},"excerpt":{"rendered":"<p>Ihr Kontakt zu den MummStrolchen\u00a0 * zur Datenschutzerkl\u00e4rung Kindertagesst\u00e4tte MummStrolcheLeitung: Janine de JongePeter-Krall-Str. 641065 M\u00f6nchengladbach02166 98938-38mummstrolche@mumm-mg.de <div class=\"et_pb_row et_pb_row_0 et_pb_row_empty\">\n\t\t\t\t\n\t\t\t\t\n\t\t\t\t\n\t\t\t\t\n\t\t\t\t\n\t\t\t<\/div> Fehlt die Landkarte? Wenn Sie die eingebettete Google Map an dieser Stelle sehen m\u00f6chten, werden personenbezogene Daten (IP-Adresse) zu Google gesendet. Die Nutzung wird von Datensch\u00fctzern als bedenklich eingestuft. Daher stellen wir Ihnen einen Link zur Verf\u00fcgung, der [&hellip;]<\/p>\n","protected":false},"author":1,"featured_media":0,"parent":0,"menu_order":0,"comment_status":"closed","ping_status":"closed","template":"","meta":{"_et_pb_use_builder":"on","_et_pb_old_content":"<p>Kontaktsesite<\/p>","_et_gb_content_width":"","footnotes":""},"_links":{"self":[{"href":"https:\/\/mumm-mg.de\/mummstrolche\/wp-json\/wp\/v2\/pages\/44"}],"collection":[{"href":"https:\/\/mumm-mg.de\/mummstrolche\/wp-json\/wp\/v2\/pages"}],"about":[{"href":"https:\/\/mumm-mg.de\/mummstrolche\/wp-json\/wp\/v2\/types\/page"}],"author":[{"embeddable":true,"href":"https:\/\/mumm-mg.de\/mummstrolche\/wp-json\/wp\/v2\/users\/1"}],"replies":[{"embeddable":true,"href":"https:\/\/mumm-mg.de\/mummstrolche\/wp-json\/wp\/v2\/comments?post=44"}],"version-history":[{"count":11,"href":"https:\/\/mumm-mg.de\/mummstrolche\/wp-json\/wp\/v2\/pages\/44\/revisions"}],"predecessor-version":[{"id":3054,"href":"https:\/\/mumm-mg.de\/mummstrolche\/wp-json\/wp\/v2\/pages\/44\/revisions\/3054"}],"wp:attachment":[{"href":"https:\/\/mumm-mg.de\/mummstrolche\/wp-json\/wp\/v2\/media?parent=44"}],"curies":[{"name":"wp","href":"https:\/\/api.w.org\/{rel}","templated":true}]}}