{"id":44,"date":"2016-11-16T15:45:45","date_gmt":"2016-11-16T14:45:45","guid":{"rendered":"https:\/\/mumm-mg.de\/pfiffikus\/?page_id=44"},"modified":"2019-04-26T19:53:48","modified_gmt":"2019-04-26T17:53:48","slug":"kontakt","status":"publish","type":"page","link":"https:\/\/mumm-mg.de\/pfiffikus\/kontakt\/","title":{"rendered":"Kontakt"},"content":{"rendered":"<p>[et_pb_section bb_built=&#8220;1&#8243;][et_pb_row][et_pb_column type=&#8220;3_5&#8243;][et_pb_contact_form _builder_version=&#8220;3.21&#8243;][et_pb_contact_field field_title=&#8220;Name&#8220; field_type=&#8220;input&#8220; field_id=&#8220;Name&#8220; required_mark=&#8220;on&#8220; fullwidth_field=&#8220;off&#8220; _builder_version=&#8220;3.21&#8243; \/][et_pb_contact_field field_title=&#8220;E-Mail-Adresse&#8220; field_type=&#8220;email&#8220; field_id=&#8220;Email&#8220; required_mark=&#8220;on&#8220; fullwidth_field=&#8220;off&#8220; _builder_version=&#8220;3.21&#8243; \/][et_pb_contact_field field_title=&#8220;Nachricht&#8220; field_type=&#8220;text&#8220; field_id=&#8220;Message&#8220; required_mark=&#8220;on&#8220; fullwidth_field=&#8220;on&#8220; _builder_version=&#8220;3.21&#8243; \/][et_pb_contact_field _builder_version=&#8220;3.21&#8243; field_id=&#8220;check&#8220; field_title=&#8220;Ich habe die Datenschutzerkl\u00e4rung zur Kenntnis genommen. Ich stimme zu, dass meine Angaben und Daten zur Beantwortung meiner Anfrage elektronisch erhoben und gespeichert werden. Hinweis: Sie k\u00f6nnen Ihre Einwilligung jederzeit f\u00fcr die Zukunft per E-Mail an info@mumm-mg.de widerrufen.&#8220; field_type=&#8220;checkbox&#8220; checkbox_checked=&#8220;off&#8220; checkbox_options=&#8220;%91{%22value%22:%22%22,%22checked%22:0}%93&#8243; radio_options=&#8220;%91{%22value%22:%22%22,%22checked%22:0}%93&#8243; select_options=&#8220;%91{%22value%22:%22%22,%22checked%22:0}%93&#8243; min_length=&#8220;0&#8243; max_length=&#8220;0&#8243; allowed_symbols=&#8220;all&#8220; required_mark=&#8220;on&#8220; conditional_logic=&#8220;off&#8220; conditional_logic_relation=&#8220;off&#8220; conditional_logic_rules=&#8220;%91{%22field%22:%22name%22,%22condition%22:%22is%22,%22value%22:%22%22}%93&#8243; link_option_url_new_window=&#8220;off&#8220; use_background_color_gradient=&#8220;off&#8220; background_color_gradient_start=&#8220;#2b87da&#8220; background_color_gradient_end=&#8220;#29c4a9&#8243; background_color_gradient_type=&#8220;linear&#8220; background_color_gradient_direction=&#8220;180deg&#8220; background_color_gradient_direction_radial=&#8220;center&#8220; background_color_gradient_start_position=&#8220;0%&#8220; background_color_gradient_end_position=&#8220;100%&#8220; background_color_gradient_overlays_image=&#8220;off&#8220; parallax=&#8220;off&#8220; parallax_method=&#8220;on&#8220; background_size=&#8220;cover&#8220; background_position=&#8220;center&#8220; background_repeat=&#8220;no-repeat&#8220; background_blend=&#8220;normal&#8220; allow_player_pause=&#8220;off&#8220; background_video_pause_outside_viewport=&#8220;on&#8220; fullwidth_field=&#8220;off&#8220; form_field_text_shadow_style=&#8220;none&#8220; box_shadow_style=&#8220;none&#8220; hover_transition_duration=&#8220;300ms&#8220; hover_transition_delay=&#8220;0ms&#8220; hover_transition_speed_curve=&#8220;ease&#8220; \/][\/et_pb_contact_form][et_pb_text _builder_version=&#8220;3.21&#8243;]<\/p>\n<p>* zur <a href=\"https:\/\/mumm-mg.de\/datenschutzerklaerung\/\">Datenschutzerkl\u00e4rung<\/a><\/p>\n<p>[\/et_pb_text][\/et_pb_column][et_pb_column type=&#8220;2_5&#8243;][et_pb_text _builder_version=&#8220;3.21&#8243;]<\/p>\n<p>Kinder- und Familienzentrum Pfiffikus<br \/>Samira Rippegather<br \/><span class=\"LrzXr\">Wilhelm-Elfes-Stra\u00dfe 27, <br \/><\/span><span class=\"LrzXr\">41065 M\u00f6nchengladbach<\/span><\/p>\n<p>02166 98938-14\u00a0<br \/><a href=\"mailto:pfiffikus@mumm-mg.de\"><span id=\"et-info-email\">pfiffikus@mumm-mg.de<\/span><\/a><\/p>\n<p>[\/et_pb_text][\/et_pb_column][\/et_pb_row][\/et_pb_section]<\/p>\n","protected":false},"excerpt":{"rendered":"<p><div class=\"et_pb_row et_pb_row_0 et_pb_row_empty\">\n\t\t\t\t\n\t\t\t\t\n\t\t\t\t\n\t\t\t\t\n\t\t\t\t\n\t\t\t<\/div> * zur Datenschutzerkl\u00e4rung Kinder- und Familienzentrum PfiffikusSamira RippegatherWilhelm-Elfes-Stra\u00dfe 27, 41065 M\u00f6nchengladbach02166 98938-14\u00a0pfiffikus@mumm-mg.de<\/p>\n","protected":false},"author":1,"featured_media":0,"parent":0,"menu_order":0,"comment_status":"closed","ping_status":"closed","template":"","meta":{"_et_pb_use_builder":"on","_et_pb_old_content":"Kontaktsesite","_et_gb_content_width":"","footnotes":""},"_links":{"self":[{"href":"https:\/\/mumm-mg.de\/pfiffikus\/wp-json\/wp\/v2\/pages\/44"}],"collection":[{"href":"https:\/\/mumm-mg.de\/pfiffikus\/wp-json\/wp\/v2\/pages"}],"about":[{"href":"https:\/\/mumm-mg.de\/pfiffikus\/wp-json\/wp\/v2\/types\/page"}],"author":[{"embeddable":true,"href":"https:\/\/mumm-mg.de\/pfiffikus\/wp-json\/wp\/v2\/users\/1"}],"replies":[{"embeddable":true,"href":"https:\/\/mumm-mg.de\/pfiffikus\/wp-json\/wp\/v2\/comments?post=44"}],"version-history":[{"count":10,"href":"https:\/\/mumm-mg.de\/pfiffikus\/wp-json\/wp\/v2\/pages\/44\/revisions"}],"predecessor-version":[{"id":1042,"href":"https:\/\/mumm-mg.de\/pfiffikus\/wp-json\/wp\/v2\/pages\/44\/revisions\/1042"}],"wp:attachment":[{"href":"https:\/\/mumm-mg.de\/pfiffikus\/wp-json\/wp\/v2\/media?parent=44"}],"curies":[{"name":"wp","href":"https:\/\/api.w.org\/{rel}","templated":true}]}}