{"id":675,"date":"2018-01-25T09:55:34","date_gmt":"2018-01-25T08:55:34","guid":{"rendered":"https:\/\/mumm-mg.de\/pfiffikus\/?page_id=675"},"modified":"2019-09-06T15:00:52","modified_gmt":"2019-09-06T13:00:52","slug":"familienzentrum-veranstaltungen-2018","status":"publish","type":"page","link":"https:\/\/mumm-mg.de\/pfiffikus\/familienzentrum-veranstaltungen-2018\/","title":{"rendered":"Familienzentrum &#8211; Veranstaltungen 2018"},"content":{"rendered":"<p>[et_pb_section bb_built=&#8220;1&#8243; transparent_background=&#8220;off&#8220; allow_player_pause=&#8220;off&#8220; inner_shadow=&#8220;off&#8220; parallax=&#8220;off&#8220; parallax_method=&#8220;on&#8220; padding_mobile=&#8220;off&#8220; make_fullwidth=&#8220;off&#8220; use_custom_width=&#8220;off&#8220; width_unit=&#8220;off&#8220; make_equal=&#8220;off&#8220; use_custom_gutter=&#8220;off&#8220; fullwidth=&#8220;on&#8220; specialty=&#8220;off&#8220; disabled=&#8220;off&#8220; module_id=&#8220;header-bild-mumm&#8220; custom_padding_tablet=&#8220;50px|0|50px|0&#8243; custom_padding_last_edited=&#8220;on|desktop&#8220; next_background_color=&#8220;#fce4b0&#8243; global_module=&#8220;95&#8243; prev_background_color=&#8220;#000000&#8243;][et_pb_fullwidth_slider admin_label=&#8220;Header-Bild Mummi&#8220; global_parent=&#8220;95&#8243; background_position=&#8220;top_left&#8220; disabled=&#8220;off&#8220; custom_padding=&#8220;|||&#8220; box_shadow_blur=&#8220;10px&#8220; box_shadow_color=&#8220;rgba(0,0,0,0.1)&#8220; button_text_size__hover_enabled=&#8220;off&#8220; button_text_size__hover=&#8220;null&#8220; button_one_text_size__hover_enabled=&#8220;off&#8220; button_one_text_size__hover=&#8220;null&#8220; button_two_text_size__hover_enabled=&#8220;off&#8220; button_two_text_size__hover=&#8220;null&#8220; button_text_color__hover_enabled=&#8220;off&#8220; button_text_color__hover=&#8220;null&#8220; button_one_text_color__hover_enabled=&#8220;off&#8220; button_one_text_color__hover=&#8220;null&#8220; button_two_text_color__hover_enabled=&#8220;off&#8220; button_two_text_color__hover=&#8220;null&#8220; button_border_width__hover_enabled=&#8220;off&#8220; button_border_width__hover=&#8220;null&#8220; button_one_border_width__hover_enabled=&#8220;off&#8220; button_one_border_width__hover=&#8220;null&#8220; button_two_border_width__hover_enabled=&#8220;off&#8220; button_two_border_width__hover=&#8220;null&#8220; button_border_color__hover_enabled=&#8220;off&#8220; button_border_color__hover=&#8220;null&#8220; button_one_border_color__hover_enabled=&#8220;off&#8220; button_one_border_color__hover=&#8220;null&#8220; button_two_border_color__hover_enabled=&#8220;off&#8220; button_two_border_color__hover=&#8220;null&#8220; button_border_radius__hover_enabled=&#8220;off&#8220; button_border_radius__hover=&#8220;null&#8220; button_one_border_radius__hover_enabled=&#8220;off&#8220; button_one_border_radius__hover=&#8220;null&#8220; button_two_border_radius__hover_enabled=&#8220;off&#8220; button_two_border_radius__hover=&#8220;null&#8220; button_letter_spacing__hover_enabled=&#8220;on&#8220; button_letter_spacing__hover=&#8220;0&#8243; button_one_letter_spacing__hover_enabled=&#8220;off&#8220; button_one_letter_spacing__hover=&#8220;null&#8220; button_two_letter_spacing__hover_enabled=&#8220;off&#8220; button_two_letter_spacing__hover=&#8220;null&#8220; button_bg_color__hover_enabled=&#8220;off&#8220; button_bg_color__hover=&#8220;null&#8220; button_one_bg_color__hover_enabled=&#8220;off&#8220; button_one_bg_color__hover=&#8220;null&#8220; button_two_bg_color__hover_enabled=&#8220;off&#8220; button_two_bg_color__hover=&#8220;null&#8220; _builder_version=&#8220;3.21&#8243;][et_pb_slide button_link=&#8220;#&#8220; background_image=&#8220;https:\/\/mumm-mg.de\/pfiffikus\/wp-content\/uploads\/sites\/4\/2019\/09\/header2.jpg&#8220; background_position=&#8220;top_left&#8220; background_size=&#8220;cover&#8220; background_color=&#8220;#ffffff&#8220; use_bg_overlay=&#8220;off&#8220; use_text_overlay=&#8220;off&#8220; alignment=&#8220;center&#8220; background_layout=&#8220;dark&#8220; allow_player_pause=&#8220;off&#8220; text_border_radius=&#8220;3&#8243; header_font=&#8220;||||&#8220; body_font=&#8220;||||&#8220; custom_button=&#8220;off&#8220; button_font=&#8220;||||&#8220; button_use_icon=&#8220;on&#8220; button_on_hover=&#8220;on&#8220; disabled=&#8220;off&#8220; header_font_select=&#8220;default&#8220; body_font_select=&#8220;default&#8220; button_font_select=&#8220;default&#8220; _builder_version=&#8220;3.21&#8243; url_new_window=&#8220;off&#8220; link_option_url_new_window=&#8220;off&#8220; use_background_color_gradient=&#8220;off&#8220; background_color_gradient_start=&#8220;#2b87da&#8220; background_color_gradient_end=&#8220;#29c4a9&#8243; background_color_gradient_type=&#8220;linear&#8220; background_color_gradient_direction=&#8220;180deg&#8220; background_color_gradient_direction_radial=&#8220;center&#8220; background_color_gradient_start_position=&#8220;0%&#8220; background_color_gradient_end_position=&#8220;100%&#8220; background_color_gradient_overlays_image=&#8220;off&#8220; parallax=&#8220;off&#8220; parallax_method=&#8220;on&#8220; background_repeat=&#8220;no-repeat&#8220; background_blend=&#8220;normal&#8220; background_video_pause_outside_viewport=&#8220;on&#8220; child_filter_hue_rotate=&#8220;0deg&#8220; child_filter_saturate=&#8220;100%&#8220; child_filter_brightness=&#8220;100%&#8220; child_filter_contrast=&#8220;100%&#8220; child_filter_invert=&#8220;0%&#8220; child_filter_sepia=&#8220;0%&#8220; child_filter_opacity=&#8220;100%&#8220; child_filter_blur=&#8220;0px&#8220; child_mix_blend_mode=&#8220;normal&#8220; text_shadow_style=&#8220;none&#8220; header_text_shadow_style=&#8220;none&#8220; body_text_shadow_style=&#8220;none&#8220; button_bg_use_color_gradient=&#8220;off&#8220; button_bg_color_gradient_overlays_image=&#8220;off&#8220; button_text_shadow_style=&#8220;none&#8220; box_shadow_style_button=&#8220;none&#8220; hover_transition_duration=&#8220;300ms&#8220; hover_transition_delay=&#8220;0ms&#8220; hover_transition_speed_curve=&#8220;ease&#8220; \/][\/et_pb_fullwidth_slider][\/et_pb_section][et_pb_section bb_built=&#8220;1&#8243; _builder_version=&#8220;3.0.93&#8243; background_color=&#8220;#fce4b0&#8243; prev_background_color=&#8220;#ffffff&#8220;][et_pb_row _builder_version=&#8220;3.0.93&#8243; background_color=&#8220;#fce4b0&#8243;][et_pb_column type=&#8220;4_4&#8243;][et_pb_text admin_label=&#8220;\u00dcberschrift Veranstaltungen 2018 im Familienzentrum&#8220; _builder_version=&#8220;3.5.1&#8243; background_layout=&#8220;light&#8220; background_color=&#8220;#fce4b0&#8243;]<\/p>\n<h1><span class=\"h1-text\">Veranstaltungen 2018 im Familienzentrum<br \/>\n<\/span><\/h1>\n<p>[\/et_pb_text][\/et_pb_column][\/et_pb_row][et_pb_row _builder_version=&#8220;3.0.93&#8243; background_color=&#8220;#fce4b0&#8243;][et_pb_column type=&#8220;4_4&#8243;][et_pb_blog admin_label=&#8220;Blog Inhalt Veranstaltungen 2018&#8243; _builder_version=&#8220;3.5.1&#8243; include_categories=&#8220;14&#8243; show_content=&#8220;off&#8220; show_thumbnail=&#8220;off&#8220; show_more=&#8220;on&#8220; show_author=&#8220;off&#8220; show_date=&#8220;off&#8220; show_categories=&#8220;off&#8220; show_comments=&#8220;off&#8220; show_pagination=&#8220;off&#8220; fullwidth=&#8220;on&#8220; use_overlay=&#8220;off&#8220; background_layout=&#8220;light&#8220; pagination_font_size_tablet=&#8220;51&#8243; pagination_line_height_tablet=&#8220;2&#8243; \/][\/et_pb_column][\/et_pb_row][et_pb_row][et_pb_column type=&#8220;4_4&#8243;][et_pb_text admin_label=&#8220;\u00dcberschrift Tr\u00f6delmarkt 2018&#8243; _builder_version=&#8220;3.5.1&#8243; background_color=&#8220;#fce4b0&#8243;]<\/p>\n<h2>R\u00fcckblick Tr\u00f6delmarkt<\/h2>\n<p>Es war wieder ein toller Tr\u00f6delmarkt. Einen kleinen R\u00fcckblick gibt es <a href=\"https:\/\/mumm-mg.de\/pfiffikus\/wp-content\/uploads\/sites\/4\/2019\/01\/16_PDFsam_ExtraPfiff-Juni.pdf\">hier! <\/a><\/p>\n<p>[\/et_pb_text][\/et_pb_column][\/et_pb_row][et_pb_row][et_pb_column type=&#8220;4_4&#8243;][et_pb_text admin_label=&#8220;Pferdehof Nachmittag  2018&#8243; _builder_version=&#8220;3.5.1&#8243; background_color=&#8220;#fce4b0&#8243;]<\/p>\n<h2>Ein Nachmittag auf dem Pferdehof<\/h2>\n<p>Wir verbringen zusammen einen Tag auf dem Pferdehof <a href=\"https:\/\/mumm-mg.de\/pfiffikus\/wp-content\/uploads\/sites\/4\/2019\/01\/4_PDFsam_ExtraPfiff-Juni.pdf\">hier! <\/a> und <a href=\"https:\/\/mumm-mg.de\/pfiffikus\/wp-content\/uploads\/sites\/4\/2019\/01\/5_PDFsam_ExtraPfiff-Juni.pdf\">hier!<\/p>\n<p><\/a><\/p>\n<p>[\/et_pb_text][\/et_pb_column][\/et_pb_row][et_pb_row _builder_version=&#8220;3.5.1&#8243;][et_pb_column type=&#8220;4_4&#8243;][et_pb_text admin_label=&#8220;Wald erkunden 2018&#8243; _builder_version=&#8220;3.5.1&#8243; background_color=&#8220;#fce4b0&#8243;]<\/p>\n<h2>Den Wald erkunden<\/h2>\n<p>Wir haben den Wald im Fr\u00fchling erkundet. <a href=\"https:\/\/mumm-mg.de\/pfiffikus\/wp-content\/uploads\/sites\/4\/2019\/01\/3_PDFsam_ExtraPfiff-Juni.pdf\">hier! <\/a><\/p>\n<p>[\/et_pb_text][\/et_pb_column][\/et_pb_row][et_pb_row _builder_version=&#8220;3.5.1&#8243;][et_pb_column type=&#8220;4_4&#8243;][et_pb_text admin_label=&#8220;Schulkind-Aktion 2018&#8243; _builder_version=&#8220;3.5.1&#8243; background_color=&#8220;#fce4b0&#8243;]<\/p>\n<h2>Schulkind-Aktion<\/h2>\n<p>Ein paar Impressionen der diesj\u00e4hrigen Schulkind Aktion. <a href=\"https:\/\/mumm-mg.de\/pfiffikus\/wp-content\/uploads\/sites\/4\/2019\/01\/9_PDFsam_ExtraPfiff-Juni.pdf\">hier! <\/a><\/p>\n<p>[\/et_pb_text][\/et_pb_column][\/et_pb_row][et_pb_row _builder_version=&#8220;3.5.1&#8243;][et_pb_column type=&#8220;4_4&#8243;][et_pb_text admin_label=&#8220;Erste Hilfe 2018&#8243; _builder_version=&#8220;3.5.1&#8243; background_color=&#8220;#fce4b0&#8243;]<\/p>\n<h2>Erste-Hilfe<\/h2>\n<p>Unser erster Erste-Hilfe Kurs! <a href=\"https:\/\/mumm-mg.de\/pfiffikus\/wp-content\/uploads\/sites\/4\/2019\/01\/6_PDFsam_ExtraPfiff-Juni.pdf\">hier! <\/a><\/p>\n<p>[\/et_pb_text][\/et_pb_column][\/et_pb_row][et_pb_row _builder_version=&#8220;3.5.1&#8243;][et_pb_column type=&#8220;4_4&#8243;][et_pb_text admin_label=&#8220;Ameise Fred  2018&#8243; _builder_version=&#8220;3.5.1&#8243; background_color=&#8220;#fce4b0&#8243;]<\/p>\n<h2>Experimentieren mit Ameise Fred<\/h2>\n<p>Unser Experimente mit der Ameise Fred <a href=\"https:\/\/mumm-mg.de\/pfiffikus\/wp-content\/uploads\/sites\/4\/2019\/01\/8_PDFsam_ExtraPfiff-Juni.pdf\">hier! <\/a><\/p>\n<p>[\/et_pb_text][\/et_pb_column][\/et_pb_row][\/et_pb_section]<\/p>\n","protected":false},"excerpt":{"rendered":"<p>Veranstaltungen 2018 im Familienzentrum <div class=\"et_pb_row et_pb_row_0 et_pb_row_empty\">\n\t\t\t\t\n\t\t\t\t\n\t\t\t\t\n\t\t\t\t\n\t\t\t\t\n\t\t\t<\/div> R\u00fcckblick Tr\u00f6delmarkt Es war wieder ein toller Tr\u00f6delmarkt. Einen kleinen R\u00fcckblick gibt es hier! <div class=\"et_pb_row et_pb_row_1 et_pb_row_empty\">\n\t\t\t\t\n\t\t\t\t\n\t\t\t\t\n\t\t\t\t\n\t\t\t\t\n\t\t\t<\/div> Ein Nachmittag auf dem Pferdehof Wir verbringen zusammen einen Tag auf dem Pferdehof hier! und hier! Den Wald erkunden Wir haben den Wald im Fr\u00fchling erkundet. hier! Schulkind-Aktion Ein paar Impressionen der diesj\u00e4hrigen Schulkind Aktion. [&hellip;]<\/p>\n","protected":false},"author":7,"featured_media":0,"parent":0,"menu_order":0,"comment_status":"closed","ping_status":"closed","template":"","meta":{"_et_pb_use_builder":"on","_et_pb_old_content":"","_et_gb_content_width":"","footnotes":""},"_links":{"self":[{"href":"https:\/\/mumm-mg.de\/pfiffikus\/wp-json\/wp\/v2\/pages\/675"}],"collection":[{"href":"https:\/\/mumm-mg.de\/pfiffikus\/wp-json\/wp\/v2\/pages"}],"about":[{"href":"https:\/\/mumm-mg.de\/pfiffikus\/wp-json\/wp\/v2\/types\/page"}],"author":[{"embeddable":true,"href":"https:\/\/mumm-mg.de\/pfiffikus\/wp-json\/wp\/v2\/users\/7"}],"replies":[{"embeddable":true,"href":"https:\/\/mumm-mg.de\/pfiffikus\/wp-json\/wp\/v2\/comments?post=675"}],"version-history":[{"count":10,"href":"https:\/\/mumm-mg.de\/pfiffikus\/wp-json\/wp\/v2\/pages\/675\/revisions"}],"predecessor-version":[{"id":1250,"href":"https:\/\/mumm-mg.de\/pfiffikus\/wp-json\/wp\/v2\/pages\/675\/revisions\/1250"}],"wp:attachment":[{"href":"https:\/\/mumm-mg.de\/pfiffikus\/wp-json\/wp\/v2\/media?parent=675"}],"curies":[{"name":"wp","href":"https:\/\/api.w.org\/{rel}","templated":true}]}}