{"id":46,"date":"2016-11-16T15:46:05","date_gmt":"2016-11-16T14:46:05","guid":{"rendered":"https:\/\/mumm-mg.de\/sausewind\/?page_id=46"},"modified":"2017-04-20T01:28:44","modified_gmt":"2017-04-19T23:28:44","slug":"familienzentrum","status":"publish","type":"page","link":"https:\/\/mumm-mg.de\/sausewind\/familienzentrum\/","title":{"rendered":"Familienzentrum"},"content":{"rendered":"<p>[et_pb_section admin_label=&#8220;Sektion&#8220; global_module=&#8220;95&#8243; transparent_background=&#8220;off&#8220; allow_player_pause=&#8220;off&#8220; inner_shadow=&#8220;off&#8220; parallax=&#8220;off&#8220; parallax_method=&#8220;on&#8220; padding_mobile=&#8220;off&#8220; make_fullwidth=&#8220;off&#8220; use_custom_width=&#8220;off&#8220; width_unit=&#8220;off&#8220; make_equal=&#8220;off&#8220; use_custom_gutter=&#8220;off&#8220; fullwidth=&#8220;on&#8220; specialty=&#8220;off&#8220; disabled=&#8220;off&#8220; module_id=&#8220;header-bild-mumm&#8220;][et_pb_fullwidth_slider global_parent=&#8220;95&#8243; admin_label=&#8220;Header-Bild Mummi&#8220; show_arrows=&#8220;on&#8220; show_pagination=&#8220;on&#8220; auto=&#8220;off&#8220; auto_speed=&#8220;7000&#8243; auto_ignore_hover=&#8220;off&#8220; parallax=&#8220;off&#8220; parallax_method=&#8220;off&#8220; remove_inner_shadow=&#8220;off&#8220; background_position=&#8220;default&#8220; background_size=&#8220;default&#8220; hide_content_on_mobile=&#8220;off&#8220; hide_cta_on_mobile=&#8220;off&#8220; show_image_video_mobile=&#8220;off&#8220; custom_button=&#8220;off&#8220; button_letter_spacing=&#8220;0&#8243; button_use_icon=&#8220;default&#8220; button_icon_placement=&#8220;right&#8220; button_on_hover=&#8220;on&#8220; button_letter_spacing_hover=&#8220;0&#8243; disabled=&#8220;off&#8220;]<\/p>\n<p>[et_pb_slide button_link=&#8220;#&#8220; background_image=&#8220;https:\/\/mumm-mg.de\/sausewind\/wp-content\/uploads\/sites\/5\/2016\/11\/gummistiefel-1920&#215;800.jpg&#8220; background_position=&#8220;default&#8220; background_size=&#8220;default&#8220; background_color=&#8220;#ffffff&#8220; use_bg_overlay=&#8220;off&#8220; use_text_overlay=&#8220;off&#8220; alignment=&#8220;center&#8220; background_layout=&#8220;dark&#8220; allow_player_pause=&#8220;off&#8220; text_border_radius=&#8220;3&#8243; header_font=&#8220;||||&#8220; body_font=&#8220;||||&#8220; custom_button=&#8220;off&#8220; button_font=&#8220;||||&#8220; button_use_icon=&#8220;default&#8220; button_icon_placement=&#8220;right&#8220; button_on_hover=&#8220;on&#8220; disabled=&#8220;off&#8220; header_font_select=&#8220;default&#8220; body_font_select=&#8220;default&#8220; button_font_select=&#8220;default&#8220;]<\/p>\n<p>[\/et_pb_slide]<\/p>\n<p>[\/et_pb_fullwidth_slider][\/et_pb_section][et_pb_section admin_label=&#8220;section&#8220; transparent_background=&#8220;on&#8220; allow_player_pause=&#8220;off&#8220; inner_shadow=&#8220;off&#8220; parallax=&#8220;off&#8220; parallax_method=&#8220;on&#8220; padding_mobile=&#8220;off&#8220; make_fullwidth=&#8220;off&#8220; use_custom_width=&#8220;off&#8220; width_unit=&#8220;off&#8220; custom_width_px=&#8220;1080px&#8220; custom_width_percent=&#8220;80%&#8220; make_equal=&#8220;off&#8220; use_custom_gutter=&#8220;off&#8220; fullwidth=&#8220;off&#8220; specialty=&#8220;off&#8220; disabled=&#8220;off&#8220;][et_pb_row admin_label=&#8220;row&#8220; make_fullwidth=&#8220;off&#8220; use_custom_width=&#8220;off&#8220; width_unit=&#8220;off&#8220; custom_width_px=&#8220;1080px&#8220; custom_width_percent=&#8220;80%&#8220; use_custom_gutter=&#8220;off&#8220; gutter_width=&#8220;3&#8243; padding_mobile=&#8220;off&#8220; allow_player_pause=&#8220;off&#8220; parallax=&#8220;off&#8220; parallax_method=&#8220;on&#8220; make_equal=&#8220;off&#8220; column_padding_mobile=&#8220;on&#8220; parallax_1=&#8220;off&#8220; parallax_method_1=&#8220;on&#8220; parallax_2=&#8220;off&#8220; parallax_method_2=&#8220;on&#8220; parallax_3=&#8220;off&#8220; parallax_method_3=&#8220;on&#8220; parallax_4=&#8220;off&#8220; parallax_method_4=&#8220;on&#8220; disabled=&#8220;off&#8220;][et_pb_column type=&#8220;4_4&#8243;][et_pb_text admin_label=&#8220;Heading Familienzentrum&#8220; background_layout=&#8220;light&#8220; text_orientation=&#8220;left&#8220; use_border_color=&#8220;off&#8220; border_style=&#8220;solid&#8220; disabled=&#8220;off&#8220;]<\/p>\n<h1><span class=\"h1-text\">Familienzentrum<\/span><\/h1>\n<p>[\/et_pb_text][\/et_pb_column][\/et_pb_row][et_pb_row admin_label=&#8220;Zeile&#8220; make_fullwidth=&#8220;off&#8220; use_custom_width=&#8220;off&#8220; width_unit=&#8220;off&#8220; custom_width_px=&#8220;1080px&#8220; custom_width_percent=&#8220;80%&#8220; use_custom_gutter=&#8220;off&#8220; gutter_width=&#8220;3&#8243; allow_player_pause=&#8220;off&#8220; parallax=&#8220;off&#8220; parallax_method=&#8220;on&#8220; make_equal=&#8220;off&#8220; parallax_1=&#8220;off&#8220; parallax_method_1=&#8220;on&#8220; parallax_2=&#8220;off&#8220; parallax_method_2=&#8220;on&#8220; parallax_3=&#8220;off&#8220; parallax_method_3=&#8220;on&#8220; parallax_4=&#8220;off&#8220; parallax_method_4=&#8220;on&#8220; disabled=&#8220;off&#8220;][et_pb_column type=&#8220;1_2&#8243;][et_pb_text admin_label=&#8220;Text&#8220; background_layout=&#8220;light&#8220; text_orientation=&#8220;left&#8220; use_border_color=&#8220;off&#8220; border_style=&#8220;solid&#8220; disabled=&#8220;off&#8220; border_color=&#8220;#ffffff&#8220;]<\/p>\n<p class=\"subheadline\"><strong><em>Das Gl\u00fcck unserer Erde, liegt in den H\u00e4nden unserer Kinder.<\/em><\/strong><br \/>\n<img loading=\"lazy\" decoding=\"async\" class=\"alignnone\" src=\"https:\/\/mumm-mg.de\/sausewind\/wp-content\/uploads\/sites\/5\/2017\/04\/Haende_Konzept.png\" alt=\"Kinderh\u00e4nde\" width=\"216\" height=\"161\"><\/p>\n<p>[\/et_pb_text][\/et_pb_column][et_pb_column type=&#8220;1_2&#8243;][et_pb_text admin_label=&#8220;Text&#8220; background_layout=&#8220;light&#8220; text_orientation=&#8220;left&#8220; use_border_color=&#8220;off&#8220; border_style=&#8220;solid&#8220; disabled=&#8220;off&#8220;]<\/p>\n<p style=\"text-align: center;\">\u201eKinder sollten mehr spielen, als viele Kinder es heutzutage tun.<br \/>\nDenn wenn man gen\u00fcgend spielt, solange man jung ist,<br \/>\ndann tr\u00e4gt man Sch\u00e4tze mit sich herum,<br \/>\naus denen man sp\u00e4ter sein Leben lang sch\u00f6pfen kann.<br \/>\nDann wei\u00df man, in sich eine warme Welt zu haben,<br \/>\ndie einem Kraft gibt, wenn das Leben schwer wird.<br \/>\nWas auch geschieht, was man auch erlebt,<br \/>\nman hat diese Welt in seinem Inneren, an die man sich halten kann.\u201c<br \/>\n<em>Astrid Lindgren<\/em><\/p>\n<p>[\/et_pb_text][\/et_pb_column][\/et_pb_row][et_pb_row admin_label=&#8220;row&#8220; make_fullwidth=&#8220;off&#8220; use_custom_width=&#8220;off&#8220; width_unit=&#8220;off&#8220; custom_width_px=&#8220;1080px&#8220; custom_width_percent=&#8220;80%&#8220; use_custom_gutter=&#8220;off&#8220; gutter_width=&#8220;3&#8243; padding_mobile=&#8220;off&#8220; allow_player_pause=&#8220;off&#8220; parallax=&#8220;off&#8220; parallax_method=&#8220;on&#8220; make_equal=&#8220;off&#8220; column_padding_mobile=&#8220;on&#8220; parallax_1=&#8220;off&#8220; parallax_method_1=&#8220;on&#8220; parallax_2=&#8220;off&#8220; parallax_method_2=&#8220;on&#8220; parallax_3=&#8220;off&#8220; parallax_method_3=&#8220;on&#8220; parallax_4=&#8220;off&#8220; parallax_method_4=&#8220;on&#8220; disabled=&#8220;off&#8220;][et_pb_column type=&#8220;4_4&#8243;][et_pb_text admin_label=&#8220;Text Familienzentrum&#8220; background_layout=&#8220;light&#8220; text_orientation=&#8220;left&#8220; use_border_color=&#8220;off&#8220; border_style=&#8220;solid&#8220; disabled=&#8220;off&#8220;]<\/p>\n<p>Sowohl die Kindertagesst\u00e4tten als auch das Familienzentrum haben einen Bildungs- und Betreuungsauftrag. Dieser beinhaltet, die Kinder zu Verantwortungsbereitschaft, Gemeinsinn und Toleranz zu erziehen. Ihre interkulturelle Kompetenz soll gest\u00e4rkt und die kulturellen F\u00e4higkeiten herausgebildet werden.<\/p>\n<p>Ein weiteres herausragendes Anliegen ist die Unterst\u00fctzung beim Aneignen von Wissen und Fertigkeiten in allen Entwicklungsbereichen. Die Kinder werden deshalb in die Gestaltung ihres Alltags in der Einrichtung mit einbezogen. Die individuelle Bildungsf\u00f6rderung wird unter Ber\u00fccksichtigung der unterschiedlichen Lebenslagen der Kinder und ihrer Eltern, unabh\u00e4ngig von der sozialen Situation, f\u00fcr jedes Kind umgesetzt.<\/p>\n<p>Im Jahr 2013 gr\u00fcndete der MUMM &#8211; Bildungs- und Qualifizierungszentrum, Schwerpunkt Frauen e.V., die MUMM-Familienservice gGmbH die ab dem 01.08.2014 die Betriebstr\u00e4gerschaft des Mummi \u00fcbernommen hat. Wir setzen uns f\u00fcr die Vereinbarkeit von Familie und Beruf und f\u00fcr passgenaue Betreuungsangebote f\u00fcr Kinder ein. Dabei richtet sich das Augenmerk auf die gesamte Familie, der Fokus liegt mit einem besonderen Schwerpunkt auf Frauen, die trotz Kindern berufst\u00e4tig sein wollen, Berufsr\u00fcckkehrerinnen und Alleinerziehende.<\/p>\n<p>Als Tr\u00e4ger verschiedener Angebote zur Vereinbarkeit von Familie und Beruf sind wir bestrebt, uns so zu verhalten und unsere Angebote so weiterzuentwickeln, dass jeder Mensch und jedes Kind gleiche Chancen auf ein Leben in W\u00fcrde hat. Wir setzen uns ein f\u00fcr eine Kultur des Zusammenlebens in gemeinsamer Solidarit\u00e4t, unabh\u00e4ngig von konfessionellen und parteipolitischen Bindungen, legen gro\u00dfen Wert auf Mitbestimmung, Mitwirkung und Engagement der Elternschaft.<\/p>\n<p>Als Tr\u00e4ger wollen wir zur Vereinbarkeit von Familie und Beruf beitragen durch bedarfsgerechte \u00d6ffnungszeiten und Angebote f\u00fcr alle Altersgruppen sowie Angebote f\u00fcr besondere Zielgruppen, Alleinerziehende oder z.B. f\u00fcr Familien mit Migrationshintergrund, Familien mit behinderten Kindern oder benachteiligte Familien und ihre Kinder.<\/p>\n<p>Unser Kinder- und Familienzentrum hat einen Bildungs- und Betreuungsauftrag. Dieser beinhaltet, die Kinder zu Verantwortungsbereitschaft, Gemeinsinn und Toleranz zu erziehen. Ihre interkulturelle Kompetenz soll gest\u00e4rkt und die kulturellen F\u00e4higkeiten herausgebildet werden.<\/p>\n<p>Ein weiteres herausragendes Anliegen ist die Unterst\u00fctzung beim Aneignen von Wissen und Fertigkeiten in allen Entwicklungsbereichen. Die Kinder werden deshalb in die Gestaltung ihres Alltags in der Einrichtung mit einbezogen. Die individuelle Bildungsf\u00f6rderung wird unter Ber\u00fccksichtigung der unterschiedlichen Lebenslagen der Kinder und ihrer Eltern, unabh\u00e4ngig von der sozialen Situation, f\u00fcr jedes Kind umgesetzt. Wir reagieren auf die Bed\u00fcrfnisse vor Ort, bieten Vernetzungsm\u00f6glichkeiten und passgenaue Hilfsangebote.<\/p>\n<p>Dabei richten sich die Angebote nicht nur an die Kinder, die die Einrichtung besuchen und deren Eltern, wir sind offen f\u00fcr allen interessierten Familien im Umfeld und laden sie herzlich ein. Sie k\u00f6nnen gerne w\u00e4hrend unserer \u00d6ffnungszeiten vorbeischauen oder Sie rufen uns unter der Tel. Nr. 02161 \u2013 181961 an.<\/p>\n<p>Unser Kinder- und Familienzentrum besuchen 62 Kinder von 2 bis 6 Jahren. Ge\u00f6ffnet haben wir montags bis freitags von 07:30 Uhr bis 16:30 Uhr. Die Kinder werden von qualifizierten Mitarbeiterinnen betreut und individuell gef\u00f6rdert.<\/p>\n<p>&nbsp;<\/p>\n<p>&nbsp;<\/p>\n<p><strong>Unsere Schwerpunkte sind:<\/strong><\/p>\n<ul>\n<li>Beratung und Unterst\u00fctzung von Eltern und Familien<\/li>\n<li>Begegnungsm\u00f6glichkeiten<\/li>\n<li>Fr\u00fche Hilfen<\/li>\n<li>Kindertagespflege<\/li>\n<li>Familienbildung<\/li>\n<li>Vereinbarkeit von Familie und Beruf<\/li>\n<li>Gesundheits- und Bewegungsf\u00f6rderung<\/li>\n<\/ul>\n<p>[\/et_pb_text][\/et_pb_column][\/et_pb_row][\/et_pb_section]<\/p>\n","protected":false},"excerpt":{"rendered":"<p>Familienzentrum Das Gl\u00fcck unserer Erde, liegt in den H\u00e4nden unserer Kinder. \u201eKinder sollten mehr spielen, als viele Kinder es heutzutage tun. Denn wenn man gen\u00fcgend spielt, solange man jung ist, dann tr\u00e4gt man Sch\u00e4tze mit sich herum, aus denen man sp\u00e4ter sein Leben lang sch\u00f6pfen kann. Dann wei\u00df man, in sich eine warme Welt zu [&hellip;]<\/p>\n","protected":false},"author":1,"featured_media":0,"parent":0,"menu_order":0,"comment_status":"closed","ping_status":"closed","template":"","meta":{"_et_pb_use_builder":"on","_et_pb_old_content":"<p>Familienzentrum<\/p>","_et_gb_content_width":"","footnotes":""},"_links":{"self":[{"href":"https:\/\/mumm-mg.de\/sausewind\/wp-json\/wp\/v2\/pages\/46"}],"collection":[{"href":"https:\/\/mumm-mg.de\/sausewind\/wp-json\/wp\/v2\/pages"}],"about":[{"href":"https:\/\/mumm-mg.de\/sausewind\/wp-json\/wp\/v2\/types\/page"}],"author":[{"embeddable":true,"href":"https:\/\/mumm-mg.de\/sausewind\/wp-json\/wp\/v2\/users\/1"}],"replies":[{"embeddable":true,"href":"https:\/\/mumm-mg.de\/sausewind\/wp-json\/wp\/v2\/comments?post=46"}],"version-history":[{"count":11,"href":"https:\/\/mumm-mg.de\/sausewind\/wp-json\/wp\/v2\/pages\/46\/revisions"}],"predecessor-version":[{"id":3038,"href":"https:\/\/mumm-mg.de\/sausewind\/wp-json\/wp\/v2\/pages\/46\/revisions\/3038"}],"wp:attachment":[{"href":"https:\/\/mumm-mg.de\/sausewind\/wp-json\/wp\/v2\/media?parent=46"}],"curies":[{"name":"wp","href":"https:\/\/api.w.org\/{rel}","templated":true}]}}