{"id":54,"date":"2016-11-16T15:47:32","date_gmt":"2016-11-16T14:47:32","guid":{"rendered":"https:\/\/mumm-mg.de\/sausewind\/?page_id=54"},"modified":"2017-04-27T09:57:41","modified_gmt":"2017-04-27T07:57:41","slug":"familienzentrum-kooperationspartner","status":"publish","type":"page","link":"https:\/\/mumm-mg.de\/sausewind\/familienzentrum-kooperationspartner\/","title":{"rendered":"Familienzentrum &#8211; Kooperationspartner"},"content":{"rendered":"<p>[et_pb_section admin_label=&#8220;Sektion&#8220; global_module=&#8220;95&#8243; transparent_background=&#8220;off&#8220; allow_player_pause=&#8220;off&#8220; inner_shadow=&#8220;off&#8220; parallax=&#8220;off&#8220; parallax_method=&#8220;on&#8220; padding_mobile=&#8220;off&#8220; make_fullwidth=&#8220;off&#8220; use_custom_width=&#8220;off&#8220; width_unit=&#8220;off&#8220; make_equal=&#8220;off&#8220; use_custom_gutter=&#8220;off&#8220; fullwidth=&#8220;on&#8220; specialty=&#8220;off&#8220; disabled=&#8220;off&#8220; module_id=&#8220;header-bild-mumm&#8220;][et_pb_fullwidth_slider global_parent=&#8220;95&#8243; admin_label=&#8220;Header-Bild Mummi&#8220; show_arrows=&#8220;on&#8220; show_pagination=&#8220;on&#8220; auto=&#8220;off&#8220; auto_speed=&#8220;7000&#8243; auto_ignore_hover=&#8220;off&#8220; parallax=&#8220;off&#8220; parallax_method=&#8220;off&#8220; remove_inner_shadow=&#8220;off&#8220; background_position=&#8220;default&#8220; background_size=&#8220;default&#8220; hide_content_on_mobile=&#8220;off&#8220; hide_cta_on_mobile=&#8220;off&#8220; show_image_video_mobile=&#8220;off&#8220; custom_button=&#8220;off&#8220; button_letter_spacing=&#8220;0&#8243; button_use_icon=&#8220;default&#8220; button_icon_placement=&#8220;right&#8220; button_on_hover=&#8220;on&#8220; button_letter_spacing_hover=&#8220;0&#8243; disabled=&#8220;off&#8220;]<\/p>\n<p>[et_pb_slide button_link=&#8220;#&#8220; background_image=&#8220;https:\/\/mumm-mg.de\/sausewind\/wp-content\/uploads\/sites\/5\/2016\/11\/gummistiefel-1920&#215;800.jpg&#8220; background_position=&#8220;default&#8220; background_size=&#8220;default&#8220; background_color=&#8220;#ffffff&#8220; use_bg_overlay=&#8220;off&#8220; use_text_overlay=&#8220;off&#8220; alignment=&#8220;center&#8220; background_layout=&#8220;dark&#8220; allow_player_pause=&#8220;off&#8220; text_border_radius=&#8220;3&#8243; header_font=&#8220;||||&#8220; body_font=&#8220;||||&#8220; custom_button=&#8220;off&#8220; button_font=&#8220;||||&#8220; button_use_icon=&#8220;default&#8220; button_icon_placement=&#8220;right&#8220; button_on_hover=&#8220;on&#8220; disabled=&#8220;off&#8220; header_font_select=&#8220;default&#8220; body_font_select=&#8220;default&#8220; button_font_select=&#8220;default&#8220;]<\/p>\n<p>[\/et_pb_slide]<\/p>\n<p>[\/et_pb_fullwidth_slider][\/et_pb_section][et_pb_section admin_label=&#8220;section&#8220; transparent_background=&#8220;on&#8220; allow_player_pause=&#8220;off&#8220; inner_shadow=&#8220;off&#8220; parallax=&#8220;off&#8220; parallax_method=&#8220;off&#8220; make_fullwidth=&#8220;off&#8220; use_custom_width=&#8220;off&#8220; width_unit=&#8220;on&#8220; make_equal=&#8220;off&#8220; use_custom_gutter=&#8220;off&#8220;][et_pb_row admin_label=&#8220;row&#8220; make_fullwidth=&#8220;off&#8220; use_custom_width=&#8220;off&#8220; width_unit=&#8220;off&#8220; use_custom_gutter=&#8220;off&#8220; padding_mobile=&#8220;off&#8220; allow_player_pause=&#8220;off&#8220; parallax=&#8220;off&#8220; parallax_method=&#8220;on&#8220; make_equal=&#8220;off&#8220; column_padding_mobile=&#8220;on&#8220; parallax_1=&#8220;off&#8220; parallax_method_1=&#8220;on&#8220; parallax_2=&#8220;off&#8220; parallax_method_2=&#8220;on&#8220; parallax_3=&#8220;off&#8220; parallax_method_3=&#8220;on&#8220; parallax_4=&#8220;off&#8220; parallax_method_4=&#8220;on&#8220; disabled=&#8220;off&#8220;][et_pb_column type=&#8220;4_4&#8243;][et_pb_text admin_label=&#8220;\u00dcberschrift Kooperationspartner&#8220; background_layout=&#8220;light&#8220; text_orientation=&#8220;left&#8220; use_border_color=&#8220;off&#8220; border_color=&#8220;#ffffff&#8220; border_style=&#8220;solid&#8220;]<\/p>\n<h1><span class=\"h1-text\">Kooperationspartner des Familienzentrums<\/span><\/h1>\n<p>[\/et_pb_text][\/et_pb_column][\/et_pb_row][et_pb_row admin_label=&#8220;row&#8220;][et_pb_column type=&#8220;4_4&#8243;][et_pb_text admin_label=&#8220;Text Kooperationspartner&#8220; background_layout=&#8220;light&#8220; text_orientation=&#8220;left&#8220; use_border_color=&#8220;off&#8220; border_color=&#8220;#ffffff&#8220; border_style=&#8220;solid&#8220;]<\/p>\n<ul>\n<li>Deutscher Parit\u00e4tischer Wohlfahrtsverband<\/li>\n<li>Mehrgenerationenhaus M\u00f6nchengladbach<\/li>\n<li>PariSozial gGmbH<\/li>\n<li>PariTeam gGmbH<\/li>\n<li>Kinder- und Familienzentrum Mummi<\/li>\n<li>Kinder- und Familienzentrum<\/li>\n<li>Kinder- und Familienzentrum Pfiffikus<\/li>\n<li>Stadt M\u00f6nchengladbach\n<li>Gesundheitsamt M\u00f6nchengladbach<\/li>\n<li>Jugendamt<\/li>\n<li>Beratungs- und Diagnosezentrum<\/li>\n<li>Kindertagespflege<\/li>\n<li>Home Projekt<\/li>\n<li>Ev. Friedenskirchengemeinde<\/li>\n<li>ABI M\u00f6nchengladbach (vormals RAA)<\/li>\n<li>Stadt M\u00f6nchengladbach<\/li>\n<li>Polizei<\/li>\n<li>Motop\u00e4din Frau Frentzen<\/li>\n<li>\u00d6kumenische Altentagesst\u00e4tte Eicken<\/li>\n<li>Gemeinschaftsgrundschule Regentenstra\u00dfe<\/li>\n<li>Familienbildungsst\u00e4tte M\u00f6nchengladbach<\/li>\n<li>Praxis f\u00fcr Ergotherapie und Neurofeedback<\/li>\n<li>Praxis f\u00fcr Logop\u00e4die und Neurofeedback<\/li>\n<li>Stadtb\u00fccherei<\/li>\n<li>AOK M\u00f6nchengladbach<\/li>\n<\/ul>\n<p>[\/et_pb_text][\/et_pb_column][\/et_pb_row][\/et_pb_section]<\/p>\n","protected":false},"excerpt":{"rendered":"<p>Kooperationspartner des Familienzentrums Deutscher Parit\u00e4tischer Wohlfahrtsverband Mehrgenerationenhaus M\u00f6nchengladbach PariSozial gGmbH PariTeam gGmbH Kinder- und Familienzentrum Mummi Kinder- und Familienzentrum Kinder- und Familienzentrum Pfiffikus Stadt M\u00f6nchengladbach Gesundheitsamt M\u00f6nchengladbach Jugendamt Beratungs- und Diagnosezentrum Kindertagespflege Home Projekt Ev. Friedenskirchengemeinde ABI M\u00f6nchengladbach (vormals RAA) Stadt M\u00f6nchengladbach Polizei Motop\u00e4din Frau Frentzen \u00d6kumenische Altentagesst\u00e4tte Eicken Gemeinschaftsgrundschule Regentenstra\u00dfe Familienbildungsst\u00e4tte M\u00f6nchengladbach Praxis f\u00fcr [&hellip;]<\/p>\n","protected":false},"author":1,"featured_media":0,"parent":0,"menu_order":0,"comment_status":"closed","ping_status":"closed","template":"","meta":{"_et_pb_use_builder":"on","_et_pb_old_content":"<p><strong>Familienzentrum - Kooperationspartner<\/strong><\/p>","_et_gb_content_width":"","footnotes":""},"_links":{"self":[{"href":"https:\/\/mumm-mg.de\/sausewind\/wp-json\/wp\/v2\/pages\/54"}],"collection":[{"href":"https:\/\/mumm-mg.de\/sausewind\/wp-json\/wp\/v2\/pages"}],"about":[{"href":"https:\/\/mumm-mg.de\/sausewind\/wp-json\/wp\/v2\/types\/page"}],"author":[{"embeddable":true,"href":"https:\/\/mumm-mg.de\/sausewind\/wp-json\/wp\/v2\/users\/1"}],"replies":[{"embeddable":true,"href":"https:\/\/mumm-mg.de\/sausewind\/wp-json\/wp\/v2\/comments?post=54"}],"version-history":[{"count":8,"href":"https:\/\/mumm-mg.de\/sausewind\/wp-json\/wp\/v2\/pages\/54\/revisions"}],"predecessor-version":[{"id":417,"href":"https:\/\/mumm-mg.de\/sausewind\/wp-json\/wp\/v2\/pages\/54\/revisions\/417"}],"wp:attachment":[{"href":"https:\/\/mumm-mg.de\/sausewind\/wp-json\/wp\/v2\/media?parent=54"}],"curies":[{"name":"wp","href":"https:\/\/api.w.org\/{rel}","templated":true}]}}