{"id":852,"date":"2019-01-02T20:36:36","date_gmt":"2019-01-02T19:36:36","guid":{"rendered":"https:\/\/mumm-mg.de\/sausewind\/?page_id=852"},"modified":"2019-11-07T09:58:43","modified_gmt":"2019-11-07T08:58:43","slug":"familienzentrum-veranstaltungen-2019","status":"publish","type":"page","link":"https:\/\/mumm-mg.de\/sausewind\/familienzentrum-veranstaltungen-2019\/","title":{"rendered":"Familienzentrum &#8211; Veranstaltungen 2019"},"content":{"rendered":"<p>[et_pb_section bb_built=&#8220;1&#8243; transparent_background=&#8220;off&#8220; allow_player_pause=&#8220;off&#8220; inner_shadow=&#8220;off&#8220; parallax=&#8220;off&#8220; parallax_method=&#8220;on&#8220; padding_mobile=&#8220;off&#8220; make_fullwidth=&#8220;off&#8220; use_custom_width=&#8220;off&#8220; width_unit=&#8220;off&#8220; make_equal=&#8220;off&#8220; use_custom_gutter=&#8220;off&#8220; fullwidth=&#8220;on&#8220; specialty=&#8220;off&#8220; disabled=&#8220;off&#8220; module_id=&#8220;header-bild-mumm&#8220; custom_padding_tablet=&#8220;50px|0|50px|0&#8243; custom_padding_last_edited=&#8220;on|desktop&#8220; next_background_color=&#8220;#ffffff&#8220; inner_width=&#8220;auto&#8220; inner_max_width=&#8220;1080px&#8220; global_module=&#8220;95&#8243; prev_background_color=&#8220;#000000&#8243;][et_pb_fullwidth_slider admin_label=&#8220;Header-Bild Mummi&#8220; global_parent=&#8220;95&#8243; disabled=&#8220;off&#8220; custom_padding=&#8220;|||&#8220; box_shadow_blur=&#8220;10px&#8220; box_shadow_color=&#8220;rgba(0,0,0,0.1)&#8220; _builder_version=&#8220;3.21&#8243; button_text_size__hover_enabled=&#8220;off&#8220; button_text_size__hover=&#8220;null&#8220; button_one_text_size__hover_enabled=&#8220;off&#8220; button_one_text_size__hover=&#8220;null&#8220; button_two_text_size__hover_enabled=&#8220;off&#8220; button_two_text_size__hover=&#8220;null&#8220; button_text_color__hover_enabled=&#8220;off&#8220; button_text_color__hover=&#8220;null&#8220; button_one_text_color__hover_enabled=&#8220;off&#8220; button_one_text_color__hover=&#8220;null&#8220; button_two_text_color__hover_enabled=&#8220;off&#8220; button_two_text_color__hover=&#8220;null&#8220; button_border_width__hover_enabled=&#8220;off&#8220; button_border_width__hover=&#8220;null&#8220; button_one_border_width__hover_enabled=&#8220;off&#8220; button_one_border_width__hover=&#8220;null&#8220; button_two_border_width__hover_enabled=&#8220;off&#8220; button_two_border_width__hover=&#8220;null&#8220; button_border_color__hover_enabled=&#8220;off&#8220; button_border_color__hover=&#8220;null&#8220; button_one_border_color__hover_enabled=&#8220;off&#8220; button_one_border_color__hover=&#8220;null&#8220; button_two_border_color__hover_enabled=&#8220;off&#8220; button_two_border_color__hover=&#8220;null&#8220; button_border_radius__hover_enabled=&#8220;off&#8220; button_border_radius__hover=&#8220;null&#8220; button_one_border_radius__hover_enabled=&#8220;off&#8220; button_one_border_radius__hover=&#8220;null&#8220; button_two_border_radius__hover_enabled=&#8220;off&#8220; button_two_border_radius__hover=&#8220;null&#8220; button_letter_spacing__hover_enabled=&#8220;off&#8220; button_letter_spacing__hover=&#8220;null&#8220; button_one_letter_spacing__hover_enabled=&#8220;off&#8220; button_one_letter_spacing__hover=&#8220;null&#8220; button_two_letter_spacing__hover_enabled=&#8220;off&#8220; button_two_letter_spacing__hover=&#8220;null&#8220; button_bg_color__hover_enabled=&#8220;off&#8220; button_bg_color__hover=&#8220;null&#8220; button_one_bg_color__hover_enabled=&#8220;off&#8220; button_one_bg_color__hover=&#8220;null&#8220; button_two_bg_color__hover_enabled=&#8220;off&#8220; button_two_bg_color__hover=&#8220;null&#8220;][et_pb_slide button_link=&#8220;#&#8220; background_image=&#8220;https:\/\/mumm-mg.de\/sausewind\/wp-content\/uploads\/sites\/5\/2019\/09\/header2.jpg&#8220; background_position=&#8220;center&#8220; background_size=&#8220;cover&#8220; background_color=&#8220;#f6a800&#8243; use_bg_overlay=&#8220;off&#8220; use_text_overlay=&#8220;off&#8220; alignment=&#8220;center&#8220; background_layout=&#8220;dark&#8220; allow_player_pause=&#8220;off&#8220; text_border_radius=&#8220;3&#8243; header_font=&#8220;||||&#8220; body_font=&#8220;||||&#8220; custom_button=&#8220;off&#8220; button_font=&#8220;||||&#8220; button_use_icon=&#8220;on&#8220; button_on_hover=&#8220;on&#8220; disabled=&#8220;off&#8220; header_font_select=&#8220;default&#8220; body_font_select=&#8220;default&#8220; button_font_select=&#8220;default&#8220; _builder_version=&#8220;3.21&#8243; use_background_color_gradient=&#8220;off&#8220; background_color_gradient_start=&#8220;#2b87da&#8220; background_color_gradient_end=&#8220;#29c4a9&#8243; background_color_gradient_type=&#8220;linear&#8220; background_color_gradient_direction=&#8220;180deg&#8220; background_color_gradient_direction_radial=&#8220;center&#8220; background_color_gradient_start_position=&#8220;0%&#8220; background_color_gradient_end_position=&#8220;100%&#8220; background_color_gradient_overlays_image=&#8220;off&#8220; parallax=&#8220;off&#8220; parallax_method=&#8220;on&#8220; background_repeat=&#8220;no-repeat&#8220; background_blend=&#8220;normal&#8220; background_video_pause_outside_viewport=&#8220;on&#8220; child_filter_hue_rotate=&#8220;0deg&#8220; child_filter_saturate=&#8220;100%&#8220; child_filter_brightness=&#8220;100%&#8220; child_filter_contrast=&#8220;100%&#8220; child_filter_invert=&#8220;0%&#8220; child_filter_sepia=&#8220;0%&#8220; child_filter_opacity=&#8220;100%&#8220; child_filter_blur=&#8220;0px&#8220; child_mix_blend_mode=&#8220;normal&#8220; text_shadow_style=&#8220;none&#8220; header_text_shadow_style=&#8220;none&#8220; body_text_shadow_style=&#8220;none&#8220; button_bg_use_color_gradient=&#8220;off&#8220; button_bg_color_gradient_overlays_image=&#8220;off&#8220; button_text_shadow_style=&#8220;none&#8220; box_shadow_style_button=&#8220;none&#8220; url_new_window=&#8220;off&#8220; link_option_url_new_window=&#8220;off&#8220; text_shadow_horizontal_length=&#8220;0em&#8220; text_shadow_vertical_length=&#8220;0em&#8220; text_shadow_blur_strength=&#8220;0em&#8220; header_text_shadow_horizontal_length=&#8220;0em&#8220; header_text_shadow_vertical_length=&#8220;0em&#8220; header_text_shadow_blur_strength=&#8220;0em&#8220; body_text_shadow_horizontal_length=&#8220;0em&#8220; body_text_shadow_vertical_length=&#8220;0em&#8220; body_text_shadow_blur_strength=&#8220;0em&#8220; button_text_shadow_horizontal_length=&#8220;0em&#8220; button_text_shadow_vertical_length=&#8220;0em&#8220; button_text_shadow_blur_strength=&#8220;0em&#8220; hover_transition_duration=&#8220;300ms&#8220; hover_transition_delay=&#8220;0ms&#8220; hover_transition_speed_curve=&#8220;ease&#8220; \/][\/et_pb_fullwidth_slider][\/et_pb_section][et_pb_section bb_built=&#8220;1&#8243; prev_background_color=&#8220;#000000&#8243; inner_width=&#8220;auto&#8220; inner_max_width=&#8220;1080px&#8220;][et_pb_row _builder_version=&#8220;3.5.1&#8243; background_color=&#8220;#fce4b0&#8243; width=&#8220;80%&#8220; max_width=&#8220;1080px&#8220;][et_pb_column type=&#8220;4_4&#8243; custom_padding__hover=&#8220;|||&#8220; custom_padding=&#8220;|||&#8220;][et_pb_text admin_label=&#8220;Text Veranstaltungen 2019&#8243; _builder_version=&#8220;3.5.1&#8243; text_orientation=&#8220;left&#8220;]<\/p>\n<h1><span class=\"h1-text\">Veranstaltungen 2019 im Familienzentrum<\/span><\/h1>\n<p>[\/et_pb_text][et_pb_text admin_label=&#8220;Termine&#8220; _builder_version=&#8220;3.27.4&#8243; text_line_height=&#8220;1em&#8220; text_text_shadow_horizontal_length=&#8220;text_text_shadow_style,%91object Object%93&#8243; text_text_shadow_horizontal_length_tablet=&#8220;0px&#8220; text_text_shadow_vertical_length=&#8220;text_text_shadow_style,%91object Object%93&#8243; text_text_shadow_vertical_length_tablet=&#8220;0px&#8220; text_text_shadow_blur_strength=&#8220;text_text_shadow_style,%91object Object%93&#8243; text_text_shadow_blur_strength_tablet=&#8220;1px&#8220; link_text_shadow_horizontal_length=&#8220;link_text_shadow_style,%91object Object%93&#8243; link_text_shadow_horizontal_length_tablet=&#8220;0px&#8220; link_text_shadow_vertical_length=&#8220;link_text_shadow_style,%91object Object%93&#8243; link_text_shadow_vertical_length_tablet=&#8220;0px&#8220; link_text_shadow_blur_strength=&#8220;link_text_shadow_style,%91object Object%93&#8243; link_text_shadow_blur_strength_tablet=&#8220;1px&#8220; ul_text_shadow_horizontal_length=&#8220;ul_text_shadow_style,%91object Object%93&#8243; ul_text_shadow_horizontal_length_tablet=&#8220;0px&#8220; ul_text_shadow_vertical_length=&#8220;ul_text_shadow_style,%91object Object%93&#8243; ul_text_shadow_vertical_length_tablet=&#8220;0px&#8220; ul_text_shadow_blur_strength=&#8220;ul_text_shadow_style,%91object Object%93&#8243; ul_text_shadow_blur_strength_tablet=&#8220;1px&#8220; ol_text_shadow_horizontal_length=&#8220;ol_text_shadow_style,%91object Object%93&#8243; ol_text_shadow_horizontal_length_tablet=&#8220;0px&#8220; ol_text_shadow_vertical_length=&#8220;ol_text_shadow_style,%91object Object%93&#8243; ol_text_shadow_vertical_length_tablet=&#8220;0px&#8220; ol_text_shadow_blur_strength=&#8220;ol_text_shadow_style,%91object Object%93&#8243; ol_text_shadow_blur_strength_tablet=&#8220;1px&#8220; quote_text_shadow_horizontal_length=&#8220;quote_text_shadow_style,%91object Object%93&#8243; quote_text_shadow_horizontal_length_tablet=&#8220;0px&#8220; quote_text_shadow_vertical_length=&#8220;quote_text_shadow_style,%91object Object%93&#8243; quote_text_shadow_vertical_length_tablet=&#8220;0px&#8220; quote_text_shadow_blur_strength=&#8220;quote_text_shadow_style,%91object Object%93&#8243; quote_text_shadow_blur_strength_tablet=&#8220;1px&#8220; header_text_shadow_horizontal_length=&#8220;header_text_shadow_style,%91object Object%93&#8243; header_text_shadow_horizontal_length_tablet=&#8220;0px&#8220; header_text_shadow_vertical_length=&#8220;header_text_shadow_style,%91object Object%93&#8243; header_text_shadow_vertical_length_tablet=&#8220;0px&#8220; header_text_shadow_blur_strength=&#8220;header_text_shadow_style,%91object Object%93&#8243; header_text_shadow_blur_strength_tablet=&#8220;1px&#8220; header_2_text_shadow_horizontal_length=&#8220;header_2_text_shadow_style,%91object Object%93&#8243; header_2_text_shadow_horizontal_length_tablet=&#8220;0px&#8220; header_2_text_shadow_vertical_length=&#8220;header_2_text_shadow_style,%91object Object%93&#8243; header_2_text_shadow_vertical_length_tablet=&#8220;0px&#8220; header_2_text_shadow_blur_strength=&#8220;header_2_text_shadow_style,%91object Object%93&#8243; header_2_text_shadow_blur_strength_tablet=&#8220;1px&#8220; header_3_text_shadow_horizontal_length=&#8220;header_3_text_shadow_style,%91object Object%93&#8243; header_3_text_shadow_horizontal_length_tablet=&#8220;0px&#8220; header_3_text_shadow_vertical_length=&#8220;header_3_text_shadow_style,%91object Object%93&#8243; header_3_text_shadow_vertical_length_tablet=&#8220;0px&#8220; header_3_text_shadow_blur_strength=&#8220;header_3_text_shadow_style,%91object Object%93&#8243; header_3_text_shadow_blur_strength_tablet=&#8220;1px&#8220; header_4_text_shadow_horizontal_length=&#8220;header_4_text_shadow_style,%91object Object%93&#8243; header_4_text_shadow_horizontal_length_tablet=&#8220;0px&#8220; header_4_text_shadow_vertical_length=&#8220;header_4_text_shadow_style,%91object Object%93&#8243; header_4_text_shadow_vertical_length_tablet=&#8220;0px&#8220; header_4_text_shadow_blur_strength=&#8220;header_4_text_shadow_style,%91object Object%93&#8243; header_4_text_shadow_blur_strength_tablet=&#8220;1px&#8220; header_5_text_shadow_horizontal_length=&#8220;header_5_text_shadow_style,%91object Object%93&#8243; header_5_text_shadow_horizontal_length_tablet=&#8220;0px&#8220; header_5_text_shadow_vertical_length=&#8220;header_5_text_shadow_style,%91object Object%93&#8243; header_5_text_shadow_vertical_length_tablet=&#8220;0px&#8220; header_5_text_shadow_blur_strength=&#8220;header_5_text_shadow_style,%91object Object%93&#8243; header_5_text_shadow_blur_strength_tablet=&#8220;1px&#8220; header_6_text_shadow_horizontal_length=&#8220;header_6_text_shadow_style,%91object Object%93&#8243; header_6_text_shadow_horizontal_length_tablet=&#8220;0px&#8220; header_6_text_shadow_vertical_length=&#8220;header_6_text_shadow_style,%91object Object%93&#8243; header_6_text_shadow_vertical_length_tablet=&#8220;0px&#8220; header_6_text_shadow_blur_strength=&#8220;header_6_text_shadow_style,%91object Object%93&#8243; header_6_text_shadow_blur_strength_tablet=&#8220;1px&#8220; box_shadow_horizontal_tablet=&#8220;0px&#8220; box_shadow_vertical_tablet=&#8220;0px&#8220; box_shadow_blur_tablet=&#8220;40px&#8220; box_shadow_spread_tablet=&#8220;0px&#8220; z_index_tablet=&#8220;500&#8243;]<\/p>\n<table border=\"1\" width=\"100%\" cellspacing=\"0\" cellpadding=\"4\">\n<colgroup>\n<col width=\"29*\" \/>\n<col width=\"33*\" \/>\n<col width=\"195*\" \/> <\/colgroup>\n<tbody>\n<tr valign=\"TOP\">\n<td width=\"11%\">\n<p align=\"CENTER\">Datum<\/p>\n<\/td>\n<td width=\"13%\">\n<p align=\"CENTER\">Uhrzeit<\/p>\n<\/td>\n<td width=\"76%\"><\/td>\n<\/tr>\n<tr valign=\"TOP\">\n<td width=\"11%\">\n<p align=\"CENTER\">11.01.19<\/p>\n<\/td>\n<td width=\"13%\">\n<p align=\"CENTER\">18:00 Uhr<\/p>\n<\/td>\n<td width=\"76%\">V\u00e4teraktion<\/td>\n<\/tr>\n<tr valign=\"TOP\">\n<td width=\"11%\">\n<p align=\"CENTER\">05.02.19<\/p>\n<\/td>\n<td width=\"13%\">\n<p align=\"CENTER\">08:30 Uhr<\/p>\n<\/td>\n<td width=\"76%\">Schulsozialarbeit Sprechstunde<\/td>\n<\/tr>\n<tr valign=\"TOP\">\n<td width=\"11%\">\n<p align=\"CENTER\">12.03.19<\/p>\n<\/td>\n<td width=\"13%\">\n<p align=\"CENTER\">14:00 Uhr<\/p>\n<\/td>\n<td width=\"76%\">Offene Sprechstunde mit Frau Klaps von Strups<\/td>\n<\/tr>\n<tr valign=\"TOP\">\n<td width=\"11%\">\n<p align=\"CENTER\">27.03.19<\/p>\n<\/td>\n<td width=\"13%\">\n<p align=\"CENTER\">14:30 Uhr<\/p>\n<\/td>\n<td width=\"76%\">Infoveranstaltung f\u00fcr die Eltern der 4 j\u00e4hrigen in der Br\u00fcckenschule<\/td>\n<\/tr>\n<tr valign=\"TOP\">\n<td width=\"11%\">\n<p align=\"CENTER\">29.03.19<\/p>\n<\/td>\n<td width=\"13%\">\n<p align=\"CENTER\">14:15 Uhr<\/p>\n<\/td>\n<td width=\"76%\">Kochgruppe<\/td>\n<\/tr>\n<tr valign=\"TOP\">\n<td width=\"11%\">\n<p align=\"CENTER\">02.04.19<\/p>\n<\/td>\n<td width=\"13%\">\n<p align=\"CENTER\">08:30 Uhr<\/p>\n<\/td>\n<td width=\"76%\">Schulsozialarbeit Sprechstunde<\/td>\n<\/tr>\n<tr valign=\"TOP\">\n<td width=\"11%\">\n<p align=\"CENTER\">09.04.19<\/p>\n<\/td>\n<td width=\"13%\">\n<p align=\"CENTER\">14:00 Uhr<\/p>\n<\/td>\n<td width=\"76%\">Offene Sprechstunde mit Frau Klaps von Strups<\/td>\n<\/tr>\n<tr valign=\"TOP\">\n<td width=\"11%\">\n<p align=\"CENTER\">07.05.19<\/p>\n<\/td>\n<td width=\"13%\">\n<p align=\"CENTER\">08:30 Uhr<\/p>\n<\/td>\n<td width=\"76%\">Schulsozialarbeit Sprechstunde<\/td>\n<\/tr>\n<tr valign=\"TOP\">\n<td width=\"11%\">\n<p align=\"CENTER\">09.05.19<\/p>\n<\/td>\n<td width=\"13%\">\n<p align=\"CENTER\">14:30 Uhr<\/p>\n<\/td>\n<td width=\"76%\">Eltern Kind Nachmittag mit der Polizei<\/td>\n<\/tr>\n<tr valign=\"TOP\">\n<td width=\"11%\">\n<p align=\"CENTER\">14.05.19<\/p>\n<\/td>\n<td width=\"13%\">\n<p align=\"CENTER\">14:00 Uhr<\/p>\n<\/td>\n<td width=\"76%\">Offene Sprechstunde mit Frau Klaps von Stups<\/td>\n<\/tr>\n<tr valign=\"TOP\">\n<td width=\"11%\">\n<p align=\"CENTER\">15.05.19<\/p>\n<\/td>\n<td width=\"13%\">\n<p align=\"CENTER\">09:30 Uhr<\/p>\n<\/td>\n<td width=\"76%\">M\u00fcttercafe mit dem Jobcenter<\/td>\n<\/tr>\n<tr valign=\"TOP\">\n<td width=\"11%\">\n<p align=\"CENTER\">23.05.19<\/p>\n<\/td>\n<td width=\"13%\">\n<p align=\"CENTER\">14:30 Uhr<\/p>\n<\/td>\n<td width=\"76%\">Schult\u00fctenbasteln<\/td>\n<\/tr>\n<tr valign=\"TOP\">\n<td width=\"11%\">\n<p align=\"CENTER\">26.05.19<\/p>\n<\/td>\n<td width=\"13%\"><\/td>\n<td width=\"76%\">Stra\u00dfenfest Eicken<\/td>\n<\/tr>\n<tr valign=\"TOP\">\n<td width=\"11%\">\n<p align=\"CENTER\">27.05.19<\/p>\n<\/td>\n<td width=\"13%\">\n<p align=\"CENTER\">14:30 Uhr<\/p>\n<\/td>\n<td width=\"76%\">Schult\u00fcten n\u00e4hen<\/td>\n<\/tr>\n<tr valign=\"TOP\">\n<td width=\"11%\">\n<p align=\"CENTER\">04.06.19<\/p>\n<\/td>\n<td width=\"13%\">\n<p align=\"CENTER\">08:30 Uhr<\/p>\n<\/td>\n<td width=\"76%\">Schulsozialarbeit Sprechstunde<\/td>\n<\/tr>\n<tr valign=\"TOP\">\n<td width=\"11%\">\n<p align=\"CENTER\">11.06.19<\/p>\n<\/td>\n<td width=\"13%\">\n<p align=\"CENTER\">14:00 Uhr<\/p>\n<\/td>\n<td width=\"76%\">Offene Sprechstunde mit Frau Klaps von Stups<\/td>\n<\/tr>\n<tr valign=\"TOP\">\n<td width=\"11%\">\n<p align=\"CENTER\">14.06.19<\/p>\n<\/td>\n<td width=\"13%\">\n<p align=\"CENTER\">16:00 Uhr<\/p>\n<\/td>\n<td width=\"76%\">Elternpicknick<\/td>\n<\/tr>\n<tr valign=\"TOP\">\n<td width=\"11%\">\n<p align=\"CENTER\">28.06.19<\/p>\n<\/td>\n<td width=\"13%\">\n<p align=\"CENTER\">15:00 Uhr<\/p>\n<\/td>\n<td width=\"76%\">Gro\u00dfelternnachmittag<\/td>\n<\/tr>\n<tr valign=\"TOP\">\n<td width=\"11%\">\n<p align=\"CENTER\">02.07.19<\/p>\n<\/td>\n<td width=\"13%\">\n<p align=\"CENTER\">08:30 Uhr<\/p>\n<\/td>\n<td width=\"76%\">Schulsozialarbeit Sprechstunde<\/td>\n<\/tr>\n<tr valign=\"TOP\">\n<td width=\"11%\">\n<p align=\"CENTER\">09.07.19<\/p>\n<\/td>\n<td width=\"13%\">\n<p align=\"CENTER\">14:00 Uhr<\/p>\n<\/td>\n<td width=\"76%\">Offene Sprechstunde mit Frau Klaps von Stups<\/td>\n<\/tr>\n<\/tbody>\n<\/table>\n<table style=\"height: 874px\" border=\"1\" width=\"862\" cellspacing=\"0\" cellpadding=\"7\">\n<colgroup>\n<col width=\"94\" \/>\n<col width=\"51\" \/>\n<col width=\"415\" \/> <\/colgroup>\n<tbody>\n<tr valign=\"TOP\">\n<td width=\"94\">Datum<\/td>\n<td width=\"51\">Uhrzeit<\/td>\n<td width=\"415\"><\/td>\n<\/tr>\n<tr valign=\"TOP\">\n<td width=\"94\">09. September<\/td>\n<td width=\"51\">9:00h<\/td>\n<td width=\"415\">Start der Griffbereitgruppe im Genesis<\/td>\n<\/tr>\n<tr valign=\"TOP\">\n<td width=\"94\">10. September<\/td>\n<td width=\"51\">14:00h<\/td>\n<td width=\"415\">Offene Sprechstunde mit Frau Klaps von Stups<\/td>\n<\/tr>\n<tr valign=\"TOP\">\n<td width=\"94\">17. September<\/td>\n<td width=\"51\">08.45h<\/td>\n<td width=\"415\">Start Rucksackgruppe<\/td>\n<\/tr>\n<tr valign=\"TOP\">\n<td width=\"94\">01. Oktober<\/td>\n<td width=\"51\">08:30h<\/td>\n<td width=\"415\">Offene Sprechstunde der Kommunalen Schulsozialarbeit<\/td>\n<\/tr>\n<tr valign=\"TOP\">\n<td width=\"94\">08. Oktober<\/td>\n<td width=\"51\">14:00h<\/td>\n<td width=\"415\">Offene Sprechstunde mit Frau Klaps von Stups<\/td>\n<\/tr>\n<tr valign=\"TOP\">\n<td width=\"94\">05. November<\/td>\n<td width=\"51\">08:30h<\/td>\n<td width=\"415\">Offene Sprechstunde der Kommunalen Schulsozialarbeit<\/td>\n<\/tr>\n<tr valign=\"TOP\">\n<td width=\"94\">06. November<\/td>\n<td width=\"51\">14:00h<\/td>\n<td width=\"415\">Laternenbasteln mit Eltern<\/td>\n<\/tr>\n<tr valign=\"TOP\">\n<td width=\"94\"><\/td>\n<td width=\"51\">17:30h<\/td>\n<td width=\"415\">Laternenumzug<\/td>\n<\/tr>\n<tr valign=\"TOP\">\n<td width=\"94\">13. November<\/td>\n<td width=\"51\">09:30h<\/td>\n<td width=\"415\">M\u00fcttercafe mit dem Jobcenter<\/td>\n<\/tr>\n<tr valign=\"TOP\">\n<td width=\"94\">01. Dezember<\/td>\n<td width=\"51\">10:15h<\/td>\n<td width=\"415\">Weihnachtsbasar in der Friedenskirche<\/td>\n<\/tr>\n<tr valign=\"TOP\">\n<td width=\"94\">03. Dezember<\/td>\n<td width=\"51\">08:30h<\/td>\n<td width=\"415\">Offene Sprechstunde der Kommunalen Schulsozialarbeit<\/td>\n<\/tr>\n<tr valign=\"TOP\">\n<td width=\"94\">04. Dezember<\/td>\n<td width=\"51\">14:00h<\/td>\n<td width=\"415\">Offene Sprechstunde mit Frau Waldeck<\/td>\n<\/tr>\n<\/tbody>\n<\/table>\n<p>[\/et_pb_text][\/et_pb_column][\/et_pb_row][\/et_pb_section]<\/p>\n","protected":false},"excerpt":{"rendered":"<p>Veranstaltungen 2019 im Familienzentrum Datum Uhrzeit 11.01.19 18:00 Uhr V\u00e4teraktion 05.02.19 08:30 Uhr Schulsozialarbeit Sprechstunde 12.03.19 14:00 Uhr Offene Sprechstunde mit Frau Klaps von Strups 27.03.19 14:30 Uhr Infoveranstaltung f\u00fcr die Eltern der 4 j\u00e4hrigen in der Br\u00fcckenschule 29.03.19 14:15 Uhr Kochgruppe 02.04.19 08:30 Uhr Schulsozialarbeit Sprechstunde 09.04.19 14:00 Uhr Offene Sprechstunde mit Frau Klaps [&hellip;]<\/p>\n","protected":false},"author":5,"featured_media":0,"parent":0,"menu_order":0,"comment_status":"closed","ping_status":"closed","template":"","meta":{"_et_pb_use_builder":"on","_et_pb_old_content":"","_et_gb_content_width":"","footnotes":""},"_links":{"self":[{"href":"https:\/\/mumm-mg.de\/sausewind\/wp-json\/wp\/v2\/pages\/852"}],"collection":[{"href":"https:\/\/mumm-mg.de\/sausewind\/wp-json\/wp\/v2\/pages"}],"about":[{"href":"https:\/\/mumm-mg.de\/sausewind\/wp-json\/wp\/v2\/types\/page"}],"author":[{"embeddable":true,"href":"https:\/\/mumm-mg.de\/sausewind\/wp-json\/wp\/v2\/users\/5"}],"replies":[{"embeddable":true,"href":"https:\/\/mumm-mg.de\/sausewind\/wp-json\/wp\/v2\/comments?post=852"}],"version-history":[{"count":9,"href":"https:\/\/mumm-mg.de\/sausewind\/wp-json\/wp\/v2\/pages\/852\/revisions"}],"predecessor-version":[{"id":889,"href":"https:\/\/mumm-mg.de\/sausewind\/wp-json\/wp\/v2\/pages\/852\/revisions\/889"}],"wp:attachment":[{"href":"https:\/\/mumm-mg.de\/sausewind\/wp-json\/wp\/v2\/media?parent=852"}],"curies":[{"name":"wp","href":"https:\/\/api.w.org\/{rel}","templated":true}]}}